{"id":73906,"date":"2024-04-20T13:06:06","date_gmt":"2024-04-20T11:06:06","guid":{"rendered":"https:\/\/clavreuil-wordpress.logiciel-arteo.fr\/atala-rene-francois-rene-chateaubriand\/"},"modified":"2024-06-04T12:39:09","modified_gmt":"2024-06-04T10:39:09","slug":"atala-rene-francois-rene-chateaubriand","status":"publish","type":"product","link":"https:\/\/www.librairieclavreuil.com\/en\/atala-rene-francois-rene-chateaubriand\/","title":{"rendered":"CHATEAUBRIAND Fran\u00e7ois-Ren\u00e9 Atala &#8211; Ren\u00e9"},"content":{"rendered":"<p style=\"text-align:justify\"><i>Carteret, I, 161; Talvart 2-B Vicaire, II, 279-280. Cohen, 229, Chateaubriand, Le Voyageur et l&#8217;homme politique, 1969, Biblioth\u00e8que nationale, n\u00b068;&nbsp;Escoffier, le Mouvement romantique, 155.&nbsp;<\/i><\/p>\n<p style=\"text-align:justify\"><span style=\"font-variant:small-caps\">First collective edition of these two novels, which mark the beginning of the Romantic era.<\/span><\/p>\n<p style=\"text-align:justify\">It is decorated with 6 figures engraved by Saint-Aubin and Choffard after drawings by Garnier.<\/p>\n<p style=\"text-align:justify\">After being published separately five times in 1801, <i>Atala<\/i> took its rightful place in the <i>G\u00e9nie du Christianisme<\/i> alongside Ren\u00e9 (1802). Successive editions will give rise to numerous revisions by the author until the present edition, which gives the definitive text : \u00abJ&#8217;ai pass\u00e9 quatre ans \u00e0 revoir cet \u00e9pisode, mais aussi il est tel qu&#8217;il doit rester. C&#8217;est la seule Atala que je reconno\u00eetrai \u00e0 l&#8217;avenir \u00bb (Pr\u00e9face). The preface in which Chateaubriand explains his work and his reaction to the criticism of these two novels is in first edition.<\/p>\n<p style=\"text-align:justify\">In 1791, Ch\u00e2teaubriand travelled to America, which inspired two literary works. The first was <i>Atala<\/i>, followed by <i>Voyage en Am\u00e9rique<\/i>, published in 1828, which retraces his journey. Ch\u00e2teaubriand was fascinated by the American landscape, with its luxuriant, wild and transcendent nature. As an amateur botanist, he did not forget to incorporate this nature into Atala, which combines his impressions of his journey with a tragic love story between Atala and Chactas.<\/p>\n<p style=\"text-align:justify\">A presentation copy to an amateur botanist.<\/p>\n<p style=\"text-align:justify\">Chateaubriand&#8217;s interest in botany is well known. It is apparent not only in his works but also in his daily life when he tended the garden at his property in the Vall\u00e9e-aux-Loups.<\/p>\n<p style=\"text-align:justify\">Although little is known about Madame Chauss\u00e9e, it is certain that she was an amateur botanist in Le Havre. She was behind the creation of a unique rose in the 1820s. For a time, she was dispossessed of her creation in favour of Monsieur Caron, caretaker of the garden at Rouen town hall (Singer, Max, Dictionnaire des roses, 1885, p.335).<\/p>\n<p style=\"text-align:justify\">Although there are no historical documents linking Chateaubriand to Madame Chaus\u00e9e, we cannot ignore the fact that their lives coincided. Botany was not the only thing that linked them. They also frequented the same places. It was in Le Havre that the author disembarked after his stay in America, and he devoted several passages to the town in his <i>M\u00e9moires d&#8217;Outre-tombe<\/i> (Livre VII).<\/p>\n<p style=\"text-align:justify\">Provenance: From the very fine collection of Doctor Armand Ripault (bookplate with the motto &#8220;d&#8217;esp\u00e9rer servira&#8221;), his auction catalogue 24-26 January 1924 (first part, no. 239); Andr\u00e9 Cade (bookplate): Professor of general pathology and therapeutics at the Faculty of Medicine in Lyon. &#8211; Correspondent at the Acad\u00e9mie de m\u00e9decine and member of the Acad\u00e9mie des sciences, belles-lettres et arts de Lyon.<\/p>\n","protected":false},"excerpt":{"rendered":"<p style=\"text-align:justify\">. 12mo (166 x 93 mm), 2 unn.l, 46 pp.,1 l. (blank), 331 pp. contemporary straight-grained red morocco, flat spine gilt, gilt garland framing the covers with gilt lettering on the first &#8220;SOUVENIRS D&#8217;AMITI\u00c9&#8221; and on the second &#8220;Mme CHAUSSEE&#8221;, inner gilt roll, gilt edges.<\/p>\n","protected":false},"featured_media":73897,"comment_status":"open","ping_status":"closed","template":"","meta":{"_acf_changed":false},"product_brand":[],"product_cat":[544],"product_tag":[598,1267],"class_list":{"0":"post-73906","1":"product","2":"type-product","3":"status-publish","4":"has-post-thumbnail","6":"product_cat-literature","7":"product_tag-19th-century-literature","8":"product_tag-binding","9":"pa_auteur-chateaubriand-francois-rene-2","10":"pa_type-de-livre-printed-book","12":"first","13":"outofstock","14":"shipping-taxable","15":"purchasable","16":"product-type-simple"},"acf":{"artist":" Fran\u00e7ois-Ren\u00e9 CHATEAUBRIAND","chapeau":"Presentation copy","adresse_bibliographique":"Paris, Le Normant, 1805","book_type":"Printed book","provenance":"","afficher_prix":""},"yoast_head":"<!-- This site is optimized with the Yoast SEO plugin v24.7 - https:\/\/yoast.com\/wordpress\/plugins\/seo\/ -->\n<title>CHATEAUBRIAND Fran\u00e7ois-Ren\u00e9 Atala - Ren\u00e9 - Libairie Clavreuil<\/title>\n<meta name=\"robots\" content=\"index, follow, max-snippet:-1, max-image-preview:large, max-video-preview:-1\" \/>\n<link rel=\"canonical\" href=\"https:\/\/www.librairieclavreuil.com\/en\/atala-rene-francois-rene-chateaubriand\/\" \/>\n<meta property=\"og:locale\" content=\"en_US\" \/>\n<meta property=\"og:type\" content=\"article\" \/>\n<meta property=\"og:title\" content=\"CHATEAUBRIAND Fran\u00e7ois-Ren\u00e9 Atala - Ren\u00e9 - Libairie Clavreuil\" \/>\n<meta property=\"og:description\" content=\". 12mo (166 x 93 mm), 2 unn.l, 46 pp.,1 l. (blank), 331 pp. contemporary straight-grained red morocco, flat spine gilt, gilt garland framing the covers with gilt lettering on the first &quot;SOUVENIRS D&#039;AMITI\u00c9&quot; and on the second &quot;Mme CHAUSSEE&quot;, inner gilt roll, gilt edges.\" \/>\n<meta property=\"og:url\" content=\"https:\/\/www.librairieclavreuil.com\/en\/atala-rene-francois-rene-chateaubriand\/\" \/>\n<meta property=\"og:site_name\" content=\"Libairie Clavreuil\" \/>\n<meta property=\"article:modified_time\" content=\"2024-06-04T10:39:09+00:00\" \/>\n<meta property=\"og:image\" content=\"https:\/\/www.librairieclavreuil.com\/wp-content\/uploads\/2024\/04\/francois-rene-chateaubriand-atala-rene-9399-66157627643ab-scaled.jpg\" \/>\n\t<meta property=\"og:image:width\" content=\"1835\" \/>\n\t<meta property=\"og:image:height\" content=\"2560\" \/>\n\t<meta property=\"og:image:type\" content=\"image\/jpeg\" \/>\n<meta name=\"twitter:card\" content=\"summary_large_image\" \/>\n<meta name=\"twitter:label1\" content=\"Est. reading time\" \/>\n\t<meta name=\"twitter:data1\" content=\"2 minutes\" \/>\n<script type=\"application\/ld+json\" class=\"yoast-schema-graph\">{\"@context\":\"https:\/\/schema.org\",\"@graph\":[{\"@type\":\"WebPage\",\"@id\":\"https:\/\/www.librairieclavreuil.com\/en\/atala-rene-francois-rene-chateaubriand\/\",\"url\":\"https:\/\/www.librairieclavreuil.com\/en\/atala-rene-francois-rene-chateaubriand\/\",\"name\":\"CHATEAUBRIAND Fran\u00e7ois-Ren\u00e9 Atala - Ren\u00e9 - Libairie Clavreuil\",\"isPartOf\":{\"@id\":\"https:\/\/www.librairieclavreuil.com\/#website\"},\"primaryImageOfPage\":{\"@id\":\"https:\/\/www.librairieclavreuil.com\/en\/atala-rene-francois-rene-chateaubriand\/#primaryimage\"},\"image\":{\"@id\":\"https:\/\/www.librairieclavreuil.com\/en\/atala-rene-francois-rene-chateaubriand\/#primaryimage\"},\"thumbnailUrl\":\"https:\/\/www.librairieclavreuil.com\/wp-content\/uploads\/2024\/04\/francois-rene-chateaubriand-atala-rene-9399-66157627643ab-scaled.jpg\",\"datePublished\":\"2024-04-20T11:06:06+00:00\",\"dateModified\":\"2024-06-04T10:39:09+00:00\",\"breadcrumb\":{\"@id\":\"https:\/\/www.librairieclavreuil.com\/en\/atala-rene-francois-rene-chateaubriand\/#breadcrumb\"},\"inLanguage\":\"en-US\",\"potentialAction\":[{\"@type\":\"ReadAction\",\"target\":[\"https:\/\/www.librairieclavreuil.com\/en\/atala-rene-francois-rene-chateaubriand\/\"]}]},{\"@type\":\"ImageObject\",\"inLanguage\":\"en-US\",\"@id\":\"https:\/\/www.librairieclavreuil.com\/en\/atala-rene-francois-rene-chateaubriand\/#primaryimage\",\"url\":\"https:\/\/www.librairieclavreuil.com\/wp-content\/uploads\/2024\/04\/francois-rene-chateaubriand-atala-rene-9399-66157627643ab-scaled.jpg\",\"contentUrl\":\"https:\/\/www.librairieclavreuil.com\/wp-content\/uploads\/2024\/04\/francois-rene-chateaubriand-atala-rene-9399-66157627643ab-scaled.jpg\",\"width\":1835,\"height\":2560},{\"@type\":\"BreadcrumbList\",\"@id\":\"https:\/\/www.librairieclavreuil.com\/en\/atala-rene-francois-rene-chateaubriand\/#breadcrumb\",\"itemListElement\":[{\"@type\":\"ListItem\",\"position\":1,\"name\":\"Accueil\",\"item\":\"https:\/\/www.librairieclavreuil.com\/\"},{\"@type\":\"ListItem\",\"position\":2,\"name\":\"All our books\",\"item\":\"https:\/\/www.librairieclavreuil.com\/en\/all-our-books\/\"},{\"@type\":\"ListItem\",\"position\":3,\"name\":\"CHATEAUBRIAND Fran\u00e7ois-Ren\u00e9 Atala &#8211; Ren\u00e9\"}]},{\"@type\":\"WebSite\",\"@id\":\"https:\/\/www.librairieclavreuil.com\/#website\",\"url\":\"https:\/\/www.librairieclavreuil.com\/\",\"name\":\"Libairie Clavreuil\",\"description\":\"Livres anciens, manuscrits rares et \u00e9ditions originales \u2013 Librairie Clavreuil\",\"publisher\":{\"@id\":\"https:\/\/www.librairieclavreuil.com\/#organization\"},\"potentialAction\":[{\"@type\":\"SearchAction\",\"target\":{\"@type\":\"EntryPoint\",\"urlTemplate\":\"https:\/\/www.librairieclavreuil.com\/?s={search_term_string}\"},\"query-input\":{\"@type\":\"PropertyValueSpecification\",\"valueRequired\":true,\"valueName\":\"search_term_string\"}}],\"inLanguage\":\"en-US\"},{\"@type\":\"Organization\",\"@id\":\"https:\/\/www.librairieclavreuil.com\/#organization\",\"name\":\"Libairie Clavreuil\",\"url\":\"https:\/\/www.librairieclavreuil.com\/\",\"logo\":{\"@type\":\"ImageObject\",\"inLanguage\":\"en-US\",\"@id\":\"https:\/\/www.librairieclavreuil.com\/#\/schema\/logo\/image\/\",\"url\":\"https:\/\/www.librairieclavreuil.com\/wp-content\/uploads\/2021\/06\/cropped-LOGO_PNG_DATE-_gold-512x512-1.png\",\"contentUrl\":\"https:\/\/www.librairieclavreuil.com\/wp-content\/uploads\/2021\/06\/cropped-LOGO_PNG_DATE-_gold-512x512-1.png\",\"width\":512,\"height\":512,\"caption\":\"Libairie Clavreuil\"},\"image\":{\"@id\":\"https:\/\/www.librairieclavreuil.com\/#\/schema\/logo\/image\/\"},\"sameAs\":[\"https:\/\/www.instagram.com\/librairieclavreuil\/\"]}]}<\/script>\n<!-- \/ Yoast SEO plugin. -->","yoast_head_json":{"title":"CHATEAUBRIAND Fran\u00e7ois-Ren\u00e9 Atala - Ren\u00e9 - Libairie Clavreuil","robots":{"index":"index","follow":"follow","max-snippet":"max-snippet:-1","max-image-preview":"max-image-preview:large","max-video-preview":"max-video-preview:-1"},"canonical":"https:\/\/www.librairieclavreuil.com\/en\/atala-rene-francois-rene-chateaubriand\/","og_locale":"en_US","og_type":"article","og_title":"CHATEAUBRIAND Fran\u00e7ois-Ren\u00e9 Atala - Ren\u00e9 - Libairie Clavreuil","og_description":". 12mo (166 x 93 mm), 2 unn.l, 46 pp.,1 l. (blank), 331 pp. contemporary straight-grained red morocco, flat spine gilt, gilt garland framing the covers with gilt lettering on the first \"SOUVENIRS D'AMITI\u00c9\" and on the second \"Mme CHAUSSEE\", inner gilt roll, gilt edges.","og_url":"https:\/\/www.librairieclavreuil.com\/en\/atala-rene-francois-rene-chateaubriand\/","og_site_name":"Libairie Clavreuil","article_modified_time":"2024-06-04T10:39:09+00:00","og_image":[{"width":1835,"height":2560,"url":"https:\/\/www.librairieclavreuil.com\/wp-content\/uploads\/2024\/04\/francois-rene-chateaubriand-atala-rene-9399-66157627643ab-scaled.jpg","type":"image\/jpeg"}],"twitter_card":"summary_large_image","twitter_misc":{"Est. reading time":"2 minutes"},"schema":{"@context":"https:\/\/schema.org","@graph":[{"@type":"WebPage","@id":"https:\/\/www.librairieclavreuil.com\/en\/atala-rene-francois-rene-chateaubriand\/","url":"https:\/\/www.librairieclavreuil.com\/en\/atala-rene-francois-rene-chateaubriand\/","name":"CHATEAUBRIAND Fran\u00e7ois-Ren\u00e9 Atala - Ren\u00e9 - Libairie Clavreuil","isPartOf":{"@id":"https:\/\/www.librairieclavreuil.com\/#website"},"primaryImageOfPage":{"@id":"https:\/\/www.librairieclavreuil.com\/en\/atala-rene-francois-rene-chateaubriand\/#primaryimage"},"image":{"@id":"https:\/\/www.librairieclavreuil.com\/en\/atala-rene-francois-rene-chateaubriand\/#primaryimage"},"thumbnailUrl":"https:\/\/www.librairieclavreuil.com\/wp-content\/uploads\/2024\/04\/francois-rene-chateaubriand-atala-rene-9399-66157627643ab-scaled.jpg","datePublished":"2024-04-20T11:06:06+00:00","dateModified":"2024-06-04T10:39:09+00:00","breadcrumb":{"@id":"https:\/\/www.librairieclavreuil.com\/en\/atala-rene-francois-rene-chateaubriand\/#breadcrumb"},"inLanguage":"en-US","potentialAction":[{"@type":"ReadAction","target":["https:\/\/www.librairieclavreuil.com\/en\/atala-rene-francois-rene-chateaubriand\/"]}]},{"@type":"ImageObject","inLanguage":"en-US","@id":"https:\/\/www.librairieclavreuil.com\/en\/atala-rene-francois-rene-chateaubriand\/#primaryimage","url":"https:\/\/www.librairieclavreuil.com\/wp-content\/uploads\/2024\/04\/francois-rene-chateaubriand-atala-rene-9399-66157627643ab-scaled.jpg","contentUrl":"https:\/\/www.librairieclavreuil.com\/wp-content\/uploads\/2024\/04\/francois-rene-chateaubriand-atala-rene-9399-66157627643ab-scaled.jpg","width":1835,"height":2560},{"@type":"BreadcrumbList","@id":"https:\/\/www.librairieclavreuil.com\/en\/atala-rene-francois-rene-chateaubriand\/#breadcrumb","itemListElement":[{"@type":"ListItem","position":1,"name":"Accueil","item":"https:\/\/www.librairieclavreuil.com\/"},{"@type":"ListItem","position":2,"name":"All our books","item":"https:\/\/www.librairieclavreuil.com\/en\/all-our-books\/"},{"@type":"ListItem","position":3,"name":"CHATEAUBRIAND Fran\u00e7ois-Ren\u00e9 Atala &#8211; Ren\u00e9"}]},{"@type":"WebSite","@id":"https:\/\/www.librairieclavreuil.com\/#website","url":"https:\/\/www.librairieclavreuil.com\/","name":"Libairie Clavreuil","description":"Livres anciens, manuscrits rares et \u00e9ditions originales \u2013 Librairie Clavreuil","publisher":{"@id":"https:\/\/www.librairieclavreuil.com\/#organization"},"potentialAction":[{"@type":"SearchAction","target":{"@type":"EntryPoint","urlTemplate":"https:\/\/www.librairieclavreuil.com\/?s={search_term_string}"},"query-input":{"@type":"PropertyValueSpecification","valueRequired":true,"valueName":"search_term_string"}}],"inLanguage":"en-US"},{"@type":"Organization","@id":"https:\/\/www.librairieclavreuil.com\/#organization","name":"Libairie Clavreuil","url":"https:\/\/www.librairieclavreuil.com\/","logo":{"@type":"ImageObject","inLanguage":"en-US","@id":"https:\/\/www.librairieclavreuil.com\/#\/schema\/logo\/image\/","url":"https:\/\/www.librairieclavreuil.com\/wp-content\/uploads\/2021\/06\/cropped-LOGO_PNG_DATE-_gold-512x512-1.png","contentUrl":"https:\/\/www.librairieclavreuil.com\/wp-content\/uploads\/2021\/06\/cropped-LOGO_PNG_DATE-_gold-512x512-1.png","width":512,"height":512,"caption":"Libairie Clavreuil"},"image":{"@id":"https:\/\/www.librairieclavreuil.com\/#\/schema\/logo\/image\/"},"sameAs":["https:\/\/www.instagram.com\/librairieclavreuil\/"]}]}},"jetpack_sharing_enabled":true,"_links":{"self":[{"href":"https:\/\/www.librairieclavreuil.com\/en\/wp-json\/wp\/v2\/product\/73906","targetHints":{"allow":["GET"]}}],"collection":[{"href":"https:\/\/www.librairieclavreuil.com\/en\/wp-json\/wp\/v2\/product"}],"about":[{"href":"https:\/\/www.librairieclavreuil.com\/en\/wp-json\/wp\/v2\/types\/product"}],"replies":[{"embeddable":true,"href":"https:\/\/www.librairieclavreuil.com\/en\/wp-json\/wp\/v2\/comments?post=73906"}],"wp:featuredmedia":[{"embeddable":true,"href":"https:\/\/www.librairieclavreuil.com\/en\/wp-json\/wp\/v2\/media\/73897"}],"wp:attachment":[{"href":"https:\/\/www.librairieclavreuil.com\/en\/wp-json\/wp\/v2\/media?parent=73906"}],"wp:term":[{"taxonomy":"product_brand","embeddable":true,"href":"https:\/\/www.librairieclavreuil.com\/en\/wp-json\/wp\/v2\/product_brand?post=73906"},{"taxonomy":"product_cat","embeddable":true,"href":"https:\/\/www.librairieclavreuil.com\/en\/wp-json\/wp\/v2\/product_cat?post=73906"},{"taxonomy":"product_tag","embeddable":true,"href":"https:\/\/www.librairieclavreuil.com\/en\/wp-json\/wp\/v2\/product_tag?post=73906"}],"curies":[{"name":"wp","href":"https:\/\/api.w.org\/{rel}","templated":true}]}}