{"id":73856,"date":"2024-04-19T19:07:37","date_gmt":"2024-04-19T17:07:37","guid":{"rendered":"https:\/\/clavreuil-wordpress.logiciel-arteo.fr\/les-metamorphoses-en-latin-traduites-en-francois-avec-des-remarques-et-des-explications-historiques-par-mr-labbe-banier-ovide\/"},"modified":"2024-07-12T18:52:25","modified_gmt":"2024-07-12T16:52:25","slug":"les-metamorphoses-en-latin-traduites-en-francois-avec-des-remarques-et-des-explications-historiques-par-mr-labbe-banier-ovide","status":"publish","type":"product","link":"https:\/\/www.librairieclavreuil.com\/en\/les-metamorphoses-en-latin-traduites-en-francois-avec-des-remarques-et-des-explications-historiques-par-mr-labbe-banier-ovide\/","title":{"rendered":"OVIDE Les M\u00e9tamorphoses, en latin, traduites en fran\u00e7ois,..."},"content":{"rendered":"<p style=\"text-align:justify\"><i>Cohen-de Ricci, 768; Brunet, IV, 285; Ray, p. 7 (note).<\/i><\/p>\n<p style=\"text-align:justify\"><span style=\"font-variant:small-caps\">First edition of the important translation by Abbot Banier.<\/span> This translation was to be the model for further editions. Copy printed on heavy paper.<\/p>\n<p style=\"text-align:justify\">This fine edition is illustrate with a frontispiece engraved by Bernard Picart, two floral decorations (repeated) on the titlepages, one vignette and one engraved letter in the introduction, and 130 larges vignettes (including 6 printed on three sheets and included into the pagination) after Le Brun, Leclere, Maas, Picart, Punt, J. Romain, Tosca, de Wit and Vandelaar, engraved by Martin and Pierre-Paul Bouche, Bouttats, Folkema, V. Gunst, Jungmann, Schenk and Wandelaar.<\/p>\n<p style=\"text-align:justify\">Cohen qualifies this edition as &#8220;magnifique ouvrage&#8221;; Brunet calls it a &#8220;belle \u00e9dition, recherch\u00e9e \u00e0 cause des gravures dont elle est orn\u00e9e&#8221; and indicates some large paper copies &#8220;quelques exemplaires en tr\u00e8s grand papier, d&#8217;autant plus pr\u00e9cieux qu&#8217;ils contiennent des figures de premier tirage&#8221; without giving any further details. English and Dutch editions were published the same year, illustrated with the same engravings.<\/p>\n<p style=\"text-align:justify\">Some occasional light toning, a very attractive copy.<\/p>\n","protected":false},"excerpt":{"rendered":"<p style=\"text-align:justify\">2 in one volume, folio (467 x 300 mm) engraved frontispiece, 6 nn.ll., 247 pp. for volume I; title, pp. 249-524, 2 nn.ll., 3 plates included into the pagination [=pp.265-269]. Contemporary French red morocco, triple gilt filet on covers, spine gilt with raised bands, marbled and gilt edges (some light expert restorations).<\/p>\n","protected":false},"featured_media":73845,"comment_status":"open","ping_status":"closed","template":"","meta":{"_acf_changed":false},"product_brand":[],"product_cat":[544],"product_tag":[1240,1245],"class_list":{"0":"post-73856","1":"product","2":"type-product","3":"status-publish","4":"has-post-thumbnail","6":"product_cat-literature","7":"product_tag-18th-century-illustrations","8":"product_tag-18th-century-literature","9":"pa_auteur-ovide-2","10":"pa_type-de-livre-printed-book","12":"first","13":"outofstock","14":"shipping-taxable","15":"purchasable","16":"product-type-simple"},"acf":{"artist":" OVIDE","chapeau":"Bound in fine contemporary red morocco","adresse_bibliographique":"Amsterdam, R. & J. Wetstein & G. Smith, 1732","book_type":"Printed book","provenance":"","afficher_prix":""},"yoast_head":"<!-- This site is optimized with the Yoast SEO plugin v24.7 - https:\/\/yoast.com\/wordpress\/plugins\/seo\/ -->\n<title>OVIDE  Les M\u00e9tamorphoses, en latin, traduites en fran\u00e7ois, avec des remarques et des explications historiques par Mr. l&#039;abb\u00e9 Banier. - Libairie Clavreuil<\/title>\n<meta name=\"robots\" content=\"index, follow, max-snippet:-1, max-image-preview:large, max-video-preview:-1\" \/>\n<link rel=\"canonical\" href=\"https:\/\/www.librairieclavreuil.com\/produit\/les-metamorphoses-en-latin-traduites-en-francois-avec-des-remarques-et-des-explications-historiques-par-mr-labbe-banier-ovide\/\" \/>\n<meta property=\"og:locale\" content=\"en_US\" \/>\n<meta property=\"og:type\" content=\"article\" \/>\n<meta property=\"og:title\" content=\"OVIDE  Les M\u00e9tamorphoses, en latin, traduites en fran\u00e7ois, avec des remarques et des explications historiques par Mr. l&#039;abb\u00e9 Banier. - Libairie Clavreuil\" \/>\n<meta property=\"og:description\" content=\"2 in one volume, folio (467 x 300 mm) engraved frontispiece, 6 nn.ll., 247 pp. for volume I; title, pp. 249-524, 2 nn.ll., 3 plates included into the pagination [=pp.265-269]. Contemporary French red morocco, triple gilt filet on covers, spine gilt with raised bands, marbled and gilt edges (some light expert restorations).\" \/>\n<meta property=\"og:url\" content=\"https:\/\/www.librairieclavreuil.com\/produit\/les-metamorphoses-en-latin-traduites-en-francois-avec-des-remarques-et-des-explications-historiques-par-mr-labbe-banier-ovide\/\" \/>\n<meta property=\"og:site_name\" content=\"Libairie Clavreuil\" \/>\n<meta property=\"article:modified_time\" content=\"2024-07-12T16:52:25+00:00\" \/>\n<meta property=\"og:image\" content=\"https:\/\/www.librairieclavreuil.com\/wp-content\/uploads\/2024\/04\/ovide-les-metamorphoses-en-latin-traduites-en-francois-avec-des-remarques-et-des-explications-historiques-par-mr-l-abbe-banier-6524-65afde8e99dfb-scaled.jpg\" \/>\n\t<meta property=\"og:image:width\" content=\"1707\" \/>\n\t<meta property=\"og:image:height\" content=\"2560\" \/>\n\t<meta property=\"og:image:type\" content=\"image\/jpeg\" \/>\n<meta name=\"twitter:card\" content=\"summary_large_image\" \/>\n<meta name=\"twitter:label1\" content=\"Est. reading time\" \/>\n\t<meta name=\"twitter:data1\" content=\"1 minute\" \/>\n<script type=\"application\/ld+json\" class=\"yoast-schema-graph\">{\"@context\":\"https:\/\/schema.org\",\"@graph\":[{\"@type\":\"WebPage\",\"@id\":\"https:\/\/www.librairieclavreuil.com\/produit\/les-metamorphoses-en-latin-traduites-en-francois-avec-des-remarques-et-des-explications-historiques-par-mr-labbe-banier-ovide\/\",\"url\":\"https:\/\/www.librairieclavreuil.com\/produit\/les-metamorphoses-en-latin-traduites-en-francois-avec-des-remarques-et-des-explications-historiques-par-mr-labbe-banier-ovide\/\",\"name\":\"OVIDE Les M\u00e9tamorphoses, en latin, traduites en fran\u00e7ois, avec des remarques et des explications historiques par Mr. l'abb\u00e9 Banier. - Libairie Clavreuil\",\"isPartOf\":{\"@id\":\"https:\/\/www.librairieclavreuil.com\/#website\"},\"primaryImageOfPage\":{\"@id\":\"https:\/\/www.librairieclavreuil.com\/produit\/les-metamorphoses-en-latin-traduites-en-francois-avec-des-remarques-et-des-explications-historiques-par-mr-labbe-banier-ovide\/#primaryimage\"},\"image\":{\"@id\":\"https:\/\/www.librairieclavreuil.com\/produit\/les-metamorphoses-en-latin-traduites-en-francois-avec-des-remarques-et-des-explications-historiques-par-mr-labbe-banier-ovide\/#primaryimage\"},\"thumbnailUrl\":\"https:\/\/www.librairieclavreuil.com\/wp-content\/uploads\/2024\/04\/ovide-les-metamorphoses-en-latin-traduites-en-francois-avec-des-remarques-et-des-explications-historiques-par-mr-l-abbe-banier-6524-65afde8e99dfb-scaled.jpg\",\"datePublished\":\"2024-04-19T17:07:37+00:00\",\"dateModified\":\"2024-07-12T16:52:25+00:00\",\"breadcrumb\":{\"@id\":\"https:\/\/www.librairieclavreuil.com\/produit\/les-metamorphoses-en-latin-traduites-en-francois-avec-des-remarques-et-des-explications-historiques-par-mr-labbe-banier-ovide\/#breadcrumb\"},\"inLanguage\":\"en-US\",\"potentialAction\":[{\"@type\":\"ReadAction\",\"target\":[\"https:\/\/www.librairieclavreuil.com\/produit\/les-metamorphoses-en-latin-traduites-en-francois-avec-des-remarques-et-des-explications-historiques-par-mr-labbe-banier-ovide\/\"]}]},{\"@type\":\"ImageObject\",\"inLanguage\":\"en-US\",\"@id\":\"https:\/\/www.librairieclavreuil.com\/produit\/les-metamorphoses-en-latin-traduites-en-francois-avec-des-remarques-et-des-explications-historiques-par-mr-labbe-banier-ovide\/#primaryimage\",\"url\":\"https:\/\/www.librairieclavreuil.com\/wp-content\/uploads\/2024\/04\/ovide-les-metamorphoses-en-latin-traduites-en-francois-avec-des-remarques-et-des-explications-historiques-par-mr-l-abbe-banier-6524-65afde8e99dfb-scaled.jpg\",\"contentUrl\":\"https:\/\/www.librairieclavreuil.com\/wp-content\/uploads\/2024\/04\/ovide-les-metamorphoses-en-latin-traduites-en-francois-avec-des-remarques-et-des-explications-historiques-par-mr-l-abbe-banier-6524-65afde8e99dfb-scaled.jpg\",\"width\":1707,\"height\":2560},{\"@type\":\"BreadcrumbList\",\"@id\":\"https:\/\/www.librairieclavreuil.com\/produit\/les-metamorphoses-en-latin-traduites-en-francois-avec-des-remarques-et-des-explications-historiques-par-mr-labbe-banier-ovide\/#breadcrumb\",\"itemListElement\":[{\"@type\":\"ListItem\",\"position\":1,\"name\":\"Accueil\",\"item\":\"https:\/\/www.librairieclavreuil.com\/\"},{\"@type\":\"ListItem\",\"position\":2,\"name\":\"All our books\",\"item\":\"https:\/\/www.librairieclavreuil.com\/en\/all-our-books\/\"},{\"@type\":\"ListItem\",\"position\":3,\"name\":\"OVIDE Les M\u00e9tamorphoses, en latin, traduites en fran\u00e7ois,...\"}]},{\"@type\":\"WebSite\",\"@id\":\"https:\/\/www.librairieclavreuil.com\/#website\",\"url\":\"https:\/\/www.librairieclavreuil.com\/\",\"name\":\"Libairie Clavreuil\",\"description\":\"Livres anciens, manuscrits rares et \u00e9ditions originales \u2013 Librairie Clavreuil\",\"publisher\":{\"@id\":\"https:\/\/www.librairieclavreuil.com\/#organization\"},\"potentialAction\":[{\"@type\":\"SearchAction\",\"target\":{\"@type\":\"EntryPoint\",\"urlTemplate\":\"https:\/\/www.librairieclavreuil.com\/?s={search_term_string}\"},\"query-input\":{\"@type\":\"PropertyValueSpecification\",\"valueRequired\":true,\"valueName\":\"search_term_string\"}}],\"inLanguage\":\"en-US\"},{\"@type\":\"Organization\",\"@id\":\"https:\/\/www.librairieclavreuil.com\/#organization\",\"name\":\"Libairie Clavreuil\",\"url\":\"https:\/\/www.librairieclavreuil.com\/\",\"logo\":{\"@type\":\"ImageObject\",\"inLanguage\":\"en-US\",\"@id\":\"https:\/\/www.librairieclavreuil.com\/#\/schema\/logo\/image\/\",\"url\":\"https:\/\/www.librairieclavreuil.com\/wp-content\/uploads\/2021\/06\/cropped-LOGO_PNG_DATE-_gold-512x512-1.png\",\"contentUrl\":\"https:\/\/www.librairieclavreuil.com\/wp-content\/uploads\/2021\/06\/cropped-LOGO_PNG_DATE-_gold-512x512-1.png\",\"width\":512,\"height\":512,\"caption\":\"Libairie Clavreuil\"},\"image\":{\"@id\":\"https:\/\/www.librairieclavreuil.com\/#\/schema\/logo\/image\/\"},\"sameAs\":[\"https:\/\/www.instagram.com\/librairieclavreuil\/\"]}]}<\/script>\n<!-- \/ Yoast SEO plugin. -->","yoast_head_json":{"title":"OVIDE  Les M\u00e9tamorphoses, en latin, traduites en fran\u00e7ois, avec des remarques et des explications historiques par Mr. l'abb\u00e9 Banier. - Libairie Clavreuil","robots":{"index":"index","follow":"follow","max-snippet":"max-snippet:-1","max-image-preview":"max-image-preview:large","max-video-preview":"max-video-preview:-1"},"canonical":"https:\/\/www.librairieclavreuil.com\/produit\/les-metamorphoses-en-latin-traduites-en-francois-avec-des-remarques-et-des-explications-historiques-par-mr-labbe-banier-ovide\/","og_locale":"en_US","og_type":"article","og_title":"OVIDE  Les M\u00e9tamorphoses, en latin, traduites en fran\u00e7ois, avec des remarques et des explications historiques par Mr. l'abb\u00e9 Banier. - Libairie Clavreuil","og_description":"2 in one volume, folio (467 x 300 mm) engraved frontispiece, 6 nn.ll., 247 pp. for volume I; title, pp. 249-524, 2 nn.ll., 3 plates included into the pagination [=pp.265-269]. Contemporary French red morocco, triple gilt filet on covers, spine gilt with raised bands, marbled and gilt edges (some light expert restorations).","og_url":"https:\/\/www.librairieclavreuil.com\/produit\/les-metamorphoses-en-latin-traduites-en-francois-avec-des-remarques-et-des-explications-historiques-par-mr-labbe-banier-ovide\/","og_site_name":"Libairie Clavreuil","article_modified_time":"2024-07-12T16:52:25+00:00","og_image":[{"width":1707,"height":2560,"url":"https:\/\/www.librairieclavreuil.com\/wp-content\/uploads\/2024\/04\/ovide-les-metamorphoses-en-latin-traduites-en-francois-avec-des-remarques-et-des-explications-historiques-par-mr-l-abbe-banier-6524-65afde8e99dfb-scaled.jpg","type":"image\/jpeg"}],"twitter_card":"summary_large_image","twitter_misc":{"Est. reading time":"1 minute"},"schema":{"@context":"https:\/\/schema.org","@graph":[{"@type":"WebPage","@id":"https:\/\/www.librairieclavreuil.com\/produit\/les-metamorphoses-en-latin-traduites-en-francois-avec-des-remarques-et-des-explications-historiques-par-mr-labbe-banier-ovide\/","url":"https:\/\/www.librairieclavreuil.com\/produit\/les-metamorphoses-en-latin-traduites-en-francois-avec-des-remarques-et-des-explications-historiques-par-mr-labbe-banier-ovide\/","name":"OVIDE Les M\u00e9tamorphoses, en latin, traduites en fran\u00e7ois, avec des remarques et des explications historiques par Mr. l'abb\u00e9 Banier. - Libairie Clavreuil","isPartOf":{"@id":"https:\/\/www.librairieclavreuil.com\/#website"},"primaryImageOfPage":{"@id":"https:\/\/www.librairieclavreuil.com\/produit\/les-metamorphoses-en-latin-traduites-en-francois-avec-des-remarques-et-des-explications-historiques-par-mr-labbe-banier-ovide\/#primaryimage"},"image":{"@id":"https:\/\/www.librairieclavreuil.com\/produit\/les-metamorphoses-en-latin-traduites-en-francois-avec-des-remarques-et-des-explications-historiques-par-mr-labbe-banier-ovide\/#primaryimage"},"thumbnailUrl":"https:\/\/www.librairieclavreuil.com\/wp-content\/uploads\/2024\/04\/ovide-les-metamorphoses-en-latin-traduites-en-francois-avec-des-remarques-et-des-explications-historiques-par-mr-l-abbe-banier-6524-65afde8e99dfb-scaled.jpg","datePublished":"2024-04-19T17:07:37+00:00","dateModified":"2024-07-12T16:52:25+00:00","breadcrumb":{"@id":"https:\/\/www.librairieclavreuil.com\/produit\/les-metamorphoses-en-latin-traduites-en-francois-avec-des-remarques-et-des-explications-historiques-par-mr-labbe-banier-ovide\/#breadcrumb"},"inLanguage":"en-US","potentialAction":[{"@type":"ReadAction","target":["https:\/\/www.librairieclavreuil.com\/produit\/les-metamorphoses-en-latin-traduites-en-francois-avec-des-remarques-et-des-explications-historiques-par-mr-labbe-banier-ovide\/"]}]},{"@type":"ImageObject","inLanguage":"en-US","@id":"https:\/\/www.librairieclavreuil.com\/produit\/les-metamorphoses-en-latin-traduites-en-francois-avec-des-remarques-et-des-explications-historiques-par-mr-labbe-banier-ovide\/#primaryimage","url":"https:\/\/www.librairieclavreuil.com\/wp-content\/uploads\/2024\/04\/ovide-les-metamorphoses-en-latin-traduites-en-francois-avec-des-remarques-et-des-explications-historiques-par-mr-l-abbe-banier-6524-65afde8e99dfb-scaled.jpg","contentUrl":"https:\/\/www.librairieclavreuil.com\/wp-content\/uploads\/2024\/04\/ovide-les-metamorphoses-en-latin-traduites-en-francois-avec-des-remarques-et-des-explications-historiques-par-mr-l-abbe-banier-6524-65afde8e99dfb-scaled.jpg","width":1707,"height":2560},{"@type":"BreadcrumbList","@id":"https:\/\/www.librairieclavreuil.com\/produit\/les-metamorphoses-en-latin-traduites-en-francois-avec-des-remarques-et-des-explications-historiques-par-mr-labbe-banier-ovide\/#breadcrumb","itemListElement":[{"@type":"ListItem","position":1,"name":"Accueil","item":"https:\/\/www.librairieclavreuil.com\/"},{"@type":"ListItem","position":2,"name":"All our books","item":"https:\/\/www.librairieclavreuil.com\/en\/all-our-books\/"},{"@type":"ListItem","position":3,"name":"OVIDE Les M\u00e9tamorphoses, en latin, traduites en fran\u00e7ois,..."}]},{"@type":"WebSite","@id":"https:\/\/www.librairieclavreuil.com\/#website","url":"https:\/\/www.librairieclavreuil.com\/","name":"Libairie Clavreuil","description":"Livres anciens, manuscrits rares et \u00e9ditions originales \u2013 Librairie Clavreuil","publisher":{"@id":"https:\/\/www.librairieclavreuil.com\/#organization"},"potentialAction":[{"@type":"SearchAction","target":{"@type":"EntryPoint","urlTemplate":"https:\/\/www.librairieclavreuil.com\/?s={search_term_string}"},"query-input":{"@type":"PropertyValueSpecification","valueRequired":true,"valueName":"search_term_string"}}],"inLanguage":"en-US"},{"@type":"Organization","@id":"https:\/\/www.librairieclavreuil.com\/#organization","name":"Libairie Clavreuil","url":"https:\/\/www.librairieclavreuil.com\/","logo":{"@type":"ImageObject","inLanguage":"en-US","@id":"https:\/\/www.librairieclavreuil.com\/#\/schema\/logo\/image\/","url":"https:\/\/www.librairieclavreuil.com\/wp-content\/uploads\/2021\/06\/cropped-LOGO_PNG_DATE-_gold-512x512-1.png","contentUrl":"https:\/\/www.librairieclavreuil.com\/wp-content\/uploads\/2021\/06\/cropped-LOGO_PNG_DATE-_gold-512x512-1.png","width":512,"height":512,"caption":"Libairie Clavreuil"},"image":{"@id":"https:\/\/www.librairieclavreuil.com\/#\/schema\/logo\/image\/"},"sameAs":["https:\/\/www.instagram.com\/librairieclavreuil\/"]}]}},"jetpack_sharing_enabled":true,"_links":{"self":[{"href":"https:\/\/www.librairieclavreuil.com\/en\/wp-json\/wp\/v2\/product\/73856","targetHints":{"allow":["GET"]}}],"collection":[{"href":"https:\/\/www.librairieclavreuil.com\/en\/wp-json\/wp\/v2\/product"}],"about":[{"href":"https:\/\/www.librairieclavreuil.com\/en\/wp-json\/wp\/v2\/types\/product"}],"replies":[{"embeddable":true,"href":"https:\/\/www.librairieclavreuil.com\/en\/wp-json\/wp\/v2\/comments?post=73856"}],"wp:featuredmedia":[{"embeddable":true,"href":"https:\/\/www.librairieclavreuil.com\/en\/wp-json\/wp\/v2\/media\/73845"}],"wp:attachment":[{"href":"https:\/\/www.librairieclavreuil.com\/en\/wp-json\/wp\/v2\/media?parent=73856"}],"wp:term":[{"taxonomy":"product_brand","embeddable":true,"href":"https:\/\/www.librairieclavreuil.com\/en\/wp-json\/wp\/v2\/product_brand?post=73856"},{"taxonomy":"product_cat","embeddable":true,"href":"https:\/\/www.librairieclavreuil.com\/en\/wp-json\/wp\/v2\/product_cat?post=73856"},{"taxonomy":"product_tag","embeddable":true,"href":"https:\/\/www.librairieclavreuil.com\/en\/wp-json\/wp\/v2\/product_tag?post=73856"}],"curies":[{"name":"wp","href":"https:\/\/api.w.org\/{rel}","templated":true}]}}