{"id":73814,"date":"2024-04-19T17:51:16","date_gmt":"2024-04-19T15:51:16","guid":{"rendered":"https:\/\/clavreuil-wordpress.logiciel-arteo.fr\/le-cabinet-des-fees-ou-collection-choisie-des-contes-des-fees-et-autres-contes-merveilleux-ornes-de-figures-charles-perrault\/"},"modified":"2026-03-25T18:17:05","modified_gmt":"2026-03-25T17:17:05","slug":"le-cabinet-des-fees-ou-collection-choisie-des-contes-des-fees-et-autres-contes-merveilleux-ornes-de-figures-charles-perrault","status":"publish","type":"product","link":"https:\/\/www.librairieclavreuil.com\/en\/le-cabinet-des-fees-ou-collection-choisie-des-contes-des-fees-et-autres-contes-merveilleux-ornes-de-figures-charles-perrault\/","title":{"rendered":"PERRAULT Charles Le Cabinet des f\u00e9es, ou Collection..."},"content":{"rendered":"<p style=\"text-align:justify\"><i>Cohen-De Ricci, 198; Ray, n\u00b0 46 (pour la suite de seulement 110 planches); Brunet, I, 1440.<\/i><\/p>\n<p style=\"text-align:justify\"><span style=\"font-variant:small-caps\">The most important corpus of fairy tales published in the 18<sup>th<\/sup> century.<\/span><\/p>\n<p style=\"text-align:justify\">It is illustrated with 120 figures engraved after Marillier by Berthet, Biosse, Choffard, Delvaux, de Ghendt, Langlois, Legrand, de Longueil and others.<\/p>\n<p style=\"text-align:justify\">This monumental work brings together the works of some forty authors specialising in the fairytale genre, starting with Charles Perrault and Madame d&#8217;Aulnoy, whose early editions had already become extremely rare by the end of the 18<sup>th<\/sup> century. In the first thirty-six volumes, published in 1785 and 1786, this monumental work brings together tales by Perrault, F\u00e9nelon, Madame d&#8217;Aulnoy, Jeanne-Marie Leprince de Beaumont (<i>La Belle et la b\u00eate<\/i>), Mademoiselle de la Force, Mademoiselle Lheritier, Hamilton, Caylus, Jean-Jacques Rousseau, the <i>Arabian Nights<\/i> translated by Galland, and others.<\/p>\n<p style=\"text-align:justify\">This impressive work of compilation, due to the persistence of Chevalier Charles-Joseph de Mayer (1751-1825), was part of the recent fashion for fairy tales and large collections published by subscription. Beyond the commercial aspect, the compiler had two aims: to safeguard works in danger of being forgotten; and to provide future generations with models and sources of inspiration.<\/p>\n<p style=\"text-align:justify\">Mayer had initially planned to publish thirty volumes at the rate of two per month; thirty-seven were published between 1785 and 1786, to which were added, three years later, the four volumes devoted to oriental tales.<\/p>\n<p style=\"text-align:justify\">&#8220;L&#8217;entreprise d&#8217;inventaire que constitue Le cabinet des f\u00e9es, publi\u00e9 par le Chevalier de Mayer de 1785 \u00e0 1789, t\u00e9moigne non seulement du succ\u00e8s \u00e9clatant du genre mais \u00e9galement d&#8217;un parti pris \u00e9ditorial en faveur de Perrault. Hi\u00e9rarchisant et organisant en 41 volumes pr\u00e8s de cent ans de contes de f\u00e9es, le Chevalier de Mayer accorde aux textes de ce dernier une place pr\u00e9pond\u00e9rante dans une anthologie paradoxalement constitu\u00e9e d&#8217;une majorit\u00e9 de contes \u00e9crits par des femmes, contemporaines de Perrault, qui participent \u00e0 la constitution du genre dont elles exploitent les ressources nouvelles. Jusqu&#8217;au d\u00e9but du XVIIe si\u00e8cle, rares sont les femmes qui prennent la plume&#8221; (Esther Benureau, in: <i>Le Conte de f\u00e9es litt\u00e9raire f\u00e9minin de la fin du XVIIe si\u00e8cle,<\/i> M\u00e9moire, Montr\u00e9al 2009).<\/p>\n<p style=\"text-align:justify\">&#8220;Dans sa rarissime \u00e9dition de 1785 du Cabinet des f\u00e9es, le chevalier de Mayer a rassembl\u00e9 les plus c\u00e9l\u00e8bres et les plus oubli\u00e9s des contes merveilleux que l\u2019on racontait, depuis l\u2019aube du Moyen Age jusqu\u2019\u00e0 la veille de la R\u00e9volution, aux enfants de France. Sans h\u00e9siter, il a repris tous les contes publi\u00e9s par Mme d\u2019Aulnoy, l\u2019\u00e9gale de Charles Perrault\u2026 Les contes de Mme d\u2019Aulnoy sont les r\u00eaves d\u2019une femme. Elle les appelera \u00ab Belle Belle \u00bb, \u00ab L\u2019Oranger et l\u2019abeille \u00bb, \u00ab Le Rameau d\u2019or \u00bb. A ces objets d\u2019encre, Mme d\u2019Aulnoy donnera de la chair en leur inventant des aventures. Histoires qui moussent comme du champagne, \u00e0 faire perdre la t\u00eate, ces contes apprennent \u00e0 leur lecteur qu\u2019il lui faut parfois d\u00e9laisser son c\u0153ur comme on se perd dans la for\u00eat, tout surpris soudain de se retrouver sous les traits d\u2019un grillon ou d\u2019un sanglier&#8221; (\u00e9ditions Picquier).<\/p>\n<p style=\"text-align:justify\">The illustrations of Cl\u00e9ment-Pierre Marillier (1740-1808), one of the finest draughtsmen of his time, revolutionized the iconography of fairy tales, which with this suite &#8211; exceptional for its evocative power and finesse of execution &#8211; comes of age.<\/p>\n<p style=\"text-align:justify\">A very good copy, complete with its 120 engraved plates (all volumes contain 3 plates, except volume 37, published without engravings, which contains the complete list of authors of the first 36 volumes).<\/p>\n","protected":false},"excerpt":{"rendered":"<p>41 volumes, 12mo (165 x 100 mm) with 120 engraved plates after Marillier.&nbsp;Half green shagreen with corners, spine gilt with raised bands, marbled edges (<i>19th century binding<\/i>).<\/p>\n","protected":false},"featured_media":73803,"comment_status":"open","ping_status":"closed","template":"","meta":{"_acf_changed":false},"product_brand":[],"product_cat":[544],"product_tag":[1240,1245,1450],"class_list":{"0":"post-73814","1":"product","2":"type-product","3":"status-publish","4":"has-post-thumbnail","6":"product_cat-literature","7":"product_tag-18th-century-illustrations","8":"product_tag-18th-century-literature","9":"product_tag-first-edition","10":"pa_auteur-perrault-charles-2","11":"pa_type-de-livre-printed-book","13":"first","14":"instock","15":"shipping-taxable","16":"purchasable","17":"product-type-simple"},"acf":{"artist":" Charles PERRAULT","chapeau":"","adresse_bibliographique":"Gen\u00e8ve, Barde & Manget et se trouve \u00e0 Paris chez Cuchet, 1785-1789","book_type":"Printed book","provenance":"","afficher_prix":"oui"},"yoast_head":"<!-- This site is optimized with the Yoast SEO plugin v24.7 - https:\/\/yoast.com\/wordpress\/plugins\/seo\/ -->\n<title>PERRAULT Charles Le Cabinet des f\u00e9es, ou Collection choisie des contes des f\u00e9es, et autres contes merveilleux. Orn\u00e9s de figures. - Libairie Clavreuil<\/title>\n<meta name=\"robots\" content=\"index, follow, max-snippet:-1, max-image-preview:large, max-video-preview:-1\" \/>\n<link rel=\"canonical\" href=\"https:\/\/www.librairieclavreuil.com\/en\/le-cabinet-des-fees-ou-collection-choisie-des-contes-des-fees-et-autres-contes-merveilleux-ornes-de-figures-charles-perrault\/\" \/>\n<meta property=\"og:locale\" content=\"en_US\" \/>\n<meta property=\"og:type\" content=\"article\" \/>\n<meta property=\"og:title\" content=\"PERRAULT Charles Le Cabinet des f\u00e9es, ou Collection choisie des contes des f\u00e9es, et autres contes merveilleux. Orn\u00e9s de figures. - Libairie Clavreuil\" \/>\n<meta property=\"og:description\" content=\"41 volumes, 12mo (165 x 100 mm) with 120 engraved plates after Marillier.&nbsp;Half green shagreen with corners, spine gilt with raised bands, marbled edges (19th century binding).\" \/>\n<meta property=\"og:url\" content=\"https:\/\/www.librairieclavreuil.com\/en\/le-cabinet-des-fees-ou-collection-choisie-des-contes-des-fees-et-autres-contes-merveilleux-ornes-de-figures-charles-perrault\/\" \/>\n<meta property=\"og:site_name\" content=\"Libairie Clavreuil\" \/>\n<meta property=\"article:modified_time\" content=\"2026-03-25T17:17:05+00:00\" \/>\n<meta property=\"og:image\" content=\"https:\/\/www.librairieclavreuil.com\/wp-content\/uploads\/2024\/04\/charles-perrault-le-cabinet-des-fees-ou-collection-choisie-des-contes-des-fees-et-autres-contes-merveilleux-ornes-de-figures-7263-65bd17d876a7b.jpg\" \/>\n\t<meta property=\"og:image:width\" content=\"790\" \/>\n\t<meta property=\"og:image:height\" content=\"1231\" \/>\n\t<meta property=\"og:image:type\" content=\"image\/jpeg\" \/>\n<meta name=\"twitter:card\" content=\"summary_large_image\" \/>\n<meta name=\"twitter:label1\" content=\"Est. reading time\" \/>\n\t<meta name=\"twitter:data1\" content=\"3 minutes\" \/>\n<script type=\"application\/ld+json\" class=\"yoast-schema-graph\">{\"@context\":\"https:\/\/schema.org\",\"@graph\":[{\"@type\":\"WebPage\",\"@id\":\"https:\/\/www.librairieclavreuil.com\/en\/le-cabinet-des-fees-ou-collection-choisie-des-contes-des-fees-et-autres-contes-merveilleux-ornes-de-figures-charles-perrault\/\",\"url\":\"https:\/\/www.librairieclavreuil.com\/en\/le-cabinet-des-fees-ou-collection-choisie-des-contes-des-fees-et-autres-contes-merveilleux-ornes-de-figures-charles-perrault\/\",\"name\":\"PERRAULT Charles Le Cabinet des f\u00e9es, ou Collection choisie des contes des f\u00e9es, et autres contes merveilleux. Orn\u00e9s de figures. - Libairie Clavreuil\",\"isPartOf\":{\"@id\":\"https:\/\/www.librairieclavreuil.com\/#website\"},\"primaryImageOfPage\":{\"@id\":\"https:\/\/www.librairieclavreuil.com\/en\/le-cabinet-des-fees-ou-collection-choisie-des-contes-des-fees-et-autres-contes-merveilleux-ornes-de-figures-charles-perrault\/#primaryimage\"},\"image\":{\"@id\":\"https:\/\/www.librairieclavreuil.com\/en\/le-cabinet-des-fees-ou-collection-choisie-des-contes-des-fees-et-autres-contes-merveilleux-ornes-de-figures-charles-perrault\/#primaryimage\"},\"thumbnailUrl\":\"https:\/\/www.librairieclavreuil.com\/wp-content\/uploads\/2024\/04\/charles-perrault-le-cabinet-des-fees-ou-collection-choisie-des-contes-des-fees-et-autres-contes-merveilleux-ornes-de-figures-7263-65bd17d876a7b.jpg\",\"datePublished\":\"2024-04-19T15:51:16+00:00\",\"dateModified\":\"2026-03-25T17:17:05+00:00\",\"breadcrumb\":{\"@id\":\"https:\/\/www.librairieclavreuil.com\/en\/le-cabinet-des-fees-ou-collection-choisie-des-contes-des-fees-et-autres-contes-merveilleux-ornes-de-figures-charles-perrault\/#breadcrumb\"},\"inLanguage\":\"en-US\",\"potentialAction\":[{\"@type\":\"ReadAction\",\"target\":[\"https:\/\/www.librairieclavreuil.com\/en\/le-cabinet-des-fees-ou-collection-choisie-des-contes-des-fees-et-autres-contes-merveilleux-ornes-de-figures-charles-perrault\/\"]}]},{\"@type\":\"ImageObject\",\"inLanguage\":\"en-US\",\"@id\":\"https:\/\/www.librairieclavreuil.com\/en\/le-cabinet-des-fees-ou-collection-choisie-des-contes-des-fees-et-autres-contes-merveilleux-ornes-de-figures-charles-perrault\/#primaryimage\",\"url\":\"https:\/\/www.librairieclavreuil.com\/wp-content\/uploads\/2024\/04\/charles-perrault-le-cabinet-des-fees-ou-collection-choisie-des-contes-des-fees-et-autres-contes-merveilleux-ornes-de-figures-7263-65bd17d876a7b.jpg\",\"contentUrl\":\"https:\/\/www.librairieclavreuil.com\/wp-content\/uploads\/2024\/04\/charles-perrault-le-cabinet-des-fees-ou-collection-choisie-des-contes-des-fees-et-autres-contes-merveilleux-ornes-de-figures-7263-65bd17d876a7b.jpg\",\"width\":790,\"height\":1231},{\"@type\":\"BreadcrumbList\",\"@id\":\"https:\/\/www.librairieclavreuil.com\/en\/le-cabinet-des-fees-ou-collection-choisie-des-contes-des-fees-et-autres-contes-merveilleux-ornes-de-figures-charles-perrault\/#breadcrumb\",\"itemListElement\":[{\"@type\":\"ListItem\",\"position\":1,\"name\":\"Accueil\",\"item\":\"https:\/\/www.librairieclavreuil.com\/\"},{\"@type\":\"ListItem\",\"position\":2,\"name\":\"All our books\",\"item\":\"https:\/\/www.librairieclavreuil.com\/en\/all-our-books\/\"},{\"@type\":\"ListItem\",\"position\":3,\"name\":\"PERRAULT Charles Le Cabinet des f\u00e9es, ou Collection...\"}]},{\"@type\":\"WebSite\",\"@id\":\"https:\/\/www.librairieclavreuil.com\/#website\",\"url\":\"https:\/\/www.librairieclavreuil.com\/\",\"name\":\"Libairie Clavreuil\",\"description\":\"Livres anciens, manuscrits rares et \u00e9ditions originales \u2013 Librairie Clavreuil\",\"publisher\":{\"@id\":\"https:\/\/www.librairieclavreuil.com\/#organization\"},\"potentialAction\":[{\"@type\":\"SearchAction\",\"target\":{\"@type\":\"EntryPoint\",\"urlTemplate\":\"https:\/\/www.librairieclavreuil.com\/?s={search_term_string}\"},\"query-input\":{\"@type\":\"PropertyValueSpecification\",\"valueRequired\":true,\"valueName\":\"search_term_string\"}}],\"inLanguage\":\"en-US\"},{\"@type\":\"Organization\",\"@id\":\"https:\/\/www.librairieclavreuil.com\/#organization\",\"name\":\"Libairie Clavreuil\",\"url\":\"https:\/\/www.librairieclavreuil.com\/\",\"logo\":{\"@type\":\"ImageObject\",\"inLanguage\":\"en-US\",\"@id\":\"https:\/\/www.librairieclavreuil.com\/#\/schema\/logo\/image\/\",\"url\":\"https:\/\/www.librairieclavreuil.com\/wp-content\/uploads\/2021\/06\/cropped-LOGO_PNG_DATE-_gold-512x512-1.png\",\"contentUrl\":\"https:\/\/www.librairieclavreuil.com\/wp-content\/uploads\/2021\/06\/cropped-LOGO_PNG_DATE-_gold-512x512-1.png\",\"width\":512,\"height\":512,\"caption\":\"Libairie Clavreuil\"},\"image\":{\"@id\":\"https:\/\/www.librairieclavreuil.com\/#\/schema\/logo\/image\/\"},\"sameAs\":[\"https:\/\/www.instagram.com\/librairieclavreuil\/\"]}]}<\/script>\n<!-- \/ Yoast SEO plugin. -->","yoast_head_json":{"title":"PERRAULT Charles Le Cabinet des f\u00e9es, ou Collection choisie des contes des f\u00e9es, et autres contes merveilleux. Orn\u00e9s de figures. - Libairie Clavreuil","robots":{"index":"index","follow":"follow","max-snippet":"max-snippet:-1","max-image-preview":"max-image-preview:large","max-video-preview":"max-video-preview:-1"},"canonical":"https:\/\/www.librairieclavreuil.com\/en\/le-cabinet-des-fees-ou-collection-choisie-des-contes-des-fees-et-autres-contes-merveilleux-ornes-de-figures-charles-perrault\/","og_locale":"en_US","og_type":"article","og_title":"PERRAULT Charles Le Cabinet des f\u00e9es, ou Collection choisie des contes des f\u00e9es, et autres contes merveilleux. Orn\u00e9s de figures. - Libairie Clavreuil","og_description":"41 volumes, 12mo (165 x 100 mm) with 120 engraved plates after Marillier.&nbsp;Half green shagreen with corners, spine gilt with raised bands, marbled edges (19th century binding).","og_url":"https:\/\/www.librairieclavreuil.com\/en\/le-cabinet-des-fees-ou-collection-choisie-des-contes-des-fees-et-autres-contes-merveilleux-ornes-de-figures-charles-perrault\/","og_site_name":"Libairie Clavreuil","article_modified_time":"2026-03-25T17:17:05+00:00","og_image":[{"width":790,"height":1231,"url":"https:\/\/www.librairieclavreuil.com\/wp-content\/uploads\/2024\/04\/charles-perrault-le-cabinet-des-fees-ou-collection-choisie-des-contes-des-fees-et-autres-contes-merveilleux-ornes-de-figures-7263-65bd17d876a7b.jpg","type":"image\/jpeg"}],"twitter_card":"summary_large_image","twitter_misc":{"Est. reading time":"3 minutes"},"schema":{"@context":"https:\/\/schema.org","@graph":[{"@type":"WebPage","@id":"https:\/\/www.librairieclavreuil.com\/en\/le-cabinet-des-fees-ou-collection-choisie-des-contes-des-fees-et-autres-contes-merveilleux-ornes-de-figures-charles-perrault\/","url":"https:\/\/www.librairieclavreuil.com\/en\/le-cabinet-des-fees-ou-collection-choisie-des-contes-des-fees-et-autres-contes-merveilleux-ornes-de-figures-charles-perrault\/","name":"PERRAULT Charles Le Cabinet des f\u00e9es, ou Collection choisie des contes des f\u00e9es, et autres contes merveilleux. Orn\u00e9s de figures. - Libairie Clavreuil","isPartOf":{"@id":"https:\/\/www.librairieclavreuil.com\/#website"},"primaryImageOfPage":{"@id":"https:\/\/www.librairieclavreuil.com\/en\/le-cabinet-des-fees-ou-collection-choisie-des-contes-des-fees-et-autres-contes-merveilleux-ornes-de-figures-charles-perrault\/#primaryimage"},"image":{"@id":"https:\/\/www.librairieclavreuil.com\/en\/le-cabinet-des-fees-ou-collection-choisie-des-contes-des-fees-et-autres-contes-merveilleux-ornes-de-figures-charles-perrault\/#primaryimage"},"thumbnailUrl":"https:\/\/www.librairieclavreuil.com\/wp-content\/uploads\/2024\/04\/charles-perrault-le-cabinet-des-fees-ou-collection-choisie-des-contes-des-fees-et-autres-contes-merveilleux-ornes-de-figures-7263-65bd17d876a7b.jpg","datePublished":"2024-04-19T15:51:16+00:00","dateModified":"2026-03-25T17:17:05+00:00","breadcrumb":{"@id":"https:\/\/www.librairieclavreuil.com\/en\/le-cabinet-des-fees-ou-collection-choisie-des-contes-des-fees-et-autres-contes-merveilleux-ornes-de-figures-charles-perrault\/#breadcrumb"},"inLanguage":"en-US","potentialAction":[{"@type":"ReadAction","target":["https:\/\/www.librairieclavreuil.com\/en\/le-cabinet-des-fees-ou-collection-choisie-des-contes-des-fees-et-autres-contes-merveilleux-ornes-de-figures-charles-perrault\/"]}]},{"@type":"ImageObject","inLanguage":"en-US","@id":"https:\/\/www.librairieclavreuil.com\/en\/le-cabinet-des-fees-ou-collection-choisie-des-contes-des-fees-et-autres-contes-merveilleux-ornes-de-figures-charles-perrault\/#primaryimage","url":"https:\/\/www.librairieclavreuil.com\/wp-content\/uploads\/2024\/04\/charles-perrault-le-cabinet-des-fees-ou-collection-choisie-des-contes-des-fees-et-autres-contes-merveilleux-ornes-de-figures-7263-65bd17d876a7b.jpg","contentUrl":"https:\/\/www.librairieclavreuil.com\/wp-content\/uploads\/2024\/04\/charles-perrault-le-cabinet-des-fees-ou-collection-choisie-des-contes-des-fees-et-autres-contes-merveilleux-ornes-de-figures-7263-65bd17d876a7b.jpg","width":790,"height":1231},{"@type":"BreadcrumbList","@id":"https:\/\/www.librairieclavreuil.com\/en\/le-cabinet-des-fees-ou-collection-choisie-des-contes-des-fees-et-autres-contes-merveilleux-ornes-de-figures-charles-perrault\/#breadcrumb","itemListElement":[{"@type":"ListItem","position":1,"name":"Accueil","item":"https:\/\/www.librairieclavreuil.com\/"},{"@type":"ListItem","position":2,"name":"All our books","item":"https:\/\/www.librairieclavreuil.com\/en\/all-our-books\/"},{"@type":"ListItem","position":3,"name":"PERRAULT Charles Le Cabinet des f\u00e9es, ou Collection..."}]},{"@type":"WebSite","@id":"https:\/\/www.librairieclavreuil.com\/#website","url":"https:\/\/www.librairieclavreuil.com\/","name":"Libairie Clavreuil","description":"Livres anciens, manuscrits rares et \u00e9ditions originales \u2013 Librairie Clavreuil","publisher":{"@id":"https:\/\/www.librairieclavreuil.com\/#organization"},"potentialAction":[{"@type":"SearchAction","target":{"@type":"EntryPoint","urlTemplate":"https:\/\/www.librairieclavreuil.com\/?s={search_term_string}"},"query-input":{"@type":"PropertyValueSpecification","valueRequired":true,"valueName":"search_term_string"}}],"inLanguage":"en-US"},{"@type":"Organization","@id":"https:\/\/www.librairieclavreuil.com\/#organization","name":"Libairie Clavreuil","url":"https:\/\/www.librairieclavreuil.com\/","logo":{"@type":"ImageObject","inLanguage":"en-US","@id":"https:\/\/www.librairieclavreuil.com\/#\/schema\/logo\/image\/","url":"https:\/\/www.librairieclavreuil.com\/wp-content\/uploads\/2021\/06\/cropped-LOGO_PNG_DATE-_gold-512x512-1.png","contentUrl":"https:\/\/www.librairieclavreuil.com\/wp-content\/uploads\/2021\/06\/cropped-LOGO_PNG_DATE-_gold-512x512-1.png","width":512,"height":512,"caption":"Libairie Clavreuil"},"image":{"@id":"https:\/\/www.librairieclavreuil.com\/#\/schema\/logo\/image\/"},"sameAs":["https:\/\/www.instagram.com\/librairieclavreuil\/"]}]}},"jetpack_sharing_enabled":true,"_links":{"self":[{"href":"https:\/\/www.librairieclavreuil.com\/en\/wp-json\/wp\/v2\/product\/73814","targetHints":{"allow":["GET"]}}],"collection":[{"href":"https:\/\/www.librairieclavreuil.com\/en\/wp-json\/wp\/v2\/product"}],"about":[{"href":"https:\/\/www.librairieclavreuil.com\/en\/wp-json\/wp\/v2\/types\/product"}],"replies":[{"embeddable":true,"href":"https:\/\/www.librairieclavreuil.com\/en\/wp-json\/wp\/v2\/comments?post=73814"}],"wp:featuredmedia":[{"embeddable":true,"href":"https:\/\/www.librairieclavreuil.com\/en\/wp-json\/wp\/v2\/media\/73803"}],"wp:attachment":[{"href":"https:\/\/www.librairieclavreuil.com\/en\/wp-json\/wp\/v2\/media?parent=73814"}],"wp:term":[{"taxonomy":"product_brand","embeddable":true,"href":"https:\/\/www.librairieclavreuil.com\/en\/wp-json\/wp\/v2\/product_brand?post=73814"},{"taxonomy":"product_cat","embeddable":true,"href":"https:\/\/www.librairieclavreuil.com\/en\/wp-json\/wp\/v2\/product_cat?post=73814"},{"taxonomy":"product_tag","embeddable":true,"href":"https:\/\/www.librairieclavreuil.com\/en\/wp-json\/wp\/v2\/product_tag?post=73814"}],"curies":[{"name":"wp","href":"https:\/\/api.w.org\/{rel}","templated":true}]}}