{"id":73752,"date":"2024-04-19T17:26:34","date_gmt":"2024-04-19T15:26:34","guid":{"rendered":"https:\/\/clavreuil-wordpress.logiciel-arteo.fr\/novum-d-n-iesu-christi-testamentum-latine-iam-olim-a-veteri-interprete-nunc-denuo-a-theodoro-beza-redditur-biblia\/"},"modified":"2024-11-13T16:37:04","modified_gmt":"2024-11-13T15:37:04","slug":"novum-d-n-iesu-christi-testamentum-latine-iam-olim-a-veteri-interprete-nunc-denuo-a-theodoro-beza-redditur-biblia","status":"publish","type":"product","link":"https:\/\/www.librairieclavreuil.com\/en\/novum-d-n-iesu-christi-testamentum-latine-iam-olim-a-veteri-interprete-nunc-denuo-a-theodoro-beza-redditur-biblia\/","title":{"rendered":"BIBLIA Novum D.N. Iesu Christi Testamentum. Latine iam..."},"content":{"rendered":"<p style=\"text-align:justify\"><i>Renouard, 87:1; Schreiber, 113 (indicates erroneously 46 num.ll.); Darlow-Moule, 6139.<\/i><\/p>\n<p style=\"text-align:justify\"><span style=\"font-variant:small-caps\">First edition of the <\/span><i><span style=\"font-variant:small-caps\">New Testament<\/span><\/i><span style=\"font-variant:small-caps\"> with notes and corrections by Theodor Beza<\/span>, overall the fifth Estienne edition of the Bible.<\/p>\n<p style=\"text-align:justify\">It remained the model for many later editions. The <i>New Testament<\/i> was made available separately and this copy bears the date of 1556 on the title (although the colophon is dated 1557 such as the title of the <i>Old Testament<\/i>, not present here). Printed in two columns, the first of which contains the text of the Vulgate text; the second is occupied by Theodore Beza&#8217;s translation; the important commentary by the translator (here in first edition) is printed at the lower part and occupies almost a third of the leaves. There are numerous references to Greek texts with quotations. The last 41 leaves of the volume containing the index of <i>Hebraea, Chaldaea, Graeca &amp; Latina nomina<\/i>, is missing in many copies.<\/p>\n<p style=\"text-align:justify\">&#8220;Le Nouveau Testament se trouve parfois s\u00e9par\u00e9ment, et il parait que ces exemplaires s\u00e9par\u00e9s sont dat\u00e9s de 1556&#8221; (Renouard).<\/p>\n<p style=\"text-align:justify\">&#8220;First edition of the popular Latin Translation of the New Testament by Theodore Beza, which forms the basis of numerous later editions&#8230; The index of Hebraea, Chaldaea, Graeca &amp; Latina nomina is often not present&#8221; (Schreiber).<\/p>\n<p style=\"text-align:justify\">Copy ruled in red, some occasional spotting, else fine.<\/p>\n<p style=\"text-align:justify\">Provenance : Boullay (17th century signature) &#8211; De Seigeulai (signature dated 1692) Congregation of the Lazarist fathers in Paris, ex dono Ruff\u00e9 (inscription on the title) &#8211; Couvent St Dominique (rubber stamp with number &#8217;49&#8217;).<\/p>\n","protected":false},"excerpt":{"rendered":"<p>Folio (375 x 236 mm) 336 num.ll., 42 num.ll (including last blank). Eighteenth-century French speckled calf, spine gilt with raised bands, speckled edges (some overall restoration).<\/p>\n","protected":false},"featured_media":81924,"comment_status":"open","ping_status":"closed","template":"","meta":{"_acf_changed":false},"product_brand":[],"product_cat":[544],"product_tag":[1243,1265],"class_list":{"0":"post-73752","1":"product","2":"type-product","3":"status-publish","4":"has-post-thumbnail","6":"product_cat-literature","7":"product_tag-16th-century-literature","8":"product_tag-christianity","9":"pa_auteur-biblia-2","10":"pa_type-de-livre-printed-book","12":"first","13":"outofstock","14":"shipping-taxable","15":"purchasable","16":"product-type-simple"},"acf":{"artist":" BIBLIA","chapeau":"First edition of this translation and commentaries by Theodor Beza","adresse_bibliographique":"Gen\u00e8ve, Robert Estienne, 1556","book_type":"Printed book","provenance":"","afficher_prix":""},"yoast_head":"<!-- This site is optimized with the Yoast SEO plugin v24.7 - https:\/\/yoast.com\/wordpress\/plugins\/seo\/ -->\n<title>BIBLIA  Novum D.N. Iesu Christi Testamentum. Latine iam olim a Veteri interprete, nunc denuo a Theodoro Beza... redditur. - Libairie Clavreuil<\/title>\n<meta name=\"robots\" content=\"index, follow, max-snippet:-1, max-image-preview:large, max-video-preview:-1\" \/>\n<link rel=\"canonical\" href=\"https:\/\/www.librairieclavreuil.com\/produit\/novum-d-n-iesu-christi-testamentum-latine-iam-olim-a-veteri-interprete-nunc-denuo-a-theodoro-beza-redditur-biblia\/\" \/>\n<meta property=\"og:locale\" content=\"en_US\" \/>\n<meta property=\"og:type\" content=\"article\" \/>\n<meta property=\"og:title\" content=\"BIBLIA  Novum D.N. Iesu Christi Testamentum. Latine iam olim a Veteri interprete, nunc denuo a Theodoro Beza... redditur. - Libairie Clavreuil\" \/>\n<meta property=\"og:description\" content=\"Folio (375 x 236 mm) 336 num.ll., 42 num.ll (including last blank). Eighteenth-century French speckled calf, spine gilt with raised bands, speckled edges (some overall restoration).\" \/>\n<meta property=\"og:url\" content=\"https:\/\/www.librairieclavreuil.com\/produit\/novum-d-n-iesu-christi-testamentum-latine-iam-olim-a-veteri-interprete-nunc-denuo-a-theodoro-beza-redditur-biblia\/\" \/>\n<meta property=\"og:site_name\" content=\"Libairie Clavreuil\" \/>\n<meta property=\"article:modified_time\" content=\"2024-11-13T15:37:04+00:00\" \/>\n<meta property=\"og:image\" content=\"https:\/\/www.librairieclavreuil.com\/wp-content\/uploads\/2024\/11\/biblia-novum-d-n-iesu-christi-testamentum-latine-iam-olim-a-veteri-interprete-nunc-denuo-a-theodoro-beza-redditur-5510-6734c75d52660.jpg\" \/>\n\t<meta property=\"og:image:width\" content=\"622\" \/>\n\t<meta property=\"og:image:height\" content=\"800\" \/>\n\t<meta property=\"og:image:type\" content=\"image\/jpeg\" \/>\n<meta name=\"twitter:card\" content=\"summary_large_image\" \/>\n<meta name=\"twitter:label1\" content=\"Est. reading time\" \/>\n\t<meta name=\"twitter:data1\" content=\"1 minute\" \/>\n<script type=\"application\/ld+json\" class=\"yoast-schema-graph\">{\"@context\":\"https:\/\/schema.org\",\"@graph\":[{\"@type\":\"WebPage\",\"@id\":\"https:\/\/www.librairieclavreuil.com\/produit\/novum-d-n-iesu-christi-testamentum-latine-iam-olim-a-veteri-interprete-nunc-denuo-a-theodoro-beza-redditur-biblia\/\",\"url\":\"https:\/\/www.librairieclavreuil.com\/produit\/novum-d-n-iesu-christi-testamentum-latine-iam-olim-a-veteri-interprete-nunc-denuo-a-theodoro-beza-redditur-biblia\/\",\"name\":\"BIBLIA Novum D.N. Iesu Christi Testamentum. Latine iam olim a Veteri interprete, nunc denuo a Theodoro Beza... redditur. - Libairie Clavreuil\",\"isPartOf\":{\"@id\":\"https:\/\/www.librairieclavreuil.com\/#website\"},\"primaryImageOfPage\":{\"@id\":\"https:\/\/www.librairieclavreuil.com\/produit\/novum-d-n-iesu-christi-testamentum-latine-iam-olim-a-veteri-interprete-nunc-denuo-a-theodoro-beza-redditur-biblia\/#primaryimage\"},\"image\":{\"@id\":\"https:\/\/www.librairieclavreuil.com\/produit\/novum-d-n-iesu-christi-testamentum-latine-iam-olim-a-veteri-interprete-nunc-denuo-a-theodoro-beza-redditur-biblia\/#primaryimage\"},\"thumbnailUrl\":\"https:\/\/www.librairieclavreuil.com\/wp-content\/uploads\/2024\/11\/biblia-novum-d-n-iesu-christi-testamentum-latine-iam-olim-a-veteri-interprete-nunc-denuo-a-theodoro-beza-redditur-5510-6734c75d52660.jpg\",\"datePublished\":\"2024-04-19T15:26:34+00:00\",\"dateModified\":\"2024-11-13T15:37:04+00:00\",\"breadcrumb\":{\"@id\":\"https:\/\/www.librairieclavreuil.com\/produit\/novum-d-n-iesu-christi-testamentum-latine-iam-olim-a-veteri-interprete-nunc-denuo-a-theodoro-beza-redditur-biblia\/#breadcrumb\"},\"inLanguage\":\"en-US\",\"potentialAction\":[{\"@type\":\"ReadAction\",\"target\":[\"https:\/\/www.librairieclavreuil.com\/produit\/novum-d-n-iesu-christi-testamentum-latine-iam-olim-a-veteri-interprete-nunc-denuo-a-theodoro-beza-redditur-biblia\/\"]}]},{\"@type\":\"ImageObject\",\"inLanguage\":\"en-US\",\"@id\":\"https:\/\/www.librairieclavreuil.com\/produit\/novum-d-n-iesu-christi-testamentum-latine-iam-olim-a-veteri-interprete-nunc-denuo-a-theodoro-beza-redditur-biblia\/#primaryimage\",\"url\":\"https:\/\/www.librairieclavreuil.com\/wp-content\/uploads\/2024\/11\/biblia-novum-d-n-iesu-christi-testamentum-latine-iam-olim-a-veteri-interprete-nunc-denuo-a-theodoro-beza-redditur-5510-6734c75d52660.jpg\",\"contentUrl\":\"https:\/\/www.librairieclavreuil.com\/wp-content\/uploads\/2024\/11\/biblia-novum-d-n-iesu-christi-testamentum-latine-iam-olim-a-veteri-interprete-nunc-denuo-a-theodoro-beza-redditur-5510-6734c75d52660.jpg\",\"width\":622,\"height\":800},{\"@type\":\"BreadcrumbList\",\"@id\":\"https:\/\/www.librairieclavreuil.com\/produit\/novum-d-n-iesu-christi-testamentum-latine-iam-olim-a-veteri-interprete-nunc-denuo-a-theodoro-beza-redditur-biblia\/#breadcrumb\",\"itemListElement\":[{\"@type\":\"ListItem\",\"position\":1,\"name\":\"Accueil\",\"item\":\"https:\/\/www.librairieclavreuil.com\/\"},{\"@type\":\"ListItem\",\"position\":2,\"name\":\"All our books\",\"item\":\"https:\/\/www.librairieclavreuil.com\/en\/all-our-books\/\"},{\"@type\":\"ListItem\",\"position\":3,\"name\":\"BIBLIA Novum D.N. Iesu Christi Testamentum. Latine iam...\"}]},{\"@type\":\"WebSite\",\"@id\":\"https:\/\/www.librairieclavreuil.com\/#website\",\"url\":\"https:\/\/www.librairieclavreuil.com\/\",\"name\":\"Libairie Clavreuil\",\"description\":\"Livres anciens, manuscrits rares et \u00e9ditions originales \u2013 Librairie Clavreuil\",\"publisher\":{\"@id\":\"https:\/\/www.librairieclavreuil.com\/#organization\"},\"potentialAction\":[{\"@type\":\"SearchAction\",\"target\":{\"@type\":\"EntryPoint\",\"urlTemplate\":\"https:\/\/www.librairieclavreuil.com\/?s={search_term_string}\"},\"query-input\":{\"@type\":\"PropertyValueSpecification\",\"valueRequired\":true,\"valueName\":\"search_term_string\"}}],\"inLanguage\":\"en-US\"},{\"@type\":\"Organization\",\"@id\":\"https:\/\/www.librairieclavreuil.com\/#organization\",\"name\":\"Libairie Clavreuil\",\"url\":\"https:\/\/www.librairieclavreuil.com\/\",\"logo\":{\"@type\":\"ImageObject\",\"inLanguage\":\"en-US\",\"@id\":\"https:\/\/www.librairieclavreuil.com\/#\/schema\/logo\/image\/\",\"url\":\"https:\/\/www.librairieclavreuil.com\/wp-content\/uploads\/2021\/06\/cropped-LOGO_PNG_DATE-_gold-512x512-1.png\",\"contentUrl\":\"https:\/\/www.librairieclavreuil.com\/wp-content\/uploads\/2021\/06\/cropped-LOGO_PNG_DATE-_gold-512x512-1.png\",\"width\":512,\"height\":512,\"caption\":\"Libairie Clavreuil\"},\"image\":{\"@id\":\"https:\/\/www.librairieclavreuil.com\/#\/schema\/logo\/image\/\"},\"sameAs\":[\"https:\/\/www.instagram.com\/librairieclavreuil\/\"]}]}<\/script>\n<!-- \/ Yoast SEO plugin. -->","yoast_head_json":{"title":"BIBLIA  Novum D.N. Iesu Christi Testamentum. Latine iam olim a Veteri interprete, nunc denuo a Theodoro Beza... redditur. - Libairie Clavreuil","robots":{"index":"index","follow":"follow","max-snippet":"max-snippet:-1","max-image-preview":"max-image-preview:large","max-video-preview":"max-video-preview:-1"},"canonical":"https:\/\/www.librairieclavreuil.com\/produit\/novum-d-n-iesu-christi-testamentum-latine-iam-olim-a-veteri-interprete-nunc-denuo-a-theodoro-beza-redditur-biblia\/","og_locale":"en_US","og_type":"article","og_title":"BIBLIA  Novum D.N. Iesu Christi Testamentum. Latine iam olim a Veteri interprete, nunc denuo a Theodoro Beza... redditur. - Libairie Clavreuil","og_description":"Folio (375 x 236 mm) 336 num.ll., 42 num.ll (including last blank). Eighteenth-century French speckled calf, spine gilt with raised bands, speckled edges (some overall restoration).","og_url":"https:\/\/www.librairieclavreuil.com\/produit\/novum-d-n-iesu-christi-testamentum-latine-iam-olim-a-veteri-interprete-nunc-denuo-a-theodoro-beza-redditur-biblia\/","og_site_name":"Libairie Clavreuil","article_modified_time":"2024-11-13T15:37:04+00:00","og_image":[{"width":622,"height":800,"url":"https:\/\/www.librairieclavreuil.com\/wp-content\/uploads\/2024\/11\/biblia-novum-d-n-iesu-christi-testamentum-latine-iam-olim-a-veteri-interprete-nunc-denuo-a-theodoro-beza-redditur-5510-6734c75d52660.jpg","type":"image\/jpeg"}],"twitter_card":"summary_large_image","twitter_misc":{"Est. reading time":"1 minute"},"schema":{"@context":"https:\/\/schema.org","@graph":[{"@type":"WebPage","@id":"https:\/\/www.librairieclavreuil.com\/produit\/novum-d-n-iesu-christi-testamentum-latine-iam-olim-a-veteri-interprete-nunc-denuo-a-theodoro-beza-redditur-biblia\/","url":"https:\/\/www.librairieclavreuil.com\/produit\/novum-d-n-iesu-christi-testamentum-latine-iam-olim-a-veteri-interprete-nunc-denuo-a-theodoro-beza-redditur-biblia\/","name":"BIBLIA Novum D.N. Iesu Christi Testamentum. Latine iam olim a Veteri interprete, nunc denuo a Theodoro Beza... redditur. - Libairie Clavreuil","isPartOf":{"@id":"https:\/\/www.librairieclavreuil.com\/#website"},"primaryImageOfPage":{"@id":"https:\/\/www.librairieclavreuil.com\/produit\/novum-d-n-iesu-christi-testamentum-latine-iam-olim-a-veteri-interprete-nunc-denuo-a-theodoro-beza-redditur-biblia\/#primaryimage"},"image":{"@id":"https:\/\/www.librairieclavreuil.com\/produit\/novum-d-n-iesu-christi-testamentum-latine-iam-olim-a-veteri-interprete-nunc-denuo-a-theodoro-beza-redditur-biblia\/#primaryimage"},"thumbnailUrl":"https:\/\/www.librairieclavreuil.com\/wp-content\/uploads\/2024\/11\/biblia-novum-d-n-iesu-christi-testamentum-latine-iam-olim-a-veteri-interprete-nunc-denuo-a-theodoro-beza-redditur-5510-6734c75d52660.jpg","datePublished":"2024-04-19T15:26:34+00:00","dateModified":"2024-11-13T15:37:04+00:00","breadcrumb":{"@id":"https:\/\/www.librairieclavreuil.com\/produit\/novum-d-n-iesu-christi-testamentum-latine-iam-olim-a-veteri-interprete-nunc-denuo-a-theodoro-beza-redditur-biblia\/#breadcrumb"},"inLanguage":"en-US","potentialAction":[{"@type":"ReadAction","target":["https:\/\/www.librairieclavreuil.com\/produit\/novum-d-n-iesu-christi-testamentum-latine-iam-olim-a-veteri-interprete-nunc-denuo-a-theodoro-beza-redditur-biblia\/"]}]},{"@type":"ImageObject","inLanguage":"en-US","@id":"https:\/\/www.librairieclavreuil.com\/produit\/novum-d-n-iesu-christi-testamentum-latine-iam-olim-a-veteri-interprete-nunc-denuo-a-theodoro-beza-redditur-biblia\/#primaryimage","url":"https:\/\/www.librairieclavreuil.com\/wp-content\/uploads\/2024\/11\/biblia-novum-d-n-iesu-christi-testamentum-latine-iam-olim-a-veteri-interprete-nunc-denuo-a-theodoro-beza-redditur-5510-6734c75d52660.jpg","contentUrl":"https:\/\/www.librairieclavreuil.com\/wp-content\/uploads\/2024\/11\/biblia-novum-d-n-iesu-christi-testamentum-latine-iam-olim-a-veteri-interprete-nunc-denuo-a-theodoro-beza-redditur-5510-6734c75d52660.jpg","width":622,"height":800},{"@type":"BreadcrumbList","@id":"https:\/\/www.librairieclavreuil.com\/produit\/novum-d-n-iesu-christi-testamentum-latine-iam-olim-a-veteri-interprete-nunc-denuo-a-theodoro-beza-redditur-biblia\/#breadcrumb","itemListElement":[{"@type":"ListItem","position":1,"name":"Accueil","item":"https:\/\/www.librairieclavreuil.com\/"},{"@type":"ListItem","position":2,"name":"All our books","item":"https:\/\/www.librairieclavreuil.com\/en\/all-our-books\/"},{"@type":"ListItem","position":3,"name":"BIBLIA Novum D.N. Iesu Christi Testamentum. Latine iam..."}]},{"@type":"WebSite","@id":"https:\/\/www.librairieclavreuil.com\/#website","url":"https:\/\/www.librairieclavreuil.com\/","name":"Libairie Clavreuil","description":"Livres anciens, manuscrits rares et \u00e9ditions originales \u2013 Librairie Clavreuil","publisher":{"@id":"https:\/\/www.librairieclavreuil.com\/#organization"},"potentialAction":[{"@type":"SearchAction","target":{"@type":"EntryPoint","urlTemplate":"https:\/\/www.librairieclavreuil.com\/?s={search_term_string}"},"query-input":{"@type":"PropertyValueSpecification","valueRequired":true,"valueName":"search_term_string"}}],"inLanguage":"en-US"},{"@type":"Organization","@id":"https:\/\/www.librairieclavreuil.com\/#organization","name":"Libairie Clavreuil","url":"https:\/\/www.librairieclavreuil.com\/","logo":{"@type":"ImageObject","inLanguage":"en-US","@id":"https:\/\/www.librairieclavreuil.com\/#\/schema\/logo\/image\/","url":"https:\/\/www.librairieclavreuil.com\/wp-content\/uploads\/2021\/06\/cropped-LOGO_PNG_DATE-_gold-512x512-1.png","contentUrl":"https:\/\/www.librairieclavreuil.com\/wp-content\/uploads\/2021\/06\/cropped-LOGO_PNG_DATE-_gold-512x512-1.png","width":512,"height":512,"caption":"Libairie Clavreuil"},"image":{"@id":"https:\/\/www.librairieclavreuil.com\/#\/schema\/logo\/image\/"},"sameAs":["https:\/\/www.instagram.com\/librairieclavreuil\/"]}]}},"jetpack_sharing_enabled":true,"_links":{"self":[{"href":"https:\/\/www.librairieclavreuil.com\/en\/wp-json\/wp\/v2\/product\/73752","targetHints":{"allow":["GET"]}}],"collection":[{"href":"https:\/\/www.librairieclavreuil.com\/en\/wp-json\/wp\/v2\/product"}],"about":[{"href":"https:\/\/www.librairieclavreuil.com\/en\/wp-json\/wp\/v2\/types\/product"}],"replies":[{"embeddable":true,"href":"https:\/\/www.librairieclavreuil.com\/en\/wp-json\/wp\/v2\/comments?post=73752"}],"wp:featuredmedia":[{"embeddable":true,"href":"https:\/\/www.librairieclavreuil.com\/en\/wp-json\/wp\/v2\/media\/81924"}],"wp:attachment":[{"href":"https:\/\/www.librairieclavreuil.com\/en\/wp-json\/wp\/v2\/media?parent=73752"}],"wp:term":[{"taxonomy":"product_brand","embeddable":true,"href":"https:\/\/www.librairieclavreuil.com\/en\/wp-json\/wp\/v2\/product_brand?post=73752"},{"taxonomy":"product_cat","embeddable":true,"href":"https:\/\/www.librairieclavreuil.com\/en\/wp-json\/wp\/v2\/product_cat?post=73752"},{"taxonomy":"product_tag","embeddable":true,"href":"https:\/\/www.librairieclavreuil.com\/en\/wp-json\/wp\/v2\/product_tag?post=73752"}],"curies":[{"name":"wp","href":"https:\/\/api.w.org\/{rel}","templated":true}]}}