{"id":73636,"date":"2024-04-19T12:58:53","date_gmt":"2024-04-19T10:58:53","guid":{"rendered":"https:\/\/clavreuil-wordpress.logiciel-arteo.fr\/lettres-dun-cultivateur-americain-ecrites-a-w-s-ecuyer-depuis-lannee-1770-jusqua-1781-traduit-de-langlois-par-lauteur-avec-des-lettres-servant-dintroduction-par-lacretelle-michel\/"},"modified":"2024-07-17T19:03:07","modified_gmt":"2024-07-17T17:03:07","slug":"lettres-dun-cultivateur-americain-ecrites-a-w-s-ecuyer-depuis-lannee-1770-jusqua-1781-traduit-de-langlois-par-lauteur-avec-des-lettres-servant-dintroduction-par-lacretelle-michel","status":"publish","type":"product","link":"https:\/\/www.librairieclavreuil.com\/en\/lettres-dun-cultivateur-americain-ecrites-a-w-s-ecuyer-depuis-lannee-1770-jusqua-1781-traduit-de-langlois-par-lauteur-avec-des-lettres-servant-dintroduction-par-lacretelle-michel\/","title":{"rendered":"CR\u00c9VECOEUR Michel-Guillaume-Jean Lettres d&#8217;un cultivateur am\u00e9ricain, \u00e9crites \u00e0..."},"content":{"rendered":"<p style=\"text-align:justify\"><i>Sabin, 17496; Howes, C883; Monaghan, 502; INED, p. 561.<\/i><\/p>\n<p style=\"text-align:justify\"><span style=\"font-variant:small-caps\">First edition of the French translation, given by the author himself. First issue, with the errata leaf.<\/span><\/p>\n<p style=\"text-align:justify\">One of the best descriptions of the only recently having become independent America, with considerations on the habits, on migrations, slavery, etc.&nbsp;<br \/>&#8220;Certainly one of the chief works of literature, in an edition quite different than its London predecessor, and one of the most important observations on America during the era of the Revolution&#8221; (William Reese).&nbsp;<\/p>\n<p style=\"text-align:justify\">The work had previously been published in London in English in 1784 in one single volume. &nbsp;For this first French edition the author and translator had considerably modified the text and added a volume rendering the work pro-American and anti-British.<\/p>\n<p style=\"text-align:justify\">&#8220;On y trouve des indications concr\u00e8tes sur la vie des fermiers, sur la duret\u00e9 des contacts avec les Indiens, sur les craintes suscit\u00e9es par la r\u00e9volution am\u00e9ricaine dans des r\u00e9gions \u00e9loign\u00e9es et peu s\u00fbres, aussi bien que sur la chasse \u00e0 la baleine dans l&#8217;\u00eele de Nantucket, sur les serpents et les oiseaux-mouches. La rudesse, dont Cr\u00e8vecoeur fit lui-m\u00eame l&#8217;exp\u00e9rience, est volontairement gomm\u00e9e pour donner une image plus idyllique des moeurs am\u00e9ricaines. Mais, au-del\u00e0 de ces tableaux champ\u00eatres, Cr\u00e8vecoeur a eu l&#8217;intuition que du sol am\u00e9ricain naissait un \u00eatre nouveau&#8230; Les Lettres ont v\u00e9hicul\u00e9 l&#8217;American dream, exalt\u00e9 la marche vers l&#8217;Ouest et popularis\u00e9, sans le nommer, le melting-pot, le creuset dans lequel se forme l&#8217;Am\u00e9ricain, id\u00e9e promise ult\u00e9rieurement \u00e0 un grand succ\u00e8s&#8221; (Dictionnaire des oeuvres).<\/p>\n<p style=\"text-align:justify\"><span style=\"font-variant:small-caps\">A very fine copy bearing the arms of La Rochefoucauld on the spine<\/span><\/p>\n<p style=\"text-align:justify\">Although it lacks the characteristic armorial bookplate of the Liancourt library, it probably belonged to Fran\u00e7ois-Alexandre-Fr\u00e9d\u00e9ric de La Rouchefoucauld-Liancourt (1747-1827), the famous philanthropist, who himself set out for America in the footsteps of Saint-John Cr\u00e8vec\u0153ur and wrote a famous account on his return, published in 1799-1800.<\/p>\n","protected":false},"excerpt":{"rendered":"<p style=\"text-align:justify\">2 volumes 8vo (196 x 122 mm) XXIV, IV, 422 pp., 1 nn.l. for volume I; 2 nn.ll., IV, 400 pp., 1 nn.l. for volume II. Contemporary calf, gilt filet on covers, flat spine elaborately gilt, gilt lettering pieces in red morocco, spine gilt at head with coat of arms of La Rouchefoucauld-Liancourt, red speckled edges (discreetly restored).<\/p>\n","protected":false},"featured_media":81114,"comment_status":"open","ping_status":"closed","template":"","meta":{"_acf_changed":false},"product_brand":[],"product_cat":[552],"product_tag":[1450,1370],"class_list":{"0":"post-73636","1":"product","2":"type-product","3":"status-publish","4":"has-post-thumbnail","6":"product_cat-travel","7":"product_tag-first-edition","8":"product_tag-united-states-of-america","9":"pa_auteur-crevecoeur-michel-guillaume-jean-2","10":"pa_type-de-livre-printed-book","12":"first","13":"instock","14":"shipping-taxable","15":"purchasable","16":"product-type-simple"},"acf":{"artist":" Michel-Guillaume-Jean CR\u00c9VECOEUR","chapeau":"The beginnings of the 'American Dream'.\r\nThe La Rochefoucauld-Liancourt copy","adresse_bibliographique":"Paris, Cuchet, 1784","book_type":"Printed book","provenance":"","afficher_prix":""},"yoast_head":"<!-- This site is optimized with the Yoast SEO plugin v24.7 - https:\/\/yoast.com\/wordpress\/plugins\/seo\/ -->\n<title>CR\u00c9VECOEUR Michel-Guillaume-Jean Lettres d&#039;un cultivateur am\u00e9ricain, \u00e9crites \u00e0 W. S. ecuyer, depuis l&#039;Ann\u00e9e 1770, jusqu&#039;\u00e0 1781. Traduit de l&#039;Anglois [par l&#039;auteur, avec des lettres servant d&#039;introduction par Lacretelle]. - Libairie Clavreuil<\/title>\n<meta name=\"robots\" content=\"index, follow, max-snippet:-1, max-image-preview:large, max-video-preview:-1\" \/>\n<link rel=\"canonical\" href=\"https:\/\/www.librairieclavreuil.com\/produit\/lettres-dun-cultivateur-americain-ecrites-a-w-s-ecuyer-depuis-lannee-1770-jusqua-1781-traduit-de-langlois-par-lauteur-avec-des-lettres-servant-dintroduction-par-lacretelle-michel\/\" \/>\n<meta property=\"og:locale\" content=\"en_US\" \/>\n<meta property=\"og:type\" content=\"article\" \/>\n<meta property=\"og:title\" content=\"CR\u00c9VECOEUR Michel-Guillaume-Jean Lettres d&#039;un cultivateur am\u00e9ricain, \u00e9crites \u00e0 W. S. ecuyer, depuis l&#039;Ann\u00e9e 1770, jusqu&#039;\u00e0 1781. Traduit de l&#039;Anglois [par l&#039;auteur, avec des lettres servant d&#039;introduction par Lacretelle]. - Libairie Clavreuil\" \/>\n<meta property=\"og:description\" content=\"2 volumes 8vo (196 x 122 mm) XXIV, IV, 422 pp., 1 nn.l. for volume I; 2 nn.ll., IV, 400 pp., 1 nn.l. for volume II. Contemporary calf, gilt filet on covers, flat spine elaborately gilt, gilt lettering pieces in red morocco, spine gilt at head with coat of arms of La Rouchefoucauld-Liancourt, red speckled edges (discreetly restored).\" \/>\n<meta property=\"og:url\" content=\"https:\/\/www.librairieclavreuil.com\/produit\/lettres-dun-cultivateur-americain-ecrites-a-w-s-ecuyer-depuis-lannee-1770-jusqua-1781-traduit-de-langlois-par-lauteur-avec-des-lettres-servant-dintroduction-par-lacretelle-michel\/\" \/>\n<meta property=\"og:site_name\" content=\"Libairie Clavreuil\" \/>\n<meta property=\"article:modified_time\" content=\"2024-07-17T17:03:07+00:00\" \/>\n<meta property=\"og:image\" content=\"https:\/\/www.librairieclavreuil.com\/wp-content\/uploads\/2024\/07\/michel-guillaume-jean-crevecoeur-lettres-d-un-cultivateur-americain-ecrites-a-w-s-ecuyer-depuis-l-annee-1770-jusqu-a-1781-traduit-de-l-anglo-66911a724c616.jpg\" \/>\n\t<meta property=\"og:image:width\" content=\"600\" \/>\n\t<meta property=\"og:image:height\" content=\"800\" \/>\n\t<meta property=\"og:image:type\" content=\"image\/jpeg\" \/>\n<meta name=\"twitter:card\" content=\"summary_large_image\" \/>\n<meta name=\"twitter:label1\" content=\"Est. reading time\" \/>\n\t<meta name=\"twitter:data1\" content=\"2 minutes\" \/>\n<script type=\"application\/ld+json\" class=\"yoast-schema-graph\">{\"@context\":\"https:\/\/schema.org\",\"@graph\":[{\"@type\":\"WebPage\",\"@id\":\"https:\/\/www.librairieclavreuil.com\/produit\/lettres-dun-cultivateur-americain-ecrites-a-w-s-ecuyer-depuis-lannee-1770-jusqua-1781-traduit-de-langlois-par-lauteur-avec-des-lettres-servant-dintroduction-par-lacretelle-michel\/\",\"url\":\"https:\/\/www.librairieclavreuil.com\/produit\/lettres-dun-cultivateur-americain-ecrites-a-w-s-ecuyer-depuis-lannee-1770-jusqua-1781-traduit-de-langlois-par-lauteur-avec-des-lettres-servant-dintroduction-par-lacretelle-michel\/\",\"name\":\"CR\u00c9VECOEUR Michel-Guillaume-Jean Lettres d'un cultivateur am\u00e9ricain, \u00e9crites \u00e0 W. S. ecuyer, depuis l'Ann\u00e9e 1770, jusqu'\u00e0 1781. Traduit de l'Anglois [par l'auteur, avec des lettres servant d'introduction par Lacretelle]. - Libairie Clavreuil\",\"isPartOf\":{\"@id\":\"https:\/\/www.librairieclavreuil.com\/#website\"},\"primaryImageOfPage\":{\"@id\":\"https:\/\/www.librairieclavreuil.com\/produit\/lettres-dun-cultivateur-americain-ecrites-a-w-s-ecuyer-depuis-lannee-1770-jusqua-1781-traduit-de-langlois-par-lauteur-avec-des-lettres-servant-dintroduction-par-lacretelle-michel\/#primaryimage\"},\"image\":{\"@id\":\"https:\/\/www.librairieclavreuil.com\/produit\/lettres-dun-cultivateur-americain-ecrites-a-w-s-ecuyer-depuis-lannee-1770-jusqua-1781-traduit-de-langlois-par-lauteur-avec-des-lettres-servant-dintroduction-par-lacretelle-michel\/#primaryimage\"},\"thumbnailUrl\":\"https:\/\/www.librairieclavreuil.com\/wp-content\/uploads\/2024\/07\/michel-guillaume-jean-crevecoeur-lettres-d-un-cultivateur-americain-ecrites-a-w-s-ecuyer-depuis-l-annee-1770-jusqu-a-1781-traduit-de-l-anglo-66911a724c616.jpg\",\"datePublished\":\"2024-04-19T10:58:53+00:00\",\"dateModified\":\"2024-07-17T17:03:07+00:00\",\"breadcrumb\":{\"@id\":\"https:\/\/www.librairieclavreuil.com\/produit\/lettres-dun-cultivateur-americain-ecrites-a-w-s-ecuyer-depuis-lannee-1770-jusqua-1781-traduit-de-langlois-par-lauteur-avec-des-lettres-servant-dintroduction-par-lacretelle-michel\/#breadcrumb\"},\"inLanguage\":\"en-US\",\"potentialAction\":[{\"@type\":\"ReadAction\",\"target\":[\"https:\/\/www.librairieclavreuil.com\/produit\/lettres-dun-cultivateur-americain-ecrites-a-w-s-ecuyer-depuis-lannee-1770-jusqua-1781-traduit-de-langlois-par-lauteur-avec-des-lettres-servant-dintroduction-par-lacretelle-michel\/\"]}]},{\"@type\":\"ImageObject\",\"inLanguage\":\"en-US\",\"@id\":\"https:\/\/www.librairieclavreuil.com\/produit\/lettres-dun-cultivateur-americain-ecrites-a-w-s-ecuyer-depuis-lannee-1770-jusqua-1781-traduit-de-langlois-par-lauteur-avec-des-lettres-servant-dintroduction-par-lacretelle-michel\/#primaryimage\",\"url\":\"https:\/\/www.librairieclavreuil.com\/wp-content\/uploads\/2024\/07\/michel-guillaume-jean-crevecoeur-lettres-d-un-cultivateur-americain-ecrites-a-w-s-ecuyer-depuis-l-annee-1770-jusqu-a-1781-traduit-de-l-anglo-66911a724c616.jpg\",\"contentUrl\":\"https:\/\/www.librairieclavreuil.com\/wp-content\/uploads\/2024\/07\/michel-guillaume-jean-crevecoeur-lettres-d-un-cultivateur-americain-ecrites-a-w-s-ecuyer-depuis-l-annee-1770-jusqu-a-1781-traduit-de-l-anglo-66911a724c616.jpg\",\"width\":600,\"height\":800},{\"@type\":\"BreadcrumbList\",\"@id\":\"https:\/\/www.librairieclavreuil.com\/produit\/lettres-dun-cultivateur-americain-ecrites-a-w-s-ecuyer-depuis-lannee-1770-jusqua-1781-traduit-de-langlois-par-lauteur-avec-des-lettres-servant-dintroduction-par-lacretelle-michel\/#breadcrumb\",\"itemListElement\":[{\"@type\":\"ListItem\",\"position\":1,\"name\":\"Accueil\",\"item\":\"https:\/\/www.librairieclavreuil.com\/\"},{\"@type\":\"ListItem\",\"position\":2,\"name\":\"All our books\",\"item\":\"https:\/\/www.librairieclavreuil.com\/en\/all-our-books\/\"},{\"@type\":\"ListItem\",\"position\":3,\"name\":\"CR\u00c9VECOEUR Michel-Guillaume-Jean Lettres d&rsquo;un cultivateur am\u00e9ricain, \u00e9crites \u00e0...\"}]},{\"@type\":\"WebSite\",\"@id\":\"https:\/\/www.librairieclavreuil.com\/#website\",\"url\":\"https:\/\/www.librairieclavreuil.com\/\",\"name\":\"Libairie Clavreuil\",\"description\":\"Livres anciens, manuscrits rares et \u00e9ditions originales \u2013 Librairie Clavreuil\",\"publisher\":{\"@id\":\"https:\/\/www.librairieclavreuil.com\/#organization\"},\"potentialAction\":[{\"@type\":\"SearchAction\",\"target\":{\"@type\":\"EntryPoint\",\"urlTemplate\":\"https:\/\/www.librairieclavreuil.com\/?s={search_term_string}\"},\"query-input\":{\"@type\":\"PropertyValueSpecification\",\"valueRequired\":true,\"valueName\":\"search_term_string\"}}],\"inLanguage\":\"en-US\"},{\"@type\":\"Organization\",\"@id\":\"https:\/\/www.librairieclavreuil.com\/#organization\",\"name\":\"Libairie Clavreuil\",\"url\":\"https:\/\/www.librairieclavreuil.com\/\",\"logo\":{\"@type\":\"ImageObject\",\"inLanguage\":\"en-US\",\"@id\":\"https:\/\/www.librairieclavreuil.com\/#\/schema\/logo\/image\/\",\"url\":\"https:\/\/www.librairieclavreuil.com\/wp-content\/uploads\/2021\/06\/cropped-LOGO_PNG_DATE-_gold-512x512-1.png\",\"contentUrl\":\"https:\/\/www.librairieclavreuil.com\/wp-content\/uploads\/2021\/06\/cropped-LOGO_PNG_DATE-_gold-512x512-1.png\",\"width\":512,\"height\":512,\"caption\":\"Libairie Clavreuil\"},\"image\":{\"@id\":\"https:\/\/www.librairieclavreuil.com\/#\/schema\/logo\/image\/\"},\"sameAs\":[\"https:\/\/www.instagram.com\/librairieclavreuil\/\"]}]}<\/script>\n<!-- \/ Yoast SEO plugin. -->","yoast_head_json":{"title":"CR\u00c9VECOEUR Michel-Guillaume-Jean Lettres d'un cultivateur am\u00e9ricain, \u00e9crites \u00e0 W. S. ecuyer, depuis l'Ann\u00e9e 1770, jusqu'\u00e0 1781. Traduit de l'Anglois [par l'auteur, avec des lettres servant d'introduction par Lacretelle]. - Libairie Clavreuil","robots":{"index":"index","follow":"follow","max-snippet":"max-snippet:-1","max-image-preview":"max-image-preview:large","max-video-preview":"max-video-preview:-1"},"canonical":"https:\/\/www.librairieclavreuil.com\/produit\/lettres-dun-cultivateur-americain-ecrites-a-w-s-ecuyer-depuis-lannee-1770-jusqua-1781-traduit-de-langlois-par-lauteur-avec-des-lettres-servant-dintroduction-par-lacretelle-michel\/","og_locale":"en_US","og_type":"article","og_title":"CR\u00c9VECOEUR Michel-Guillaume-Jean Lettres d'un cultivateur am\u00e9ricain, \u00e9crites \u00e0 W. S. ecuyer, depuis l'Ann\u00e9e 1770, jusqu'\u00e0 1781. Traduit de l'Anglois [par l'auteur, avec des lettres servant d'introduction par Lacretelle]. - Libairie Clavreuil","og_description":"2 volumes 8vo (196 x 122 mm) XXIV, IV, 422 pp., 1 nn.l. for volume I; 2 nn.ll., IV, 400 pp., 1 nn.l. for volume II. Contemporary calf, gilt filet on covers, flat spine elaborately gilt, gilt lettering pieces in red morocco, spine gilt at head with coat of arms of La Rouchefoucauld-Liancourt, red speckled edges (discreetly restored).","og_url":"https:\/\/www.librairieclavreuil.com\/produit\/lettres-dun-cultivateur-americain-ecrites-a-w-s-ecuyer-depuis-lannee-1770-jusqua-1781-traduit-de-langlois-par-lauteur-avec-des-lettres-servant-dintroduction-par-lacretelle-michel\/","og_site_name":"Libairie Clavreuil","article_modified_time":"2024-07-17T17:03:07+00:00","og_image":[{"width":600,"height":800,"url":"https:\/\/www.librairieclavreuil.com\/wp-content\/uploads\/2024\/07\/michel-guillaume-jean-crevecoeur-lettres-d-un-cultivateur-americain-ecrites-a-w-s-ecuyer-depuis-l-annee-1770-jusqu-a-1781-traduit-de-l-anglo-66911a724c616.jpg","type":"image\/jpeg"}],"twitter_card":"summary_large_image","twitter_misc":{"Est. reading time":"2 minutes"},"schema":{"@context":"https:\/\/schema.org","@graph":[{"@type":"WebPage","@id":"https:\/\/www.librairieclavreuil.com\/produit\/lettres-dun-cultivateur-americain-ecrites-a-w-s-ecuyer-depuis-lannee-1770-jusqua-1781-traduit-de-langlois-par-lauteur-avec-des-lettres-servant-dintroduction-par-lacretelle-michel\/","url":"https:\/\/www.librairieclavreuil.com\/produit\/lettres-dun-cultivateur-americain-ecrites-a-w-s-ecuyer-depuis-lannee-1770-jusqua-1781-traduit-de-langlois-par-lauteur-avec-des-lettres-servant-dintroduction-par-lacretelle-michel\/","name":"CR\u00c9VECOEUR Michel-Guillaume-Jean Lettres d'un cultivateur am\u00e9ricain, \u00e9crites \u00e0 W. S. ecuyer, depuis l'Ann\u00e9e 1770, jusqu'\u00e0 1781. Traduit de l'Anglois [par l'auteur, avec des lettres servant d'introduction par Lacretelle]. - Libairie Clavreuil","isPartOf":{"@id":"https:\/\/www.librairieclavreuil.com\/#website"},"primaryImageOfPage":{"@id":"https:\/\/www.librairieclavreuil.com\/produit\/lettres-dun-cultivateur-americain-ecrites-a-w-s-ecuyer-depuis-lannee-1770-jusqua-1781-traduit-de-langlois-par-lauteur-avec-des-lettres-servant-dintroduction-par-lacretelle-michel\/#primaryimage"},"image":{"@id":"https:\/\/www.librairieclavreuil.com\/produit\/lettres-dun-cultivateur-americain-ecrites-a-w-s-ecuyer-depuis-lannee-1770-jusqua-1781-traduit-de-langlois-par-lauteur-avec-des-lettres-servant-dintroduction-par-lacretelle-michel\/#primaryimage"},"thumbnailUrl":"https:\/\/www.librairieclavreuil.com\/wp-content\/uploads\/2024\/07\/michel-guillaume-jean-crevecoeur-lettres-d-un-cultivateur-americain-ecrites-a-w-s-ecuyer-depuis-l-annee-1770-jusqu-a-1781-traduit-de-l-anglo-66911a724c616.jpg","datePublished":"2024-04-19T10:58:53+00:00","dateModified":"2024-07-17T17:03:07+00:00","breadcrumb":{"@id":"https:\/\/www.librairieclavreuil.com\/produit\/lettres-dun-cultivateur-americain-ecrites-a-w-s-ecuyer-depuis-lannee-1770-jusqua-1781-traduit-de-langlois-par-lauteur-avec-des-lettres-servant-dintroduction-par-lacretelle-michel\/#breadcrumb"},"inLanguage":"en-US","potentialAction":[{"@type":"ReadAction","target":["https:\/\/www.librairieclavreuil.com\/produit\/lettres-dun-cultivateur-americain-ecrites-a-w-s-ecuyer-depuis-lannee-1770-jusqua-1781-traduit-de-langlois-par-lauteur-avec-des-lettres-servant-dintroduction-par-lacretelle-michel\/"]}]},{"@type":"ImageObject","inLanguage":"en-US","@id":"https:\/\/www.librairieclavreuil.com\/produit\/lettres-dun-cultivateur-americain-ecrites-a-w-s-ecuyer-depuis-lannee-1770-jusqua-1781-traduit-de-langlois-par-lauteur-avec-des-lettres-servant-dintroduction-par-lacretelle-michel\/#primaryimage","url":"https:\/\/www.librairieclavreuil.com\/wp-content\/uploads\/2024\/07\/michel-guillaume-jean-crevecoeur-lettres-d-un-cultivateur-americain-ecrites-a-w-s-ecuyer-depuis-l-annee-1770-jusqu-a-1781-traduit-de-l-anglo-66911a724c616.jpg","contentUrl":"https:\/\/www.librairieclavreuil.com\/wp-content\/uploads\/2024\/07\/michel-guillaume-jean-crevecoeur-lettres-d-un-cultivateur-americain-ecrites-a-w-s-ecuyer-depuis-l-annee-1770-jusqu-a-1781-traduit-de-l-anglo-66911a724c616.jpg","width":600,"height":800},{"@type":"BreadcrumbList","@id":"https:\/\/www.librairieclavreuil.com\/produit\/lettres-dun-cultivateur-americain-ecrites-a-w-s-ecuyer-depuis-lannee-1770-jusqua-1781-traduit-de-langlois-par-lauteur-avec-des-lettres-servant-dintroduction-par-lacretelle-michel\/#breadcrumb","itemListElement":[{"@type":"ListItem","position":1,"name":"Accueil","item":"https:\/\/www.librairieclavreuil.com\/"},{"@type":"ListItem","position":2,"name":"All our books","item":"https:\/\/www.librairieclavreuil.com\/en\/all-our-books\/"},{"@type":"ListItem","position":3,"name":"CR\u00c9VECOEUR Michel-Guillaume-Jean Lettres d&rsquo;un cultivateur am\u00e9ricain, \u00e9crites \u00e0..."}]},{"@type":"WebSite","@id":"https:\/\/www.librairieclavreuil.com\/#website","url":"https:\/\/www.librairieclavreuil.com\/","name":"Libairie Clavreuil","description":"Livres anciens, manuscrits rares et \u00e9ditions originales \u2013 Librairie Clavreuil","publisher":{"@id":"https:\/\/www.librairieclavreuil.com\/#organization"},"potentialAction":[{"@type":"SearchAction","target":{"@type":"EntryPoint","urlTemplate":"https:\/\/www.librairieclavreuil.com\/?s={search_term_string}"},"query-input":{"@type":"PropertyValueSpecification","valueRequired":true,"valueName":"search_term_string"}}],"inLanguage":"en-US"},{"@type":"Organization","@id":"https:\/\/www.librairieclavreuil.com\/#organization","name":"Libairie Clavreuil","url":"https:\/\/www.librairieclavreuil.com\/","logo":{"@type":"ImageObject","inLanguage":"en-US","@id":"https:\/\/www.librairieclavreuil.com\/#\/schema\/logo\/image\/","url":"https:\/\/www.librairieclavreuil.com\/wp-content\/uploads\/2021\/06\/cropped-LOGO_PNG_DATE-_gold-512x512-1.png","contentUrl":"https:\/\/www.librairieclavreuil.com\/wp-content\/uploads\/2021\/06\/cropped-LOGO_PNG_DATE-_gold-512x512-1.png","width":512,"height":512,"caption":"Libairie Clavreuil"},"image":{"@id":"https:\/\/www.librairieclavreuil.com\/#\/schema\/logo\/image\/"},"sameAs":["https:\/\/www.instagram.com\/librairieclavreuil\/"]}]}},"jetpack_sharing_enabled":true,"_links":{"self":[{"href":"https:\/\/www.librairieclavreuil.com\/en\/wp-json\/wp\/v2\/product\/73636","targetHints":{"allow":["GET"]}}],"collection":[{"href":"https:\/\/www.librairieclavreuil.com\/en\/wp-json\/wp\/v2\/product"}],"about":[{"href":"https:\/\/www.librairieclavreuil.com\/en\/wp-json\/wp\/v2\/types\/product"}],"replies":[{"embeddable":true,"href":"https:\/\/www.librairieclavreuil.com\/en\/wp-json\/wp\/v2\/comments?post=73636"}],"wp:featuredmedia":[{"embeddable":true,"href":"https:\/\/www.librairieclavreuil.com\/en\/wp-json\/wp\/v2\/media\/81114"}],"wp:attachment":[{"href":"https:\/\/www.librairieclavreuil.com\/en\/wp-json\/wp\/v2\/media?parent=73636"}],"wp:term":[{"taxonomy":"product_brand","embeddable":true,"href":"https:\/\/www.librairieclavreuil.com\/en\/wp-json\/wp\/v2\/product_brand?post=73636"},{"taxonomy":"product_cat","embeddable":true,"href":"https:\/\/www.librairieclavreuil.com\/en\/wp-json\/wp\/v2\/product_cat?post=73636"},{"taxonomy":"product_tag","embeddable":true,"href":"https:\/\/www.librairieclavreuil.com\/en\/wp-json\/wp\/v2\/product_tag?post=73636"}],"curies":[{"name":"wp","href":"https:\/\/api.w.org\/{rel}","templated":true}]}}