{"id":73625,"date":"2024-04-18T18:51:10","date_gmt":"2024-04-18T16:51:10","guid":{"rendered":"https:\/\/clavreuil-wordpress.logiciel-arteo.fr\/traite-clinique-des-maladies-du-coeur-precede-de-recherches-nouvelles-sur-lanatomie-et-la-physiologie-de-cet-organe-jean-baptiste-bouillaud\/"},"modified":"2025-06-03T12:16:36","modified_gmt":"2025-06-03T10:16:36","slug":"traite-clinique-des-maladies-du-coeur-precede-de-recherches-nouvelles-sur-lanatomie-et-la-physiologie-de-cet-organe-jean-baptiste-bouillaud","status":"publish","type":"product","link":"https:\/\/www.librairieclavreuil.com\/en\/traite-clinique-des-maladies-du-coeur-precede-de-recherches-nouvelles-sur-lanatomie-et-la-physiologie-de-cet-organe-jean-baptiste-bouillaud\/","title":{"rendered":"BOUILLAUD Jean Baptiste Trait\u00e9 clinique des maladies du..."},"content":{"rendered":"<p style=\"text-align:justify\"><i>Garrison-Morton, 2749 ; Waller, 1530; Wellcome, II, 211.<\/i><\/p>\n<p style=\"text-align:justify\"><span style=\"font-variant:small-caps\">First edition.&nbsp;<\/span><\/p>\n<p style=\"text-align:justify\">&#8220;Although not the first to note the cardiac manifestations of acute rheumatism, Bouillaud [1796-1881] was the first to demonstrate the frequency and importance of heart disease co-incident with acute articular rheumatism. The above work includes the first description of a case of mitral disease with articular rheumatism&#8221; (Garrison-Morton).&nbsp;<\/p>\n<p style=\"text-align:justify\">Good copy.<\/p>\n","protected":false},"excerpt":{"rendered":"<p style=\"text-align:justify\">2 volumes, 8vo (205 x 125 mm) XXI pp., 1 nn.l., 534 pp., 2 engraved plates for volume I; 2 nn.ll., 632 pp., 6 engraved folding paltes for volume II. Contemporary marbled boards.<\/p>\n","protected":false},"featured_media":82319,"comment_status":"open","ping_status":"closed","template":"","meta":{"_acf_changed":false},"product_brand":[],"product_cat":[548],"product_tag":[1295,1271],"class_list":{"0":"post-73625","1":"product","2":"type-product","3":"status-publish","4":"has-post-thumbnail","6":"product_cat-medicine","7":"product_tag-heart","8":"product_tag-medicine","9":"pa_auteur-bouillaud-jean-baptiste-2","10":"pa_type-de-livre-printed-book","12":"first","13":"instock","14":"shipping-taxable","15":"purchasable","16":"product-type-simple"},"acf":{"artist":" Jean Baptiste BOUILLAUD","chapeau":"","adresse_bibliographique":"Paris, Bailli\u00e8re, 1835","book_type":"Printed book","provenance":"","afficher_prix":""},"yoast_head":"<!-- This site is optimized with the Yoast SEO plugin v24.7 - https:\/\/yoast.com\/wordpress\/plugins\/seo\/ -->\n<title>BOUILLAUD Jean Baptiste Trait\u00e9 clinique des maladies du c\u0153ur, pr\u00e9c\u00e9d\u00e9 de Recherches nouvelles sur l&#039;anatomie et la physiologie de cet organe. - Libairie Clavreuil<\/title>\n<meta name=\"robots\" content=\"index, follow, max-snippet:-1, max-image-preview:large, max-video-preview:-1\" \/>\n<link rel=\"canonical\" href=\"https:\/\/www.librairieclavreuil.com\/en\/traite-clinique-des-maladies-du-coeur-precede-de-recherches-nouvelles-sur-lanatomie-et-la-physiologie-de-cet-organe-jean-baptiste-bouillaud\/\" \/>\n<meta property=\"og:locale\" content=\"en_US\" \/>\n<meta property=\"og:type\" content=\"article\" \/>\n<meta property=\"og:title\" content=\"BOUILLAUD Jean Baptiste Trait\u00e9 clinique des maladies du c\u0153ur, pr\u00e9c\u00e9d\u00e9 de Recherches nouvelles sur l&#039;anatomie et la physiologie de cet organe. - Libairie Clavreuil\" \/>\n<meta property=\"og:description\" content=\"2 volumes, 8vo (205 x 125 mm) XXI pp., 1 nn.l., 534 pp., 2 engraved plates for volume I; 2 nn.ll., 632 pp., 6 engraved folding paltes for volume II. Contemporary marbled boards.\" \/>\n<meta property=\"og:url\" content=\"https:\/\/www.librairieclavreuil.com\/en\/traite-clinique-des-maladies-du-coeur-precede-de-recherches-nouvelles-sur-lanatomie-et-la-physiologie-de-cet-organe-jean-baptiste-bouillaud\/\" \/>\n<meta property=\"og:site_name\" content=\"Libairie Clavreuil\" \/>\n<meta property=\"article:modified_time\" content=\"2025-06-03T10:16:36+00:00\" \/>\n<meta property=\"og:image\" content=\"https:\/\/www.librairieclavreuil.com\/wp-content\/uploads\/2025\/01\/jean-baptiste-bouillaud-traite-clinique-des-maladies-du-coeur-precede-de-recherches-nouvelles-sur-l-anatomie-et-la-physiologie-de-cet-organe-678fb2a446e2e.jpg\" \/>\n\t<meta property=\"og:image:width\" content=\"622\" \/>\n\t<meta property=\"og:image:height\" content=\"800\" \/>\n\t<meta property=\"og:image:type\" content=\"image\/jpeg\" \/>\n<meta name=\"twitter:card\" content=\"summary_large_image\" \/>\n<script type=\"application\/ld+json\" class=\"yoast-schema-graph\">{\"@context\":\"https:\/\/schema.org\",\"@graph\":[{\"@type\":\"WebPage\",\"@id\":\"https:\/\/www.librairieclavreuil.com\/en\/traite-clinique-des-maladies-du-coeur-precede-de-recherches-nouvelles-sur-lanatomie-et-la-physiologie-de-cet-organe-jean-baptiste-bouillaud\/\",\"url\":\"https:\/\/www.librairieclavreuil.com\/en\/traite-clinique-des-maladies-du-coeur-precede-de-recherches-nouvelles-sur-lanatomie-et-la-physiologie-de-cet-organe-jean-baptiste-bouillaud\/\",\"name\":\"BOUILLAUD Jean Baptiste Trait\u00e9 clinique des maladies du c\u0153ur, pr\u00e9c\u00e9d\u00e9 de Recherches nouvelles sur l'anatomie et la physiologie de cet organe. - Libairie Clavreuil\",\"isPartOf\":{\"@id\":\"https:\/\/www.librairieclavreuil.com\/#website\"},\"primaryImageOfPage\":{\"@id\":\"https:\/\/www.librairieclavreuil.com\/en\/traite-clinique-des-maladies-du-coeur-precede-de-recherches-nouvelles-sur-lanatomie-et-la-physiologie-de-cet-organe-jean-baptiste-bouillaud\/#primaryimage\"},\"image\":{\"@id\":\"https:\/\/www.librairieclavreuil.com\/en\/traite-clinique-des-maladies-du-coeur-precede-de-recherches-nouvelles-sur-lanatomie-et-la-physiologie-de-cet-organe-jean-baptiste-bouillaud\/#primaryimage\"},\"thumbnailUrl\":\"https:\/\/www.librairieclavreuil.com\/wp-content\/uploads\/2025\/01\/jean-baptiste-bouillaud-traite-clinique-des-maladies-du-coeur-precede-de-recherches-nouvelles-sur-l-anatomie-et-la-physiologie-de-cet-organe-678fb2a446e2e.jpg\",\"datePublished\":\"2024-04-18T16:51:10+00:00\",\"dateModified\":\"2025-06-03T10:16:36+00:00\",\"breadcrumb\":{\"@id\":\"https:\/\/www.librairieclavreuil.com\/en\/traite-clinique-des-maladies-du-coeur-precede-de-recherches-nouvelles-sur-lanatomie-et-la-physiologie-de-cet-organe-jean-baptiste-bouillaud\/#breadcrumb\"},\"inLanguage\":\"en-US\",\"potentialAction\":[{\"@type\":\"ReadAction\",\"target\":[\"https:\/\/www.librairieclavreuil.com\/en\/traite-clinique-des-maladies-du-coeur-precede-de-recherches-nouvelles-sur-lanatomie-et-la-physiologie-de-cet-organe-jean-baptiste-bouillaud\/\"]}]},{\"@type\":\"ImageObject\",\"inLanguage\":\"en-US\",\"@id\":\"https:\/\/www.librairieclavreuil.com\/en\/traite-clinique-des-maladies-du-coeur-precede-de-recherches-nouvelles-sur-lanatomie-et-la-physiologie-de-cet-organe-jean-baptiste-bouillaud\/#primaryimage\",\"url\":\"https:\/\/www.librairieclavreuil.com\/wp-content\/uploads\/2025\/01\/jean-baptiste-bouillaud-traite-clinique-des-maladies-du-coeur-precede-de-recherches-nouvelles-sur-l-anatomie-et-la-physiologie-de-cet-organe-678fb2a446e2e.jpg\",\"contentUrl\":\"https:\/\/www.librairieclavreuil.com\/wp-content\/uploads\/2025\/01\/jean-baptiste-bouillaud-traite-clinique-des-maladies-du-coeur-precede-de-recherches-nouvelles-sur-l-anatomie-et-la-physiologie-de-cet-organe-678fb2a446e2e.jpg\",\"width\":622,\"height\":800},{\"@type\":\"BreadcrumbList\",\"@id\":\"https:\/\/www.librairieclavreuil.com\/en\/traite-clinique-des-maladies-du-coeur-precede-de-recherches-nouvelles-sur-lanatomie-et-la-physiologie-de-cet-organe-jean-baptiste-bouillaud\/#breadcrumb\",\"itemListElement\":[{\"@type\":\"ListItem\",\"position\":1,\"name\":\"Accueil\",\"item\":\"https:\/\/www.librairieclavreuil.com\/\"},{\"@type\":\"ListItem\",\"position\":2,\"name\":\"All our books\",\"item\":\"https:\/\/www.librairieclavreuil.com\/en\/all-our-books\/\"},{\"@type\":\"ListItem\",\"position\":3,\"name\":\"BOUILLAUD Jean Baptiste Trait\u00e9 clinique des maladies du...\"}]},{\"@type\":\"WebSite\",\"@id\":\"https:\/\/www.librairieclavreuil.com\/#website\",\"url\":\"https:\/\/www.librairieclavreuil.com\/\",\"name\":\"Libairie Clavreuil\",\"description\":\"Livres anciens, manuscrits rares et \u00e9ditions originales \u2013 Librairie Clavreuil\",\"publisher\":{\"@id\":\"https:\/\/www.librairieclavreuil.com\/#organization\"},\"potentialAction\":[{\"@type\":\"SearchAction\",\"target\":{\"@type\":\"EntryPoint\",\"urlTemplate\":\"https:\/\/www.librairieclavreuil.com\/?s={search_term_string}\"},\"query-input\":{\"@type\":\"PropertyValueSpecification\",\"valueRequired\":true,\"valueName\":\"search_term_string\"}}],\"inLanguage\":\"en-US\"},{\"@type\":\"Organization\",\"@id\":\"https:\/\/www.librairieclavreuil.com\/#organization\",\"name\":\"Libairie Clavreuil\",\"url\":\"https:\/\/www.librairieclavreuil.com\/\",\"logo\":{\"@type\":\"ImageObject\",\"inLanguage\":\"en-US\",\"@id\":\"https:\/\/www.librairieclavreuil.com\/#\/schema\/logo\/image\/\",\"url\":\"https:\/\/www.librairieclavreuil.com\/wp-content\/uploads\/2021\/06\/cropped-LOGO_PNG_DATE-_gold-512x512-1.png\",\"contentUrl\":\"https:\/\/www.librairieclavreuil.com\/wp-content\/uploads\/2021\/06\/cropped-LOGO_PNG_DATE-_gold-512x512-1.png\",\"width\":512,\"height\":512,\"caption\":\"Libairie Clavreuil\"},\"image\":{\"@id\":\"https:\/\/www.librairieclavreuil.com\/#\/schema\/logo\/image\/\"},\"sameAs\":[\"https:\/\/www.instagram.com\/librairieclavreuil\/\"]}]}<\/script>\n<!-- \/ Yoast SEO plugin. -->","yoast_head_json":{"title":"BOUILLAUD Jean Baptiste Trait\u00e9 clinique des maladies du c\u0153ur, pr\u00e9c\u00e9d\u00e9 de Recherches nouvelles sur l'anatomie et la physiologie de cet organe. - Libairie Clavreuil","robots":{"index":"index","follow":"follow","max-snippet":"max-snippet:-1","max-image-preview":"max-image-preview:large","max-video-preview":"max-video-preview:-1"},"canonical":"https:\/\/www.librairieclavreuil.com\/en\/traite-clinique-des-maladies-du-coeur-precede-de-recherches-nouvelles-sur-lanatomie-et-la-physiologie-de-cet-organe-jean-baptiste-bouillaud\/","og_locale":"en_US","og_type":"article","og_title":"BOUILLAUD Jean Baptiste Trait\u00e9 clinique des maladies du c\u0153ur, pr\u00e9c\u00e9d\u00e9 de Recherches nouvelles sur l'anatomie et la physiologie de cet organe. - Libairie Clavreuil","og_description":"2 volumes, 8vo (205 x 125 mm) XXI pp., 1 nn.l., 534 pp., 2 engraved plates for volume I; 2 nn.ll., 632 pp., 6 engraved folding paltes for volume II. Contemporary marbled boards.","og_url":"https:\/\/www.librairieclavreuil.com\/en\/traite-clinique-des-maladies-du-coeur-precede-de-recherches-nouvelles-sur-lanatomie-et-la-physiologie-de-cet-organe-jean-baptiste-bouillaud\/","og_site_name":"Libairie Clavreuil","article_modified_time":"2025-06-03T10:16:36+00:00","og_image":[{"width":622,"height":800,"url":"https:\/\/www.librairieclavreuil.com\/wp-content\/uploads\/2025\/01\/jean-baptiste-bouillaud-traite-clinique-des-maladies-du-coeur-precede-de-recherches-nouvelles-sur-l-anatomie-et-la-physiologie-de-cet-organe-678fb2a446e2e.jpg","type":"image\/jpeg"}],"twitter_card":"summary_large_image","schema":{"@context":"https:\/\/schema.org","@graph":[{"@type":"WebPage","@id":"https:\/\/www.librairieclavreuil.com\/en\/traite-clinique-des-maladies-du-coeur-precede-de-recherches-nouvelles-sur-lanatomie-et-la-physiologie-de-cet-organe-jean-baptiste-bouillaud\/","url":"https:\/\/www.librairieclavreuil.com\/en\/traite-clinique-des-maladies-du-coeur-precede-de-recherches-nouvelles-sur-lanatomie-et-la-physiologie-de-cet-organe-jean-baptiste-bouillaud\/","name":"BOUILLAUD Jean Baptiste Trait\u00e9 clinique des maladies du c\u0153ur, pr\u00e9c\u00e9d\u00e9 de Recherches nouvelles sur l'anatomie et la physiologie de cet organe. - Libairie Clavreuil","isPartOf":{"@id":"https:\/\/www.librairieclavreuil.com\/#website"},"primaryImageOfPage":{"@id":"https:\/\/www.librairieclavreuil.com\/en\/traite-clinique-des-maladies-du-coeur-precede-de-recherches-nouvelles-sur-lanatomie-et-la-physiologie-de-cet-organe-jean-baptiste-bouillaud\/#primaryimage"},"image":{"@id":"https:\/\/www.librairieclavreuil.com\/en\/traite-clinique-des-maladies-du-coeur-precede-de-recherches-nouvelles-sur-lanatomie-et-la-physiologie-de-cet-organe-jean-baptiste-bouillaud\/#primaryimage"},"thumbnailUrl":"https:\/\/www.librairieclavreuil.com\/wp-content\/uploads\/2025\/01\/jean-baptiste-bouillaud-traite-clinique-des-maladies-du-coeur-precede-de-recherches-nouvelles-sur-l-anatomie-et-la-physiologie-de-cet-organe-678fb2a446e2e.jpg","datePublished":"2024-04-18T16:51:10+00:00","dateModified":"2025-06-03T10:16:36+00:00","breadcrumb":{"@id":"https:\/\/www.librairieclavreuil.com\/en\/traite-clinique-des-maladies-du-coeur-precede-de-recherches-nouvelles-sur-lanatomie-et-la-physiologie-de-cet-organe-jean-baptiste-bouillaud\/#breadcrumb"},"inLanguage":"en-US","potentialAction":[{"@type":"ReadAction","target":["https:\/\/www.librairieclavreuil.com\/en\/traite-clinique-des-maladies-du-coeur-precede-de-recherches-nouvelles-sur-lanatomie-et-la-physiologie-de-cet-organe-jean-baptiste-bouillaud\/"]}]},{"@type":"ImageObject","inLanguage":"en-US","@id":"https:\/\/www.librairieclavreuil.com\/en\/traite-clinique-des-maladies-du-coeur-precede-de-recherches-nouvelles-sur-lanatomie-et-la-physiologie-de-cet-organe-jean-baptiste-bouillaud\/#primaryimage","url":"https:\/\/www.librairieclavreuil.com\/wp-content\/uploads\/2025\/01\/jean-baptiste-bouillaud-traite-clinique-des-maladies-du-coeur-precede-de-recherches-nouvelles-sur-l-anatomie-et-la-physiologie-de-cet-organe-678fb2a446e2e.jpg","contentUrl":"https:\/\/www.librairieclavreuil.com\/wp-content\/uploads\/2025\/01\/jean-baptiste-bouillaud-traite-clinique-des-maladies-du-coeur-precede-de-recherches-nouvelles-sur-l-anatomie-et-la-physiologie-de-cet-organe-678fb2a446e2e.jpg","width":622,"height":800},{"@type":"BreadcrumbList","@id":"https:\/\/www.librairieclavreuil.com\/en\/traite-clinique-des-maladies-du-coeur-precede-de-recherches-nouvelles-sur-lanatomie-et-la-physiologie-de-cet-organe-jean-baptiste-bouillaud\/#breadcrumb","itemListElement":[{"@type":"ListItem","position":1,"name":"Accueil","item":"https:\/\/www.librairieclavreuil.com\/"},{"@type":"ListItem","position":2,"name":"All our books","item":"https:\/\/www.librairieclavreuil.com\/en\/all-our-books\/"},{"@type":"ListItem","position":3,"name":"BOUILLAUD Jean Baptiste Trait\u00e9 clinique des maladies du..."}]},{"@type":"WebSite","@id":"https:\/\/www.librairieclavreuil.com\/#website","url":"https:\/\/www.librairieclavreuil.com\/","name":"Libairie Clavreuil","description":"Livres anciens, manuscrits rares et \u00e9ditions originales \u2013 Librairie Clavreuil","publisher":{"@id":"https:\/\/www.librairieclavreuil.com\/#organization"},"potentialAction":[{"@type":"SearchAction","target":{"@type":"EntryPoint","urlTemplate":"https:\/\/www.librairieclavreuil.com\/?s={search_term_string}"},"query-input":{"@type":"PropertyValueSpecification","valueRequired":true,"valueName":"search_term_string"}}],"inLanguage":"en-US"},{"@type":"Organization","@id":"https:\/\/www.librairieclavreuil.com\/#organization","name":"Libairie Clavreuil","url":"https:\/\/www.librairieclavreuil.com\/","logo":{"@type":"ImageObject","inLanguage":"en-US","@id":"https:\/\/www.librairieclavreuil.com\/#\/schema\/logo\/image\/","url":"https:\/\/www.librairieclavreuil.com\/wp-content\/uploads\/2021\/06\/cropped-LOGO_PNG_DATE-_gold-512x512-1.png","contentUrl":"https:\/\/www.librairieclavreuil.com\/wp-content\/uploads\/2021\/06\/cropped-LOGO_PNG_DATE-_gold-512x512-1.png","width":512,"height":512,"caption":"Libairie Clavreuil"},"image":{"@id":"https:\/\/www.librairieclavreuil.com\/#\/schema\/logo\/image\/"},"sameAs":["https:\/\/www.instagram.com\/librairieclavreuil\/"]}]}},"jetpack_sharing_enabled":true,"_links":{"self":[{"href":"https:\/\/www.librairieclavreuil.com\/en\/wp-json\/wp\/v2\/product\/73625","targetHints":{"allow":["GET"]}}],"collection":[{"href":"https:\/\/www.librairieclavreuil.com\/en\/wp-json\/wp\/v2\/product"}],"about":[{"href":"https:\/\/www.librairieclavreuil.com\/en\/wp-json\/wp\/v2\/types\/product"}],"replies":[{"embeddable":true,"href":"https:\/\/www.librairieclavreuil.com\/en\/wp-json\/wp\/v2\/comments?post=73625"}],"wp:featuredmedia":[{"embeddable":true,"href":"https:\/\/www.librairieclavreuil.com\/en\/wp-json\/wp\/v2\/media\/82319"}],"wp:attachment":[{"href":"https:\/\/www.librairieclavreuil.com\/en\/wp-json\/wp\/v2\/media?parent=73625"}],"wp:term":[{"taxonomy":"product_brand","embeddable":true,"href":"https:\/\/www.librairieclavreuil.com\/en\/wp-json\/wp\/v2\/product_brand?post=73625"},{"taxonomy":"product_cat","embeddable":true,"href":"https:\/\/www.librairieclavreuil.com\/en\/wp-json\/wp\/v2\/product_cat?post=73625"},{"taxonomy":"product_tag","embeddable":true,"href":"https:\/\/www.librairieclavreuil.com\/en\/wp-json\/wp\/v2\/product_tag?post=73625"}],"curies":[{"name":"wp","href":"https:\/\/api.w.org\/{rel}","templated":true}]}}