{"id":73429,"date":"2024-04-18T16:38:51","date_gmt":"2024-04-18T14:38:51","guid":{"rendered":"https:\/\/clavreuil-wordpress.logiciel-arteo.fr\/les-oeuvres-claude-bernard\/"},"modified":"2024-10-09T10:07:46","modified_gmt":"2024-10-09T08:07:46","slug":"les-oeuvres-claude-bernard","status":"publish","type":"product","link":"https:\/\/www.librairieclavreuil.com\/en\/les-oeuvres-claude-bernard\/","title":{"rendered":"BERNARD Claude [Les Oeuvres]."},"content":{"rendered":"<p style=\"text-align:justify\">Collection of works by Claude Bernard, all in first edition (except: De la Physiologie g\u00e9n\u00e9rale), to which the publisher Bailli\u00e8re has added an index volume, illustrated with a photographical portrait of Claude Bernard.&nbsp;<\/p>\n<p style=\"text-align:justify\">It includes all his great medical texts (but not his thesis):&nbsp;<\/p>\n<p>-Le\u00e7ons de physiologie exp\u00e9rimentale appliqu\u00e9e \u00e0 la m\u00e9decine. <i>1855-1856<\/i> (2 vol.).&nbsp;<\/p>\n<p><i>Garrison-Morton 615<\/i><\/p>\n<p>Le\u00e7ons sur les effets des substances toxiques et m\u00e9dicamenteuses. <i>1857<\/i>.&nbsp;<\/p>\n<p><i>Garrison-Morton 1863<\/i><\/p>\n<p>Le\u00e7ons sur la physiologie et la pathologie du syst\u00e8me nerveux. <i>1858<\/i>. (2 vol.).&nbsp;<\/p>\n<p><i>Garrison-Morton 1399<\/i><\/p>\n<p>Le\u00e7ons sur les propri\u00e9t\u00e9s physiologiques et les alt\u00e9rations pathologiques des liquides de l&#8217;organisme. <i>1859<\/i>. (2 vol.)<i>&nbsp;<\/i><\/p>\n<p><i>Garrison-Morton 1234.1<\/i><\/p>\n<p>Introduction \u00e0 l&#8217;\u00e9tude de la m\u00e9decine exp\u00e9rimentale. <i>1865<\/i>.&nbsp;<\/p>\n<p><i>Garrison-Morton 1766.501<\/i> (premier tirage, imprim\u00e9 par Cr\u00e9t\u00e9)<\/p>\n<p>Le\u00e7ons sur les propri\u00e9t\u00e9s des tissus vivants. <i>1866<\/i><\/p>\n<p>De la physiologie g\u00e9n\u00e9rale. <i>1873<\/i><\/p>\n<p>Le\u00e7ons de pathologie exp\u00e9rimentale. <i>1872<\/i>.&nbsp;<\/p>\n<p><i>Garrison-Morton 2301<\/i><\/p>\n<p>Le\u00e7ons sur les anesth\u00e9siques et sur l&#8217;asphyxie. <i>1875<\/i>.&nbsp;<\/p>\n<p><i>Garrison-Morton 5673<\/i><\/p>\n<p>Le\u00e7ons sur la chaleur animale et sur les effets de la chaleur et sur la fi\u00e8vre. <i>1876<\/i><\/p>\n<p>Le\u00e7ons sur le Diab\u00e8te et la Glycogen\u00e8se animale. <i>1877<\/i>.&nbsp;<\/p>\n<p><i>Garrison-Morton 3942<\/i><\/p>\n<p>Le\u00e7ons de physiologie op\u00e9ratoire. <i>1879<\/i><\/p>\n<p>Le\u00e7ons sur les ph\u00e9nom\u00e8nes de la vie communs aux animaux et aux v\u00e9g\u00e9taux. <i>1878<\/i>. (2 vol.)<\/p>\n<p>La science exp\u00e9rimentale. <i>1878<\/i>, in-12.<\/p>\n<p>L&#8217;Oeuvre de Claude Bernard. 1881.&nbsp;<\/p>\n<p>Portrait de Claude Bernard en photoglyptie. .&nbsp;<\/p>\n<p style=\"text-align:justify\">Uniformly bound sets are rare.<\/p>\n","protected":false},"excerpt":{"rendered":"<p>18 volumes, 8vo (220 x 138 mm) and 1 vol. 12mo (178 x 119 mm). Uniformely bound in contemporary sheep-backed boards.<\/p>\n","protected":false},"featured_media":73424,"comment_status":"open","ping_status":"closed","template":"","meta":{"_acf_changed":false},"product_brand":[],"product_cat":[548],"product_tag":[1307,1273,1283,1298,1284,1301,1450,1295,1308,1300,1299,1313,1312,1279,1304,1274,1311,1296,1291,1309,1278,1280,586],"class_list":{"0":"post-73429","1":"product","2":"type-product","3":"status-publish","4":"has-post-thumbnail","6":"product_cat-medicine","7":"product_tag-acupuncture-2","8":"product_tag-biology","9":"product_tag-dermatology","10":"product_tag-ear","11":"product_tag-epidemics","12":"product_tag-eyes","13":"product_tag-first-edition","14":"product_tag-heart","15":"product_tag-homeopathy","16":"product_tag-kidney","17":"product_tag-lungs","18":"product_tag-magnetism","19":"product_tag-neurology","20":"product_tag-orthopaedics","21":"product_tag-paediatrics","22":"product_tag-physiology","23":"product_tag-psychoanalysis","24":"product_tag-teeth","25":"product_tag-teratology","26":"product_tag-thermal-spas","27":"product_tag-tools","28":"product_tag-urology","29":"product_tag-veterinarian","30":"pa_auteur-bernard-claude-2","31":"pa_type-de-livre-printed-book","33":"first","34":"instock","35":"shipping-taxable","36":"purchasable","37":"product-type-simple"},"acf":{"artist":" Claude BERNARD","chapeau":"","adresse_bibliographique":"Paris, Bailli\u00e8re et fils, 1855-1881","book_type":"Printed book","provenance":"","afficher_prix":""},"yoast_head":"<!-- This site is optimized with the Yoast SEO plugin v24.7 - https:\/\/yoast.com\/wordpress\/plugins\/seo\/ -->\n<title>BERNARD Claude [Les Oeuvres]. - Libairie Clavreuil<\/title>\n<meta name=\"robots\" content=\"index, follow, max-snippet:-1, max-image-preview:large, max-video-preview:-1\" \/>\n<link rel=\"canonical\" href=\"https:\/\/www.librairieclavreuil.com\/produit\/les-oeuvres-claude-bernard\/\" \/>\n<meta property=\"og:locale\" content=\"en_US\" \/>\n<meta property=\"og:type\" content=\"article\" \/>\n<meta property=\"og:title\" content=\"BERNARD Claude [Les Oeuvres]. - Libairie Clavreuil\" \/>\n<meta property=\"og:description\" content=\"18 volumes, 8vo (220 x 138 mm) and 1 vol. 12mo (178 x 119 mm). Uniformely bound in contemporary sheep-backed boards.\" \/>\n<meta property=\"og:url\" content=\"https:\/\/www.librairieclavreuil.com\/produit\/les-oeuvres-claude-bernard\/\" \/>\n<meta property=\"og:site_name\" content=\"Libairie Clavreuil\" \/>\n<meta property=\"article:modified_time\" content=\"2024-10-09T08:07:46+00:00\" \/>\n<meta property=\"og:image\" content=\"https:\/\/www.librairieclavreuil.com\/wp-content\/uploads\/2024\/04\/claude-bernard-les-oeuvres-1699-65a7ee73ade8d-scaled.jpg\" \/>\n\t<meta property=\"og:image:width\" content=\"1614\" \/>\n\t<meta property=\"og:image:height\" content=\"2560\" \/>\n\t<meta property=\"og:image:type\" content=\"image\/jpeg\" \/>\n<meta name=\"twitter:card\" content=\"summary_large_image\" \/>\n<meta name=\"twitter:label1\" content=\"Est. reading time\" \/>\n\t<meta name=\"twitter:data1\" content=\"1 minute\" \/>\n<script type=\"application\/ld+json\" class=\"yoast-schema-graph\">{\"@context\":\"https:\/\/schema.org\",\"@graph\":[{\"@type\":\"WebPage\",\"@id\":\"https:\/\/www.librairieclavreuil.com\/produit\/les-oeuvres-claude-bernard\/\",\"url\":\"https:\/\/www.librairieclavreuil.com\/produit\/les-oeuvres-claude-bernard\/\",\"name\":\"BERNARD Claude [Les Oeuvres]. - Libairie Clavreuil\",\"isPartOf\":{\"@id\":\"https:\/\/www.librairieclavreuil.com\/#website\"},\"primaryImageOfPage\":{\"@id\":\"https:\/\/www.librairieclavreuil.com\/produit\/les-oeuvres-claude-bernard\/#primaryimage\"},\"image\":{\"@id\":\"https:\/\/www.librairieclavreuil.com\/produit\/les-oeuvres-claude-bernard\/#primaryimage\"},\"thumbnailUrl\":\"https:\/\/www.librairieclavreuil.com\/wp-content\/uploads\/2024\/04\/claude-bernard-les-oeuvres-1699-65a7ee73ade8d-scaled.jpg\",\"datePublished\":\"2024-04-18T14:38:51+00:00\",\"dateModified\":\"2024-10-09T08:07:46+00:00\",\"breadcrumb\":{\"@id\":\"https:\/\/www.librairieclavreuil.com\/produit\/les-oeuvres-claude-bernard\/#breadcrumb\"},\"inLanguage\":\"en-US\",\"potentialAction\":[{\"@type\":\"ReadAction\",\"target\":[\"https:\/\/www.librairieclavreuil.com\/produit\/les-oeuvres-claude-bernard\/\"]}]},{\"@type\":\"ImageObject\",\"inLanguage\":\"en-US\",\"@id\":\"https:\/\/www.librairieclavreuil.com\/produit\/les-oeuvres-claude-bernard\/#primaryimage\",\"url\":\"https:\/\/www.librairieclavreuil.com\/wp-content\/uploads\/2024\/04\/claude-bernard-les-oeuvres-1699-65a7ee73ade8d-scaled.jpg\",\"contentUrl\":\"https:\/\/www.librairieclavreuil.com\/wp-content\/uploads\/2024\/04\/claude-bernard-les-oeuvres-1699-65a7ee73ade8d-scaled.jpg\",\"width\":1614,\"height\":2560},{\"@type\":\"BreadcrumbList\",\"@id\":\"https:\/\/www.librairieclavreuil.com\/produit\/les-oeuvres-claude-bernard\/#breadcrumb\",\"itemListElement\":[{\"@type\":\"ListItem\",\"position\":1,\"name\":\"Accueil\",\"item\":\"https:\/\/www.librairieclavreuil.com\/\"},{\"@type\":\"ListItem\",\"position\":2,\"name\":\"All our books\",\"item\":\"https:\/\/www.librairieclavreuil.com\/en\/all-our-books\/\"},{\"@type\":\"ListItem\",\"position\":3,\"name\":\"BERNARD Claude [Les Oeuvres].\"}]},{\"@type\":\"WebSite\",\"@id\":\"https:\/\/www.librairieclavreuil.com\/#website\",\"url\":\"https:\/\/www.librairieclavreuil.com\/\",\"name\":\"Libairie Clavreuil\",\"description\":\"Livres anciens, manuscrits rares et \u00e9ditions originales \u2013 Librairie Clavreuil\",\"publisher\":{\"@id\":\"https:\/\/www.librairieclavreuil.com\/#organization\"},\"potentialAction\":[{\"@type\":\"SearchAction\",\"target\":{\"@type\":\"EntryPoint\",\"urlTemplate\":\"https:\/\/www.librairieclavreuil.com\/?s={search_term_string}\"},\"query-input\":{\"@type\":\"PropertyValueSpecification\",\"valueRequired\":true,\"valueName\":\"search_term_string\"}}],\"inLanguage\":\"en-US\"},{\"@type\":\"Organization\",\"@id\":\"https:\/\/www.librairieclavreuil.com\/#organization\",\"name\":\"Libairie Clavreuil\",\"url\":\"https:\/\/www.librairieclavreuil.com\/\",\"logo\":{\"@type\":\"ImageObject\",\"inLanguage\":\"en-US\",\"@id\":\"https:\/\/www.librairieclavreuil.com\/#\/schema\/logo\/image\/\",\"url\":\"https:\/\/www.librairieclavreuil.com\/wp-content\/uploads\/2021\/06\/cropped-LOGO_PNG_DATE-_gold-512x512-1.png\",\"contentUrl\":\"https:\/\/www.librairieclavreuil.com\/wp-content\/uploads\/2021\/06\/cropped-LOGO_PNG_DATE-_gold-512x512-1.png\",\"width\":512,\"height\":512,\"caption\":\"Libairie Clavreuil\"},\"image\":{\"@id\":\"https:\/\/www.librairieclavreuil.com\/#\/schema\/logo\/image\/\"},\"sameAs\":[\"https:\/\/www.instagram.com\/librairieclavreuil\/\"]}]}<\/script>\n<!-- \/ Yoast SEO plugin. -->","yoast_head_json":{"title":"BERNARD Claude [Les Oeuvres]. - Libairie Clavreuil","robots":{"index":"index","follow":"follow","max-snippet":"max-snippet:-1","max-image-preview":"max-image-preview:large","max-video-preview":"max-video-preview:-1"},"canonical":"https:\/\/www.librairieclavreuil.com\/produit\/les-oeuvres-claude-bernard\/","og_locale":"en_US","og_type":"article","og_title":"BERNARD Claude [Les Oeuvres]. - Libairie Clavreuil","og_description":"18 volumes, 8vo (220 x 138 mm) and 1 vol. 12mo (178 x 119 mm). Uniformely bound in contemporary sheep-backed boards.","og_url":"https:\/\/www.librairieclavreuil.com\/produit\/les-oeuvres-claude-bernard\/","og_site_name":"Libairie Clavreuil","article_modified_time":"2024-10-09T08:07:46+00:00","og_image":[{"width":1614,"height":2560,"url":"https:\/\/www.librairieclavreuil.com\/wp-content\/uploads\/2024\/04\/claude-bernard-les-oeuvres-1699-65a7ee73ade8d-scaled.jpg","type":"image\/jpeg"}],"twitter_card":"summary_large_image","twitter_misc":{"Est. reading time":"1 minute"},"schema":{"@context":"https:\/\/schema.org","@graph":[{"@type":"WebPage","@id":"https:\/\/www.librairieclavreuil.com\/produit\/les-oeuvres-claude-bernard\/","url":"https:\/\/www.librairieclavreuil.com\/produit\/les-oeuvres-claude-bernard\/","name":"BERNARD Claude [Les Oeuvres]. - Libairie Clavreuil","isPartOf":{"@id":"https:\/\/www.librairieclavreuil.com\/#website"},"primaryImageOfPage":{"@id":"https:\/\/www.librairieclavreuil.com\/produit\/les-oeuvres-claude-bernard\/#primaryimage"},"image":{"@id":"https:\/\/www.librairieclavreuil.com\/produit\/les-oeuvres-claude-bernard\/#primaryimage"},"thumbnailUrl":"https:\/\/www.librairieclavreuil.com\/wp-content\/uploads\/2024\/04\/claude-bernard-les-oeuvres-1699-65a7ee73ade8d-scaled.jpg","datePublished":"2024-04-18T14:38:51+00:00","dateModified":"2024-10-09T08:07:46+00:00","breadcrumb":{"@id":"https:\/\/www.librairieclavreuil.com\/produit\/les-oeuvres-claude-bernard\/#breadcrumb"},"inLanguage":"en-US","potentialAction":[{"@type":"ReadAction","target":["https:\/\/www.librairieclavreuil.com\/produit\/les-oeuvres-claude-bernard\/"]}]},{"@type":"ImageObject","inLanguage":"en-US","@id":"https:\/\/www.librairieclavreuil.com\/produit\/les-oeuvres-claude-bernard\/#primaryimage","url":"https:\/\/www.librairieclavreuil.com\/wp-content\/uploads\/2024\/04\/claude-bernard-les-oeuvres-1699-65a7ee73ade8d-scaled.jpg","contentUrl":"https:\/\/www.librairieclavreuil.com\/wp-content\/uploads\/2024\/04\/claude-bernard-les-oeuvres-1699-65a7ee73ade8d-scaled.jpg","width":1614,"height":2560},{"@type":"BreadcrumbList","@id":"https:\/\/www.librairieclavreuil.com\/produit\/les-oeuvres-claude-bernard\/#breadcrumb","itemListElement":[{"@type":"ListItem","position":1,"name":"Accueil","item":"https:\/\/www.librairieclavreuil.com\/"},{"@type":"ListItem","position":2,"name":"All our books","item":"https:\/\/www.librairieclavreuil.com\/en\/all-our-books\/"},{"@type":"ListItem","position":3,"name":"BERNARD Claude [Les Oeuvres]."}]},{"@type":"WebSite","@id":"https:\/\/www.librairieclavreuil.com\/#website","url":"https:\/\/www.librairieclavreuil.com\/","name":"Libairie Clavreuil","description":"Livres anciens, manuscrits rares et \u00e9ditions originales \u2013 Librairie Clavreuil","publisher":{"@id":"https:\/\/www.librairieclavreuil.com\/#organization"},"potentialAction":[{"@type":"SearchAction","target":{"@type":"EntryPoint","urlTemplate":"https:\/\/www.librairieclavreuil.com\/?s={search_term_string}"},"query-input":{"@type":"PropertyValueSpecification","valueRequired":true,"valueName":"search_term_string"}}],"inLanguage":"en-US"},{"@type":"Organization","@id":"https:\/\/www.librairieclavreuil.com\/#organization","name":"Libairie Clavreuil","url":"https:\/\/www.librairieclavreuil.com\/","logo":{"@type":"ImageObject","inLanguage":"en-US","@id":"https:\/\/www.librairieclavreuil.com\/#\/schema\/logo\/image\/","url":"https:\/\/www.librairieclavreuil.com\/wp-content\/uploads\/2021\/06\/cropped-LOGO_PNG_DATE-_gold-512x512-1.png","contentUrl":"https:\/\/www.librairieclavreuil.com\/wp-content\/uploads\/2021\/06\/cropped-LOGO_PNG_DATE-_gold-512x512-1.png","width":512,"height":512,"caption":"Libairie Clavreuil"},"image":{"@id":"https:\/\/www.librairieclavreuil.com\/#\/schema\/logo\/image\/"},"sameAs":["https:\/\/www.instagram.com\/librairieclavreuil\/"]}]}},"jetpack_sharing_enabled":true,"_links":{"self":[{"href":"https:\/\/www.librairieclavreuil.com\/en\/wp-json\/wp\/v2\/product\/73429","targetHints":{"allow":["GET"]}}],"collection":[{"href":"https:\/\/www.librairieclavreuil.com\/en\/wp-json\/wp\/v2\/product"}],"about":[{"href":"https:\/\/www.librairieclavreuil.com\/en\/wp-json\/wp\/v2\/types\/product"}],"replies":[{"embeddable":true,"href":"https:\/\/www.librairieclavreuil.com\/en\/wp-json\/wp\/v2\/comments?post=73429"}],"wp:featuredmedia":[{"embeddable":true,"href":"https:\/\/www.librairieclavreuil.com\/en\/wp-json\/wp\/v2\/media\/73424"}],"wp:attachment":[{"href":"https:\/\/www.librairieclavreuil.com\/en\/wp-json\/wp\/v2\/media?parent=73429"}],"wp:term":[{"taxonomy":"product_brand","embeddable":true,"href":"https:\/\/www.librairieclavreuil.com\/en\/wp-json\/wp\/v2\/product_brand?post=73429"},{"taxonomy":"product_cat","embeddable":true,"href":"https:\/\/www.librairieclavreuil.com\/en\/wp-json\/wp\/v2\/product_cat?post=73429"},{"taxonomy":"product_tag","embeddable":true,"href":"https:\/\/www.librairieclavreuil.com\/en\/wp-json\/wp\/v2\/product_tag?post=73429"}],"curies":[{"name":"wp","href":"https:\/\/api.w.org\/{rel}","templated":true}]}}