{"id":73395,"date":"2024-04-18T16:26:23","date_gmt":"2024-04-18T14:26:23","guid":{"rendered":"https:\/\/clavreuil-wordpress.logiciel-arteo.fr\/chirurgie-traite-doperations-nouvelles-et-inventions-de-mecanique-servant-de-moyens-secondaires-pour-en-assurer-le-succes-p-dutertre\/"},"modified":"2024-07-08T17:37:39","modified_gmt":"2024-07-08T15:37:39","slug":"chirurgie-traite-doperations-nouvelles-et-inventions-de-mecanique-servant-de-moyens-secondaires-pour-en-assurer-le-succes-p-dutertre","status":"publish","type":"product","link":"https:\/\/www.librairieclavreuil.com\/en\/chirurgie-traite-doperations-nouvelles-et-inventions-de-mecanique-servant-de-moyens-secondaires-pour-en-assurer-le-succes-p-dutertre\/","title":{"rendered":"DUTERTRE P Chirurgie. Trait\u00e9 d&#8217;op\u00e9rations nouvelles, et inventions..."},"content":{"rendered":"<p style=\"text-align:justify\"><i>Waller, 2662; Wellcome, II, 505.<\/i><\/p>\n<p style=\"text-align:justify\"><span style=\"font-variant:small-caps\">First edition.<\/span><\/p>\n<p style=\"text-align:justify\">The 3-page engraved &#8220;Copie de la lettre envoy\u00e9e a M. le Docteur Dutertre &#8230;&#8221; bound between pp. [8]-[9].<\/p>\n<p style=\"text-align:justify\">The first separate illustrated treatise on the orthopaedic treatment of hand injuries and deformities. Prior to the work of William Adams on Dupuytren&#8217;s contracture (1879) few, if any, orthopaedic surgeons operated substantially within the hand itself. Instead, like Dutertre, they treated injured and deformed hands externally with braces, splints, etc. In this remarkable but little-known book Dutertre describes braces and splints of his own invention, which are illustrated in the plates. Dutertre is not noticed in the major surgical or orthopaedic references, nor does he appear in Hirsch.<\/p>\n<p style=\"text-align:justify\">Provenance: Inscribed and signed on the half-title by the author to \u201cMadame Guillotin, et Mr Sograin, son fr\u00e8re, de la part de l\u2019auteur, Dutertre\u201d. Madame Guillotin is in fact the widow of the infamous inventor of the machine that still bears his name.<\/p>\n","protected":false},"excerpt":{"rendered":"<p style=\"text-align:justify\">8vo (235 x 148 mm) engraved portrait frontispiece, 85 pp., 21 engraved plates; stitched as issued, original publisher\u2019s wrappers (<i>spine broken<\/i>).<\/p>\n","protected":false},"featured_media":73388,"comment_status":"open","ping_status":"closed","template":"","meta":{"_acf_changed":false},"product_brand":[],"product_cat":[548],"product_tag":[1450,1264,1279,1276],"class_list":{"0":"post-73395","1":"product","2":"type-product","3":"status-publish","4":"has-post-thumbnail","6":"product_cat-medicine","7":"product_tag-first-edition","8":"product_tag-inscription","9":"product_tag-orthopaedics","10":"product_tag-surgery","11":"pa_auteur-dutertre-p-2","12":"pa_type-de-livre-printed-book","14":"first","15":"instock","16":"shipping-taxable","17":"purchasable","18":"product-type-simple"},"acf":{"artist":" P DUTERTRE","chapeau":"Inscribed to Madame Guillotin","adresse_bibliographique":"Paris, M\u00e9quignon-Marvis et l'Auteur, 1814","book_type":"Printed book","provenance":"","afficher_prix":""},"yoast_head":"<!-- This site is optimized with the Yoast SEO plugin v24.7 - https:\/\/yoast.com\/wordpress\/plugins\/seo\/ -->\n<title>DUTERTRE P Chirurgie. Trait\u00e9 d&#039;op\u00e9rations nouvelles, et inventions de m\u00e9canique, servant de moyens secondaires pour en assurer le succ\u00e8s. - Libairie Clavreuil<\/title>\n<meta name=\"robots\" content=\"index, follow, max-snippet:-1, max-image-preview:large, max-video-preview:-1\" \/>\n<link rel=\"canonical\" href=\"https:\/\/www.librairieclavreuil.com\/produit\/chirurgie-traite-doperations-nouvelles-et-inventions-de-mecanique-servant-de-moyens-secondaires-pour-en-assurer-le-succes-p-dutertre\/\" \/>\n<meta property=\"og:locale\" content=\"en_US\" \/>\n<meta property=\"og:type\" content=\"article\" \/>\n<meta property=\"og:title\" content=\"DUTERTRE P Chirurgie. Trait\u00e9 d&#039;op\u00e9rations nouvelles, et inventions de m\u00e9canique, servant de moyens secondaires pour en assurer le succ\u00e8s. - Libairie Clavreuil\" \/>\n<meta property=\"og:description\" content=\"8vo (235 x 148 mm) engraved portrait frontispiece, 85 pp., 21 engraved plates; stitched as issued, original publisher\u2019s wrappers (spine broken).\" \/>\n<meta property=\"og:url\" content=\"https:\/\/www.librairieclavreuil.com\/produit\/chirurgie-traite-doperations-nouvelles-et-inventions-de-mecanique-servant-de-moyens-secondaires-pour-en-assurer-le-succes-p-dutertre\/\" \/>\n<meta property=\"og:site_name\" content=\"Libairie Clavreuil\" \/>\n<meta property=\"article:modified_time\" content=\"2024-07-08T15:37:39+00:00\" \/>\n<meta property=\"og:image\" content=\"https:\/\/www.librairieclavreuil.com\/wp-content\/uploads\/2024\/04\/p-dutertre-chirurgie-traite-d-operations-nouvelles-et-inventions-de-mecanique-servant-de-moyens-secondaires-pour-en-assurer-le-succes-2433-65a93c3be1f-scaled.jpg\" \/>\n\t<meta property=\"og:image:width\" content=\"1920\" \/>\n\t<meta property=\"og:image:height\" content=\"2560\" \/>\n\t<meta property=\"og:image:type\" content=\"image\/jpeg\" \/>\n<meta name=\"twitter:card\" content=\"summary_large_image\" \/>\n<meta name=\"twitter:label1\" content=\"Est. reading time\" \/>\n\t<meta name=\"twitter:data1\" content=\"1 minute\" \/>\n<script type=\"application\/ld+json\" class=\"yoast-schema-graph\">{\"@context\":\"https:\/\/schema.org\",\"@graph\":[{\"@type\":\"WebPage\",\"@id\":\"https:\/\/www.librairieclavreuil.com\/produit\/chirurgie-traite-doperations-nouvelles-et-inventions-de-mecanique-servant-de-moyens-secondaires-pour-en-assurer-le-succes-p-dutertre\/\",\"url\":\"https:\/\/www.librairieclavreuil.com\/produit\/chirurgie-traite-doperations-nouvelles-et-inventions-de-mecanique-servant-de-moyens-secondaires-pour-en-assurer-le-succes-p-dutertre\/\",\"name\":\"DUTERTRE P Chirurgie. Trait\u00e9 d'op\u00e9rations nouvelles, et inventions de m\u00e9canique, servant de moyens secondaires pour en assurer le succ\u00e8s. - Libairie Clavreuil\",\"isPartOf\":{\"@id\":\"https:\/\/www.librairieclavreuil.com\/#website\"},\"primaryImageOfPage\":{\"@id\":\"https:\/\/www.librairieclavreuil.com\/produit\/chirurgie-traite-doperations-nouvelles-et-inventions-de-mecanique-servant-de-moyens-secondaires-pour-en-assurer-le-succes-p-dutertre\/#primaryimage\"},\"image\":{\"@id\":\"https:\/\/www.librairieclavreuil.com\/produit\/chirurgie-traite-doperations-nouvelles-et-inventions-de-mecanique-servant-de-moyens-secondaires-pour-en-assurer-le-succes-p-dutertre\/#primaryimage\"},\"thumbnailUrl\":\"https:\/\/www.librairieclavreuil.com\/wp-content\/uploads\/2024\/04\/p-dutertre-chirurgie-traite-d-operations-nouvelles-et-inventions-de-mecanique-servant-de-moyens-secondaires-pour-en-assurer-le-succes-2433-65a93c3be1f-scaled.jpg\",\"datePublished\":\"2024-04-18T14:26:23+00:00\",\"dateModified\":\"2024-07-08T15:37:39+00:00\",\"breadcrumb\":{\"@id\":\"https:\/\/www.librairieclavreuil.com\/produit\/chirurgie-traite-doperations-nouvelles-et-inventions-de-mecanique-servant-de-moyens-secondaires-pour-en-assurer-le-succes-p-dutertre\/#breadcrumb\"},\"inLanguage\":\"en-US\",\"potentialAction\":[{\"@type\":\"ReadAction\",\"target\":[\"https:\/\/www.librairieclavreuil.com\/produit\/chirurgie-traite-doperations-nouvelles-et-inventions-de-mecanique-servant-de-moyens-secondaires-pour-en-assurer-le-succes-p-dutertre\/\"]}]},{\"@type\":\"ImageObject\",\"inLanguage\":\"en-US\",\"@id\":\"https:\/\/www.librairieclavreuil.com\/produit\/chirurgie-traite-doperations-nouvelles-et-inventions-de-mecanique-servant-de-moyens-secondaires-pour-en-assurer-le-succes-p-dutertre\/#primaryimage\",\"url\":\"https:\/\/www.librairieclavreuil.com\/wp-content\/uploads\/2024\/04\/p-dutertre-chirurgie-traite-d-operations-nouvelles-et-inventions-de-mecanique-servant-de-moyens-secondaires-pour-en-assurer-le-succes-2433-65a93c3be1f-scaled.jpg\",\"contentUrl\":\"https:\/\/www.librairieclavreuil.com\/wp-content\/uploads\/2024\/04\/p-dutertre-chirurgie-traite-d-operations-nouvelles-et-inventions-de-mecanique-servant-de-moyens-secondaires-pour-en-assurer-le-succes-2433-65a93c3be1f-scaled.jpg\",\"width\":1920,\"height\":2560},{\"@type\":\"BreadcrumbList\",\"@id\":\"https:\/\/www.librairieclavreuil.com\/produit\/chirurgie-traite-doperations-nouvelles-et-inventions-de-mecanique-servant-de-moyens-secondaires-pour-en-assurer-le-succes-p-dutertre\/#breadcrumb\",\"itemListElement\":[{\"@type\":\"ListItem\",\"position\":1,\"name\":\"Accueil\",\"item\":\"https:\/\/www.librairieclavreuil.com\/\"},{\"@type\":\"ListItem\",\"position\":2,\"name\":\"All our books\",\"item\":\"https:\/\/www.librairieclavreuil.com\/en\/all-our-books\/\"},{\"@type\":\"ListItem\",\"position\":3,\"name\":\"DUTERTRE P Chirurgie. Trait\u00e9 d&rsquo;op\u00e9rations nouvelles, et inventions...\"}]},{\"@type\":\"WebSite\",\"@id\":\"https:\/\/www.librairieclavreuil.com\/#website\",\"url\":\"https:\/\/www.librairieclavreuil.com\/\",\"name\":\"Libairie Clavreuil\",\"description\":\"Livres anciens, manuscrits rares et \u00e9ditions originales \u2013 Librairie Clavreuil\",\"publisher\":{\"@id\":\"https:\/\/www.librairieclavreuil.com\/#organization\"},\"potentialAction\":[{\"@type\":\"SearchAction\",\"target\":{\"@type\":\"EntryPoint\",\"urlTemplate\":\"https:\/\/www.librairieclavreuil.com\/?s={search_term_string}\"},\"query-input\":{\"@type\":\"PropertyValueSpecification\",\"valueRequired\":true,\"valueName\":\"search_term_string\"}}],\"inLanguage\":\"en-US\"},{\"@type\":\"Organization\",\"@id\":\"https:\/\/www.librairieclavreuil.com\/#organization\",\"name\":\"Libairie Clavreuil\",\"url\":\"https:\/\/www.librairieclavreuil.com\/\",\"logo\":{\"@type\":\"ImageObject\",\"inLanguage\":\"en-US\",\"@id\":\"https:\/\/www.librairieclavreuil.com\/#\/schema\/logo\/image\/\",\"url\":\"https:\/\/www.librairieclavreuil.com\/wp-content\/uploads\/2021\/06\/cropped-LOGO_PNG_DATE-_gold-512x512-1.png\",\"contentUrl\":\"https:\/\/www.librairieclavreuil.com\/wp-content\/uploads\/2021\/06\/cropped-LOGO_PNG_DATE-_gold-512x512-1.png\",\"width\":512,\"height\":512,\"caption\":\"Libairie Clavreuil\"},\"image\":{\"@id\":\"https:\/\/www.librairieclavreuil.com\/#\/schema\/logo\/image\/\"},\"sameAs\":[\"https:\/\/www.instagram.com\/librairieclavreuil\/\"]}]}<\/script>\n<!-- \/ Yoast SEO plugin. -->","yoast_head_json":{"title":"DUTERTRE P Chirurgie. Trait\u00e9 d'op\u00e9rations nouvelles, et inventions de m\u00e9canique, servant de moyens secondaires pour en assurer le succ\u00e8s. - Libairie Clavreuil","robots":{"index":"index","follow":"follow","max-snippet":"max-snippet:-1","max-image-preview":"max-image-preview:large","max-video-preview":"max-video-preview:-1"},"canonical":"https:\/\/www.librairieclavreuil.com\/produit\/chirurgie-traite-doperations-nouvelles-et-inventions-de-mecanique-servant-de-moyens-secondaires-pour-en-assurer-le-succes-p-dutertre\/","og_locale":"en_US","og_type":"article","og_title":"DUTERTRE P Chirurgie. Trait\u00e9 d'op\u00e9rations nouvelles, et inventions de m\u00e9canique, servant de moyens secondaires pour en assurer le succ\u00e8s. - Libairie Clavreuil","og_description":"8vo (235 x 148 mm) engraved portrait frontispiece, 85 pp., 21 engraved plates; stitched as issued, original publisher\u2019s wrappers (spine broken).","og_url":"https:\/\/www.librairieclavreuil.com\/produit\/chirurgie-traite-doperations-nouvelles-et-inventions-de-mecanique-servant-de-moyens-secondaires-pour-en-assurer-le-succes-p-dutertre\/","og_site_name":"Libairie Clavreuil","article_modified_time":"2024-07-08T15:37:39+00:00","og_image":[{"width":1920,"height":2560,"url":"https:\/\/www.librairieclavreuil.com\/wp-content\/uploads\/2024\/04\/p-dutertre-chirurgie-traite-d-operations-nouvelles-et-inventions-de-mecanique-servant-de-moyens-secondaires-pour-en-assurer-le-succes-2433-65a93c3be1f-scaled.jpg","type":"image\/jpeg"}],"twitter_card":"summary_large_image","twitter_misc":{"Est. reading time":"1 minute"},"schema":{"@context":"https:\/\/schema.org","@graph":[{"@type":"WebPage","@id":"https:\/\/www.librairieclavreuil.com\/produit\/chirurgie-traite-doperations-nouvelles-et-inventions-de-mecanique-servant-de-moyens-secondaires-pour-en-assurer-le-succes-p-dutertre\/","url":"https:\/\/www.librairieclavreuil.com\/produit\/chirurgie-traite-doperations-nouvelles-et-inventions-de-mecanique-servant-de-moyens-secondaires-pour-en-assurer-le-succes-p-dutertre\/","name":"DUTERTRE P Chirurgie. Trait\u00e9 d'op\u00e9rations nouvelles, et inventions de m\u00e9canique, servant de moyens secondaires pour en assurer le succ\u00e8s. - Libairie Clavreuil","isPartOf":{"@id":"https:\/\/www.librairieclavreuil.com\/#website"},"primaryImageOfPage":{"@id":"https:\/\/www.librairieclavreuil.com\/produit\/chirurgie-traite-doperations-nouvelles-et-inventions-de-mecanique-servant-de-moyens-secondaires-pour-en-assurer-le-succes-p-dutertre\/#primaryimage"},"image":{"@id":"https:\/\/www.librairieclavreuil.com\/produit\/chirurgie-traite-doperations-nouvelles-et-inventions-de-mecanique-servant-de-moyens-secondaires-pour-en-assurer-le-succes-p-dutertre\/#primaryimage"},"thumbnailUrl":"https:\/\/www.librairieclavreuil.com\/wp-content\/uploads\/2024\/04\/p-dutertre-chirurgie-traite-d-operations-nouvelles-et-inventions-de-mecanique-servant-de-moyens-secondaires-pour-en-assurer-le-succes-2433-65a93c3be1f-scaled.jpg","datePublished":"2024-04-18T14:26:23+00:00","dateModified":"2024-07-08T15:37:39+00:00","breadcrumb":{"@id":"https:\/\/www.librairieclavreuil.com\/produit\/chirurgie-traite-doperations-nouvelles-et-inventions-de-mecanique-servant-de-moyens-secondaires-pour-en-assurer-le-succes-p-dutertre\/#breadcrumb"},"inLanguage":"en-US","potentialAction":[{"@type":"ReadAction","target":["https:\/\/www.librairieclavreuil.com\/produit\/chirurgie-traite-doperations-nouvelles-et-inventions-de-mecanique-servant-de-moyens-secondaires-pour-en-assurer-le-succes-p-dutertre\/"]}]},{"@type":"ImageObject","inLanguage":"en-US","@id":"https:\/\/www.librairieclavreuil.com\/produit\/chirurgie-traite-doperations-nouvelles-et-inventions-de-mecanique-servant-de-moyens-secondaires-pour-en-assurer-le-succes-p-dutertre\/#primaryimage","url":"https:\/\/www.librairieclavreuil.com\/wp-content\/uploads\/2024\/04\/p-dutertre-chirurgie-traite-d-operations-nouvelles-et-inventions-de-mecanique-servant-de-moyens-secondaires-pour-en-assurer-le-succes-2433-65a93c3be1f-scaled.jpg","contentUrl":"https:\/\/www.librairieclavreuil.com\/wp-content\/uploads\/2024\/04\/p-dutertre-chirurgie-traite-d-operations-nouvelles-et-inventions-de-mecanique-servant-de-moyens-secondaires-pour-en-assurer-le-succes-2433-65a93c3be1f-scaled.jpg","width":1920,"height":2560},{"@type":"BreadcrumbList","@id":"https:\/\/www.librairieclavreuil.com\/produit\/chirurgie-traite-doperations-nouvelles-et-inventions-de-mecanique-servant-de-moyens-secondaires-pour-en-assurer-le-succes-p-dutertre\/#breadcrumb","itemListElement":[{"@type":"ListItem","position":1,"name":"Accueil","item":"https:\/\/www.librairieclavreuil.com\/"},{"@type":"ListItem","position":2,"name":"All our books","item":"https:\/\/www.librairieclavreuil.com\/en\/all-our-books\/"},{"@type":"ListItem","position":3,"name":"DUTERTRE P Chirurgie. Trait\u00e9 d&rsquo;op\u00e9rations nouvelles, et inventions..."}]},{"@type":"WebSite","@id":"https:\/\/www.librairieclavreuil.com\/#website","url":"https:\/\/www.librairieclavreuil.com\/","name":"Libairie Clavreuil","description":"Livres anciens, manuscrits rares et \u00e9ditions originales \u2013 Librairie Clavreuil","publisher":{"@id":"https:\/\/www.librairieclavreuil.com\/#organization"},"potentialAction":[{"@type":"SearchAction","target":{"@type":"EntryPoint","urlTemplate":"https:\/\/www.librairieclavreuil.com\/?s={search_term_string}"},"query-input":{"@type":"PropertyValueSpecification","valueRequired":true,"valueName":"search_term_string"}}],"inLanguage":"en-US"},{"@type":"Organization","@id":"https:\/\/www.librairieclavreuil.com\/#organization","name":"Libairie Clavreuil","url":"https:\/\/www.librairieclavreuil.com\/","logo":{"@type":"ImageObject","inLanguage":"en-US","@id":"https:\/\/www.librairieclavreuil.com\/#\/schema\/logo\/image\/","url":"https:\/\/www.librairieclavreuil.com\/wp-content\/uploads\/2021\/06\/cropped-LOGO_PNG_DATE-_gold-512x512-1.png","contentUrl":"https:\/\/www.librairieclavreuil.com\/wp-content\/uploads\/2021\/06\/cropped-LOGO_PNG_DATE-_gold-512x512-1.png","width":512,"height":512,"caption":"Libairie Clavreuil"},"image":{"@id":"https:\/\/www.librairieclavreuil.com\/#\/schema\/logo\/image\/"},"sameAs":["https:\/\/www.instagram.com\/librairieclavreuil\/"]}]}},"jetpack_sharing_enabled":true,"_links":{"self":[{"href":"https:\/\/www.librairieclavreuil.com\/en\/wp-json\/wp\/v2\/product\/73395","targetHints":{"allow":["GET"]}}],"collection":[{"href":"https:\/\/www.librairieclavreuil.com\/en\/wp-json\/wp\/v2\/product"}],"about":[{"href":"https:\/\/www.librairieclavreuil.com\/en\/wp-json\/wp\/v2\/types\/product"}],"replies":[{"embeddable":true,"href":"https:\/\/www.librairieclavreuil.com\/en\/wp-json\/wp\/v2\/comments?post=73395"}],"wp:featuredmedia":[{"embeddable":true,"href":"https:\/\/www.librairieclavreuil.com\/en\/wp-json\/wp\/v2\/media\/73388"}],"wp:attachment":[{"href":"https:\/\/www.librairieclavreuil.com\/en\/wp-json\/wp\/v2\/media?parent=73395"}],"wp:term":[{"taxonomy":"product_brand","embeddable":true,"href":"https:\/\/www.librairieclavreuil.com\/en\/wp-json\/wp\/v2\/product_brand?post=73395"},{"taxonomy":"product_cat","embeddable":true,"href":"https:\/\/www.librairieclavreuil.com\/en\/wp-json\/wp\/v2\/product_cat?post=73395"},{"taxonomy":"product_tag","embeddable":true,"href":"https:\/\/www.librairieclavreuil.com\/en\/wp-json\/wp\/v2\/product_tag?post=73395"}],"curies":[{"name":"wp","href":"https:\/\/api.w.org\/{rel}","templated":true}]}}