{"id":73257,"date":"2024-04-18T15:25:35","date_gmt":"2024-04-18T13:25:35","guid":{"rendered":"https:\/\/clavreuil-wordpress.logiciel-arteo.fr\/de-la-psychose-paranoiaque-dans-ses-rapports-avec-la-personnalite-jacques-lacan\/"},"modified":"2024-07-09T13:01:45","modified_gmt":"2024-07-09T11:01:45","slug":"de-la-psychose-paranoiaque-dans-ses-rapports-avec-la-personnalite-jacques-lacan","status":"publish","type":"product","link":"https:\/\/www.librairieclavreuil.com\/en\/de-la-psychose-paranoiaque-dans-ses-rapports-avec-la-personnalite-jacques-lacan\/","title":{"rendered":"LACAN Jacques De la psychose parano\u00efaque dans ses..."},"content":{"rendered":"<p style=\"text-align:justify\"><span style=\"font-variant:small-caps\">First edition of this original thesis, very rare.<\/span><\/p>\n<p style=\"text-align:justify\">It only got known to the wider public after being first made available 4 decades later by \u00e9dition du Seuil in 1975.<\/p>\n<p style=\"text-align:justify\">In 1932, after a second year at Saint Anne&#8217;s Clinique de Maladies Mentales et de l&#8217;Enc\u00e9phale, Jacques Lacan (1901-1981) became a licensed forensic psychiatrist. In 1932 he was awarded the Dipl\u00f4me d&#8217;\u00c9tat de docteur en m\u00e9decine for his thesi<i>s On Paranoiac Psychosis in its Relations to the Personality<\/i> (<i>De la Psychose parano\u00efaque dans ses rapports avec la personnalit\u00e9 suivi de Premiers \u00e9crits sur la parano\u00efa<\/i>. Paris, Le Fran\u00e7ois for the author, 1932).<\/p>\n<p style=\"text-align:justify\">It had a limited reception in the 1930s because it was not published until four decades later, but it did find acclaim, especially by surrealist artists.<\/p>\n<p style=\"text-align:justify\">This thesis is thought to mark Lacan&#8217;s entry into psychoanalysis. It shows Lacan\u2019s dissatisfaction with traditional psychiatry and the growing influence of Sigmund Freud on his works.<\/p>\n<p style=\"text-align:justify\">Lacan coined the term \u2018Foreclosure\u2019 (also known as &#8220;foreclusion&#8221;; French: forclusion) which he introduced into psychoanalysis to identify a specific psychical cause for psychosis.<\/p>\n<p style=\"text-align:justify\">Very good copy<\/p>\n","protected":false},"excerpt":{"rendered":"<p style=\"text-align:justify\">8vo (222 x 153 mm) XIII, 381 pp., last leaf with colophon. Modern black cloth backed boards.<\/p>\n","protected":false},"featured_media":73252,"comment_status":"open","ping_status":"closed","template":"","meta":{"_acf_changed":false},"product_brand":[],"product_cat":[548],"product_tag":[1450,1314,1310,1311],"class_list":{"0":"post-73257","1":"product","2":"type-product","3":"status-publish","4":"has-post-thumbnail","6":"product_cat-medicine","7":"product_tag-first-edition","8":"product_tag-general-psychiatry","9":"product_tag-psychiatry","10":"product_tag-psychoanalysis","11":"pa_auteur-lacan-jacques-2","12":"pa_type-de-livre-printed-book","14":"first","15":"instock","16":"shipping-taxable","17":"purchasable","18":"product-type-simple"},"acf":{"artist":" Jacques LACAN","chapeau":"","adresse_bibliographique":"Paris, Le Fran\u00e7ois, 1932","book_type":"Printed book","provenance":"From the library of Dr. A.C. Pacheco e Silva with his signature on the title page (dated 21.7.33) and with his book plate.","afficher_prix":""},"yoast_head":"<!-- This site is optimized with the Yoast SEO plugin v24.7 - https:\/\/yoast.com\/wordpress\/plugins\/seo\/ -->\n<title>LACAN Jacques De la psychose parano\u00efaque dans ses rapports avec la personnalit\u00e9. - Libairie Clavreuil<\/title>\n<meta name=\"robots\" content=\"index, follow, max-snippet:-1, max-image-preview:large, max-video-preview:-1\" \/>\n<link rel=\"canonical\" href=\"https:\/\/www.librairieclavreuil.com\/en\/de-la-psychose-paranoiaque-dans-ses-rapports-avec-la-personnalite-jacques-lacan\/\" \/>\n<meta property=\"og:locale\" content=\"en_US\" \/>\n<meta property=\"og:type\" content=\"article\" \/>\n<meta property=\"og:title\" content=\"LACAN Jacques De la psychose parano\u00efaque dans ses rapports avec la personnalit\u00e9. - Libairie Clavreuil\" \/>\n<meta property=\"og:description\" content=\"8vo (222 x 153 mm) XIII, 381 pp., last leaf with colophon. Modern black cloth backed boards.\" \/>\n<meta property=\"og:url\" content=\"https:\/\/www.librairieclavreuil.com\/en\/de-la-psychose-paranoiaque-dans-ses-rapports-avec-la-personnalite-jacques-lacan\/\" \/>\n<meta property=\"og:site_name\" content=\"Libairie Clavreuil\" \/>\n<meta property=\"article:modified_time\" content=\"2024-07-09T11:01:45+00:00\" \/>\n<meta property=\"og:image\" content=\"https:\/\/www.librairieclavreuil.com\/wp-content\/uploads\/2024\/04\/jacques-lacan-de-la-psychose-paranoiaque-dans-ses-rapports-avec-la-personnalite-5040-65a6ba7258af2-scaled.jpg\" \/>\n\t<meta property=\"og:image:width\" content=\"1920\" \/>\n\t<meta property=\"og:image:height\" content=\"2560\" \/>\n\t<meta property=\"og:image:type\" content=\"image\/jpeg\" \/>\n<meta name=\"twitter:card\" content=\"summary_large_image\" \/>\n<meta name=\"twitter:label1\" content=\"Est. reading time\" \/>\n\t<meta name=\"twitter:data1\" content=\"1 minute\" \/>\n<script type=\"application\/ld+json\" class=\"yoast-schema-graph\">{\"@context\":\"https:\/\/schema.org\",\"@graph\":[{\"@type\":\"WebPage\",\"@id\":\"https:\/\/www.librairieclavreuil.com\/en\/de-la-psychose-paranoiaque-dans-ses-rapports-avec-la-personnalite-jacques-lacan\/\",\"url\":\"https:\/\/www.librairieclavreuil.com\/en\/de-la-psychose-paranoiaque-dans-ses-rapports-avec-la-personnalite-jacques-lacan\/\",\"name\":\"LACAN Jacques De la psychose parano\u00efaque dans ses rapports avec la personnalit\u00e9. - Libairie Clavreuil\",\"isPartOf\":{\"@id\":\"https:\/\/www.librairieclavreuil.com\/#website\"},\"primaryImageOfPage\":{\"@id\":\"https:\/\/www.librairieclavreuil.com\/en\/de-la-psychose-paranoiaque-dans-ses-rapports-avec-la-personnalite-jacques-lacan\/#primaryimage\"},\"image\":{\"@id\":\"https:\/\/www.librairieclavreuil.com\/en\/de-la-psychose-paranoiaque-dans-ses-rapports-avec-la-personnalite-jacques-lacan\/#primaryimage\"},\"thumbnailUrl\":\"https:\/\/www.librairieclavreuil.com\/wp-content\/uploads\/2024\/04\/jacques-lacan-de-la-psychose-paranoiaque-dans-ses-rapports-avec-la-personnalite-5040-65a6ba7258af2-scaled.jpg\",\"datePublished\":\"2024-04-18T13:25:35+00:00\",\"dateModified\":\"2024-07-09T11:01:45+00:00\",\"breadcrumb\":{\"@id\":\"https:\/\/www.librairieclavreuil.com\/en\/de-la-psychose-paranoiaque-dans-ses-rapports-avec-la-personnalite-jacques-lacan\/#breadcrumb\"},\"inLanguage\":\"en-US\",\"potentialAction\":[{\"@type\":\"ReadAction\",\"target\":[\"https:\/\/www.librairieclavreuil.com\/en\/de-la-psychose-paranoiaque-dans-ses-rapports-avec-la-personnalite-jacques-lacan\/\"]}]},{\"@type\":\"ImageObject\",\"inLanguage\":\"en-US\",\"@id\":\"https:\/\/www.librairieclavreuil.com\/en\/de-la-psychose-paranoiaque-dans-ses-rapports-avec-la-personnalite-jacques-lacan\/#primaryimage\",\"url\":\"https:\/\/www.librairieclavreuil.com\/wp-content\/uploads\/2024\/04\/jacques-lacan-de-la-psychose-paranoiaque-dans-ses-rapports-avec-la-personnalite-5040-65a6ba7258af2-scaled.jpg\",\"contentUrl\":\"https:\/\/www.librairieclavreuil.com\/wp-content\/uploads\/2024\/04\/jacques-lacan-de-la-psychose-paranoiaque-dans-ses-rapports-avec-la-personnalite-5040-65a6ba7258af2-scaled.jpg\",\"width\":1920,\"height\":2560},{\"@type\":\"BreadcrumbList\",\"@id\":\"https:\/\/www.librairieclavreuil.com\/en\/de-la-psychose-paranoiaque-dans-ses-rapports-avec-la-personnalite-jacques-lacan\/#breadcrumb\",\"itemListElement\":[{\"@type\":\"ListItem\",\"position\":1,\"name\":\"Accueil\",\"item\":\"https:\/\/www.librairieclavreuil.com\/\"},{\"@type\":\"ListItem\",\"position\":2,\"name\":\"All our books\",\"item\":\"https:\/\/www.librairieclavreuil.com\/en\/all-our-books\/\"},{\"@type\":\"ListItem\",\"position\":3,\"name\":\"LACAN Jacques De la psychose parano\u00efaque dans ses rapports avec la personnalit\u00e9.\"}]},{\"@type\":\"WebSite\",\"@id\":\"https:\/\/www.librairieclavreuil.com\/#website\",\"url\":\"https:\/\/www.librairieclavreuil.com\/\",\"name\":\"Libairie Clavreuil\",\"description\":\"Livres anciens, manuscrits rares et \u00e9ditions originales \u2013 Librairie Clavreuil\",\"publisher\":{\"@id\":\"https:\/\/www.librairieclavreuil.com\/#organization\"},\"potentialAction\":[{\"@type\":\"SearchAction\",\"target\":{\"@type\":\"EntryPoint\",\"urlTemplate\":\"https:\/\/www.librairieclavreuil.com\/?s={search_term_string}\"},\"query-input\":{\"@type\":\"PropertyValueSpecification\",\"valueRequired\":true,\"valueName\":\"search_term_string\"}}],\"inLanguage\":\"en-US\"},{\"@type\":\"Organization\",\"@id\":\"https:\/\/www.librairieclavreuil.com\/#organization\",\"name\":\"Libairie Clavreuil\",\"url\":\"https:\/\/www.librairieclavreuil.com\/\",\"logo\":{\"@type\":\"ImageObject\",\"inLanguage\":\"en-US\",\"@id\":\"https:\/\/www.librairieclavreuil.com\/#\/schema\/logo\/image\/\",\"url\":\"https:\/\/www.librairieclavreuil.com\/wp-content\/uploads\/2021\/06\/cropped-LOGO_PNG_DATE-_gold-512x512-1.png\",\"contentUrl\":\"https:\/\/www.librairieclavreuil.com\/wp-content\/uploads\/2021\/06\/cropped-LOGO_PNG_DATE-_gold-512x512-1.png\",\"width\":512,\"height\":512,\"caption\":\"Libairie Clavreuil\"},\"image\":{\"@id\":\"https:\/\/www.librairieclavreuil.com\/#\/schema\/logo\/image\/\"},\"sameAs\":[\"https:\/\/www.instagram.com\/librairieclavreuil\/\"]}]}<\/script>\n<!-- \/ Yoast SEO plugin. -->","yoast_head_json":{"title":"LACAN Jacques De la psychose parano\u00efaque dans ses rapports avec la personnalit\u00e9. - Libairie Clavreuil","robots":{"index":"index","follow":"follow","max-snippet":"max-snippet:-1","max-image-preview":"max-image-preview:large","max-video-preview":"max-video-preview:-1"},"canonical":"https:\/\/www.librairieclavreuil.com\/en\/de-la-psychose-paranoiaque-dans-ses-rapports-avec-la-personnalite-jacques-lacan\/","og_locale":"en_US","og_type":"article","og_title":"LACAN Jacques De la psychose parano\u00efaque dans ses rapports avec la personnalit\u00e9. - Libairie Clavreuil","og_description":"8vo (222 x 153 mm) XIII, 381 pp., last leaf with colophon. Modern black cloth backed boards.","og_url":"https:\/\/www.librairieclavreuil.com\/en\/de-la-psychose-paranoiaque-dans-ses-rapports-avec-la-personnalite-jacques-lacan\/","og_site_name":"Libairie Clavreuil","article_modified_time":"2024-07-09T11:01:45+00:00","og_image":[{"width":1920,"height":2560,"url":"https:\/\/www.librairieclavreuil.com\/wp-content\/uploads\/2024\/04\/jacques-lacan-de-la-psychose-paranoiaque-dans-ses-rapports-avec-la-personnalite-5040-65a6ba7258af2-scaled.jpg","type":"image\/jpeg"}],"twitter_card":"summary_large_image","twitter_misc":{"Est. reading time":"1 minute"},"schema":{"@context":"https:\/\/schema.org","@graph":[{"@type":"WebPage","@id":"https:\/\/www.librairieclavreuil.com\/en\/de-la-psychose-paranoiaque-dans-ses-rapports-avec-la-personnalite-jacques-lacan\/","url":"https:\/\/www.librairieclavreuil.com\/en\/de-la-psychose-paranoiaque-dans-ses-rapports-avec-la-personnalite-jacques-lacan\/","name":"LACAN Jacques De la psychose parano\u00efaque dans ses rapports avec la personnalit\u00e9. - Libairie Clavreuil","isPartOf":{"@id":"https:\/\/www.librairieclavreuil.com\/#website"},"primaryImageOfPage":{"@id":"https:\/\/www.librairieclavreuil.com\/en\/de-la-psychose-paranoiaque-dans-ses-rapports-avec-la-personnalite-jacques-lacan\/#primaryimage"},"image":{"@id":"https:\/\/www.librairieclavreuil.com\/en\/de-la-psychose-paranoiaque-dans-ses-rapports-avec-la-personnalite-jacques-lacan\/#primaryimage"},"thumbnailUrl":"https:\/\/www.librairieclavreuil.com\/wp-content\/uploads\/2024\/04\/jacques-lacan-de-la-psychose-paranoiaque-dans-ses-rapports-avec-la-personnalite-5040-65a6ba7258af2-scaled.jpg","datePublished":"2024-04-18T13:25:35+00:00","dateModified":"2024-07-09T11:01:45+00:00","breadcrumb":{"@id":"https:\/\/www.librairieclavreuil.com\/en\/de-la-psychose-paranoiaque-dans-ses-rapports-avec-la-personnalite-jacques-lacan\/#breadcrumb"},"inLanguage":"en-US","potentialAction":[{"@type":"ReadAction","target":["https:\/\/www.librairieclavreuil.com\/en\/de-la-psychose-paranoiaque-dans-ses-rapports-avec-la-personnalite-jacques-lacan\/"]}]},{"@type":"ImageObject","inLanguage":"en-US","@id":"https:\/\/www.librairieclavreuil.com\/en\/de-la-psychose-paranoiaque-dans-ses-rapports-avec-la-personnalite-jacques-lacan\/#primaryimage","url":"https:\/\/www.librairieclavreuil.com\/wp-content\/uploads\/2024\/04\/jacques-lacan-de-la-psychose-paranoiaque-dans-ses-rapports-avec-la-personnalite-5040-65a6ba7258af2-scaled.jpg","contentUrl":"https:\/\/www.librairieclavreuil.com\/wp-content\/uploads\/2024\/04\/jacques-lacan-de-la-psychose-paranoiaque-dans-ses-rapports-avec-la-personnalite-5040-65a6ba7258af2-scaled.jpg","width":1920,"height":2560},{"@type":"BreadcrumbList","@id":"https:\/\/www.librairieclavreuil.com\/en\/de-la-psychose-paranoiaque-dans-ses-rapports-avec-la-personnalite-jacques-lacan\/#breadcrumb","itemListElement":[{"@type":"ListItem","position":1,"name":"Accueil","item":"https:\/\/www.librairieclavreuil.com\/"},{"@type":"ListItem","position":2,"name":"All our books","item":"https:\/\/www.librairieclavreuil.com\/en\/all-our-books\/"},{"@type":"ListItem","position":3,"name":"LACAN Jacques De la psychose parano\u00efaque dans ses rapports avec la personnalit\u00e9."}]},{"@type":"WebSite","@id":"https:\/\/www.librairieclavreuil.com\/#website","url":"https:\/\/www.librairieclavreuil.com\/","name":"Libairie Clavreuil","description":"Livres anciens, manuscrits rares et \u00e9ditions originales \u2013 Librairie Clavreuil","publisher":{"@id":"https:\/\/www.librairieclavreuil.com\/#organization"},"potentialAction":[{"@type":"SearchAction","target":{"@type":"EntryPoint","urlTemplate":"https:\/\/www.librairieclavreuil.com\/?s={search_term_string}"},"query-input":{"@type":"PropertyValueSpecification","valueRequired":true,"valueName":"search_term_string"}}],"inLanguage":"en-US"},{"@type":"Organization","@id":"https:\/\/www.librairieclavreuil.com\/#organization","name":"Libairie Clavreuil","url":"https:\/\/www.librairieclavreuil.com\/","logo":{"@type":"ImageObject","inLanguage":"en-US","@id":"https:\/\/www.librairieclavreuil.com\/#\/schema\/logo\/image\/","url":"https:\/\/www.librairieclavreuil.com\/wp-content\/uploads\/2021\/06\/cropped-LOGO_PNG_DATE-_gold-512x512-1.png","contentUrl":"https:\/\/www.librairieclavreuil.com\/wp-content\/uploads\/2021\/06\/cropped-LOGO_PNG_DATE-_gold-512x512-1.png","width":512,"height":512,"caption":"Libairie Clavreuil"},"image":{"@id":"https:\/\/www.librairieclavreuil.com\/#\/schema\/logo\/image\/"},"sameAs":["https:\/\/www.instagram.com\/librairieclavreuil\/"]}]}},"jetpack_sharing_enabled":true,"_links":{"self":[{"href":"https:\/\/www.librairieclavreuil.com\/en\/wp-json\/wp\/v2\/product\/73257","targetHints":{"allow":["GET"]}}],"collection":[{"href":"https:\/\/www.librairieclavreuil.com\/en\/wp-json\/wp\/v2\/product"}],"about":[{"href":"https:\/\/www.librairieclavreuil.com\/en\/wp-json\/wp\/v2\/types\/product"}],"replies":[{"embeddable":true,"href":"https:\/\/www.librairieclavreuil.com\/en\/wp-json\/wp\/v2\/comments?post=73257"}],"wp:featuredmedia":[{"embeddable":true,"href":"https:\/\/www.librairieclavreuil.com\/en\/wp-json\/wp\/v2\/media\/73252"}],"wp:attachment":[{"href":"https:\/\/www.librairieclavreuil.com\/en\/wp-json\/wp\/v2\/media?parent=73257"}],"wp:term":[{"taxonomy":"product_brand","embeddable":true,"href":"https:\/\/www.librairieclavreuil.com\/en\/wp-json\/wp\/v2\/product_brand?post=73257"},{"taxonomy":"product_cat","embeddable":true,"href":"https:\/\/www.librairieclavreuil.com\/en\/wp-json\/wp\/v2\/product_cat?post=73257"},{"taxonomy":"product_tag","embeddable":true,"href":"https:\/\/www.librairieclavreuil.com\/en\/wp-json\/wp\/v2\/product_tag?post=73257"}],"curies":[{"name":"wp","href":"https:\/\/api.w.org\/{rel}","templated":true}]}}