{"id":73251,"date":"2024-04-18T15:25:01","date_gmt":"2024-04-18T13:25:01","guid":{"rendered":"https:\/\/clavreuil-wordpress.logiciel-arteo.fr\/de-lauscultation-appliquee-au-systeme-vasculaire-des-femmes-enceintes-des-nouvelles-accouchees-et-du-foetus-pendant-la-vie-intra-uterine-et-immediatement-apres-la-naissance-jean-marie-jacquemier\/"},"modified":"2024-07-10T17:27:46","modified_gmt":"2024-07-10T15:27:46","slug":"de-lauscultation-appliquee-au-systeme-vasculaire-des-femmes-enceintes-des-nouvelles-accouchees-et-du-foetus-pendant-la-vie-intra-uterine-et-immediatement-apres-la-naissance-jean-marie-jacquemier","status":"publish","type":"product","link":"https:\/\/www.librairieclavreuil.com\/en\/de-lauscultation-appliquee-au-systeme-vasculaire-des-femmes-enceintes-des-nouvelles-accouchees-et-du-foetus-pendant-la-vie-intra-uterine-et-immediatement-apres-la-naissance-jean-marie-jacquemier\/","title":{"rendered":"JACQUEMIER Jean-Marie De l&#8217;auscultation appliqu\u00e9e au syst\u00e8me vasculaire..."},"content":{"rendered":"<p style=\"text-align:justify\"><i>Garrison-Morton, 6174 ; not in Waller nor Wellcome.<\/i><\/p>\n<p style=\"text-align:justify\"><span style=\"font-variant:small-caps\">First edition.<\/span><\/p>\n<p style=\"text-align:justify\">Doctoral thesis.<\/p>\n<p style=\"text-align:justify\">Jacquemier was one of the most famous obstetricians of his time. He left his name to a universally known obstetrical manoeuvre. He was also the first to apply Laennec&#8217;s auscultation method to pregnancy monitoring.<\/p>\n<p style=\"text-align:justify\">Garrison-Morton cites this work from a 1838 publication in the <i>Archives G\u00e9n\u00e9rales de M\u00e9decine<\/i>.<\/p>\n","protected":false},"excerpt":{"rendered":"<p style=\"text-align:justify\">4to (244 x 180 mm) 40 pp. Modern half black shagreen.<\/p>\n","protected":false},"featured_media":73246,"comment_status":"open","ping_status":"closed","template":"","meta":{"_acf_changed":false},"product_brand":[],"product_cat":[548],"product_tag":[1450,1297,1293,1235],"class_list":{"0":"post-73251","1":"product","2":"type-product","3":"status-publish","4":"has-post-thumbnail","6":"product_cat-medicine","7":"product_tag-first-edition","8":"product_tag-gynaecology-and-obstetrics","9":"product_tag-medical-thesis","10":"product_tag-women","11":"pa_auteur-jacquemier-jean-marie-2","12":"pa_type-de-livre-printed-book","14":"first","15":"instock","16":"shipping-taxable","17":"purchasable","18":"product-type-simple"},"acf":{"artist":" Jean-Marie JACQUEMIER","chapeau":"First examination of a pregnant woman","adresse_bibliographique":"Paris, Rignoux, 1837","book_type":"Printed book","provenance":"","afficher_prix":""},"yoast_head":"<!-- This site is optimized with the Yoast SEO plugin v24.7 - https:\/\/yoast.com\/wordpress\/plugins\/seo\/ -->\n<title>JACQUEMIER Jean-Marie De l&#039;auscultation appliqu\u00e9e au syst\u00e8me vasculaire des femmes enceintes, des nouvelles accouch\u00e9es et du f\u0153tus, pendant la vie intra-ut\u00e9rine et imm\u00e9diatement apr\u00e8s la naissance. - Libairie Clavreuil<\/title>\n<meta name=\"robots\" content=\"index, follow, max-snippet:-1, max-image-preview:large, max-video-preview:-1\" \/>\n<link rel=\"canonical\" href=\"https:\/\/www.librairieclavreuil.com\/produit\/de-lauscultation-appliquee-au-systeme-vasculaire-des-femmes-enceintes-des-nouvelles-accouchees-et-du-foetus-pendant-la-vie-intra-uterine-et-immediatement-apres-la-naissance-jean-marie-jacquemier\/\" \/>\n<meta property=\"og:locale\" content=\"en_US\" \/>\n<meta property=\"og:type\" content=\"article\" \/>\n<meta property=\"og:title\" content=\"JACQUEMIER Jean-Marie De l&#039;auscultation appliqu\u00e9e au syst\u00e8me vasculaire des femmes enceintes, des nouvelles accouch\u00e9es et du f\u0153tus, pendant la vie intra-ut\u00e9rine et imm\u00e9diatement apr\u00e8s la naissance. - Libairie Clavreuil\" \/>\n<meta property=\"og:description\" content=\"4to (244 x 180 mm) 40 pp. Modern half black shagreen.\" \/>\n<meta property=\"og:url\" content=\"https:\/\/www.librairieclavreuil.com\/produit\/de-lauscultation-appliquee-au-systeme-vasculaire-des-femmes-enceintes-des-nouvelles-accouchees-et-du-foetus-pendant-la-vie-intra-uterine-et-immediatement-apres-la-naissance-jean-marie-jacquemier\/\" \/>\n<meta property=\"og:site_name\" content=\"Libairie Clavreuil\" \/>\n<meta property=\"article:modified_time\" content=\"2024-07-10T15:27:46+00:00\" \/>\n<meta property=\"og:image\" content=\"https:\/\/www.librairieclavreuil.com\/wp-content\/uploads\/2024\/04\/jean-marie-jacquemier-de-l-auscultation-appliquee-au-systeme-vasculaire-des-femmes-enceintes-des-nouvelles-accouchees-et-du-foetus-pendant-la-vie-intr-scaled.jpg\" \/>\n\t<meta property=\"og:image:width\" content=\"1742\" \/>\n\t<meta property=\"og:image:height\" content=\"2560\" \/>\n\t<meta property=\"og:image:type\" content=\"image\/jpeg\" \/>\n<meta name=\"twitter:card\" content=\"summary_large_image\" \/>\n<script type=\"application\/ld+json\" class=\"yoast-schema-graph\">{\"@context\":\"https:\/\/schema.org\",\"@graph\":[{\"@type\":\"WebPage\",\"@id\":\"https:\/\/www.librairieclavreuil.com\/produit\/de-lauscultation-appliquee-au-systeme-vasculaire-des-femmes-enceintes-des-nouvelles-accouchees-et-du-foetus-pendant-la-vie-intra-uterine-et-immediatement-apres-la-naissance-jean-marie-jacquemier\/\",\"url\":\"https:\/\/www.librairieclavreuil.com\/produit\/de-lauscultation-appliquee-au-systeme-vasculaire-des-femmes-enceintes-des-nouvelles-accouchees-et-du-foetus-pendant-la-vie-intra-uterine-et-immediatement-apres-la-naissance-jean-marie-jacquemier\/\",\"name\":\"JACQUEMIER Jean-Marie De l'auscultation appliqu\u00e9e au syst\u00e8me vasculaire des femmes enceintes, des nouvelles accouch\u00e9es et du f\u0153tus, pendant la vie intra-ut\u00e9rine et imm\u00e9diatement apr\u00e8s la naissance. - Libairie Clavreuil\",\"isPartOf\":{\"@id\":\"https:\/\/www.librairieclavreuil.com\/#website\"},\"primaryImageOfPage\":{\"@id\":\"https:\/\/www.librairieclavreuil.com\/produit\/de-lauscultation-appliquee-au-systeme-vasculaire-des-femmes-enceintes-des-nouvelles-accouchees-et-du-foetus-pendant-la-vie-intra-uterine-et-immediatement-apres-la-naissance-jean-marie-jacquemier\/#primaryimage\"},\"image\":{\"@id\":\"https:\/\/www.librairieclavreuil.com\/produit\/de-lauscultation-appliquee-au-systeme-vasculaire-des-femmes-enceintes-des-nouvelles-accouchees-et-du-foetus-pendant-la-vie-intra-uterine-et-immediatement-apres-la-naissance-jean-marie-jacquemier\/#primaryimage\"},\"thumbnailUrl\":\"https:\/\/www.librairieclavreuil.com\/wp-content\/uploads\/2024\/04\/jean-marie-jacquemier-de-l-auscultation-appliquee-au-systeme-vasculaire-des-femmes-enceintes-des-nouvelles-accouchees-et-du-foetus-pendant-la-vie-intr-scaled.jpg\",\"datePublished\":\"2024-04-18T13:25:01+00:00\",\"dateModified\":\"2024-07-10T15:27:46+00:00\",\"breadcrumb\":{\"@id\":\"https:\/\/www.librairieclavreuil.com\/produit\/de-lauscultation-appliquee-au-systeme-vasculaire-des-femmes-enceintes-des-nouvelles-accouchees-et-du-foetus-pendant-la-vie-intra-uterine-et-immediatement-apres-la-naissance-jean-marie-jacquemier\/#breadcrumb\"},\"inLanguage\":\"en-US\",\"potentialAction\":[{\"@type\":\"ReadAction\",\"target\":[\"https:\/\/www.librairieclavreuil.com\/produit\/de-lauscultation-appliquee-au-systeme-vasculaire-des-femmes-enceintes-des-nouvelles-accouchees-et-du-foetus-pendant-la-vie-intra-uterine-et-immediatement-apres-la-naissance-jean-marie-jacquemier\/\"]}]},{\"@type\":\"ImageObject\",\"inLanguage\":\"en-US\",\"@id\":\"https:\/\/www.librairieclavreuil.com\/produit\/de-lauscultation-appliquee-au-systeme-vasculaire-des-femmes-enceintes-des-nouvelles-accouchees-et-du-foetus-pendant-la-vie-intra-uterine-et-immediatement-apres-la-naissance-jean-marie-jacquemier\/#primaryimage\",\"url\":\"https:\/\/www.librairieclavreuil.com\/wp-content\/uploads\/2024\/04\/jean-marie-jacquemier-de-l-auscultation-appliquee-au-systeme-vasculaire-des-femmes-enceintes-des-nouvelles-accouchees-et-du-foetus-pendant-la-vie-intr-scaled.jpg\",\"contentUrl\":\"https:\/\/www.librairieclavreuil.com\/wp-content\/uploads\/2024\/04\/jean-marie-jacquemier-de-l-auscultation-appliquee-au-systeme-vasculaire-des-femmes-enceintes-des-nouvelles-accouchees-et-du-foetus-pendant-la-vie-intr-scaled.jpg\",\"width\":1742,\"height\":2560},{\"@type\":\"BreadcrumbList\",\"@id\":\"https:\/\/www.librairieclavreuil.com\/produit\/de-lauscultation-appliquee-au-systeme-vasculaire-des-femmes-enceintes-des-nouvelles-accouchees-et-du-foetus-pendant-la-vie-intra-uterine-et-immediatement-apres-la-naissance-jean-marie-jacquemier\/#breadcrumb\",\"itemListElement\":[{\"@type\":\"ListItem\",\"position\":1,\"name\":\"Accueil\",\"item\":\"https:\/\/www.librairieclavreuil.com\/\"},{\"@type\":\"ListItem\",\"position\":2,\"name\":\"All our books\",\"item\":\"https:\/\/www.librairieclavreuil.com\/en\/all-our-books\/\"},{\"@type\":\"ListItem\",\"position\":3,\"name\":\"JACQUEMIER Jean-Marie De l&rsquo;auscultation appliqu\u00e9e au syst\u00e8me vasculaire...\"}]},{\"@type\":\"WebSite\",\"@id\":\"https:\/\/www.librairieclavreuil.com\/#website\",\"url\":\"https:\/\/www.librairieclavreuil.com\/\",\"name\":\"Libairie Clavreuil\",\"description\":\"Livres anciens, manuscrits rares et \u00e9ditions originales \u2013 Librairie Clavreuil\",\"publisher\":{\"@id\":\"https:\/\/www.librairieclavreuil.com\/#organization\"},\"potentialAction\":[{\"@type\":\"SearchAction\",\"target\":{\"@type\":\"EntryPoint\",\"urlTemplate\":\"https:\/\/www.librairieclavreuil.com\/?s={search_term_string}\"},\"query-input\":{\"@type\":\"PropertyValueSpecification\",\"valueRequired\":true,\"valueName\":\"search_term_string\"}}],\"inLanguage\":\"en-US\"},{\"@type\":\"Organization\",\"@id\":\"https:\/\/www.librairieclavreuil.com\/#organization\",\"name\":\"Libairie Clavreuil\",\"url\":\"https:\/\/www.librairieclavreuil.com\/\",\"logo\":{\"@type\":\"ImageObject\",\"inLanguage\":\"en-US\",\"@id\":\"https:\/\/www.librairieclavreuil.com\/#\/schema\/logo\/image\/\",\"url\":\"https:\/\/www.librairieclavreuil.com\/wp-content\/uploads\/2021\/06\/cropped-LOGO_PNG_DATE-_gold-512x512-1.png\",\"contentUrl\":\"https:\/\/www.librairieclavreuil.com\/wp-content\/uploads\/2021\/06\/cropped-LOGO_PNG_DATE-_gold-512x512-1.png\",\"width\":512,\"height\":512,\"caption\":\"Libairie Clavreuil\"},\"image\":{\"@id\":\"https:\/\/www.librairieclavreuil.com\/#\/schema\/logo\/image\/\"},\"sameAs\":[\"https:\/\/www.instagram.com\/librairieclavreuil\/\"]}]}<\/script>\n<!-- \/ Yoast SEO plugin. -->","yoast_head_json":{"title":"JACQUEMIER Jean-Marie De l'auscultation appliqu\u00e9e au syst\u00e8me vasculaire des femmes enceintes, des nouvelles accouch\u00e9es et du f\u0153tus, pendant la vie intra-ut\u00e9rine et imm\u00e9diatement apr\u00e8s la naissance. - Libairie Clavreuil","robots":{"index":"index","follow":"follow","max-snippet":"max-snippet:-1","max-image-preview":"max-image-preview:large","max-video-preview":"max-video-preview:-1"},"canonical":"https:\/\/www.librairieclavreuil.com\/produit\/de-lauscultation-appliquee-au-systeme-vasculaire-des-femmes-enceintes-des-nouvelles-accouchees-et-du-foetus-pendant-la-vie-intra-uterine-et-immediatement-apres-la-naissance-jean-marie-jacquemier\/","og_locale":"en_US","og_type":"article","og_title":"JACQUEMIER Jean-Marie De l'auscultation appliqu\u00e9e au syst\u00e8me vasculaire des femmes enceintes, des nouvelles accouch\u00e9es et du f\u0153tus, pendant la vie intra-ut\u00e9rine et imm\u00e9diatement apr\u00e8s la naissance. - Libairie Clavreuil","og_description":"4to (244 x 180 mm) 40 pp. Modern half black shagreen.","og_url":"https:\/\/www.librairieclavreuil.com\/produit\/de-lauscultation-appliquee-au-systeme-vasculaire-des-femmes-enceintes-des-nouvelles-accouchees-et-du-foetus-pendant-la-vie-intra-uterine-et-immediatement-apres-la-naissance-jean-marie-jacquemier\/","og_site_name":"Libairie Clavreuil","article_modified_time":"2024-07-10T15:27:46+00:00","og_image":[{"width":1742,"height":2560,"url":"https:\/\/www.librairieclavreuil.com\/wp-content\/uploads\/2024\/04\/jean-marie-jacquemier-de-l-auscultation-appliquee-au-systeme-vasculaire-des-femmes-enceintes-des-nouvelles-accouchees-et-du-foetus-pendant-la-vie-intr-scaled.jpg","type":"image\/jpeg"}],"twitter_card":"summary_large_image","schema":{"@context":"https:\/\/schema.org","@graph":[{"@type":"WebPage","@id":"https:\/\/www.librairieclavreuil.com\/produit\/de-lauscultation-appliquee-au-systeme-vasculaire-des-femmes-enceintes-des-nouvelles-accouchees-et-du-foetus-pendant-la-vie-intra-uterine-et-immediatement-apres-la-naissance-jean-marie-jacquemier\/","url":"https:\/\/www.librairieclavreuil.com\/produit\/de-lauscultation-appliquee-au-systeme-vasculaire-des-femmes-enceintes-des-nouvelles-accouchees-et-du-foetus-pendant-la-vie-intra-uterine-et-immediatement-apres-la-naissance-jean-marie-jacquemier\/","name":"JACQUEMIER Jean-Marie De l'auscultation appliqu\u00e9e au syst\u00e8me vasculaire des femmes enceintes, des nouvelles accouch\u00e9es et du f\u0153tus, pendant la vie intra-ut\u00e9rine et imm\u00e9diatement apr\u00e8s la naissance. - Libairie Clavreuil","isPartOf":{"@id":"https:\/\/www.librairieclavreuil.com\/#website"},"primaryImageOfPage":{"@id":"https:\/\/www.librairieclavreuil.com\/produit\/de-lauscultation-appliquee-au-systeme-vasculaire-des-femmes-enceintes-des-nouvelles-accouchees-et-du-foetus-pendant-la-vie-intra-uterine-et-immediatement-apres-la-naissance-jean-marie-jacquemier\/#primaryimage"},"image":{"@id":"https:\/\/www.librairieclavreuil.com\/produit\/de-lauscultation-appliquee-au-systeme-vasculaire-des-femmes-enceintes-des-nouvelles-accouchees-et-du-foetus-pendant-la-vie-intra-uterine-et-immediatement-apres-la-naissance-jean-marie-jacquemier\/#primaryimage"},"thumbnailUrl":"https:\/\/www.librairieclavreuil.com\/wp-content\/uploads\/2024\/04\/jean-marie-jacquemier-de-l-auscultation-appliquee-au-systeme-vasculaire-des-femmes-enceintes-des-nouvelles-accouchees-et-du-foetus-pendant-la-vie-intr-scaled.jpg","datePublished":"2024-04-18T13:25:01+00:00","dateModified":"2024-07-10T15:27:46+00:00","breadcrumb":{"@id":"https:\/\/www.librairieclavreuil.com\/produit\/de-lauscultation-appliquee-au-systeme-vasculaire-des-femmes-enceintes-des-nouvelles-accouchees-et-du-foetus-pendant-la-vie-intra-uterine-et-immediatement-apres-la-naissance-jean-marie-jacquemier\/#breadcrumb"},"inLanguage":"en-US","potentialAction":[{"@type":"ReadAction","target":["https:\/\/www.librairieclavreuil.com\/produit\/de-lauscultation-appliquee-au-systeme-vasculaire-des-femmes-enceintes-des-nouvelles-accouchees-et-du-foetus-pendant-la-vie-intra-uterine-et-immediatement-apres-la-naissance-jean-marie-jacquemier\/"]}]},{"@type":"ImageObject","inLanguage":"en-US","@id":"https:\/\/www.librairieclavreuil.com\/produit\/de-lauscultation-appliquee-au-systeme-vasculaire-des-femmes-enceintes-des-nouvelles-accouchees-et-du-foetus-pendant-la-vie-intra-uterine-et-immediatement-apres-la-naissance-jean-marie-jacquemier\/#primaryimage","url":"https:\/\/www.librairieclavreuil.com\/wp-content\/uploads\/2024\/04\/jean-marie-jacquemier-de-l-auscultation-appliquee-au-systeme-vasculaire-des-femmes-enceintes-des-nouvelles-accouchees-et-du-foetus-pendant-la-vie-intr-scaled.jpg","contentUrl":"https:\/\/www.librairieclavreuil.com\/wp-content\/uploads\/2024\/04\/jean-marie-jacquemier-de-l-auscultation-appliquee-au-systeme-vasculaire-des-femmes-enceintes-des-nouvelles-accouchees-et-du-foetus-pendant-la-vie-intr-scaled.jpg","width":1742,"height":2560},{"@type":"BreadcrumbList","@id":"https:\/\/www.librairieclavreuil.com\/produit\/de-lauscultation-appliquee-au-systeme-vasculaire-des-femmes-enceintes-des-nouvelles-accouchees-et-du-foetus-pendant-la-vie-intra-uterine-et-immediatement-apres-la-naissance-jean-marie-jacquemier\/#breadcrumb","itemListElement":[{"@type":"ListItem","position":1,"name":"Accueil","item":"https:\/\/www.librairieclavreuil.com\/"},{"@type":"ListItem","position":2,"name":"All our books","item":"https:\/\/www.librairieclavreuil.com\/en\/all-our-books\/"},{"@type":"ListItem","position":3,"name":"JACQUEMIER Jean-Marie De l&rsquo;auscultation appliqu\u00e9e au syst\u00e8me vasculaire..."}]},{"@type":"WebSite","@id":"https:\/\/www.librairieclavreuil.com\/#website","url":"https:\/\/www.librairieclavreuil.com\/","name":"Libairie Clavreuil","description":"Livres anciens, manuscrits rares et \u00e9ditions originales \u2013 Librairie Clavreuil","publisher":{"@id":"https:\/\/www.librairieclavreuil.com\/#organization"},"potentialAction":[{"@type":"SearchAction","target":{"@type":"EntryPoint","urlTemplate":"https:\/\/www.librairieclavreuil.com\/?s={search_term_string}"},"query-input":{"@type":"PropertyValueSpecification","valueRequired":true,"valueName":"search_term_string"}}],"inLanguage":"en-US"},{"@type":"Organization","@id":"https:\/\/www.librairieclavreuil.com\/#organization","name":"Libairie Clavreuil","url":"https:\/\/www.librairieclavreuil.com\/","logo":{"@type":"ImageObject","inLanguage":"en-US","@id":"https:\/\/www.librairieclavreuil.com\/#\/schema\/logo\/image\/","url":"https:\/\/www.librairieclavreuil.com\/wp-content\/uploads\/2021\/06\/cropped-LOGO_PNG_DATE-_gold-512x512-1.png","contentUrl":"https:\/\/www.librairieclavreuil.com\/wp-content\/uploads\/2021\/06\/cropped-LOGO_PNG_DATE-_gold-512x512-1.png","width":512,"height":512,"caption":"Libairie Clavreuil"},"image":{"@id":"https:\/\/www.librairieclavreuil.com\/#\/schema\/logo\/image\/"},"sameAs":["https:\/\/www.instagram.com\/librairieclavreuil\/"]}]}},"jetpack_sharing_enabled":true,"_links":{"self":[{"href":"https:\/\/www.librairieclavreuil.com\/en\/wp-json\/wp\/v2\/product\/73251","targetHints":{"allow":["GET"]}}],"collection":[{"href":"https:\/\/www.librairieclavreuil.com\/en\/wp-json\/wp\/v2\/product"}],"about":[{"href":"https:\/\/www.librairieclavreuil.com\/en\/wp-json\/wp\/v2\/types\/product"}],"replies":[{"embeddable":true,"href":"https:\/\/www.librairieclavreuil.com\/en\/wp-json\/wp\/v2\/comments?post=73251"}],"wp:featuredmedia":[{"embeddable":true,"href":"https:\/\/www.librairieclavreuil.com\/en\/wp-json\/wp\/v2\/media\/73246"}],"wp:attachment":[{"href":"https:\/\/www.librairieclavreuil.com\/en\/wp-json\/wp\/v2\/media?parent=73251"}],"wp:term":[{"taxonomy":"product_brand","embeddable":true,"href":"https:\/\/www.librairieclavreuil.com\/en\/wp-json\/wp\/v2\/product_brand?post=73251"},{"taxonomy":"product_cat","embeddable":true,"href":"https:\/\/www.librairieclavreuil.com\/en\/wp-json\/wp\/v2\/product_cat?post=73251"},{"taxonomy":"product_tag","embeddable":true,"href":"https:\/\/www.librairieclavreuil.com\/en\/wp-json\/wp\/v2\/product_tag?post=73251"}],"curies":[{"name":"wp","href":"https:\/\/api.w.org\/{rel}","templated":true}]}}