{"id":73219,"date":"2024-04-18T15:08:04","date_gmt":"2024-04-18T13:08:04","guid":{"rendered":"https:\/\/clavreuil-wordpress.logiciel-arteo.fr\/essai-sur-lidiotie-belhomme-docteur-jacques-etienne\/"},"modified":"2024-07-10T15:09:39","modified_gmt":"2024-07-10T13:09:39","slug":"essai-sur-lidiotie-belhomme-docteur-jacques-etienne","status":"publish","type":"product","link":"https:\/\/www.librairieclavreuil.com\/en\/essai-sur-lidiotie-belhomme-docteur-jacques-etienne\/","title":{"rendered":"BELHOMME Docteur Jacques-\u00c9tienne Essai sur l\u2019idiotie\u2026"},"content":{"rendered":"<p><i>Semelaigne, I, p. 257.<\/i><\/p>\n<p><span style=\"font-variant:small-caps\">First edition.<\/span><\/p>\n<p>Thesis by J.E. Belhomme. Born in 1800, the author studied classics and medicine in Paris.<\/p>\n<p>\u00ab \u00c9l\u00e8ve d\u2019Esquirol, et attach\u00e9, \u00e0 la Salp\u00eatri\u00e8re, \u00e0 la section des idiots, il entrevit la possibilit\u00e9 d\u2019am\u00e9liorer leur condition physique et, jusqu\u2019\u00e0 un certain point, leur \u00e9tat intellectuel. Telle est l\u2019origine de sa th\u00e8se de doctorat, soutenue le 1er juillet 1824 [\u2026]. C\u2019est, nous dit Delasiauve, &#8220;une vraie monographie, remarquable surtout en ce sens qu\u2019elle appelle positivement sur les idiots les bienfaits de l\u2019\u00e9ducation, et tend \u00e0 faire cesser l\u2019abandon o\u00f9 on les laissait languir.&#8221; \u00bb<\/p>\n<p>Nice copy.<\/p>\n","protected":false},"excerpt":{"rendered":"<p style=\"text-align:justify\">4to (245 x 195) 44 pp. Modern half black long-grained morroco.<\/p>\n","protected":false},"featured_media":73214,"comment_status":"open","ping_status":"closed","template":"","meta":{"_acf_changed":false},"product_brand":[],"product_cat":[548],"product_tag":[1450,1312,1311],"class_list":{"0":"post-73219","1":"product","2":"type-product","3":"status-publish","4":"has-post-thumbnail","6":"product_cat-medicine","7":"product_tag-first-edition","8":"product_tag-neurology","9":"product_tag-psychoanalysis","10":"pa_auteur-belhomme-docteur-jacques-etienne-2","11":"pa_type-de-livre-printed-book","13":"first","14":"instock","15":"shipping-taxable","16":"purchasable","17":"product-type-simple"},"acf":{"artist":" BELHOMME Docteur Jacques-\u00c9tienne","chapeau":"","adresse_bibliographique":"Paris, Didot le Jeune, 1824","book_type":"Printed book","provenance":"","afficher_prix":""},"yoast_head":"<!-- This site is optimized with the Yoast SEO plugin v24.7 - https:\/\/yoast.com\/wordpress\/plugins\/seo\/ -->\n<title>BELHOMME Docteur Jacques-\u00c9tienne  Essai sur l\u2019idiotie\u2026 - Libairie Clavreuil<\/title>\n<meta name=\"robots\" content=\"index, follow, max-snippet:-1, max-image-preview:large, max-video-preview:-1\" \/>\n<link rel=\"canonical\" href=\"https:\/\/www.librairieclavreuil.com\/produit\/essai-sur-lidiotie-belhomme-docteur-jacques-etienne\/\" \/>\n<meta property=\"og:locale\" content=\"en_US\" \/>\n<meta property=\"og:type\" content=\"article\" \/>\n<meta property=\"og:title\" content=\"BELHOMME Docteur Jacques-\u00c9tienne  Essai sur l\u2019idiotie\u2026 - Libairie Clavreuil\" \/>\n<meta property=\"og:description\" content=\"4to (245 x 195) 44 pp. Modern half black long-grained morroco.\" \/>\n<meta property=\"og:url\" content=\"https:\/\/www.librairieclavreuil.com\/produit\/essai-sur-lidiotie-belhomme-docteur-jacques-etienne\/\" \/>\n<meta property=\"og:site_name\" content=\"Libairie Clavreuil\" \/>\n<meta property=\"article:modified_time\" content=\"2024-07-10T13:09:39+00:00\" \/>\n<meta property=\"og:image\" content=\"https:\/\/www.librairieclavreuil.com\/wp-content\/uploads\/2024\/04\/belhomme-docteur-jacques-etienne-essai-sur-l-idiotie-5166-65982d7c3d541-scaled.jpg\" \/>\n\t<meta property=\"og:image:width\" content=\"1920\" \/>\n\t<meta property=\"og:image:height\" content=\"2560\" \/>\n\t<meta property=\"og:image:type\" content=\"image\/jpeg\" \/>\n<meta name=\"twitter:card\" content=\"summary_large_image\" \/>\n<meta name=\"twitter:label1\" content=\"Est. reading time\" \/>\n\t<meta name=\"twitter:data1\" content=\"1 minute\" \/>\n<script type=\"application\/ld+json\" class=\"yoast-schema-graph\">{\"@context\":\"https:\/\/schema.org\",\"@graph\":[{\"@type\":\"WebPage\",\"@id\":\"https:\/\/www.librairieclavreuil.com\/produit\/essai-sur-lidiotie-belhomme-docteur-jacques-etienne\/\",\"url\":\"https:\/\/www.librairieclavreuil.com\/produit\/essai-sur-lidiotie-belhomme-docteur-jacques-etienne\/\",\"name\":\"BELHOMME Docteur Jacques-\u00c9tienne Essai sur l\u2019idiotie\u2026 - Libairie Clavreuil\",\"isPartOf\":{\"@id\":\"https:\/\/www.librairieclavreuil.com\/#website\"},\"primaryImageOfPage\":{\"@id\":\"https:\/\/www.librairieclavreuil.com\/produit\/essai-sur-lidiotie-belhomme-docteur-jacques-etienne\/#primaryimage\"},\"image\":{\"@id\":\"https:\/\/www.librairieclavreuil.com\/produit\/essai-sur-lidiotie-belhomme-docteur-jacques-etienne\/#primaryimage\"},\"thumbnailUrl\":\"https:\/\/www.librairieclavreuil.com\/wp-content\/uploads\/2024\/04\/belhomme-docteur-jacques-etienne-essai-sur-l-idiotie-5166-65982d7c3d541-scaled.jpg\",\"datePublished\":\"2024-04-18T13:08:04+00:00\",\"dateModified\":\"2024-07-10T13:09:39+00:00\",\"breadcrumb\":{\"@id\":\"https:\/\/www.librairieclavreuil.com\/produit\/essai-sur-lidiotie-belhomme-docteur-jacques-etienne\/#breadcrumb\"},\"inLanguage\":\"en-US\",\"potentialAction\":[{\"@type\":\"ReadAction\",\"target\":[\"https:\/\/www.librairieclavreuil.com\/produit\/essai-sur-lidiotie-belhomme-docteur-jacques-etienne\/\"]}]},{\"@type\":\"ImageObject\",\"inLanguage\":\"en-US\",\"@id\":\"https:\/\/www.librairieclavreuil.com\/produit\/essai-sur-lidiotie-belhomme-docteur-jacques-etienne\/#primaryimage\",\"url\":\"https:\/\/www.librairieclavreuil.com\/wp-content\/uploads\/2024\/04\/belhomme-docteur-jacques-etienne-essai-sur-l-idiotie-5166-65982d7c3d541-scaled.jpg\",\"contentUrl\":\"https:\/\/www.librairieclavreuil.com\/wp-content\/uploads\/2024\/04\/belhomme-docteur-jacques-etienne-essai-sur-l-idiotie-5166-65982d7c3d541-scaled.jpg\",\"width\":1920,\"height\":2560},{\"@type\":\"BreadcrumbList\",\"@id\":\"https:\/\/www.librairieclavreuil.com\/produit\/essai-sur-lidiotie-belhomme-docteur-jacques-etienne\/#breadcrumb\",\"itemListElement\":[{\"@type\":\"ListItem\",\"position\":1,\"name\":\"Accueil\",\"item\":\"https:\/\/www.librairieclavreuil.com\/\"},{\"@type\":\"ListItem\",\"position\":2,\"name\":\"All our books\",\"item\":\"https:\/\/www.librairieclavreuil.com\/en\/all-our-books\/\"},{\"@type\":\"ListItem\",\"position\":3,\"name\":\"BELHOMME Docteur Jacques-\u00c9tienne Essai sur l\u2019idiotie\u2026\"}]},{\"@type\":\"WebSite\",\"@id\":\"https:\/\/www.librairieclavreuil.com\/#website\",\"url\":\"https:\/\/www.librairieclavreuil.com\/\",\"name\":\"Libairie Clavreuil\",\"description\":\"Livres anciens, manuscrits rares et \u00e9ditions originales \u2013 Librairie Clavreuil\",\"publisher\":{\"@id\":\"https:\/\/www.librairieclavreuil.com\/#organization\"},\"potentialAction\":[{\"@type\":\"SearchAction\",\"target\":{\"@type\":\"EntryPoint\",\"urlTemplate\":\"https:\/\/www.librairieclavreuil.com\/?s={search_term_string}\"},\"query-input\":{\"@type\":\"PropertyValueSpecification\",\"valueRequired\":true,\"valueName\":\"search_term_string\"}}],\"inLanguage\":\"en-US\"},{\"@type\":\"Organization\",\"@id\":\"https:\/\/www.librairieclavreuil.com\/#organization\",\"name\":\"Libairie Clavreuil\",\"url\":\"https:\/\/www.librairieclavreuil.com\/\",\"logo\":{\"@type\":\"ImageObject\",\"inLanguage\":\"en-US\",\"@id\":\"https:\/\/www.librairieclavreuil.com\/#\/schema\/logo\/image\/\",\"url\":\"https:\/\/www.librairieclavreuil.com\/wp-content\/uploads\/2021\/06\/cropped-LOGO_PNG_DATE-_gold-512x512-1.png\",\"contentUrl\":\"https:\/\/www.librairieclavreuil.com\/wp-content\/uploads\/2021\/06\/cropped-LOGO_PNG_DATE-_gold-512x512-1.png\",\"width\":512,\"height\":512,\"caption\":\"Libairie Clavreuil\"},\"image\":{\"@id\":\"https:\/\/www.librairieclavreuil.com\/#\/schema\/logo\/image\/\"},\"sameAs\":[\"https:\/\/www.instagram.com\/librairieclavreuil\/\"]}]}<\/script>\n<!-- \/ Yoast SEO plugin. -->","yoast_head_json":{"title":"BELHOMME Docteur Jacques-\u00c9tienne  Essai sur l\u2019idiotie\u2026 - Libairie Clavreuil","robots":{"index":"index","follow":"follow","max-snippet":"max-snippet:-1","max-image-preview":"max-image-preview:large","max-video-preview":"max-video-preview:-1"},"canonical":"https:\/\/www.librairieclavreuil.com\/produit\/essai-sur-lidiotie-belhomme-docteur-jacques-etienne\/","og_locale":"en_US","og_type":"article","og_title":"BELHOMME Docteur Jacques-\u00c9tienne  Essai sur l\u2019idiotie\u2026 - Libairie Clavreuil","og_description":"4to (245 x 195) 44 pp. Modern half black long-grained morroco.","og_url":"https:\/\/www.librairieclavreuil.com\/produit\/essai-sur-lidiotie-belhomme-docteur-jacques-etienne\/","og_site_name":"Libairie Clavreuil","article_modified_time":"2024-07-10T13:09:39+00:00","og_image":[{"width":1920,"height":2560,"url":"https:\/\/www.librairieclavreuil.com\/wp-content\/uploads\/2024\/04\/belhomme-docteur-jacques-etienne-essai-sur-l-idiotie-5166-65982d7c3d541-scaled.jpg","type":"image\/jpeg"}],"twitter_card":"summary_large_image","twitter_misc":{"Est. reading time":"1 minute"},"schema":{"@context":"https:\/\/schema.org","@graph":[{"@type":"WebPage","@id":"https:\/\/www.librairieclavreuil.com\/produit\/essai-sur-lidiotie-belhomme-docteur-jacques-etienne\/","url":"https:\/\/www.librairieclavreuil.com\/produit\/essai-sur-lidiotie-belhomme-docteur-jacques-etienne\/","name":"BELHOMME Docteur Jacques-\u00c9tienne Essai sur l\u2019idiotie\u2026 - Libairie Clavreuil","isPartOf":{"@id":"https:\/\/www.librairieclavreuil.com\/#website"},"primaryImageOfPage":{"@id":"https:\/\/www.librairieclavreuil.com\/produit\/essai-sur-lidiotie-belhomme-docteur-jacques-etienne\/#primaryimage"},"image":{"@id":"https:\/\/www.librairieclavreuil.com\/produit\/essai-sur-lidiotie-belhomme-docteur-jacques-etienne\/#primaryimage"},"thumbnailUrl":"https:\/\/www.librairieclavreuil.com\/wp-content\/uploads\/2024\/04\/belhomme-docteur-jacques-etienne-essai-sur-l-idiotie-5166-65982d7c3d541-scaled.jpg","datePublished":"2024-04-18T13:08:04+00:00","dateModified":"2024-07-10T13:09:39+00:00","breadcrumb":{"@id":"https:\/\/www.librairieclavreuil.com\/produit\/essai-sur-lidiotie-belhomme-docteur-jacques-etienne\/#breadcrumb"},"inLanguage":"en-US","potentialAction":[{"@type":"ReadAction","target":["https:\/\/www.librairieclavreuil.com\/produit\/essai-sur-lidiotie-belhomme-docteur-jacques-etienne\/"]}]},{"@type":"ImageObject","inLanguage":"en-US","@id":"https:\/\/www.librairieclavreuil.com\/produit\/essai-sur-lidiotie-belhomme-docteur-jacques-etienne\/#primaryimage","url":"https:\/\/www.librairieclavreuil.com\/wp-content\/uploads\/2024\/04\/belhomme-docteur-jacques-etienne-essai-sur-l-idiotie-5166-65982d7c3d541-scaled.jpg","contentUrl":"https:\/\/www.librairieclavreuil.com\/wp-content\/uploads\/2024\/04\/belhomme-docteur-jacques-etienne-essai-sur-l-idiotie-5166-65982d7c3d541-scaled.jpg","width":1920,"height":2560},{"@type":"BreadcrumbList","@id":"https:\/\/www.librairieclavreuil.com\/produit\/essai-sur-lidiotie-belhomme-docteur-jacques-etienne\/#breadcrumb","itemListElement":[{"@type":"ListItem","position":1,"name":"Accueil","item":"https:\/\/www.librairieclavreuil.com\/"},{"@type":"ListItem","position":2,"name":"All our books","item":"https:\/\/www.librairieclavreuil.com\/en\/all-our-books\/"},{"@type":"ListItem","position":3,"name":"BELHOMME Docteur Jacques-\u00c9tienne Essai sur l\u2019idiotie\u2026"}]},{"@type":"WebSite","@id":"https:\/\/www.librairieclavreuil.com\/#website","url":"https:\/\/www.librairieclavreuil.com\/","name":"Libairie Clavreuil","description":"Livres anciens, manuscrits rares et \u00e9ditions originales \u2013 Librairie Clavreuil","publisher":{"@id":"https:\/\/www.librairieclavreuil.com\/#organization"},"potentialAction":[{"@type":"SearchAction","target":{"@type":"EntryPoint","urlTemplate":"https:\/\/www.librairieclavreuil.com\/?s={search_term_string}"},"query-input":{"@type":"PropertyValueSpecification","valueRequired":true,"valueName":"search_term_string"}}],"inLanguage":"en-US"},{"@type":"Organization","@id":"https:\/\/www.librairieclavreuil.com\/#organization","name":"Libairie Clavreuil","url":"https:\/\/www.librairieclavreuil.com\/","logo":{"@type":"ImageObject","inLanguage":"en-US","@id":"https:\/\/www.librairieclavreuil.com\/#\/schema\/logo\/image\/","url":"https:\/\/www.librairieclavreuil.com\/wp-content\/uploads\/2021\/06\/cropped-LOGO_PNG_DATE-_gold-512x512-1.png","contentUrl":"https:\/\/www.librairieclavreuil.com\/wp-content\/uploads\/2021\/06\/cropped-LOGO_PNG_DATE-_gold-512x512-1.png","width":512,"height":512,"caption":"Libairie Clavreuil"},"image":{"@id":"https:\/\/www.librairieclavreuil.com\/#\/schema\/logo\/image\/"},"sameAs":["https:\/\/www.instagram.com\/librairieclavreuil\/"]}]}},"jetpack_sharing_enabled":true,"_links":{"self":[{"href":"https:\/\/www.librairieclavreuil.com\/en\/wp-json\/wp\/v2\/product\/73219","targetHints":{"allow":["GET"]}}],"collection":[{"href":"https:\/\/www.librairieclavreuil.com\/en\/wp-json\/wp\/v2\/product"}],"about":[{"href":"https:\/\/www.librairieclavreuil.com\/en\/wp-json\/wp\/v2\/types\/product"}],"replies":[{"embeddable":true,"href":"https:\/\/www.librairieclavreuil.com\/en\/wp-json\/wp\/v2\/comments?post=73219"}],"wp:featuredmedia":[{"embeddable":true,"href":"https:\/\/www.librairieclavreuil.com\/en\/wp-json\/wp\/v2\/media\/73214"}],"wp:attachment":[{"href":"https:\/\/www.librairieclavreuil.com\/en\/wp-json\/wp\/v2\/media?parent=73219"}],"wp:term":[{"taxonomy":"product_brand","embeddable":true,"href":"https:\/\/www.librairieclavreuil.com\/en\/wp-json\/wp\/v2\/product_brand?post=73219"},{"taxonomy":"product_cat","embeddable":true,"href":"https:\/\/www.librairieclavreuil.com\/en\/wp-json\/wp\/v2\/product_cat?post=73219"},{"taxonomy":"product_tag","embeddable":true,"href":"https:\/\/www.librairieclavreuil.com\/en\/wp-json\/wp\/v2\/product_tag?post=73219"}],"curies":[{"name":"wp","href":"https:\/\/api.w.org\/{rel}","templated":true}]}}