{"id":73183,"date":"2024-04-18T14:52:26","date_gmt":"2024-04-18T12:52:26","guid":{"rendered":"https:\/\/clavreuil-wordpress.logiciel-arteo.fr\/les-clematites-a-grandes-fleurs-clematides-maglenthes-description-et-iconographique-des-especes-cultivees-dans-larboretum-de-segres-alphonse-lavallee\/"},"modified":"2024-07-01T18:54:56","modified_gmt":"2024-07-01T16:54:56","slug":"les-clematites-a-grandes-fleurs-clematides-maglenthes-description-et-iconographique-des-especes-cultivees-dans-larboretum-de-segres-alphonse-lavallee","status":"publish","type":"product","link":"https:\/\/www.librairieclavreuil.com\/en\/les-clematites-a-grandes-fleurs-clematides-maglenthes-description-et-iconographique-des-especes-cultivees-dans-larboretum-de-segres-alphonse-lavallee\/","title":{"rendered":"LAVALLEE Alphonse Les Cl\u00e9matites \u00e0 grandes fleurs. Clematides..."},"content":{"rendered":"<p style=\"text-align:justify\"><i>Nissen, BBI, 1149.<\/i><\/p>\n<p style=\"text-align:justify\"><span style=\"font-variant:small-caps\">First edition.<\/span><\/p>\n<p style=\"text-align:justify\">Alphonse Lavall\u00e9e (1797-1873) was the founder of the \u00c9cole Centrale des Arts et Manufactures in Paris. His son (1835-1884), who bore the same name, described specimens grown in his own arboretum at Segrez in his fine book on clematis. The extensive collection contained not only European plants but also American ones. The beautiful plates are lithographed from life by B. Bergeron.<\/p>\n<p style=\"text-align:justify\">Some occasional foxing. A very good copy.<\/p>\n","protected":false},"excerpt":{"rendered":"<p style=\"text-align:justify\">Folio (345 x 265 mm) XII, 83 pp., 24 lithographed plates (numbered 1-22, Ibis, VIIbis). Original publisher&#8217;s green buckram, gilt title on upper cover.<\/p>\n","protected":false},"featured_media":73172,"comment_status":"open","ping_status":"closed","template":"","meta":{"_acf_changed":false},"product_brand":[],"product_cat":[532],"product_tag":[590,1450],"class_list":{"0":"post-73183","1":"product","2":"type-product","3":"status-publish","4":"has-post-thumbnail","6":"product_cat-botanical","7":"product_tag-botanical","8":"product_tag-first-edition","9":"pa_auteur-lavallee-alphonse-2","10":"pa_type-de-livre-printed-book","12":"first","13":"instock","14":"shipping-taxable","15":"purchasable","16":"product-type-simple"},"acf":{"artist":" Alphonse LAVALLEE","chapeau":"","adresse_bibliographique":"Paris, Londres, Madrid, J.-B. Bailli\u00e8re, 1884","book_type":"Printed book","provenance":"","afficher_prix":""},"yoast_head":"<!-- This site is optimized with the Yoast SEO plugin v24.7 - https:\/\/yoast.com\/wordpress\/plugins\/seo\/ -->\n<title>LAVALLEE Alphonse Les Cl\u00e9matites \u00e0 grandes fleurs. Clematides Maglenthes. Description et iconographique des esp\u00e8ces cultiv\u00e9es dans l&#039;arboretum de Segres. - Libairie Clavreuil<\/title>\n<meta name=\"robots\" content=\"index, follow, max-snippet:-1, max-image-preview:large, max-video-preview:-1\" \/>\n<link rel=\"canonical\" href=\"https:\/\/www.librairieclavreuil.com\/en\/les-clematites-a-grandes-fleurs-clematides-maglenthes-description-et-iconographique-des-especes-cultivees-dans-larboretum-de-segres-alphonse-lavallee\/\" \/>\n<meta property=\"og:locale\" content=\"en_US\" \/>\n<meta property=\"og:type\" content=\"article\" \/>\n<meta property=\"og:title\" content=\"LAVALLEE Alphonse Les Cl\u00e9matites \u00e0 grandes fleurs. Clematides Maglenthes. Description et iconographique des esp\u00e8ces cultiv\u00e9es dans l&#039;arboretum de Segres. - Libairie Clavreuil\" \/>\n<meta property=\"og:description\" content=\"Folio (345 x 265 mm) XII, 83 pp., 24 lithographed plates (numbered 1-22, Ibis, VIIbis). Original publisher&#039;s green buckram, gilt title on upper cover.\" \/>\n<meta property=\"og:url\" content=\"https:\/\/www.librairieclavreuil.com\/en\/les-clematites-a-grandes-fleurs-clematides-maglenthes-description-et-iconographique-des-especes-cultivees-dans-larboretum-de-segres-alphonse-lavallee\/\" \/>\n<meta property=\"og:site_name\" content=\"Libairie Clavreuil\" \/>\n<meta property=\"article:modified_time\" content=\"2024-07-01T16:54:56+00:00\" \/>\n<meta property=\"og:image\" content=\"https:\/\/www.librairieclavreuil.com\/wp-content\/uploads\/2024\/04\/alphonse-lavallee-les-clematites-a-grandes-fleurs-clematides-maglenthes-description-et-iconographique-des-especes-cultivees-dans-l-arboretum-de-segres-scaled.jpg\" \/>\n\t<meta property=\"og:image:width\" content=\"1920\" \/>\n\t<meta property=\"og:image:height\" content=\"2560\" \/>\n\t<meta property=\"og:image:type\" content=\"image\/jpeg\" \/>\n<meta name=\"twitter:card\" content=\"summary_large_image\" \/>\n<script type=\"application\/ld+json\" class=\"yoast-schema-graph\">{\"@context\":\"https:\/\/schema.org\",\"@graph\":[{\"@type\":\"WebPage\",\"@id\":\"https:\/\/www.librairieclavreuil.com\/en\/les-clematites-a-grandes-fleurs-clematides-maglenthes-description-et-iconographique-des-especes-cultivees-dans-larboretum-de-segres-alphonse-lavallee\/\",\"url\":\"https:\/\/www.librairieclavreuil.com\/en\/les-clematites-a-grandes-fleurs-clematides-maglenthes-description-et-iconographique-des-especes-cultivees-dans-larboretum-de-segres-alphonse-lavallee\/\",\"name\":\"LAVALLEE Alphonse Les Cl\u00e9matites \u00e0 grandes fleurs. Clematides Maglenthes. Description et iconographique des esp\u00e8ces cultiv\u00e9es dans l'arboretum de Segres. - Libairie Clavreuil\",\"isPartOf\":{\"@id\":\"https:\/\/www.librairieclavreuil.com\/#website\"},\"primaryImageOfPage\":{\"@id\":\"https:\/\/www.librairieclavreuil.com\/en\/les-clematites-a-grandes-fleurs-clematides-maglenthes-description-et-iconographique-des-especes-cultivees-dans-larboretum-de-segres-alphonse-lavallee\/#primaryimage\"},\"image\":{\"@id\":\"https:\/\/www.librairieclavreuil.com\/en\/les-clematites-a-grandes-fleurs-clematides-maglenthes-description-et-iconographique-des-especes-cultivees-dans-larboretum-de-segres-alphonse-lavallee\/#primaryimage\"},\"thumbnailUrl\":\"https:\/\/www.librairieclavreuil.com\/wp-content\/uploads\/2024\/04\/alphonse-lavallee-les-clematites-a-grandes-fleurs-clematides-maglenthes-description-et-iconographique-des-especes-cultivees-dans-l-arboretum-de-segres-scaled.jpg\",\"datePublished\":\"2024-04-18T12:52:26+00:00\",\"dateModified\":\"2024-07-01T16:54:56+00:00\",\"breadcrumb\":{\"@id\":\"https:\/\/www.librairieclavreuil.com\/en\/les-clematites-a-grandes-fleurs-clematides-maglenthes-description-et-iconographique-des-especes-cultivees-dans-larboretum-de-segres-alphonse-lavallee\/#breadcrumb\"},\"inLanguage\":\"en-US\",\"potentialAction\":[{\"@type\":\"ReadAction\",\"target\":[\"https:\/\/www.librairieclavreuil.com\/en\/les-clematites-a-grandes-fleurs-clematides-maglenthes-description-et-iconographique-des-especes-cultivees-dans-larboretum-de-segres-alphonse-lavallee\/\"]}]},{\"@type\":\"ImageObject\",\"inLanguage\":\"en-US\",\"@id\":\"https:\/\/www.librairieclavreuil.com\/en\/les-clematites-a-grandes-fleurs-clematides-maglenthes-description-et-iconographique-des-especes-cultivees-dans-larboretum-de-segres-alphonse-lavallee\/#primaryimage\",\"url\":\"https:\/\/www.librairieclavreuil.com\/wp-content\/uploads\/2024\/04\/alphonse-lavallee-les-clematites-a-grandes-fleurs-clematides-maglenthes-description-et-iconographique-des-especes-cultivees-dans-l-arboretum-de-segres-scaled.jpg\",\"contentUrl\":\"https:\/\/www.librairieclavreuil.com\/wp-content\/uploads\/2024\/04\/alphonse-lavallee-les-clematites-a-grandes-fleurs-clematides-maglenthes-description-et-iconographique-des-especes-cultivees-dans-l-arboretum-de-segres-scaled.jpg\",\"width\":1920,\"height\":2560},{\"@type\":\"BreadcrumbList\",\"@id\":\"https:\/\/www.librairieclavreuil.com\/en\/les-clematites-a-grandes-fleurs-clematides-maglenthes-description-et-iconographique-des-especes-cultivees-dans-larboretum-de-segres-alphonse-lavallee\/#breadcrumb\",\"itemListElement\":[{\"@type\":\"ListItem\",\"position\":1,\"name\":\"Accueil\",\"item\":\"https:\/\/www.librairieclavreuil.com\/\"},{\"@type\":\"ListItem\",\"position\":2,\"name\":\"All our books\",\"item\":\"https:\/\/www.librairieclavreuil.com\/en\/all-our-books\/\"},{\"@type\":\"ListItem\",\"position\":3,\"name\":\"LAVALLEE Alphonse Les Cl\u00e9matites \u00e0 grandes fleurs. Clematides Maglenthes. Description et iconographique des esp\u00e8ces cultiv\u00e9es dans l&#8217;arboretum de Segres.\"}]},{\"@type\":\"WebSite\",\"@id\":\"https:\/\/www.librairieclavreuil.com\/#website\",\"url\":\"https:\/\/www.librairieclavreuil.com\/\",\"name\":\"Libairie Clavreuil\",\"description\":\"Livres anciens, manuscrits rares et \u00e9ditions originales \u2013 Librairie Clavreuil\",\"publisher\":{\"@id\":\"https:\/\/www.librairieclavreuil.com\/#organization\"},\"potentialAction\":[{\"@type\":\"SearchAction\",\"target\":{\"@type\":\"EntryPoint\",\"urlTemplate\":\"https:\/\/www.librairieclavreuil.com\/?s={search_term_string}\"},\"query-input\":{\"@type\":\"PropertyValueSpecification\",\"valueRequired\":true,\"valueName\":\"search_term_string\"}}],\"inLanguage\":\"en-US\"},{\"@type\":\"Organization\",\"@id\":\"https:\/\/www.librairieclavreuil.com\/#organization\",\"name\":\"Libairie Clavreuil\",\"url\":\"https:\/\/www.librairieclavreuil.com\/\",\"logo\":{\"@type\":\"ImageObject\",\"inLanguage\":\"en-US\",\"@id\":\"https:\/\/www.librairieclavreuil.com\/#\/schema\/logo\/image\/\",\"url\":\"https:\/\/www.librairieclavreuil.com\/wp-content\/uploads\/2021\/06\/cropped-LOGO_PNG_DATE-_gold-512x512-1.png\",\"contentUrl\":\"https:\/\/www.librairieclavreuil.com\/wp-content\/uploads\/2021\/06\/cropped-LOGO_PNG_DATE-_gold-512x512-1.png\",\"width\":512,\"height\":512,\"caption\":\"Libairie Clavreuil\"},\"image\":{\"@id\":\"https:\/\/www.librairieclavreuil.com\/#\/schema\/logo\/image\/\"},\"sameAs\":[\"https:\/\/www.instagram.com\/librairieclavreuil\/\"]}]}<\/script>\n<!-- \/ Yoast SEO plugin. -->","yoast_head_json":{"title":"LAVALLEE Alphonse Les Cl\u00e9matites \u00e0 grandes fleurs. Clematides Maglenthes. Description et iconographique des esp\u00e8ces cultiv\u00e9es dans l'arboretum de Segres. - Libairie Clavreuil","robots":{"index":"index","follow":"follow","max-snippet":"max-snippet:-1","max-image-preview":"max-image-preview:large","max-video-preview":"max-video-preview:-1"},"canonical":"https:\/\/www.librairieclavreuil.com\/en\/les-clematites-a-grandes-fleurs-clematides-maglenthes-description-et-iconographique-des-especes-cultivees-dans-larboretum-de-segres-alphonse-lavallee\/","og_locale":"en_US","og_type":"article","og_title":"LAVALLEE Alphonse Les Cl\u00e9matites \u00e0 grandes fleurs. Clematides Maglenthes. Description et iconographique des esp\u00e8ces cultiv\u00e9es dans l'arboretum de Segres. - Libairie Clavreuil","og_description":"Folio (345 x 265 mm) XII, 83 pp., 24 lithographed plates (numbered 1-22, Ibis, VIIbis). Original publisher's green buckram, gilt title on upper cover.","og_url":"https:\/\/www.librairieclavreuil.com\/en\/les-clematites-a-grandes-fleurs-clematides-maglenthes-description-et-iconographique-des-especes-cultivees-dans-larboretum-de-segres-alphonse-lavallee\/","og_site_name":"Libairie Clavreuil","article_modified_time":"2024-07-01T16:54:56+00:00","og_image":[{"width":1920,"height":2560,"url":"https:\/\/www.librairieclavreuil.com\/wp-content\/uploads\/2024\/04\/alphonse-lavallee-les-clematites-a-grandes-fleurs-clematides-maglenthes-description-et-iconographique-des-especes-cultivees-dans-l-arboretum-de-segres-scaled.jpg","type":"image\/jpeg"}],"twitter_card":"summary_large_image","schema":{"@context":"https:\/\/schema.org","@graph":[{"@type":"WebPage","@id":"https:\/\/www.librairieclavreuil.com\/en\/les-clematites-a-grandes-fleurs-clematides-maglenthes-description-et-iconographique-des-especes-cultivees-dans-larboretum-de-segres-alphonse-lavallee\/","url":"https:\/\/www.librairieclavreuil.com\/en\/les-clematites-a-grandes-fleurs-clematides-maglenthes-description-et-iconographique-des-especes-cultivees-dans-larboretum-de-segres-alphonse-lavallee\/","name":"LAVALLEE Alphonse Les Cl\u00e9matites \u00e0 grandes fleurs. Clematides Maglenthes. Description et iconographique des esp\u00e8ces cultiv\u00e9es dans l'arboretum de Segres. - Libairie Clavreuil","isPartOf":{"@id":"https:\/\/www.librairieclavreuil.com\/#website"},"primaryImageOfPage":{"@id":"https:\/\/www.librairieclavreuil.com\/en\/les-clematites-a-grandes-fleurs-clematides-maglenthes-description-et-iconographique-des-especes-cultivees-dans-larboretum-de-segres-alphonse-lavallee\/#primaryimage"},"image":{"@id":"https:\/\/www.librairieclavreuil.com\/en\/les-clematites-a-grandes-fleurs-clematides-maglenthes-description-et-iconographique-des-especes-cultivees-dans-larboretum-de-segres-alphonse-lavallee\/#primaryimage"},"thumbnailUrl":"https:\/\/www.librairieclavreuil.com\/wp-content\/uploads\/2024\/04\/alphonse-lavallee-les-clematites-a-grandes-fleurs-clematides-maglenthes-description-et-iconographique-des-especes-cultivees-dans-l-arboretum-de-segres-scaled.jpg","datePublished":"2024-04-18T12:52:26+00:00","dateModified":"2024-07-01T16:54:56+00:00","breadcrumb":{"@id":"https:\/\/www.librairieclavreuil.com\/en\/les-clematites-a-grandes-fleurs-clematides-maglenthes-description-et-iconographique-des-especes-cultivees-dans-larboretum-de-segres-alphonse-lavallee\/#breadcrumb"},"inLanguage":"en-US","potentialAction":[{"@type":"ReadAction","target":["https:\/\/www.librairieclavreuil.com\/en\/les-clematites-a-grandes-fleurs-clematides-maglenthes-description-et-iconographique-des-especes-cultivees-dans-larboretum-de-segres-alphonse-lavallee\/"]}]},{"@type":"ImageObject","inLanguage":"en-US","@id":"https:\/\/www.librairieclavreuil.com\/en\/les-clematites-a-grandes-fleurs-clematides-maglenthes-description-et-iconographique-des-especes-cultivees-dans-larboretum-de-segres-alphonse-lavallee\/#primaryimage","url":"https:\/\/www.librairieclavreuil.com\/wp-content\/uploads\/2024\/04\/alphonse-lavallee-les-clematites-a-grandes-fleurs-clematides-maglenthes-description-et-iconographique-des-especes-cultivees-dans-l-arboretum-de-segres-scaled.jpg","contentUrl":"https:\/\/www.librairieclavreuil.com\/wp-content\/uploads\/2024\/04\/alphonse-lavallee-les-clematites-a-grandes-fleurs-clematides-maglenthes-description-et-iconographique-des-especes-cultivees-dans-l-arboretum-de-segres-scaled.jpg","width":1920,"height":2560},{"@type":"BreadcrumbList","@id":"https:\/\/www.librairieclavreuil.com\/en\/les-clematites-a-grandes-fleurs-clematides-maglenthes-description-et-iconographique-des-especes-cultivees-dans-larboretum-de-segres-alphonse-lavallee\/#breadcrumb","itemListElement":[{"@type":"ListItem","position":1,"name":"Accueil","item":"https:\/\/www.librairieclavreuil.com\/"},{"@type":"ListItem","position":2,"name":"All our books","item":"https:\/\/www.librairieclavreuil.com\/en\/all-our-books\/"},{"@type":"ListItem","position":3,"name":"LAVALLEE Alphonse Les Cl\u00e9matites \u00e0 grandes fleurs. Clematides Maglenthes. Description et iconographique des esp\u00e8ces cultiv\u00e9es dans l&#8217;arboretum de Segres."}]},{"@type":"WebSite","@id":"https:\/\/www.librairieclavreuil.com\/#website","url":"https:\/\/www.librairieclavreuil.com\/","name":"Libairie Clavreuil","description":"Livres anciens, manuscrits rares et \u00e9ditions originales \u2013 Librairie Clavreuil","publisher":{"@id":"https:\/\/www.librairieclavreuil.com\/#organization"},"potentialAction":[{"@type":"SearchAction","target":{"@type":"EntryPoint","urlTemplate":"https:\/\/www.librairieclavreuil.com\/?s={search_term_string}"},"query-input":{"@type":"PropertyValueSpecification","valueRequired":true,"valueName":"search_term_string"}}],"inLanguage":"en-US"},{"@type":"Organization","@id":"https:\/\/www.librairieclavreuil.com\/#organization","name":"Libairie Clavreuil","url":"https:\/\/www.librairieclavreuil.com\/","logo":{"@type":"ImageObject","inLanguage":"en-US","@id":"https:\/\/www.librairieclavreuil.com\/#\/schema\/logo\/image\/","url":"https:\/\/www.librairieclavreuil.com\/wp-content\/uploads\/2021\/06\/cropped-LOGO_PNG_DATE-_gold-512x512-1.png","contentUrl":"https:\/\/www.librairieclavreuil.com\/wp-content\/uploads\/2021\/06\/cropped-LOGO_PNG_DATE-_gold-512x512-1.png","width":512,"height":512,"caption":"Libairie Clavreuil"},"image":{"@id":"https:\/\/www.librairieclavreuil.com\/#\/schema\/logo\/image\/"},"sameAs":["https:\/\/www.instagram.com\/librairieclavreuil\/"]}]}},"jetpack_sharing_enabled":true,"_links":{"self":[{"href":"https:\/\/www.librairieclavreuil.com\/en\/wp-json\/wp\/v2\/product\/73183","targetHints":{"allow":["GET"]}}],"collection":[{"href":"https:\/\/www.librairieclavreuil.com\/en\/wp-json\/wp\/v2\/product"}],"about":[{"href":"https:\/\/www.librairieclavreuil.com\/en\/wp-json\/wp\/v2\/types\/product"}],"replies":[{"embeddable":true,"href":"https:\/\/www.librairieclavreuil.com\/en\/wp-json\/wp\/v2\/comments?post=73183"}],"wp:featuredmedia":[{"embeddable":true,"href":"https:\/\/www.librairieclavreuil.com\/en\/wp-json\/wp\/v2\/media\/73172"}],"wp:attachment":[{"href":"https:\/\/www.librairieclavreuil.com\/en\/wp-json\/wp\/v2\/media?parent=73183"}],"wp:term":[{"taxonomy":"product_brand","embeddable":true,"href":"https:\/\/www.librairieclavreuil.com\/en\/wp-json\/wp\/v2\/product_brand?post=73183"},{"taxonomy":"product_cat","embeddable":true,"href":"https:\/\/www.librairieclavreuil.com\/en\/wp-json\/wp\/v2\/product_cat?post=73183"},{"taxonomy":"product_tag","embeddable":true,"href":"https:\/\/www.librairieclavreuil.com\/en\/wp-json\/wp\/v2\/product_tag?post=73183"}],"curies":[{"name":"wp","href":"https:\/\/api.w.org\/{rel}","templated":true}]}}