{"id":73171,"date":"2024-04-18T14:51:32","date_gmt":"2024-04-18T12:51:32","guid":{"rendered":"https:\/\/clavreuil-wordpress.logiciel-arteo.fr\/botanicon-parisiense-ou-denombrement-par-ordre-alphabetique-des-plantes-qui-se-trouven-aux-environs-de-paris-compris-dans-la-carte-de-la-prevote-de-lelection-de-la-dite-ville-par-le-sieur-dan\/"},"modified":"2024-12-27T08:32:34","modified_gmt":"2024-12-27T07:32:34","slug":"botanicon-parisiense-ou-denombrement-par-ordre-alphabetique-des-plantes-qui-se-trouven-aux-environs-de-paris-compris-dans-la-carte-de-la-prevote-de-lelection-de-la-dite-ville-par-le-sieur-dan","status":"publish","type":"product","link":"https:\/\/www.librairieclavreuil.com\/en\/botanicon-parisiense-ou-denombrement-par-ordre-alphabetique-des-plantes-qui-se-trouven-aux-environs-de-paris-compris-dans-la-carte-de-la-prevote-de-lelection-de-la-dite-ville-par-le-sieur-dan\/","title":{"rendered":"VAILLANT Auguste-Nicolas Botanicon Parisiense ou D\u00e9nombrement par ordre..."},"content":{"rendered":"<p style=\"text-align:justify\"><i>Nissen, 2033; Pritzel, 9657; Hunt, 470.<\/i><\/p>\n<p style=\"text-align:justify\"><span style=\"font-variant:small-caps\">First edition.<\/span><\/p>\n<p style=\"text-align:justify\">&#8220;S\u00e9bastien Vaillant is honored in France as the man who first understood the nature of sex in plants. He was a student of Tournefort&#8217;s and considerably influenced Linnaeus&#8221;. (Hunt).<\/p>\n<p style=\"text-align:justify\">The illustration, by Aubriet, consists of an engraved portrait of the author, a large fold-out map of the archdiocese of Paris, and 33 plates of plants and plant details. Claude Aubriet was one of the finest botanical draughtsmen of his time and had worked for Tournefort.<\/p>\n<p style=\"text-align:justify\">Provenance: Chalette (signature on the title) and some notes on paste-ons on the plates. This could well be de Chalette, author of <i>De la M\u00e9decine des chevaux<\/i>&nbsp;(Paris, H\u00e9rissant, 1763).<\/p>\n","protected":false},"excerpt":{"rendered":"<p style=\"text-align:justify\">Folio (403 x 247 mm) engraved portrait frontispiece, 18 nn.ll., XII pp., 2 nn.ll. (author&#8217;s index and list of subscribers), 205 pp., 24 nn.ll., 1 engraved folding map, 33 engraved plates with 354 vignettes. Contemporary mottled calf, spine gilt with raised bands, red speckled edges (some old restorations, upper hinge partly split).<\/p>\n","protected":false},"featured_media":73156,"comment_status":"open","ping_status":"closed","template":"","meta":{"_acf_changed":false},"product_brand":[],"product_cat":[532],"product_tag":[590,1450,1323],"class_list":{"0":"post-73171","1":"product","2":"type-product","3":"status-publish","4":"has-post-thumbnail","6":"product_cat-botanical","7":"product_tag-botanical","8":"product_tag-first-edition","9":"product_tag-general-botany","10":"pa_auteur-vaillant-auguste-nicolas-2","11":"pa_type-de-livre-printed-book","13":"first","14":"outofstock","15":"shipping-taxable","16":"purchasable","17":"product-type-simple"},"acf":{"artist":" Auguste-Nicolas VAILLANT","chapeau":"","adresse_bibliographique":"Leide & Amsterdam, Jean & Herman Verbeek & Balthazar Lakeman, 1727","book_type":"Printed book","provenance":"","afficher_prix":""},"yoast_head":"<!-- This site is optimized with the Yoast SEO plugin v24.7 - https:\/\/yoast.com\/wordpress\/plugins\/seo\/ -->\n<title>VAILLANT Auguste-Nicolas Botanicon Parisiense ou D\u00e9nombrement par ordre alphab\u00e9tique des plantes, qui se trouven aux environs de Paris compris dans la carte de la pr\u00e9vot\u00e9 &amp; de l&#039;\u00e9lection de la dite ville par le sieur Danet Genre. - Libairie Clavreuil<\/title>\n<meta name=\"robots\" content=\"index, follow, max-snippet:-1, max-image-preview:large, max-video-preview:-1\" \/>\n<link rel=\"canonical\" href=\"https:\/\/www.librairieclavreuil.com\/produit\/botanicon-parisiense-ou-denombrement-par-ordre-alphabetique-des-plantes-qui-se-trouven-aux-environs-de-paris-compris-dans-la-carte-de-la-prevote-de-lelection-de-la-dite-ville-par-le-sieur-dan\/\" \/>\n<meta property=\"og:locale\" content=\"en_US\" \/>\n<meta property=\"og:type\" content=\"article\" \/>\n<meta property=\"og:title\" content=\"VAILLANT Auguste-Nicolas Botanicon Parisiense ou D\u00e9nombrement par ordre alphab\u00e9tique des plantes, qui se trouven aux environs de Paris compris dans la carte de la pr\u00e9vot\u00e9 &amp; de l&#039;\u00e9lection de la dite ville par le sieur Danet Genre. - Libairie Clavreuil\" \/>\n<meta property=\"og:description\" content=\"Folio (403 x 247 mm) engraved portrait frontispiece, 18 nn.ll., XII pp., 2 nn.ll. (author&#039;s index and list of subscribers), 205 pp., 24 nn.ll., 1 engraved folding map, 33 engraved plates with 354 vignettes. Contemporary mottled calf, spine gilt with raised bands, red speckled edges (some old restorations, upper hinge partly split).\" \/>\n<meta property=\"og:url\" content=\"https:\/\/www.librairieclavreuil.com\/produit\/botanicon-parisiense-ou-denombrement-par-ordre-alphabetique-des-plantes-qui-se-trouven-aux-environs-de-paris-compris-dans-la-carte-de-la-prevote-de-lelection-de-la-dite-ville-par-le-sieur-dan\/\" \/>\n<meta property=\"og:site_name\" content=\"Libairie Clavreuil\" \/>\n<meta property=\"article:modified_time\" content=\"2024-12-27T07:32:34+00:00\" \/>\n<meta property=\"og:image\" content=\"https:\/\/www.librairieclavreuil.com\/wp-content\/uploads\/2024\/04\/auguste-nicolas-vaillant-botanicon-parisiense-ou-denombrement-par-ordre-alphabetique-des-plantes-qui-se-trouven-aux-environs-de-paris-compris-dans-la--scaled.jpg\" \/>\n\t<meta property=\"og:image:width\" content=\"1920\" \/>\n\t<meta property=\"og:image:height\" content=\"2560\" \/>\n\t<meta property=\"og:image:type\" content=\"image\/jpeg\" \/>\n<meta name=\"twitter:card\" content=\"summary_large_image\" \/>\n<meta name=\"twitter:label1\" content=\"Est. reading time\" \/>\n\t<meta name=\"twitter:data1\" content=\"1 minute\" \/>\n<script type=\"application\/ld+json\" class=\"yoast-schema-graph\">{\"@context\":\"https:\/\/schema.org\",\"@graph\":[{\"@type\":\"WebPage\",\"@id\":\"https:\/\/www.librairieclavreuil.com\/produit\/botanicon-parisiense-ou-denombrement-par-ordre-alphabetique-des-plantes-qui-se-trouven-aux-environs-de-paris-compris-dans-la-carte-de-la-prevote-de-lelection-de-la-dite-ville-par-le-sieur-dan\/\",\"url\":\"https:\/\/www.librairieclavreuil.com\/produit\/botanicon-parisiense-ou-denombrement-par-ordre-alphabetique-des-plantes-qui-se-trouven-aux-environs-de-paris-compris-dans-la-carte-de-la-prevote-de-lelection-de-la-dite-ville-par-le-sieur-dan\/\",\"name\":\"VAILLANT Auguste-Nicolas Botanicon Parisiense ou D\u00e9nombrement par ordre alphab\u00e9tique des plantes, qui se trouven aux environs de Paris compris dans la carte de la pr\u00e9vot\u00e9 &amp; de l'\u00e9lection de la dite ville par le sieur Danet Genre. - Libairie Clavreuil\",\"isPartOf\":{\"@id\":\"https:\/\/www.librairieclavreuil.com\/#website\"},\"primaryImageOfPage\":{\"@id\":\"https:\/\/www.librairieclavreuil.com\/produit\/botanicon-parisiense-ou-denombrement-par-ordre-alphabetique-des-plantes-qui-se-trouven-aux-environs-de-paris-compris-dans-la-carte-de-la-prevote-de-lelection-de-la-dite-ville-par-le-sieur-dan\/#primaryimage\"},\"image\":{\"@id\":\"https:\/\/www.librairieclavreuil.com\/produit\/botanicon-parisiense-ou-denombrement-par-ordre-alphabetique-des-plantes-qui-se-trouven-aux-environs-de-paris-compris-dans-la-carte-de-la-prevote-de-lelection-de-la-dite-ville-par-le-sieur-dan\/#primaryimage\"},\"thumbnailUrl\":\"https:\/\/www.librairieclavreuil.com\/wp-content\/uploads\/2024\/04\/auguste-nicolas-vaillant-botanicon-parisiense-ou-denombrement-par-ordre-alphabetique-des-plantes-qui-se-trouven-aux-environs-de-paris-compris-dans-la--scaled.jpg\",\"datePublished\":\"2024-04-18T12:51:32+00:00\",\"dateModified\":\"2024-12-27T07:32:34+00:00\",\"breadcrumb\":{\"@id\":\"https:\/\/www.librairieclavreuil.com\/produit\/botanicon-parisiense-ou-denombrement-par-ordre-alphabetique-des-plantes-qui-se-trouven-aux-environs-de-paris-compris-dans-la-carte-de-la-prevote-de-lelection-de-la-dite-ville-par-le-sieur-dan\/#breadcrumb\"},\"inLanguage\":\"en-US\",\"potentialAction\":[{\"@type\":\"ReadAction\",\"target\":[\"https:\/\/www.librairieclavreuil.com\/produit\/botanicon-parisiense-ou-denombrement-par-ordre-alphabetique-des-plantes-qui-se-trouven-aux-environs-de-paris-compris-dans-la-carte-de-la-prevote-de-lelection-de-la-dite-ville-par-le-sieur-dan\/\"]}]},{\"@type\":\"ImageObject\",\"inLanguage\":\"en-US\",\"@id\":\"https:\/\/www.librairieclavreuil.com\/produit\/botanicon-parisiense-ou-denombrement-par-ordre-alphabetique-des-plantes-qui-se-trouven-aux-environs-de-paris-compris-dans-la-carte-de-la-prevote-de-lelection-de-la-dite-ville-par-le-sieur-dan\/#primaryimage\",\"url\":\"https:\/\/www.librairieclavreuil.com\/wp-content\/uploads\/2024\/04\/auguste-nicolas-vaillant-botanicon-parisiense-ou-denombrement-par-ordre-alphabetique-des-plantes-qui-se-trouven-aux-environs-de-paris-compris-dans-la--scaled.jpg\",\"contentUrl\":\"https:\/\/www.librairieclavreuil.com\/wp-content\/uploads\/2024\/04\/auguste-nicolas-vaillant-botanicon-parisiense-ou-denombrement-par-ordre-alphabetique-des-plantes-qui-se-trouven-aux-environs-de-paris-compris-dans-la--scaled.jpg\",\"width\":1920,\"height\":2560},{\"@type\":\"BreadcrumbList\",\"@id\":\"https:\/\/www.librairieclavreuil.com\/produit\/botanicon-parisiense-ou-denombrement-par-ordre-alphabetique-des-plantes-qui-se-trouven-aux-environs-de-paris-compris-dans-la-carte-de-la-prevote-de-lelection-de-la-dite-ville-par-le-sieur-dan\/#breadcrumb\",\"itemListElement\":[{\"@type\":\"ListItem\",\"position\":1,\"name\":\"Accueil\",\"item\":\"https:\/\/www.librairieclavreuil.com\/\"},{\"@type\":\"ListItem\",\"position\":2,\"name\":\"All our books\",\"item\":\"https:\/\/www.librairieclavreuil.com\/en\/all-our-books\/\"},{\"@type\":\"ListItem\",\"position\":3,\"name\":\"VAILLANT Auguste-Nicolas Botanicon Parisiense ou D\u00e9nombrement par ordre...\"}]},{\"@type\":\"WebSite\",\"@id\":\"https:\/\/www.librairieclavreuil.com\/#website\",\"url\":\"https:\/\/www.librairieclavreuil.com\/\",\"name\":\"Libairie Clavreuil\",\"description\":\"Livres anciens, manuscrits rares et \u00e9ditions originales \u2013 Librairie Clavreuil\",\"publisher\":{\"@id\":\"https:\/\/www.librairieclavreuil.com\/#organization\"},\"potentialAction\":[{\"@type\":\"SearchAction\",\"target\":{\"@type\":\"EntryPoint\",\"urlTemplate\":\"https:\/\/www.librairieclavreuil.com\/?s={search_term_string}\"},\"query-input\":{\"@type\":\"PropertyValueSpecification\",\"valueRequired\":true,\"valueName\":\"search_term_string\"}}],\"inLanguage\":\"en-US\"},{\"@type\":\"Organization\",\"@id\":\"https:\/\/www.librairieclavreuil.com\/#organization\",\"name\":\"Libairie Clavreuil\",\"url\":\"https:\/\/www.librairieclavreuil.com\/\",\"logo\":{\"@type\":\"ImageObject\",\"inLanguage\":\"en-US\",\"@id\":\"https:\/\/www.librairieclavreuil.com\/#\/schema\/logo\/image\/\",\"url\":\"https:\/\/www.librairieclavreuil.com\/wp-content\/uploads\/2021\/06\/cropped-LOGO_PNG_DATE-_gold-512x512-1.png\",\"contentUrl\":\"https:\/\/www.librairieclavreuil.com\/wp-content\/uploads\/2021\/06\/cropped-LOGO_PNG_DATE-_gold-512x512-1.png\",\"width\":512,\"height\":512,\"caption\":\"Libairie Clavreuil\"},\"image\":{\"@id\":\"https:\/\/www.librairieclavreuil.com\/#\/schema\/logo\/image\/\"},\"sameAs\":[\"https:\/\/www.instagram.com\/librairieclavreuil\/\"]}]}<\/script>\n<!-- \/ Yoast SEO plugin. -->","yoast_head_json":{"title":"VAILLANT Auguste-Nicolas Botanicon Parisiense ou D\u00e9nombrement par ordre alphab\u00e9tique des plantes, qui se trouven aux environs de Paris compris dans la carte de la pr\u00e9vot\u00e9 &amp; de l'\u00e9lection de la dite ville par le sieur Danet Genre. - Libairie Clavreuil","robots":{"index":"index","follow":"follow","max-snippet":"max-snippet:-1","max-image-preview":"max-image-preview:large","max-video-preview":"max-video-preview:-1"},"canonical":"https:\/\/www.librairieclavreuil.com\/produit\/botanicon-parisiense-ou-denombrement-par-ordre-alphabetique-des-plantes-qui-se-trouven-aux-environs-de-paris-compris-dans-la-carte-de-la-prevote-de-lelection-de-la-dite-ville-par-le-sieur-dan\/","og_locale":"en_US","og_type":"article","og_title":"VAILLANT Auguste-Nicolas Botanicon Parisiense ou D\u00e9nombrement par ordre alphab\u00e9tique des plantes, qui se trouven aux environs de Paris compris dans la carte de la pr\u00e9vot\u00e9 &amp; de l'\u00e9lection de la dite ville par le sieur Danet Genre. - Libairie Clavreuil","og_description":"Folio (403 x 247 mm) engraved portrait frontispiece, 18 nn.ll., XII pp., 2 nn.ll. (author's index and list of subscribers), 205 pp., 24 nn.ll., 1 engraved folding map, 33 engraved plates with 354 vignettes. Contemporary mottled calf, spine gilt with raised bands, red speckled edges (some old restorations, upper hinge partly split).","og_url":"https:\/\/www.librairieclavreuil.com\/produit\/botanicon-parisiense-ou-denombrement-par-ordre-alphabetique-des-plantes-qui-se-trouven-aux-environs-de-paris-compris-dans-la-carte-de-la-prevote-de-lelection-de-la-dite-ville-par-le-sieur-dan\/","og_site_name":"Libairie Clavreuil","article_modified_time":"2024-12-27T07:32:34+00:00","og_image":[{"width":1920,"height":2560,"url":"https:\/\/www.librairieclavreuil.com\/wp-content\/uploads\/2024\/04\/auguste-nicolas-vaillant-botanicon-parisiense-ou-denombrement-par-ordre-alphabetique-des-plantes-qui-se-trouven-aux-environs-de-paris-compris-dans-la--scaled.jpg","type":"image\/jpeg"}],"twitter_card":"summary_large_image","twitter_misc":{"Est. reading time":"1 minute"},"schema":{"@context":"https:\/\/schema.org","@graph":[{"@type":"WebPage","@id":"https:\/\/www.librairieclavreuil.com\/produit\/botanicon-parisiense-ou-denombrement-par-ordre-alphabetique-des-plantes-qui-se-trouven-aux-environs-de-paris-compris-dans-la-carte-de-la-prevote-de-lelection-de-la-dite-ville-par-le-sieur-dan\/","url":"https:\/\/www.librairieclavreuil.com\/produit\/botanicon-parisiense-ou-denombrement-par-ordre-alphabetique-des-plantes-qui-se-trouven-aux-environs-de-paris-compris-dans-la-carte-de-la-prevote-de-lelection-de-la-dite-ville-par-le-sieur-dan\/","name":"VAILLANT Auguste-Nicolas Botanicon Parisiense ou D\u00e9nombrement par ordre alphab\u00e9tique des plantes, qui se trouven aux environs de Paris compris dans la carte de la pr\u00e9vot\u00e9 &amp; de l'\u00e9lection de la dite ville par le sieur Danet Genre. - Libairie Clavreuil","isPartOf":{"@id":"https:\/\/www.librairieclavreuil.com\/#website"},"primaryImageOfPage":{"@id":"https:\/\/www.librairieclavreuil.com\/produit\/botanicon-parisiense-ou-denombrement-par-ordre-alphabetique-des-plantes-qui-se-trouven-aux-environs-de-paris-compris-dans-la-carte-de-la-prevote-de-lelection-de-la-dite-ville-par-le-sieur-dan\/#primaryimage"},"image":{"@id":"https:\/\/www.librairieclavreuil.com\/produit\/botanicon-parisiense-ou-denombrement-par-ordre-alphabetique-des-plantes-qui-se-trouven-aux-environs-de-paris-compris-dans-la-carte-de-la-prevote-de-lelection-de-la-dite-ville-par-le-sieur-dan\/#primaryimage"},"thumbnailUrl":"https:\/\/www.librairieclavreuil.com\/wp-content\/uploads\/2024\/04\/auguste-nicolas-vaillant-botanicon-parisiense-ou-denombrement-par-ordre-alphabetique-des-plantes-qui-se-trouven-aux-environs-de-paris-compris-dans-la--scaled.jpg","datePublished":"2024-04-18T12:51:32+00:00","dateModified":"2024-12-27T07:32:34+00:00","breadcrumb":{"@id":"https:\/\/www.librairieclavreuil.com\/produit\/botanicon-parisiense-ou-denombrement-par-ordre-alphabetique-des-plantes-qui-se-trouven-aux-environs-de-paris-compris-dans-la-carte-de-la-prevote-de-lelection-de-la-dite-ville-par-le-sieur-dan\/#breadcrumb"},"inLanguage":"en-US","potentialAction":[{"@type":"ReadAction","target":["https:\/\/www.librairieclavreuil.com\/produit\/botanicon-parisiense-ou-denombrement-par-ordre-alphabetique-des-plantes-qui-se-trouven-aux-environs-de-paris-compris-dans-la-carte-de-la-prevote-de-lelection-de-la-dite-ville-par-le-sieur-dan\/"]}]},{"@type":"ImageObject","inLanguage":"en-US","@id":"https:\/\/www.librairieclavreuil.com\/produit\/botanicon-parisiense-ou-denombrement-par-ordre-alphabetique-des-plantes-qui-se-trouven-aux-environs-de-paris-compris-dans-la-carte-de-la-prevote-de-lelection-de-la-dite-ville-par-le-sieur-dan\/#primaryimage","url":"https:\/\/www.librairieclavreuil.com\/wp-content\/uploads\/2024\/04\/auguste-nicolas-vaillant-botanicon-parisiense-ou-denombrement-par-ordre-alphabetique-des-plantes-qui-se-trouven-aux-environs-de-paris-compris-dans-la--scaled.jpg","contentUrl":"https:\/\/www.librairieclavreuil.com\/wp-content\/uploads\/2024\/04\/auguste-nicolas-vaillant-botanicon-parisiense-ou-denombrement-par-ordre-alphabetique-des-plantes-qui-se-trouven-aux-environs-de-paris-compris-dans-la--scaled.jpg","width":1920,"height":2560},{"@type":"BreadcrumbList","@id":"https:\/\/www.librairieclavreuil.com\/produit\/botanicon-parisiense-ou-denombrement-par-ordre-alphabetique-des-plantes-qui-se-trouven-aux-environs-de-paris-compris-dans-la-carte-de-la-prevote-de-lelection-de-la-dite-ville-par-le-sieur-dan\/#breadcrumb","itemListElement":[{"@type":"ListItem","position":1,"name":"Accueil","item":"https:\/\/www.librairieclavreuil.com\/"},{"@type":"ListItem","position":2,"name":"All our books","item":"https:\/\/www.librairieclavreuil.com\/en\/all-our-books\/"},{"@type":"ListItem","position":3,"name":"VAILLANT Auguste-Nicolas Botanicon Parisiense ou D\u00e9nombrement par ordre..."}]},{"@type":"WebSite","@id":"https:\/\/www.librairieclavreuil.com\/#website","url":"https:\/\/www.librairieclavreuil.com\/","name":"Libairie Clavreuil","description":"Livres anciens, manuscrits rares et \u00e9ditions originales \u2013 Librairie Clavreuil","publisher":{"@id":"https:\/\/www.librairieclavreuil.com\/#organization"},"potentialAction":[{"@type":"SearchAction","target":{"@type":"EntryPoint","urlTemplate":"https:\/\/www.librairieclavreuil.com\/?s={search_term_string}"},"query-input":{"@type":"PropertyValueSpecification","valueRequired":true,"valueName":"search_term_string"}}],"inLanguage":"en-US"},{"@type":"Organization","@id":"https:\/\/www.librairieclavreuil.com\/#organization","name":"Libairie Clavreuil","url":"https:\/\/www.librairieclavreuil.com\/","logo":{"@type":"ImageObject","inLanguage":"en-US","@id":"https:\/\/www.librairieclavreuil.com\/#\/schema\/logo\/image\/","url":"https:\/\/www.librairieclavreuil.com\/wp-content\/uploads\/2021\/06\/cropped-LOGO_PNG_DATE-_gold-512x512-1.png","contentUrl":"https:\/\/www.librairieclavreuil.com\/wp-content\/uploads\/2021\/06\/cropped-LOGO_PNG_DATE-_gold-512x512-1.png","width":512,"height":512,"caption":"Libairie Clavreuil"},"image":{"@id":"https:\/\/www.librairieclavreuil.com\/#\/schema\/logo\/image\/"},"sameAs":["https:\/\/www.instagram.com\/librairieclavreuil\/"]}]}},"jetpack_sharing_enabled":true,"_links":{"self":[{"href":"https:\/\/www.librairieclavreuil.com\/en\/wp-json\/wp\/v2\/product\/73171","targetHints":{"allow":["GET"]}}],"collection":[{"href":"https:\/\/www.librairieclavreuil.com\/en\/wp-json\/wp\/v2\/product"}],"about":[{"href":"https:\/\/www.librairieclavreuil.com\/en\/wp-json\/wp\/v2\/types\/product"}],"replies":[{"embeddable":true,"href":"https:\/\/www.librairieclavreuil.com\/en\/wp-json\/wp\/v2\/comments?post=73171"}],"wp:featuredmedia":[{"embeddable":true,"href":"https:\/\/www.librairieclavreuil.com\/en\/wp-json\/wp\/v2\/media\/73156"}],"wp:attachment":[{"href":"https:\/\/www.librairieclavreuil.com\/en\/wp-json\/wp\/v2\/media?parent=73171"}],"wp:term":[{"taxonomy":"product_brand","embeddable":true,"href":"https:\/\/www.librairieclavreuil.com\/en\/wp-json\/wp\/v2\/product_brand?post=73171"},{"taxonomy":"product_cat","embeddable":true,"href":"https:\/\/www.librairieclavreuil.com\/en\/wp-json\/wp\/v2\/product_cat?post=73171"},{"taxonomy":"product_tag","embeddable":true,"href":"https:\/\/www.librairieclavreuil.com\/en\/wp-json\/wp\/v2\/product_tag?post=73171"}],"curies":[{"name":"wp","href":"https:\/\/api.w.org\/{rel}","templated":true}]}}