{"id":73155,"date":"2024-04-18T14:50:44","date_gmt":"2024-04-18T12:50:44","guid":{"rendered":"https:\/\/clavreuil-wordpress.logiciel-arteo.fr\/atlas-dophthalmoscopie-representant-letat-normal-et-les-modifications-pathologiques-du-fond-de-loeil-visibles-a-lophthalmoscope-richard-liebreich\/"},"modified":"2024-07-10T12:41:53","modified_gmt":"2024-07-10T10:41:53","slug":"atlas-dophthalmoscopie-representant-letat-normal-et-les-modifications-pathologiques-du-fond-de-loeil-visibles-a-lophthalmoscope-richard-liebreich","status":"publish","type":"product","link":"https:\/\/www.librairieclavreuil.com\/en\/atlas-dophthalmoscopie-representant-letat-normal-et-les-modifications-pathologiques-du-fond-de-loeil-visibles-a-lophthalmoscope-richard-liebreich\/","title":{"rendered":"LIEBREICH Richard Atlas d&#8217;Ophthalmoscopie repr\u00e9sentant l&#8217;\u00e9tat normal et..."},"content":{"rendered":"<p><i>Cf. Garrison-Morton, 5892 for the German edition 1863.<\/i><\/p>\n<p>Richard Liebreich (1830-1917), German ophthalmologist and physiologist. In 1853 he earned his doctorate at Halle, and from 1854 until 1862 was an assistant to Albrecht von Graefe (1828-1870) in Berlin. He subsequently practiced medicine in Paris (from 1862) and London (from 1870), where he was head of ophthalmology at St. Thomas Hospital. In 1863 he published the highly acclaimed Atlas de l\u2019Ophthalmoscopie. He was interested in the pathological changes of the eye as viewed through the ophthalmoscope, and in 1859 provided a classic description of ocular changes in Bright&#8217;s disease.<\/p>\n<p>&#8220;First atlas of the fundus. The author was assistant to Helmholtz at the time of the invention of the ophthalmoscope&#8221; (Garrison-Morton). Some light overall toning, binding slightly rubbed, else a fine and complete copy with the plates in in fine and bright colours.<\/p>\n","protected":false},"excerpt":{"rendered":"<p>Folio (350 x 277 mm) 36 pp., 12 chromolithographic plates depicting 59 images. Original publisher&#8217;s cloth backed boards.<\/p>\n","protected":false},"featured_media":79470,"comment_status":"open","ping_status":"closed","template":"","meta":{"_acf_changed":false},"product_brand":[],"product_cat":[548],"product_tag":[1301,610,1294],"class_list":{"0":"post-73155","1":"product","2":"type-product","3":"status-publish","4":"has-post-thumbnail","6":"product_cat-medicine","7":"product_tag-eyes","8":"product_tag-optical","9":"product_tag-organes-2","10":"pa_auteur-liebreich-richard-2","11":"pa_type-de-livre-printed-book","13":"first","14":"instock","15":"shipping-taxable","16":"purchasable","17":"product-type-simple"},"acf":{"artist":" Richard LIEBREICH","chapeau":"","adresse_bibliographique":"Paris, Germer Bailli\u00e8re, 1885","book_type":"Printed book","provenance":"","afficher_prix":""},"yoast_head":"<!-- This site is optimized with the Yoast SEO plugin v24.7 - https:\/\/yoast.com\/wordpress\/plugins\/seo\/ -->\n<title>LIEBREICH Richard Atlas d&#039;Ophthalmoscopie repr\u00e9sentant l&#039;\u00e9tat normal et les modifications pathologiques du fond de l&#039;oeil visibles \u00e0 l&#039;ophthalmoscope. - Libairie Clavreuil<\/title>\n<meta name=\"robots\" content=\"index, follow, max-snippet:-1, max-image-preview:large, max-video-preview:-1\" \/>\n<link rel=\"canonical\" href=\"https:\/\/www.librairieclavreuil.com\/produit\/atlas-dophthalmoscopie-representant-letat-normal-et-les-modifications-pathologiques-du-fond-de-loeil-visibles-a-lophthalmoscope-richard-liebreich\/\" \/>\n<meta property=\"og:locale\" content=\"en_US\" \/>\n<meta property=\"og:type\" content=\"article\" \/>\n<meta property=\"og:title\" content=\"LIEBREICH Richard Atlas d&#039;Ophthalmoscopie repr\u00e9sentant l&#039;\u00e9tat normal et les modifications pathologiques du fond de l&#039;oeil visibles \u00e0 l&#039;ophthalmoscope. - Libairie Clavreuil\" \/>\n<meta property=\"og:description\" content=\"Folio (350 x 277 mm) 36 pp., 12 chromolithographic plates depicting 59 images. Original publisher&#039;s cloth backed boards.\" \/>\n<meta property=\"og:url\" content=\"https:\/\/www.librairieclavreuil.com\/produit\/atlas-dophthalmoscopie-representant-letat-normal-et-les-modifications-pathologiques-du-fond-de-loeil-visibles-a-lophthalmoscope-richard-liebreich\/\" \/>\n<meta property=\"og:site_name\" content=\"Libairie Clavreuil\" \/>\n<meta property=\"article:modified_time\" content=\"2024-07-10T10:41:53+00:00\" \/>\n<meta property=\"og:image\" content=\"https:\/\/www.librairieclavreuil.com\/wp-content\/uploads\/2024\/07\/richard-liebreich-atlas-d-ophthalmoscopie-representant-l-etat-normal-et-les-modifications-pathologiques-du-fond-de-l-oeil-visibles-a-l-ophth-668e60fa96305.jpg\" \/>\n\t<meta property=\"og:image:width\" content=\"636\" \/>\n\t<meta property=\"og:image:height\" content=\"800\" \/>\n\t<meta property=\"og:image:type\" content=\"image\/jpeg\" \/>\n<meta name=\"twitter:card\" content=\"summary_large_image\" \/>\n<meta name=\"twitter:label1\" content=\"Est. reading time\" \/>\n\t<meta name=\"twitter:data1\" content=\"1 minute\" \/>\n<script type=\"application\/ld+json\" class=\"yoast-schema-graph\">{\"@context\":\"https:\/\/schema.org\",\"@graph\":[{\"@type\":\"WebPage\",\"@id\":\"https:\/\/www.librairieclavreuil.com\/produit\/atlas-dophthalmoscopie-representant-letat-normal-et-les-modifications-pathologiques-du-fond-de-loeil-visibles-a-lophthalmoscope-richard-liebreich\/\",\"url\":\"https:\/\/www.librairieclavreuil.com\/produit\/atlas-dophthalmoscopie-representant-letat-normal-et-les-modifications-pathologiques-du-fond-de-loeil-visibles-a-lophthalmoscope-richard-liebreich\/\",\"name\":\"LIEBREICH Richard Atlas d'Ophthalmoscopie repr\u00e9sentant l'\u00e9tat normal et les modifications pathologiques du fond de l'oeil visibles \u00e0 l'ophthalmoscope. - Libairie Clavreuil\",\"isPartOf\":{\"@id\":\"https:\/\/www.librairieclavreuil.com\/#website\"},\"primaryImageOfPage\":{\"@id\":\"https:\/\/www.librairieclavreuil.com\/produit\/atlas-dophthalmoscopie-representant-letat-normal-et-les-modifications-pathologiques-du-fond-de-loeil-visibles-a-lophthalmoscope-richard-liebreich\/#primaryimage\"},\"image\":{\"@id\":\"https:\/\/www.librairieclavreuil.com\/produit\/atlas-dophthalmoscopie-representant-letat-normal-et-les-modifications-pathologiques-du-fond-de-loeil-visibles-a-lophthalmoscope-richard-liebreich\/#primaryimage\"},\"thumbnailUrl\":\"https:\/\/www.librairieclavreuil.com\/wp-content\/uploads\/2024\/07\/richard-liebreich-atlas-d-ophthalmoscopie-representant-l-etat-normal-et-les-modifications-pathologiques-du-fond-de-l-oeil-visibles-a-l-ophth-668e60fa96305.jpg\",\"datePublished\":\"2024-04-18T12:50:44+00:00\",\"dateModified\":\"2024-07-10T10:41:53+00:00\",\"breadcrumb\":{\"@id\":\"https:\/\/www.librairieclavreuil.com\/produit\/atlas-dophthalmoscopie-representant-letat-normal-et-les-modifications-pathologiques-du-fond-de-loeil-visibles-a-lophthalmoscope-richard-liebreich\/#breadcrumb\"},\"inLanguage\":\"en-US\",\"potentialAction\":[{\"@type\":\"ReadAction\",\"target\":[\"https:\/\/www.librairieclavreuil.com\/produit\/atlas-dophthalmoscopie-representant-letat-normal-et-les-modifications-pathologiques-du-fond-de-loeil-visibles-a-lophthalmoscope-richard-liebreich\/\"]}]},{\"@type\":\"ImageObject\",\"inLanguage\":\"en-US\",\"@id\":\"https:\/\/www.librairieclavreuil.com\/produit\/atlas-dophthalmoscopie-representant-letat-normal-et-les-modifications-pathologiques-du-fond-de-loeil-visibles-a-lophthalmoscope-richard-liebreich\/#primaryimage\",\"url\":\"https:\/\/www.librairieclavreuil.com\/wp-content\/uploads\/2024\/07\/richard-liebreich-atlas-d-ophthalmoscopie-representant-l-etat-normal-et-les-modifications-pathologiques-du-fond-de-l-oeil-visibles-a-l-ophth-668e60fa96305.jpg\",\"contentUrl\":\"https:\/\/www.librairieclavreuil.com\/wp-content\/uploads\/2024\/07\/richard-liebreich-atlas-d-ophthalmoscopie-representant-l-etat-normal-et-les-modifications-pathologiques-du-fond-de-l-oeil-visibles-a-l-ophth-668e60fa96305.jpg\",\"width\":636,\"height\":800},{\"@type\":\"BreadcrumbList\",\"@id\":\"https:\/\/www.librairieclavreuil.com\/produit\/atlas-dophthalmoscopie-representant-letat-normal-et-les-modifications-pathologiques-du-fond-de-loeil-visibles-a-lophthalmoscope-richard-liebreich\/#breadcrumb\",\"itemListElement\":[{\"@type\":\"ListItem\",\"position\":1,\"name\":\"Accueil\",\"item\":\"https:\/\/www.librairieclavreuil.com\/\"},{\"@type\":\"ListItem\",\"position\":2,\"name\":\"All our books\",\"item\":\"https:\/\/www.librairieclavreuil.com\/en\/all-our-books\/\"},{\"@type\":\"ListItem\",\"position\":3,\"name\":\"LIEBREICH Richard Atlas d&rsquo;Ophthalmoscopie repr\u00e9sentant l&rsquo;\u00e9tat normal et...\"}]},{\"@type\":\"WebSite\",\"@id\":\"https:\/\/www.librairieclavreuil.com\/#website\",\"url\":\"https:\/\/www.librairieclavreuil.com\/\",\"name\":\"Libairie Clavreuil\",\"description\":\"Livres anciens, manuscrits rares et \u00e9ditions originales \u2013 Librairie Clavreuil\",\"publisher\":{\"@id\":\"https:\/\/www.librairieclavreuil.com\/#organization\"},\"potentialAction\":[{\"@type\":\"SearchAction\",\"target\":{\"@type\":\"EntryPoint\",\"urlTemplate\":\"https:\/\/www.librairieclavreuil.com\/?s={search_term_string}\"},\"query-input\":{\"@type\":\"PropertyValueSpecification\",\"valueRequired\":true,\"valueName\":\"search_term_string\"}}],\"inLanguage\":\"en-US\"},{\"@type\":\"Organization\",\"@id\":\"https:\/\/www.librairieclavreuil.com\/#organization\",\"name\":\"Libairie Clavreuil\",\"url\":\"https:\/\/www.librairieclavreuil.com\/\",\"logo\":{\"@type\":\"ImageObject\",\"inLanguage\":\"en-US\",\"@id\":\"https:\/\/www.librairieclavreuil.com\/#\/schema\/logo\/image\/\",\"url\":\"https:\/\/www.librairieclavreuil.com\/wp-content\/uploads\/2021\/06\/cropped-LOGO_PNG_DATE-_gold-512x512-1.png\",\"contentUrl\":\"https:\/\/www.librairieclavreuil.com\/wp-content\/uploads\/2021\/06\/cropped-LOGO_PNG_DATE-_gold-512x512-1.png\",\"width\":512,\"height\":512,\"caption\":\"Libairie Clavreuil\"},\"image\":{\"@id\":\"https:\/\/www.librairieclavreuil.com\/#\/schema\/logo\/image\/\"},\"sameAs\":[\"https:\/\/www.instagram.com\/librairieclavreuil\/\"]}]}<\/script>\n<!-- \/ Yoast SEO plugin. -->","yoast_head_json":{"title":"LIEBREICH Richard Atlas d'Ophthalmoscopie repr\u00e9sentant l'\u00e9tat normal et les modifications pathologiques du fond de l'oeil visibles \u00e0 l'ophthalmoscope. - Libairie Clavreuil","robots":{"index":"index","follow":"follow","max-snippet":"max-snippet:-1","max-image-preview":"max-image-preview:large","max-video-preview":"max-video-preview:-1"},"canonical":"https:\/\/www.librairieclavreuil.com\/produit\/atlas-dophthalmoscopie-representant-letat-normal-et-les-modifications-pathologiques-du-fond-de-loeil-visibles-a-lophthalmoscope-richard-liebreich\/","og_locale":"en_US","og_type":"article","og_title":"LIEBREICH Richard Atlas d'Ophthalmoscopie repr\u00e9sentant l'\u00e9tat normal et les modifications pathologiques du fond de l'oeil visibles \u00e0 l'ophthalmoscope. - Libairie Clavreuil","og_description":"Folio (350 x 277 mm) 36 pp., 12 chromolithographic plates depicting 59 images. Original publisher's cloth backed boards.","og_url":"https:\/\/www.librairieclavreuil.com\/produit\/atlas-dophthalmoscopie-representant-letat-normal-et-les-modifications-pathologiques-du-fond-de-loeil-visibles-a-lophthalmoscope-richard-liebreich\/","og_site_name":"Libairie Clavreuil","article_modified_time":"2024-07-10T10:41:53+00:00","og_image":[{"width":636,"height":800,"url":"https:\/\/www.librairieclavreuil.com\/wp-content\/uploads\/2024\/07\/richard-liebreich-atlas-d-ophthalmoscopie-representant-l-etat-normal-et-les-modifications-pathologiques-du-fond-de-l-oeil-visibles-a-l-ophth-668e60fa96305.jpg","type":"image\/jpeg"}],"twitter_card":"summary_large_image","twitter_misc":{"Est. reading time":"1 minute"},"schema":{"@context":"https:\/\/schema.org","@graph":[{"@type":"WebPage","@id":"https:\/\/www.librairieclavreuil.com\/produit\/atlas-dophthalmoscopie-representant-letat-normal-et-les-modifications-pathologiques-du-fond-de-loeil-visibles-a-lophthalmoscope-richard-liebreich\/","url":"https:\/\/www.librairieclavreuil.com\/produit\/atlas-dophthalmoscopie-representant-letat-normal-et-les-modifications-pathologiques-du-fond-de-loeil-visibles-a-lophthalmoscope-richard-liebreich\/","name":"LIEBREICH Richard Atlas d'Ophthalmoscopie repr\u00e9sentant l'\u00e9tat normal et les modifications pathologiques du fond de l'oeil visibles \u00e0 l'ophthalmoscope. - Libairie Clavreuil","isPartOf":{"@id":"https:\/\/www.librairieclavreuil.com\/#website"},"primaryImageOfPage":{"@id":"https:\/\/www.librairieclavreuil.com\/produit\/atlas-dophthalmoscopie-representant-letat-normal-et-les-modifications-pathologiques-du-fond-de-loeil-visibles-a-lophthalmoscope-richard-liebreich\/#primaryimage"},"image":{"@id":"https:\/\/www.librairieclavreuil.com\/produit\/atlas-dophthalmoscopie-representant-letat-normal-et-les-modifications-pathologiques-du-fond-de-loeil-visibles-a-lophthalmoscope-richard-liebreich\/#primaryimage"},"thumbnailUrl":"https:\/\/www.librairieclavreuil.com\/wp-content\/uploads\/2024\/07\/richard-liebreich-atlas-d-ophthalmoscopie-representant-l-etat-normal-et-les-modifications-pathologiques-du-fond-de-l-oeil-visibles-a-l-ophth-668e60fa96305.jpg","datePublished":"2024-04-18T12:50:44+00:00","dateModified":"2024-07-10T10:41:53+00:00","breadcrumb":{"@id":"https:\/\/www.librairieclavreuil.com\/produit\/atlas-dophthalmoscopie-representant-letat-normal-et-les-modifications-pathologiques-du-fond-de-loeil-visibles-a-lophthalmoscope-richard-liebreich\/#breadcrumb"},"inLanguage":"en-US","potentialAction":[{"@type":"ReadAction","target":["https:\/\/www.librairieclavreuil.com\/produit\/atlas-dophthalmoscopie-representant-letat-normal-et-les-modifications-pathologiques-du-fond-de-loeil-visibles-a-lophthalmoscope-richard-liebreich\/"]}]},{"@type":"ImageObject","inLanguage":"en-US","@id":"https:\/\/www.librairieclavreuil.com\/produit\/atlas-dophthalmoscopie-representant-letat-normal-et-les-modifications-pathologiques-du-fond-de-loeil-visibles-a-lophthalmoscope-richard-liebreich\/#primaryimage","url":"https:\/\/www.librairieclavreuil.com\/wp-content\/uploads\/2024\/07\/richard-liebreich-atlas-d-ophthalmoscopie-representant-l-etat-normal-et-les-modifications-pathologiques-du-fond-de-l-oeil-visibles-a-l-ophth-668e60fa96305.jpg","contentUrl":"https:\/\/www.librairieclavreuil.com\/wp-content\/uploads\/2024\/07\/richard-liebreich-atlas-d-ophthalmoscopie-representant-l-etat-normal-et-les-modifications-pathologiques-du-fond-de-l-oeil-visibles-a-l-ophth-668e60fa96305.jpg","width":636,"height":800},{"@type":"BreadcrumbList","@id":"https:\/\/www.librairieclavreuil.com\/produit\/atlas-dophthalmoscopie-representant-letat-normal-et-les-modifications-pathologiques-du-fond-de-loeil-visibles-a-lophthalmoscope-richard-liebreich\/#breadcrumb","itemListElement":[{"@type":"ListItem","position":1,"name":"Accueil","item":"https:\/\/www.librairieclavreuil.com\/"},{"@type":"ListItem","position":2,"name":"All our books","item":"https:\/\/www.librairieclavreuil.com\/en\/all-our-books\/"},{"@type":"ListItem","position":3,"name":"LIEBREICH Richard Atlas d&rsquo;Ophthalmoscopie repr\u00e9sentant l&rsquo;\u00e9tat normal et..."}]},{"@type":"WebSite","@id":"https:\/\/www.librairieclavreuil.com\/#website","url":"https:\/\/www.librairieclavreuil.com\/","name":"Libairie Clavreuil","description":"Livres anciens, manuscrits rares et \u00e9ditions originales \u2013 Librairie Clavreuil","publisher":{"@id":"https:\/\/www.librairieclavreuil.com\/#organization"},"potentialAction":[{"@type":"SearchAction","target":{"@type":"EntryPoint","urlTemplate":"https:\/\/www.librairieclavreuil.com\/?s={search_term_string}"},"query-input":{"@type":"PropertyValueSpecification","valueRequired":true,"valueName":"search_term_string"}}],"inLanguage":"en-US"},{"@type":"Organization","@id":"https:\/\/www.librairieclavreuil.com\/#organization","name":"Libairie Clavreuil","url":"https:\/\/www.librairieclavreuil.com\/","logo":{"@type":"ImageObject","inLanguage":"en-US","@id":"https:\/\/www.librairieclavreuil.com\/#\/schema\/logo\/image\/","url":"https:\/\/www.librairieclavreuil.com\/wp-content\/uploads\/2021\/06\/cropped-LOGO_PNG_DATE-_gold-512x512-1.png","contentUrl":"https:\/\/www.librairieclavreuil.com\/wp-content\/uploads\/2021\/06\/cropped-LOGO_PNG_DATE-_gold-512x512-1.png","width":512,"height":512,"caption":"Libairie Clavreuil"},"image":{"@id":"https:\/\/www.librairieclavreuil.com\/#\/schema\/logo\/image\/"},"sameAs":["https:\/\/www.instagram.com\/librairieclavreuil\/"]}]}},"jetpack_sharing_enabled":true,"_links":{"self":[{"href":"https:\/\/www.librairieclavreuil.com\/en\/wp-json\/wp\/v2\/product\/73155","targetHints":{"allow":["GET"]}}],"collection":[{"href":"https:\/\/www.librairieclavreuil.com\/en\/wp-json\/wp\/v2\/product"}],"about":[{"href":"https:\/\/www.librairieclavreuil.com\/en\/wp-json\/wp\/v2\/types\/product"}],"replies":[{"embeddable":true,"href":"https:\/\/www.librairieclavreuil.com\/en\/wp-json\/wp\/v2\/comments?post=73155"}],"wp:featuredmedia":[{"embeddable":true,"href":"https:\/\/www.librairieclavreuil.com\/en\/wp-json\/wp\/v2\/media\/79470"}],"wp:attachment":[{"href":"https:\/\/www.librairieclavreuil.com\/en\/wp-json\/wp\/v2\/media?parent=73155"}],"wp:term":[{"taxonomy":"product_brand","embeddable":true,"href":"https:\/\/www.librairieclavreuil.com\/en\/wp-json\/wp\/v2\/product_brand?post=73155"},{"taxonomy":"product_cat","embeddable":true,"href":"https:\/\/www.librairieclavreuil.com\/en\/wp-json\/wp\/v2\/product_cat?post=73155"},{"taxonomy":"product_tag","embeddable":true,"href":"https:\/\/www.librairieclavreuil.com\/en\/wp-json\/wp\/v2\/product_tag?post=73155"}],"curies":[{"name":"wp","href":"https:\/\/api.w.org\/{rel}","templated":true}]}}