{"id":73109,"date":"2024-04-18T12:48:07","date_gmt":"2024-04-18T10:48:07","guid":{"rendered":"https:\/\/clavreuil-wordpress.logiciel-arteo.fr\/traite-dhorlogerie-contenant-tout-ce-qui-est-necessaire-pour-bien-connoitre-et-pour-regler-les-pendules-et-les-montres-la-description-des-pieces-dhorlogerie-les-plus-utiles-des-repetitions-des\/"},"modified":"2024-07-05T13:20:27","modified_gmt":"2024-07-05T11:20:27","slug":"traite-dhorlogerie-contenant-tout-ce-qui-est-necessaire-pour-bien-connoitre-et-pour-regler-les-pendules-et-les-montres-la-description-des-pieces-dhorlogerie-les-plus-utiles-des-repetitions-des","status":"publish","type":"product","link":"https:\/\/www.librairieclavreuil.com\/en\/traite-dhorlogerie-contenant-tout-ce-qui-est-necessaire-pour-bien-connoitre-et-pour-regler-les-pendules-et-les-montres-la-description-des-pieces-dhorlogerie-les-plus-utiles-des-repetitions-des\/","title":{"rendered":"LEPAUTE Jean-Andr\u00e9 Trait\u00e9 d&#8217;horlogerie, contenant tout ce qui..."},"content":{"rendered":"<p style=\"text-align:justify\"><i>Tardy, p. 159 ; Poggendorff, I, 1429 ; Polak, 5797.<\/i><\/p>\n<p style=\"text-align:justify\"><span style=\"font-variant:small-caps\">First edition of the most important work by the watchmaker Jean-Andr\u00e9 Lepaute (1720-1787).<\/span><\/p>\n<p style=\"text-align:justify\">Active in Paris since 1740, Lepaute acquired rapidly a reputation and received orders for the construction of most of the large official clocks in the city. He was the inventor of a new type of pendulum and improved largely the mechanics of the clocks. His ability to produce high quality pieces resulted in many orders from European observatories.<\/p>\n<p style=\"text-align:justify\">The 17 engraved plates show the different mechanisms used in clock making.<\/p>\n<p style=\"text-align:justify\">Fine, broad margined copy, well bound at the time.<\/p>\n<p style=\"text-align:justify\">From the library of G. Peyroutet (signature on the half-title).<\/p>\n","protected":false},"excerpt":{"rendered":"<p style=\"text-align:justify\">4to (285 x 210 mm) 2 nn.ll., XXVIII, 310 pp. (misnumbered 308), XXXV pp. (tables), 17 engraved folding plates. Contemporary calf, spine gilt with raised bands, gilt edges (slightly restroed)<\/p>\n","protected":false},"featured_media":73102,"comment_status":"open","ping_status":"closed","template":"","meta":{"_acf_changed":false},"product_brand":[],"product_cat":[550],"product_tag":[1318],"class_list":{"0":"post-73109","1":"product","2":"type-product","3":"status-publish","4":"has-post-thumbnail","6":"product_cat-science","7":"product_tag-watchmaking","8":"pa_auteur-lepaute-jean-andre-2","9":"pa_type-de-livre-printed-book","11":"first","12":"instock","13":"shipping-taxable","14":"purchasable","15":"product-type-simple"},"acf":{"artist":"Jean-Andr\u00e9 LEPAUTE","chapeau":"18th century clock making","adresse_bibliographique":"Paris, Chardon, 1755","book_type":"Printed book","provenance":"","afficher_prix":""},"yoast_head":"<!-- This site is optimized with the Yoast SEO plugin v24.7 - https:\/\/yoast.com\/wordpress\/plugins\/seo\/ -->\n<title>LEPAUTE Jean-Andr\u00e9 Trait\u00e9 d&#039;horlogerie, contenant tout ce qui est necessaire pour bien connoitre et pour regler les Pendules et les Montres, la Description des Pieces d&#039;Horlogerie les plus utiles, des rep\u00e9titions, des \u00e9quations, des Pendules \u00e0 une roue, &amp;c. celle du nouvel \u00e9chapement, un Trait\u00e9 des engrenages, avec plusieurs Tables... D\u00e9di\u00e9 \u00e0 Monsieur le Marquis de Marigny. - Libairie Clavreuil<\/title>\n<meta name=\"robots\" content=\"index, follow, max-snippet:-1, max-image-preview:large, max-video-preview:-1\" \/>\n<link rel=\"canonical\" href=\"https:\/\/www.librairieclavreuil.com\/produit\/traite-dhorlogerie-contenant-tout-ce-qui-est-necessaire-pour-bien-connoitre-et-pour-regler-les-pendules-et-les-montres-la-description-des-pieces-dhorlogerie-les-plus-utiles-des-repetitions-des\/\" \/>\n<meta property=\"og:locale\" content=\"en_US\" \/>\n<meta property=\"og:type\" content=\"article\" \/>\n<meta property=\"og:title\" content=\"LEPAUTE Jean-Andr\u00e9 Trait\u00e9 d&#039;horlogerie, contenant tout ce qui est necessaire pour bien connoitre et pour regler les Pendules et les Montres, la Description des Pieces d&#039;Horlogerie les plus utiles, des rep\u00e9titions, des \u00e9quations, des Pendules \u00e0 une roue, &amp;c. celle du nouvel \u00e9chapement, un Trait\u00e9 des engrenages, avec plusieurs Tables... D\u00e9di\u00e9 \u00e0 Monsieur le Marquis de Marigny. - Libairie Clavreuil\" \/>\n<meta property=\"og:description\" content=\"4to (285 x 210 mm) 2 nn.ll., XXVIII, 310 pp. (misnumbered 308), XXXV pp. (tables), 17 engraved folding plates. Contemporary calf, spine gilt with raised bands, gilt edges (slightly restroed)\" \/>\n<meta property=\"og:url\" content=\"https:\/\/www.librairieclavreuil.com\/produit\/traite-dhorlogerie-contenant-tout-ce-qui-est-necessaire-pour-bien-connoitre-et-pour-regler-les-pendules-et-les-montres-la-description-des-pieces-dhorlogerie-les-plus-utiles-des-repetitions-des\/\" \/>\n<meta property=\"og:site_name\" content=\"Libairie Clavreuil\" \/>\n<meta property=\"article:modified_time\" content=\"2024-07-05T11:20:27+00:00\" \/>\n<meta property=\"og:image\" content=\"https:\/\/www.librairieclavreuil.com\/wp-content\/uploads\/2024\/04\/jean-andre-lepaute-traite-d-horlogerie-contenant-tout-ce-qui-est-necessaire-pour-bien-connoitre-et-pour-regler-les-pendules-et-les-montres-la-descript-scaled.jpg\" \/>\n\t<meta property=\"og:image:width\" content=\"1920\" \/>\n\t<meta property=\"og:image:height\" content=\"2560\" \/>\n\t<meta property=\"og:image:type\" content=\"image\/jpeg\" \/>\n<meta name=\"twitter:card\" content=\"summary_large_image\" \/>\n<meta name=\"twitter:label1\" content=\"Est. reading time\" \/>\n\t<meta name=\"twitter:data1\" content=\"1 minute\" \/>\n<script type=\"application\/ld+json\" class=\"yoast-schema-graph\">{\"@context\":\"https:\/\/schema.org\",\"@graph\":[{\"@type\":\"WebPage\",\"@id\":\"https:\/\/www.librairieclavreuil.com\/produit\/traite-dhorlogerie-contenant-tout-ce-qui-est-necessaire-pour-bien-connoitre-et-pour-regler-les-pendules-et-les-montres-la-description-des-pieces-dhorlogerie-les-plus-utiles-des-repetitions-des\/\",\"url\":\"https:\/\/www.librairieclavreuil.com\/produit\/traite-dhorlogerie-contenant-tout-ce-qui-est-necessaire-pour-bien-connoitre-et-pour-regler-les-pendules-et-les-montres-la-description-des-pieces-dhorlogerie-les-plus-utiles-des-repetitions-des\/\",\"name\":\"LEPAUTE Jean-Andr\u00e9 Trait\u00e9 d'horlogerie, contenant tout ce qui est necessaire pour bien connoitre et pour regler les Pendules et les Montres, la Description des Pieces d'Horlogerie les plus utiles, des rep\u00e9titions, des \u00e9quations, des Pendules \u00e0 une roue, &amp;c. celle du nouvel \u00e9chapement, un Trait\u00e9 des engrenages, avec plusieurs Tables... D\u00e9di\u00e9 \u00e0 Monsieur le Marquis de Marigny. - Libairie Clavreuil\",\"isPartOf\":{\"@id\":\"https:\/\/www.librairieclavreuil.com\/#website\"},\"primaryImageOfPage\":{\"@id\":\"https:\/\/www.librairieclavreuil.com\/produit\/traite-dhorlogerie-contenant-tout-ce-qui-est-necessaire-pour-bien-connoitre-et-pour-regler-les-pendules-et-les-montres-la-description-des-pieces-dhorlogerie-les-plus-utiles-des-repetitions-des\/#primaryimage\"},\"image\":{\"@id\":\"https:\/\/www.librairieclavreuil.com\/produit\/traite-dhorlogerie-contenant-tout-ce-qui-est-necessaire-pour-bien-connoitre-et-pour-regler-les-pendules-et-les-montres-la-description-des-pieces-dhorlogerie-les-plus-utiles-des-repetitions-des\/#primaryimage\"},\"thumbnailUrl\":\"https:\/\/www.librairieclavreuil.com\/wp-content\/uploads\/2024\/04\/jean-andre-lepaute-traite-d-horlogerie-contenant-tout-ce-qui-est-necessaire-pour-bien-connoitre-et-pour-regler-les-pendules-et-les-montres-la-descript-scaled.jpg\",\"datePublished\":\"2024-04-18T10:48:07+00:00\",\"dateModified\":\"2024-07-05T11:20:27+00:00\",\"breadcrumb\":{\"@id\":\"https:\/\/www.librairieclavreuil.com\/produit\/traite-dhorlogerie-contenant-tout-ce-qui-est-necessaire-pour-bien-connoitre-et-pour-regler-les-pendules-et-les-montres-la-description-des-pieces-dhorlogerie-les-plus-utiles-des-repetitions-des\/#breadcrumb\"},\"inLanguage\":\"en-US\",\"potentialAction\":[{\"@type\":\"ReadAction\",\"target\":[\"https:\/\/www.librairieclavreuil.com\/produit\/traite-dhorlogerie-contenant-tout-ce-qui-est-necessaire-pour-bien-connoitre-et-pour-regler-les-pendules-et-les-montres-la-description-des-pieces-dhorlogerie-les-plus-utiles-des-repetitions-des\/\"]}]},{\"@type\":\"ImageObject\",\"inLanguage\":\"en-US\",\"@id\":\"https:\/\/www.librairieclavreuil.com\/produit\/traite-dhorlogerie-contenant-tout-ce-qui-est-necessaire-pour-bien-connoitre-et-pour-regler-les-pendules-et-les-montres-la-description-des-pieces-dhorlogerie-les-plus-utiles-des-repetitions-des\/#primaryimage\",\"url\":\"https:\/\/www.librairieclavreuil.com\/wp-content\/uploads\/2024\/04\/jean-andre-lepaute-traite-d-horlogerie-contenant-tout-ce-qui-est-necessaire-pour-bien-connoitre-et-pour-regler-les-pendules-et-les-montres-la-descript-scaled.jpg\",\"contentUrl\":\"https:\/\/www.librairieclavreuil.com\/wp-content\/uploads\/2024\/04\/jean-andre-lepaute-traite-d-horlogerie-contenant-tout-ce-qui-est-necessaire-pour-bien-connoitre-et-pour-regler-les-pendules-et-les-montres-la-descript-scaled.jpg\",\"width\":1920,\"height\":2560},{\"@type\":\"BreadcrumbList\",\"@id\":\"https:\/\/www.librairieclavreuil.com\/produit\/traite-dhorlogerie-contenant-tout-ce-qui-est-necessaire-pour-bien-connoitre-et-pour-regler-les-pendules-et-les-montres-la-description-des-pieces-dhorlogerie-les-plus-utiles-des-repetitions-des\/#breadcrumb\",\"itemListElement\":[{\"@type\":\"ListItem\",\"position\":1,\"name\":\"Accueil\",\"item\":\"https:\/\/www.librairieclavreuil.com\/\"},{\"@type\":\"ListItem\",\"position\":2,\"name\":\"All our books\",\"item\":\"https:\/\/www.librairieclavreuil.com\/en\/all-our-books\/\"},{\"@type\":\"ListItem\",\"position\":3,\"name\":\"LEPAUTE Jean-Andr\u00e9 Trait\u00e9 d&rsquo;horlogerie, contenant tout ce qui...\"}]},{\"@type\":\"WebSite\",\"@id\":\"https:\/\/www.librairieclavreuil.com\/#website\",\"url\":\"https:\/\/www.librairieclavreuil.com\/\",\"name\":\"Libairie Clavreuil\",\"description\":\"Livres anciens, manuscrits rares et \u00e9ditions originales \u2013 Librairie Clavreuil\",\"publisher\":{\"@id\":\"https:\/\/www.librairieclavreuil.com\/#organization\"},\"potentialAction\":[{\"@type\":\"SearchAction\",\"target\":{\"@type\":\"EntryPoint\",\"urlTemplate\":\"https:\/\/www.librairieclavreuil.com\/?s={search_term_string}\"},\"query-input\":{\"@type\":\"PropertyValueSpecification\",\"valueRequired\":true,\"valueName\":\"search_term_string\"}}],\"inLanguage\":\"en-US\"},{\"@type\":\"Organization\",\"@id\":\"https:\/\/www.librairieclavreuil.com\/#organization\",\"name\":\"Libairie Clavreuil\",\"url\":\"https:\/\/www.librairieclavreuil.com\/\",\"logo\":{\"@type\":\"ImageObject\",\"inLanguage\":\"en-US\",\"@id\":\"https:\/\/www.librairieclavreuil.com\/#\/schema\/logo\/image\/\",\"url\":\"https:\/\/www.librairieclavreuil.com\/wp-content\/uploads\/2021\/06\/cropped-LOGO_PNG_DATE-_gold-512x512-1.png\",\"contentUrl\":\"https:\/\/www.librairieclavreuil.com\/wp-content\/uploads\/2021\/06\/cropped-LOGO_PNG_DATE-_gold-512x512-1.png\",\"width\":512,\"height\":512,\"caption\":\"Libairie Clavreuil\"},\"image\":{\"@id\":\"https:\/\/www.librairieclavreuil.com\/#\/schema\/logo\/image\/\"},\"sameAs\":[\"https:\/\/www.instagram.com\/librairieclavreuil\/\"]}]}<\/script>\n<!-- \/ Yoast SEO plugin. -->","yoast_head_json":{"title":"LEPAUTE Jean-Andr\u00e9 Trait\u00e9 d'horlogerie, contenant tout ce qui est necessaire pour bien connoitre et pour regler les Pendules et les Montres, la Description des Pieces d'Horlogerie les plus utiles, des rep\u00e9titions, des \u00e9quations, des Pendules \u00e0 une roue, &amp;c. celle du nouvel \u00e9chapement, un Trait\u00e9 des engrenages, avec plusieurs Tables... D\u00e9di\u00e9 \u00e0 Monsieur le Marquis de Marigny. - Libairie Clavreuil","robots":{"index":"index","follow":"follow","max-snippet":"max-snippet:-1","max-image-preview":"max-image-preview:large","max-video-preview":"max-video-preview:-1"},"canonical":"https:\/\/www.librairieclavreuil.com\/produit\/traite-dhorlogerie-contenant-tout-ce-qui-est-necessaire-pour-bien-connoitre-et-pour-regler-les-pendules-et-les-montres-la-description-des-pieces-dhorlogerie-les-plus-utiles-des-repetitions-des\/","og_locale":"en_US","og_type":"article","og_title":"LEPAUTE Jean-Andr\u00e9 Trait\u00e9 d'horlogerie, contenant tout ce qui est necessaire pour bien connoitre et pour regler les Pendules et les Montres, la Description des Pieces d'Horlogerie les plus utiles, des rep\u00e9titions, des \u00e9quations, des Pendules \u00e0 une roue, &amp;c. celle du nouvel \u00e9chapement, un Trait\u00e9 des engrenages, avec plusieurs Tables... D\u00e9di\u00e9 \u00e0 Monsieur le Marquis de Marigny. - Libairie Clavreuil","og_description":"4to (285 x 210 mm) 2 nn.ll., XXVIII, 310 pp. (misnumbered 308), XXXV pp. (tables), 17 engraved folding plates. Contemporary calf, spine gilt with raised bands, gilt edges (slightly restroed)","og_url":"https:\/\/www.librairieclavreuil.com\/produit\/traite-dhorlogerie-contenant-tout-ce-qui-est-necessaire-pour-bien-connoitre-et-pour-regler-les-pendules-et-les-montres-la-description-des-pieces-dhorlogerie-les-plus-utiles-des-repetitions-des\/","og_site_name":"Libairie Clavreuil","article_modified_time":"2024-07-05T11:20:27+00:00","og_image":[{"width":1920,"height":2560,"url":"https:\/\/www.librairieclavreuil.com\/wp-content\/uploads\/2024\/04\/jean-andre-lepaute-traite-d-horlogerie-contenant-tout-ce-qui-est-necessaire-pour-bien-connoitre-et-pour-regler-les-pendules-et-les-montres-la-descript-scaled.jpg","type":"image\/jpeg"}],"twitter_card":"summary_large_image","twitter_misc":{"Est. reading time":"1 minute"},"schema":{"@context":"https:\/\/schema.org","@graph":[{"@type":"WebPage","@id":"https:\/\/www.librairieclavreuil.com\/produit\/traite-dhorlogerie-contenant-tout-ce-qui-est-necessaire-pour-bien-connoitre-et-pour-regler-les-pendules-et-les-montres-la-description-des-pieces-dhorlogerie-les-plus-utiles-des-repetitions-des\/","url":"https:\/\/www.librairieclavreuil.com\/produit\/traite-dhorlogerie-contenant-tout-ce-qui-est-necessaire-pour-bien-connoitre-et-pour-regler-les-pendules-et-les-montres-la-description-des-pieces-dhorlogerie-les-plus-utiles-des-repetitions-des\/","name":"LEPAUTE Jean-Andr\u00e9 Trait\u00e9 d'horlogerie, contenant tout ce qui est necessaire pour bien connoitre et pour regler les Pendules et les Montres, la Description des Pieces d'Horlogerie les plus utiles, des rep\u00e9titions, des \u00e9quations, des Pendules \u00e0 une roue, &amp;c. celle du nouvel \u00e9chapement, un Trait\u00e9 des engrenages, avec plusieurs Tables... D\u00e9di\u00e9 \u00e0 Monsieur le Marquis de Marigny. - Libairie Clavreuil","isPartOf":{"@id":"https:\/\/www.librairieclavreuil.com\/#website"},"primaryImageOfPage":{"@id":"https:\/\/www.librairieclavreuil.com\/produit\/traite-dhorlogerie-contenant-tout-ce-qui-est-necessaire-pour-bien-connoitre-et-pour-regler-les-pendules-et-les-montres-la-description-des-pieces-dhorlogerie-les-plus-utiles-des-repetitions-des\/#primaryimage"},"image":{"@id":"https:\/\/www.librairieclavreuil.com\/produit\/traite-dhorlogerie-contenant-tout-ce-qui-est-necessaire-pour-bien-connoitre-et-pour-regler-les-pendules-et-les-montres-la-description-des-pieces-dhorlogerie-les-plus-utiles-des-repetitions-des\/#primaryimage"},"thumbnailUrl":"https:\/\/www.librairieclavreuil.com\/wp-content\/uploads\/2024\/04\/jean-andre-lepaute-traite-d-horlogerie-contenant-tout-ce-qui-est-necessaire-pour-bien-connoitre-et-pour-regler-les-pendules-et-les-montres-la-descript-scaled.jpg","datePublished":"2024-04-18T10:48:07+00:00","dateModified":"2024-07-05T11:20:27+00:00","breadcrumb":{"@id":"https:\/\/www.librairieclavreuil.com\/produit\/traite-dhorlogerie-contenant-tout-ce-qui-est-necessaire-pour-bien-connoitre-et-pour-regler-les-pendules-et-les-montres-la-description-des-pieces-dhorlogerie-les-plus-utiles-des-repetitions-des\/#breadcrumb"},"inLanguage":"en-US","potentialAction":[{"@type":"ReadAction","target":["https:\/\/www.librairieclavreuil.com\/produit\/traite-dhorlogerie-contenant-tout-ce-qui-est-necessaire-pour-bien-connoitre-et-pour-regler-les-pendules-et-les-montres-la-description-des-pieces-dhorlogerie-les-plus-utiles-des-repetitions-des\/"]}]},{"@type":"ImageObject","inLanguage":"en-US","@id":"https:\/\/www.librairieclavreuil.com\/produit\/traite-dhorlogerie-contenant-tout-ce-qui-est-necessaire-pour-bien-connoitre-et-pour-regler-les-pendules-et-les-montres-la-description-des-pieces-dhorlogerie-les-plus-utiles-des-repetitions-des\/#primaryimage","url":"https:\/\/www.librairieclavreuil.com\/wp-content\/uploads\/2024\/04\/jean-andre-lepaute-traite-d-horlogerie-contenant-tout-ce-qui-est-necessaire-pour-bien-connoitre-et-pour-regler-les-pendules-et-les-montres-la-descript-scaled.jpg","contentUrl":"https:\/\/www.librairieclavreuil.com\/wp-content\/uploads\/2024\/04\/jean-andre-lepaute-traite-d-horlogerie-contenant-tout-ce-qui-est-necessaire-pour-bien-connoitre-et-pour-regler-les-pendules-et-les-montres-la-descript-scaled.jpg","width":1920,"height":2560},{"@type":"BreadcrumbList","@id":"https:\/\/www.librairieclavreuil.com\/produit\/traite-dhorlogerie-contenant-tout-ce-qui-est-necessaire-pour-bien-connoitre-et-pour-regler-les-pendules-et-les-montres-la-description-des-pieces-dhorlogerie-les-plus-utiles-des-repetitions-des\/#breadcrumb","itemListElement":[{"@type":"ListItem","position":1,"name":"Accueil","item":"https:\/\/www.librairieclavreuil.com\/"},{"@type":"ListItem","position":2,"name":"All our books","item":"https:\/\/www.librairieclavreuil.com\/en\/all-our-books\/"},{"@type":"ListItem","position":3,"name":"LEPAUTE Jean-Andr\u00e9 Trait\u00e9 d&rsquo;horlogerie, contenant tout ce qui..."}]},{"@type":"WebSite","@id":"https:\/\/www.librairieclavreuil.com\/#website","url":"https:\/\/www.librairieclavreuil.com\/","name":"Libairie Clavreuil","description":"Livres anciens, manuscrits rares et \u00e9ditions originales \u2013 Librairie Clavreuil","publisher":{"@id":"https:\/\/www.librairieclavreuil.com\/#organization"},"potentialAction":[{"@type":"SearchAction","target":{"@type":"EntryPoint","urlTemplate":"https:\/\/www.librairieclavreuil.com\/?s={search_term_string}"},"query-input":{"@type":"PropertyValueSpecification","valueRequired":true,"valueName":"search_term_string"}}],"inLanguage":"en-US"},{"@type":"Organization","@id":"https:\/\/www.librairieclavreuil.com\/#organization","name":"Libairie Clavreuil","url":"https:\/\/www.librairieclavreuil.com\/","logo":{"@type":"ImageObject","inLanguage":"en-US","@id":"https:\/\/www.librairieclavreuil.com\/#\/schema\/logo\/image\/","url":"https:\/\/www.librairieclavreuil.com\/wp-content\/uploads\/2021\/06\/cropped-LOGO_PNG_DATE-_gold-512x512-1.png","contentUrl":"https:\/\/www.librairieclavreuil.com\/wp-content\/uploads\/2021\/06\/cropped-LOGO_PNG_DATE-_gold-512x512-1.png","width":512,"height":512,"caption":"Libairie Clavreuil"},"image":{"@id":"https:\/\/www.librairieclavreuil.com\/#\/schema\/logo\/image\/"},"sameAs":["https:\/\/www.instagram.com\/librairieclavreuil\/"]}]}},"jetpack_sharing_enabled":true,"_links":{"self":[{"href":"https:\/\/www.librairieclavreuil.com\/en\/wp-json\/wp\/v2\/product\/73109","targetHints":{"allow":["GET"]}}],"collection":[{"href":"https:\/\/www.librairieclavreuil.com\/en\/wp-json\/wp\/v2\/product"}],"about":[{"href":"https:\/\/www.librairieclavreuil.com\/en\/wp-json\/wp\/v2\/types\/product"}],"replies":[{"embeddable":true,"href":"https:\/\/www.librairieclavreuil.com\/en\/wp-json\/wp\/v2\/comments?post=73109"}],"wp:featuredmedia":[{"embeddable":true,"href":"https:\/\/www.librairieclavreuil.com\/en\/wp-json\/wp\/v2\/media\/73102"}],"wp:attachment":[{"href":"https:\/\/www.librairieclavreuil.com\/en\/wp-json\/wp\/v2\/media?parent=73109"}],"wp:term":[{"taxonomy":"product_brand","embeddable":true,"href":"https:\/\/www.librairieclavreuil.com\/en\/wp-json\/wp\/v2\/product_brand?post=73109"},{"taxonomy":"product_cat","embeddable":true,"href":"https:\/\/www.librairieclavreuil.com\/en\/wp-json\/wp\/v2\/product_cat?post=73109"},{"taxonomy":"product_tag","embeddable":true,"href":"https:\/\/www.librairieclavreuil.com\/en\/wp-json\/wp\/v2\/product_tag?post=73109"}],"curies":[{"name":"wp","href":"https:\/\/api.w.org\/{rel}","templated":true}]}}