{"id":73006,"date":"2024-04-18T11:54:44","date_gmt":"2024-04-18T09:54:44","guid":{"rendered":"https:\/\/clavreuil-wordpress.logiciel-arteo.fr\/raisonnement-sur-la-perspective-pour-en-faciliter-lusage-aux-artistes-dedie-aux-memes-ennemond-alexandre-petitot\/"},"modified":"2025-10-10T13:58:21","modified_gmt":"2025-10-10T11:58:21","slug":"raisonnement-sur-la-perspective-pour-en-faciliter-lusage-aux-artistes-dedie-aux-memes-ennemond-alexandre-petitot","status":"publish","type":"product","link":"https:\/\/www.librairieclavreuil.com\/en\/raisonnement-sur-la-perspective-pour-en-faciliter-lusage-aux-artistes-dedie-aux-memes-ennemond-alexandre-petitot\/","title":{"rendered":"PETITOT Ennemond Alexandre Raisonnement sur la perspective, pour..."},"content":{"rendered":"<p style=\"text-align:justify\"><i>Vagnetti, EIVb40; Kat. Berlin, 4736.<\/i><\/p>\n<p style=\"text-align:justify\"><span style=\"font-variant:small-caps\">First edition of the rarest of all suites of engravings of Ennemond-Alexandre Petitot (1727-1801).<\/span><\/p>\n<p style=\"text-align:justify\">The series presents practical solutions to various problems of figure drawing and bas-relief perspective. The Frenchman Paul Petitot had been appointed architect to the Duke of Parma in 1760.<\/p>\n<p style=\"text-align:justify\">According to the preface the treatise had been written and designed by Petitot for a painter friend, and is here edited by the engraver Jacques Gaultier, who got hold of the manuscript. \u201cJe vous pr\u00e9sent un ouvrage que monsieur Petitot architecte, de S.A.R. l\u2019infant D. Philippe \u00e9crivit pour un peintre de ses amis, &amp; dont le manuscrit m\u2019est tomb\u00e9 entre les mains&#8221;.<\/p>\n<p style=\"text-align:justify\">The book is richly produced, with the text in French and Italian printed in two facing columns and withing double printed borders.<\/p>\n<p style=\"text-align:justify\">A very fine copy, printed on strong paper.<\/p>\n<p style=\"text-align:justify\">Provenance : M. Favia del Core &#8211; Thomas Vroom (book-plates).<\/p>\n","protected":false},"excerpt":{"rendered":"<p style=\"text-align:justify\">Folio (339 x 237 mm) 5 un.l., 20 pp., 9 engraved plates. Contemporary Italian grey boards.<\/p>\n","protected":false},"featured_media":73001,"comment_status":"open","ping_status":"closed","template":"","meta":{"_acf_changed":false},"product_brand":[],"product_cat":[550],"product_tag":[1200,1201,1199,1450,1204],"class_list":{"0":"post-73006","1":"product","2":"type-product","3":"status-publish","4":"has-post-thumbnail","6":"product_cat-science","7":"product_tag-architecture-2","8":"product_tag-drawing","9":"product_tag-fine-arts","10":"product_tag-first-edition","11":"product_tag-perspective-2","12":"pa_auteur-petitot-ennemond-alexandre-2","13":"pa_type-de-livre-printed-book","15":"first","16":"instock","17":"shipping-taxable","18":"purchasable","19":"product-type-simple"},"acf":{"artist":" Ennemond Alexandre PETITOT","chapeau":"","adresse_bibliographique":"Parme, fr\u00e8res Faure, 1758","book_type":"Printed book","provenance":"","afficher_prix":""},"yoast_head":"<!-- This site is optimized with the Yoast SEO plugin v24.7 - https:\/\/yoast.com\/wordpress\/plugins\/seo\/ -->\n<title>PETITOT Ennemond Alexandre Raisonnement sur la perspective, pour en faciliter l&#039;usage aux artistes. D\u00e9di\u00e9 aux m\u00eames. - Libairie Clavreuil<\/title>\n<meta name=\"robots\" content=\"index, follow, max-snippet:-1, max-image-preview:large, max-video-preview:-1\" \/>\n<link rel=\"canonical\" href=\"https:\/\/www.librairieclavreuil.com\/en\/raisonnement-sur-la-perspective-pour-en-faciliter-lusage-aux-artistes-dedie-aux-memes-ennemond-alexandre-petitot\/\" \/>\n<meta property=\"og:locale\" content=\"en_US\" \/>\n<meta property=\"og:type\" content=\"article\" \/>\n<meta property=\"og:title\" content=\"PETITOT Ennemond Alexandre Raisonnement sur la perspective, pour en faciliter l&#039;usage aux artistes. D\u00e9di\u00e9 aux m\u00eames. - Libairie Clavreuil\" \/>\n<meta property=\"og:description\" content=\"Folio (339 x 237 mm) 5 un.l., 20 pp., 9 engraved plates. Contemporary Italian grey boards.\" \/>\n<meta property=\"og:url\" content=\"https:\/\/www.librairieclavreuil.com\/en\/raisonnement-sur-la-perspective-pour-en-faciliter-lusage-aux-artistes-dedie-aux-memes-ennemond-alexandre-petitot\/\" \/>\n<meta property=\"og:site_name\" content=\"Libairie Clavreuil\" \/>\n<meta property=\"article:modified_time\" content=\"2025-10-10T11:58:21+00:00\" \/>\n<meta property=\"og:image\" content=\"https:\/\/www.librairieclavreuil.com\/wp-content\/uploads\/2024\/04\/ennemond-alexandre-petitot-raisonnement-sur-la-perspective-pour-en-faciliter-l-usage-aux-artistes-dedie-aux-memes-6357-658305ee1606d-scaled.jpg\" \/>\n\t<meta property=\"og:image:width\" content=\"1707\" \/>\n\t<meta property=\"og:image:height\" content=\"2560\" \/>\n\t<meta property=\"og:image:type\" content=\"image\/jpeg\" \/>\n<meta name=\"twitter:card\" content=\"summary_large_image\" \/>\n<meta name=\"twitter:label1\" content=\"Est. reading time\" \/>\n\t<meta name=\"twitter:data1\" content=\"1 minute\" \/>\n<script type=\"application\/ld+json\" class=\"yoast-schema-graph\">{\"@context\":\"https:\/\/schema.org\",\"@graph\":[{\"@type\":\"WebPage\",\"@id\":\"https:\/\/www.librairieclavreuil.com\/en\/raisonnement-sur-la-perspective-pour-en-faciliter-lusage-aux-artistes-dedie-aux-memes-ennemond-alexandre-petitot\/\",\"url\":\"https:\/\/www.librairieclavreuil.com\/en\/raisonnement-sur-la-perspective-pour-en-faciliter-lusage-aux-artistes-dedie-aux-memes-ennemond-alexandre-petitot\/\",\"name\":\"PETITOT Ennemond Alexandre Raisonnement sur la perspective, pour en faciliter l'usage aux artistes. D\u00e9di\u00e9 aux m\u00eames. - Libairie Clavreuil\",\"isPartOf\":{\"@id\":\"https:\/\/www.librairieclavreuil.com\/#website\"},\"primaryImageOfPage\":{\"@id\":\"https:\/\/www.librairieclavreuil.com\/en\/raisonnement-sur-la-perspective-pour-en-faciliter-lusage-aux-artistes-dedie-aux-memes-ennemond-alexandre-petitot\/#primaryimage\"},\"image\":{\"@id\":\"https:\/\/www.librairieclavreuil.com\/en\/raisonnement-sur-la-perspective-pour-en-faciliter-lusage-aux-artistes-dedie-aux-memes-ennemond-alexandre-petitot\/#primaryimage\"},\"thumbnailUrl\":\"https:\/\/www.librairieclavreuil.com\/wp-content\/uploads\/2024\/04\/ennemond-alexandre-petitot-raisonnement-sur-la-perspective-pour-en-faciliter-l-usage-aux-artistes-dedie-aux-memes-6357-658305ee1606d-scaled.jpg\",\"datePublished\":\"2024-04-18T09:54:44+00:00\",\"dateModified\":\"2025-10-10T11:58:21+00:00\",\"breadcrumb\":{\"@id\":\"https:\/\/www.librairieclavreuil.com\/en\/raisonnement-sur-la-perspective-pour-en-faciliter-lusage-aux-artistes-dedie-aux-memes-ennemond-alexandre-petitot\/#breadcrumb\"},\"inLanguage\":\"en-US\",\"potentialAction\":[{\"@type\":\"ReadAction\",\"target\":[\"https:\/\/www.librairieclavreuil.com\/en\/raisonnement-sur-la-perspective-pour-en-faciliter-lusage-aux-artistes-dedie-aux-memes-ennemond-alexandre-petitot\/\"]}]},{\"@type\":\"ImageObject\",\"inLanguage\":\"en-US\",\"@id\":\"https:\/\/www.librairieclavreuil.com\/en\/raisonnement-sur-la-perspective-pour-en-faciliter-lusage-aux-artistes-dedie-aux-memes-ennemond-alexandre-petitot\/#primaryimage\",\"url\":\"https:\/\/www.librairieclavreuil.com\/wp-content\/uploads\/2024\/04\/ennemond-alexandre-petitot-raisonnement-sur-la-perspective-pour-en-faciliter-l-usage-aux-artistes-dedie-aux-memes-6357-658305ee1606d-scaled.jpg\",\"contentUrl\":\"https:\/\/www.librairieclavreuil.com\/wp-content\/uploads\/2024\/04\/ennemond-alexandre-petitot-raisonnement-sur-la-perspective-pour-en-faciliter-l-usage-aux-artistes-dedie-aux-memes-6357-658305ee1606d-scaled.jpg\",\"width\":1707,\"height\":2560},{\"@type\":\"BreadcrumbList\",\"@id\":\"https:\/\/www.librairieclavreuil.com\/en\/raisonnement-sur-la-perspective-pour-en-faciliter-lusage-aux-artistes-dedie-aux-memes-ennemond-alexandre-petitot\/#breadcrumb\",\"itemListElement\":[{\"@type\":\"ListItem\",\"position\":1,\"name\":\"Accueil\",\"item\":\"https:\/\/www.librairieclavreuil.com\/\"},{\"@type\":\"ListItem\",\"position\":2,\"name\":\"All our books\",\"item\":\"https:\/\/www.librairieclavreuil.com\/en\/all-our-books\/\"},{\"@type\":\"ListItem\",\"position\":3,\"name\":\"PETITOT Ennemond Alexandre Raisonnement sur la perspective, pour...\"}]},{\"@type\":\"WebSite\",\"@id\":\"https:\/\/www.librairieclavreuil.com\/#website\",\"url\":\"https:\/\/www.librairieclavreuil.com\/\",\"name\":\"Libairie Clavreuil\",\"description\":\"Livres anciens, manuscrits rares et \u00e9ditions originales \u2013 Librairie Clavreuil\",\"publisher\":{\"@id\":\"https:\/\/www.librairieclavreuil.com\/#organization\"},\"potentialAction\":[{\"@type\":\"SearchAction\",\"target\":{\"@type\":\"EntryPoint\",\"urlTemplate\":\"https:\/\/www.librairieclavreuil.com\/?s={search_term_string}\"},\"query-input\":{\"@type\":\"PropertyValueSpecification\",\"valueRequired\":true,\"valueName\":\"search_term_string\"}}],\"inLanguage\":\"en-US\"},{\"@type\":\"Organization\",\"@id\":\"https:\/\/www.librairieclavreuil.com\/#organization\",\"name\":\"Libairie Clavreuil\",\"url\":\"https:\/\/www.librairieclavreuil.com\/\",\"logo\":{\"@type\":\"ImageObject\",\"inLanguage\":\"en-US\",\"@id\":\"https:\/\/www.librairieclavreuil.com\/#\/schema\/logo\/image\/\",\"url\":\"https:\/\/www.librairieclavreuil.com\/wp-content\/uploads\/2021\/06\/cropped-LOGO_PNG_DATE-_gold-512x512-1.png\",\"contentUrl\":\"https:\/\/www.librairieclavreuil.com\/wp-content\/uploads\/2021\/06\/cropped-LOGO_PNG_DATE-_gold-512x512-1.png\",\"width\":512,\"height\":512,\"caption\":\"Libairie Clavreuil\"},\"image\":{\"@id\":\"https:\/\/www.librairieclavreuil.com\/#\/schema\/logo\/image\/\"},\"sameAs\":[\"https:\/\/www.instagram.com\/librairieclavreuil\/\"]}]}<\/script>\n<!-- \/ Yoast SEO plugin. -->","yoast_head_json":{"title":"PETITOT Ennemond Alexandre Raisonnement sur la perspective, pour en faciliter l'usage aux artistes. D\u00e9di\u00e9 aux m\u00eames. - Libairie Clavreuil","robots":{"index":"index","follow":"follow","max-snippet":"max-snippet:-1","max-image-preview":"max-image-preview:large","max-video-preview":"max-video-preview:-1"},"canonical":"https:\/\/www.librairieclavreuil.com\/en\/raisonnement-sur-la-perspective-pour-en-faciliter-lusage-aux-artistes-dedie-aux-memes-ennemond-alexandre-petitot\/","og_locale":"en_US","og_type":"article","og_title":"PETITOT Ennemond Alexandre Raisonnement sur la perspective, pour en faciliter l'usage aux artistes. D\u00e9di\u00e9 aux m\u00eames. - Libairie Clavreuil","og_description":"Folio (339 x 237 mm) 5 un.l., 20 pp., 9 engraved plates. Contemporary Italian grey boards.","og_url":"https:\/\/www.librairieclavreuil.com\/en\/raisonnement-sur-la-perspective-pour-en-faciliter-lusage-aux-artistes-dedie-aux-memes-ennemond-alexandre-petitot\/","og_site_name":"Libairie Clavreuil","article_modified_time":"2025-10-10T11:58:21+00:00","og_image":[{"width":1707,"height":2560,"url":"https:\/\/www.librairieclavreuil.com\/wp-content\/uploads\/2024\/04\/ennemond-alexandre-petitot-raisonnement-sur-la-perspective-pour-en-faciliter-l-usage-aux-artistes-dedie-aux-memes-6357-658305ee1606d-scaled.jpg","type":"image\/jpeg"}],"twitter_card":"summary_large_image","twitter_misc":{"Est. reading time":"1 minute"},"schema":{"@context":"https:\/\/schema.org","@graph":[{"@type":"WebPage","@id":"https:\/\/www.librairieclavreuil.com\/en\/raisonnement-sur-la-perspective-pour-en-faciliter-lusage-aux-artistes-dedie-aux-memes-ennemond-alexandre-petitot\/","url":"https:\/\/www.librairieclavreuil.com\/en\/raisonnement-sur-la-perspective-pour-en-faciliter-lusage-aux-artistes-dedie-aux-memes-ennemond-alexandre-petitot\/","name":"PETITOT Ennemond Alexandre Raisonnement sur la perspective, pour en faciliter l'usage aux artistes. D\u00e9di\u00e9 aux m\u00eames. - Libairie Clavreuil","isPartOf":{"@id":"https:\/\/www.librairieclavreuil.com\/#website"},"primaryImageOfPage":{"@id":"https:\/\/www.librairieclavreuil.com\/en\/raisonnement-sur-la-perspective-pour-en-faciliter-lusage-aux-artistes-dedie-aux-memes-ennemond-alexandre-petitot\/#primaryimage"},"image":{"@id":"https:\/\/www.librairieclavreuil.com\/en\/raisonnement-sur-la-perspective-pour-en-faciliter-lusage-aux-artistes-dedie-aux-memes-ennemond-alexandre-petitot\/#primaryimage"},"thumbnailUrl":"https:\/\/www.librairieclavreuil.com\/wp-content\/uploads\/2024\/04\/ennemond-alexandre-petitot-raisonnement-sur-la-perspective-pour-en-faciliter-l-usage-aux-artistes-dedie-aux-memes-6357-658305ee1606d-scaled.jpg","datePublished":"2024-04-18T09:54:44+00:00","dateModified":"2025-10-10T11:58:21+00:00","breadcrumb":{"@id":"https:\/\/www.librairieclavreuil.com\/en\/raisonnement-sur-la-perspective-pour-en-faciliter-lusage-aux-artistes-dedie-aux-memes-ennemond-alexandre-petitot\/#breadcrumb"},"inLanguage":"en-US","potentialAction":[{"@type":"ReadAction","target":["https:\/\/www.librairieclavreuil.com\/en\/raisonnement-sur-la-perspective-pour-en-faciliter-lusage-aux-artistes-dedie-aux-memes-ennemond-alexandre-petitot\/"]}]},{"@type":"ImageObject","inLanguage":"en-US","@id":"https:\/\/www.librairieclavreuil.com\/en\/raisonnement-sur-la-perspective-pour-en-faciliter-lusage-aux-artistes-dedie-aux-memes-ennemond-alexandre-petitot\/#primaryimage","url":"https:\/\/www.librairieclavreuil.com\/wp-content\/uploads\/2024\/04\/ennemond-alexandre-petitot-raisonnement-sur-la-perspective-pour-en-faciliter-l-usage-aux-artistes-dedie-aux-memes-6357-658305ee1606d-scaled.jpg","contentUrl":"https:\/\/www.librairieclavreuil.com\/wp-content\/uploads\/2024\/04\/ennemond-alexandre-petitot-raisonnement-sur-la-perspective-pour-en-faciliter-l-usage-aux-artistes-dedie-aux-memes-6357-658305ee1606d-scaled.jpg","width":1707,"height":2560},{"@type":"BreadcrumbList","@id":"https:\/\/www.librairieclavreuil.com\/en\/raisonnement-sur-la-perspective-pour-en-faciliter-lusage-aux-artistes-dedie-aux-memes-ennemond-alexandre-petitot\/#breadcrumb","itemListElement":[{"@type":"ListItem","position":1,"name":"Accueil","item":"https:\/\/www.librairieclavreuil.com\/"},{"@type":"ListItem","position":2,"name":"All our books","item":"https:\/\/www.librairieclavreuil.com\/en\/all-our-books\/"},{"@type":"ListItem","position":3,"name":"PETITOT Ennemond Alexandre Raisonnement sur la perspective, pour..."}]},{"@type":"WebSite","@id":"https:\/\/www.librairieclavreuil.com\/#website","url":"https:\/\/www.librairieclavreuil.com\/","name":"Libairie Clavreuil","description":"Livres anciens, manuscrits rares et \u00e9ditions originales \u2013 Librairie Clavreuil","publisher":{"@id":"https:\/\/www.librairieclavreuil.com\/#organization"},"potentialAction":[{"@type":"SearchAction","target":{"@type":"EntryPoint","urlTemplate":"https:\/\/www.librairieclavreuil.com\/?s={search_term_string}"},"query-input":{"@type":"PropertyValueSpecification","valueRequired":true,"valueName":"search_term_string"}}],"inLanguage":"en-US"},{"@type":"Organization","@id":"https:\/\/www.librairieclavreuil.com\/#organization","name":"Libairie Clavreuil","url":"https:\/\/www.librairieclavreuil.com\/","logo":{"@type":"ImageObject","inLanguage":"en-US","@id":"https:\/\/www.librairieclavreuil.com\/#\/schema\/logo\/image\/","url":"https:\/\/www.librairieclavreuil.com\/wp-content\/uploads\/2021\/06\/cropped-LOGO_PNG_DATE-_gold-512x512-1.png","contentUrl":"https:\/\/www.librairieclavreuil.com\/wp-content\/uploads\/2021\/06\/cropped-LOGO_PNG_DATE-_gold-512x512-1.png","width":512,"height":512,"caption":"Libairie Clavreuil"},"image":{"@id":"https:\/\/www.librairieclavreuil.com\/#\/schema\/logo\/image\/"},"sameAs":["https:\/\/www.instagram.com\/librairieclavreuil\/"]}]}},"jetpack_sharing_enabled":true,"_links":{"self":[{"href":"https:\/\/www.librairieclavreuil.com\/en\/wp-json\/wp\/v2\/product\/73006","targetHints":{"allow":["GET"]}}],"collection":[{"href":"https:\/\/www.librairieclavreuil.com\/en\/wp-json\/wp\/v2\/product"}],"about":[{"href":"https:\/\/www.librairieclavreuil.com\/en\/wp-json\/wp\/v2\/types\/product"}],"replies":[{"embeddable":true,"href":"https:\/\/www.librairieclavreuil.com\/en\/wp-json\/wp\/v2\/comments?post=73006"}],"wp:featuredmedia":[{"embeddable":true,"href":"https:\/\/www.librairieclavreuil.com\/en\/wp-json\/wp\/v2\/media\/73001"}],"wp:attachment":[{"href":"https:\/\/www.librairieclavreuil.com\/en\/wp-json\/wp\/v2\/media?parent=73006"}],"wp:term":[{"taxonomy":"product_brand","embeddable":true,"href":"https:\/\/www.librairieclavreuil.com\/en\/wp-json\/wp\/v2\/product_brand?post=73006"},{"taxonomy":"product_cat","embeddable":true,"href":"https:\/\/www.librairieclavreuil.com\/en\/wp-json\/wp\/v2\/product_cat?post=73006"},{"taxonomy":"product_tag","embeddable":true,"href":"https:\/\/www.librairieclavreuil.com\/en\/wp-json\/wp\/v2\/product_tag?post=73006"}],"curies":[{"name":"wp","href":"https:\/\/api.w.org\/{rel}","templated":true}]}}