{"id":72922,"date":"2024-04-18T11:45:47","date_gmt":"2024-04-18T09:45:47","guid":{"rendered":"https:\/\/clavreuil-wordpress.logiciel-arteo.fr\/analyse-demontree-ou-la-methode-de-resoudre-les-problemes-des-mathematiques-charles-rene-reyneau\/"},"modified":"2024-07-01T18:03:08","modified_gmt":"2024-07-01T16:03:08","slug":"analyse-demontree-ou-la-methode-de-resoudre-les-problemes-des-mathematiques-charles-rene-reyneau","status":"publish","type":"product","link":"https:\/\/www.librairieclavreuil.com\/en\/analyse-demontree-ou-la-methode-de-resoudre-les-problemes-des-mathematiques-charles-rene-reyneau\/","title":{"rendered":"REYNEAU Charles-Ren\u00e9 Analyse d\u00e9montr\u00e9e ou la m\u00e9thode de..."},"content":{"rendered":"<p style=\"text-align:justify\"><i>DSB, XI, 392 ; Sotheran, I, 3980.<\/i><\/p>\n<p style=\"text-align:justify\"><span style=\"font-variant:small-caps\">First edition. Published anonymously the author&#8217;s name is found at the end of the dedication.<\/span><\/p>\n<p style=\"text-align:justify\">An important method of analysis composed by the mathematician Charles Reyneau (1656-1728) at the request of Malebranche, who had been asked to illustrate the progress made in mathematics at the beginning of the 18<sup>th<\/sup> century.<\/p>\n<p style=\"text-align:justify\">&#8220;L&#8217;auteur a recueilli dans cet ouvrage les principales th\u00e9ories r\u00e9pandues dans les \u0153uvres de Descartes, Leibnitz, Newton, les Bernoulli, etc., et d\u00e9montr\u00e9 plusieurs m\u00e9thodes qui ne l&#8217;avaient pas \u00e9t\u00e9 jusqu&#8217;alors&#8221; (Qu\u00e9rard).<\/p>\n<p style=\"text-align:justify\">&#8220;Reyneau&#8217;s most notable contribution to mathematical education was Analyse d\u00e9montr\u00e9e (1708). It was from the second edition of this work that d&#8217;Alembert learned the fundamentals of the subject&#8221; (DSB).<\/p>\n<p style=\"text-align:justify\">Good copy.<\/p>\n","protected":false},"excerpt":{"rendered":"<p style=\"text-align:justify\">2 volumes, 4to (243 x 175 mm) 3 nn.l., XXIV, 486 pp., 1 nn.l., 1&nbsp; folding chart for volume I; XXVIII, pp. 487-914, 2 nn.ll., 5 folding plates for volume II. Contemporary speckled calf, spine gilt with raised bands, speckled edges.<\/p>\n","protected":false},"featured_media":72915,"comment_status":"open","ping_status":"closed","template":"","meta":{"_acf_changed":false},"product_brand":[],"product_cat":[550],"product_tag":[947,1450,1331,1330],"class_list":{"0":"post-72922","1":"product","2":"type-product","3":"status-publish","4":"has-post-thumbnail","6":"product_cat-science","7":"product_tag-algebra","8":"product_tag-first-edition","9":"product_tag-geometry","10":"product_tag-mathematics","11":"pa_auteur-reyneau-charles-rene-2","12":"pa_type-de-livre-printed-book","14":"first","15":"instock","16":"shipping-taxable","17":"purchasable","18":"product-type-simple"},"acf":{"artist":" Charles-Ren\u00e9 REYNEAU","chapeau":"","adresse_bibliographique":"Paris, Jacques Quillau, 1708","book_type":"Printed book","provenance":"","afficher_prix":""},"yoast_head":"<!-- This site is optimized with the Yoast SEO plugin v24.7 - https:\/\/yoast.com\/wordpress\/plugins\/seo\/ -->\n<title>REYNEAU Charles-Ren\u00e9 Analyse d\u00e9montr\u00e9e ou la m\u00e9thode de r\u00e9soudre les probl\u00e8mes des math\u00e9matiques... - Libairie Clavreuil<\/title>\n<meta name=\"robots\" content=\"index, follow, max-snippet:-1, max-image-preview:large, max-video-preview:-1\" \/>\n<link rel=\"canonical\" href=\"https:\/\/www.librairieclavreuil.com\/produit\/analyse-demontree-ou-la-methode-de-resoudre-les-problemes-des-mathematiques-charles-rene-reyneau\/\" \/>\n<meta property=\"og:locale\" content=\"en_US\" \/>\n<meta property=\"og:type\" content=\"article\" \/>\n<meta property=\"og:title\" content=\"REYNEAU Charles-Ren\u00e9 Analyse d\u00e9montr\u00e9e ou la m\u00e9thode de r\u00e9soudre les probl\u00e8mes des math\u00e9matiques... - Libairie Clavreuil\" \/>\n<meta property=\"og:description\" content=\"2 volumes, 4to (243 x 175 mm) 3 nn.l., XXIV, 486 pp., 1 nn.l., 1&nbsp; folding chart for volume I; XXVIII, pp. 487-914, 2 nn.ll., 5 folding plates for volume II. Contemporary speckled calf, spine gilt with raised bands, speckled edges.\" \/>\n<meta property=\"og:url\" content=\"https:\/\/www.librairieclavreuil.com\/produit\/analyse-demontree-ou-la-methode-de-resoudre-les-problemes-des-mathematiques-charles-rene-reyneau\/\" \/>\n<meta property=\"og:site_name\" content=\"Libairie Clavreuil\" \/>\n<meta property=\"article:modified_time\" content=\"2024-07-01T16:03:08+00:00\" \/>\n<meta property=\"og:image\" content=\"https:\/\/www.librairieclavreuil.com\/wp-content\/uploads\/2024\/04\/charles-rene-reyneau-analyse-demontree-ou-la-methode-de-resoudre-les-problemes-des-mathematiques-2899-6581a7a462d27-scaled.jpg\" \/>\n\t<meta property=\"og:image:width\" content=\"1920\" \/>\n\t<meta property=\"og:image:height\" content=\"2560\" \/>\n\t<meta property=\"og:image:type\" content=\"image\/jpeg\" \/>\n<meta name=\"twitter:card\" content=\"summary_large_image\" \/>\n<meta name=\"twitter:label1\" content=\"Est. reading time\" \/>\n\t<meta name=\"twitter:data1\" content=\"1 minute\" \/>\n<script type=\"application\/ld+json\" class=\"yoast-schema-graph\">{\"@context\":\"https:\/\/schema.org\",\"@graph\":[{\"@type\":\"WebPage\",\"@id\":\"https:\/\/www.librairieclavreuil.com\/produit\/analyse-demontree-ou-la-methode-de-resoudre-les-problemes-des-mathematiques-charles-rene-reyneau\/\",\"url\":\"https:\/\/www.librairieclavreuil.com\/produit\/analyse-demontree-ou-la-methode-de-resoudre-les-problemes-des-mathematiques-charles-rene-reyneau\/\",\"name\":\"REYNEAU Charles-Ren\u00e9 Analyse d\u00e9montr\u00e9e ou la m\u00e9thode de r\u00e9soudre les probl\u00e8mes des math\u00e9matiques... - Libairie Clavreuil\",\"isPartOf\":{\"@id\":\"https:\/\/www.librairieclavreuil.com\/#website\"},\"primaryImageOfPage\":{\"@id\":\"https:\/\/www.librairieclavreuil.com\/produit\/analyse-demontree-ou-la-methode-de-resoudre-les-problemes-des-mathematiques-charles-rene-reyneau\/#primaryimage\"},\"image\":{\"@id\":\"https:\/\/www.librairieclavreuil.com\/produit\/analyse-demontree-ou-la-methode-de-resoudre-les-problemes-des-mathematiques-charles-rene-reyneau\/#primaryimage\"},\"thumbnailUrl\":\"https:\/\/www.librairieclavreuil.com\/wp-content\/uploads\/2024\/04\/charles-rene-reyneau-analyse-demontree-ou-la-methode-de-resoudre-les-problemes-des-mathematiques-2899-6581a7a462d27-scaled.jpg\",\"datePublished\":\"2024-04-18T09:45:47+00:00\",\"dateModified\":\"2024-07-01T16:03:08+00:00\",\"breadcrumb\":{\"@id\":\"https:\/\/www.librairieclavreuil.com\/produit\/analyse-demontree-ou-la-methode-de-resoudre-les-problemes-des-mathematiques-charles-rene-reyneau\/#breadcrumb\"},\"inLanguage\":\"en-US\",\"potentialAction\":[{\"@type\":\"ReadAction\",\"target\":[\"https:\/\/www.librairieclavreuil.com\/produit\/analyse-demontree-ou-la-methode-de-resoudre-les-problemes-des-mathematiques-charles-rene-reyneau\/\"]}]},{\"@type\":\"ImageObject\",\"inLanguage\":\"en-US\",\"@id\":\"https:\/\/www.librairieclavreuil.com\/produit\/analyse-demontree-ou-la-methode-de-resoudre-les-problemes-des-mathematiques-charles-rene-reyneau\/#primaryimage\",\"url\":\"https:\/\/www.librairieclavreuil.com\/wp-content\/uploads\/2024\/04\/charles-rene-reyneau-analyse-demontree-ou-la-methode-de-resoudre-les-problemes-des-mathematiques-2899-6581a7a462d27-scaled.jpg\",\"contentUrl\":\"https:\/\/www.librairieclavreuil.com\/wp-content\/uploads\/2024\/04\/charles-rene-reyneau-analyse-demontree-ou-la-methode-de-resoudre-les-problemes-des-mathematiques-2899-6581a7a462d27-scaled.jpg\",\"width\":1920,\"height\":2560},{\"@type\":\"BreadcrumbList\",\"@id\":\"https:\/\/www.librairieclavreuil.com\/produit\/analyse-demontree-ou-la-methode-de-resoudre-les-problemes-des-mathematiques-charles-rene-reyneau\/#breadcrumb\",\"itemListElement\":[{\"@type\":\"ListItem\",\"position\":1,\"name\":\"Accueil\",\"item\":\"https:\/\/www.librairieclavreuil.com\/\"},{\"@type\":\"ListItem\",\"position\":2,\"name\":\"All our books\",\"item\":\"https:\/\/www.librairieclavreuil.com\/en\/all-our-books\/\"},{\"@type\":\"ListItem\",\"position\":3,\"name\":\"REYNEAU Charles-Ren\u00e9 Analyse d\u00e9montr\u00e9e ou la m\u00e9thode de...\"}]},{\"@type\":\"WebSite\",\"@id\":\"https:\/\/www.librairieclavreuil.com\/#website\",\"url\":\"https:\/\/www.librairieclavreuil.com\/\",\"name\":\"Libairie Clavreuil\",\"description\":\"Livres anciens, manuscrits rares et \u00e9ditions originales \u2013 Librairie Clavreuil\",\"publisher\":{\"@id\":\"https:\/\/www.librairieclavreuil.com\/#organization\"},\"potentialAction\":[{\"@type\":\"SearchAction\",\"target\":{\"@type\":\"EntryPoint\",\"urlTemplate\":\"https:\/\/www.librairieclavreuil.com\/?s={search_term_string}\"},\"query-input\":{\"@type\":\"PropertyValueSpecification\",\"valueRequired\":true,\"valueName\":\"search_term_string\"}}],\"inLanguage\":\"en-US\"},{\"@type\":\"Organization\",\"@id\":\"https:\/\/www.librairieclavreuil.com\/#organization\",\"name\":\"Libairie Clavreuil\",\"url\":\"https:\/\/www.librairieclavreuil.com\/\",\"logo\":{\"@type\":\"ImageObject\",\"inLanguage\":\"en-US\",\"@id\":\"https:\/\/www.librairieclavreuil.com\/#\/schema\/logo\/image\/\",\"url\":\"https:\/\/www.librairieclavreuil.com\/wp-content\/uploads\/2021\/06\/cropped-LOGO_PNG_DATE-_gold-512x512-1.png\",\"contentUrl\":\"https:\/\/www.librairieclavreuil.com\/wp-content\/uploads\/2021\/06\/cropped-LOGO_PNG_DATE-_gold-512x512-1.png\",\"width\":512,\"height\":512,\"caption\":\"Libairie Clavreuil\"},\"image\":{\"@id\":\"https:\/\/www.librairieclavreuil.com\/#\/schema\/logo\/image\/\"},\"sameAs\":[\"https:\/\/www.instagram.com\/librairieclavreuil\/\"]}]}<\/script>\n<!-- \/ Yoast SEO plugin. -->","yoast_head_json":{"title":"REYNEAU Charles-Ren\u00e9 Analyse d\u00e9montr\u00e9e ou la m\u00e9thode de r\u00e9soudre les probl\u00e8mes des math\u00e9matiques... - Libairie Clavreuil","robots":{"index":"index","follow":"follow","max-snippet":"max-snippet:-1","max-image-preview":"max-image-preview:large","max-video-preview":"max-video-preview:-1"},"canonical":"https:\/\/www.librairieclavreuil.com\/produit\/analyse-demontree-ou-la-methode-de-resoudre-les-problemes-des-mathematiques-charles-rene-reyneau\/","og_locale":"en_US","og_type":"article","og_title":"REYNEAU Charles-Ren\u00e9 Analyse d\u00e9montr\u00e9e ou la m\u00e9thode de r\u00e9soudre les probl\u00e8mes des math\u00e9matiques... - Libairie Clavreuil","og_description":"2 volumes, 4to (243 x 175 mm) 3 nn.l., XXIV, 486 pp., 1 nn.l., 1&nbsp; folding chart for volume I; XXVIII, pp. 487-914, 2 nn.ll., 5 folding plates for volume II. Contemporary speckled calf, spine gilt with raised bands, speckled edges.","og_url":"https:\/\/www.librairieclavreuil.com\/produit\/analyse-demontree-ou-la-methode-de-resoudre-les-problemes-des-mathematiques-charles-rene-reyneau\/","og_site_name":"Libairie Clavreuil","article_modified_time":"2024-07-01T16:03:08+00:00","og_image":[{"width":1920,"height":2560,"url":"https:\/\/www.librairieclavreuil.com\/wp-content\/uploads\/2024\/04\/charles-rene-reyneau-analyse-demontree-ou-la-methode-de-resoudre-les-problemes-des-mathematiques-2899-6581a7a462d27-scaled.jpg","type":"image\/jpeg"}],"twitter_card":"summary_large_image","twitter_misc":{"Est. reading time":"1 minute"},"schema":{"@context":"https:\/\/schema.org","@graph":[{"@type":"WebPage","@id":"https:\/\/www.librairieclavreuil.com\/produit\/analyse-demontree-ou-la-methode-de-resoudre-les-problemes-des-mathematiques-charles-rene-reyneau\/","url":"https:\/\/www.librairieclavreuil.com\/produit\/analyse-demontree-ou-la-methode-de-resoudre-les-problemes-des-mathematiques-charles-rene-reyneau\/","name":"REYNEAU Charles-Ren\u00e9 Analyse d\u00e9montr\u00e9e ou la m\u00e9thode de r\u00e9soudre les probl\u00e8mes des math\u00e9matiques... - Libairie Clavreuil","isPartOf":{"@id":"https:\/\/www.librairieclavreuil.com\/#website"},"primaryImageOfPage":{"@id":"https:\/\/www.librairieclavreuil.com\/produit\/analyse-demontree-ou-la-methode-de-resoudre-les-problemes-des-mathematiques-charles-rene-reyneau\/#primaryimage"},"image":{"@id":"https:\/\/www.librairieclavreuil.com\/produit\/analyse-demontree-ou-la-methode-de-resoudre-les-problemes-des-mathematiques-charles-rene-reyneau\/#primaryimage"},"thumbnailUrl":"https:\/\/www.librairieclavreuil.com\/wp-content\/uploads\/2024\/04\/charles-rene-reyneau-analyse-demontree-ou-la-methode-de-resoudre-les-problemes-des-mathematiques-2899-6581a7a462d27-scaled.jpg","datePublished":"2024-04-18T09:45:47+00:00","dateModified":"2024-07-01T16:03:08+00:00","breadcrumb":{"@id":"https:\/\/www.librairieclavreuil.com\/produit\/analyse-demontree-ou-la-methode-de-resoudre-les-problemes-des-mathematiques-charles-rene-reyneau\/#breadcrumb"},"inLanguage":"en-US","potentialAction":[{"@type":"ReadAction","target":["https:\/\/www.librairieclavreuil.com\/produit\/analyse-demontree-ou-la-methode-de-resoudre-les-problemes-des-mathematiques-charles-rene-reyneau\/"]}]},{"@type":"ImageObject","inLanguage":"en-US","@id":"https:\/\/www.librairieclavreuil.com\/produit\/analyse-demontree-ou-la-methode-de-resoudre-les-problemes-des-mathematiques-charles-rene-reyneau\/#primaryimage","url":"https:\/\/www.librairieclavreuil.com\/wp-content\/uploads\/2024\/04\/charles-rene-reyneau-analyse-demontree-ou-la-methode-de-resoudre-les-problemes-des-mathematiques-2899-6581a7a462d27-scaled.jpg","contentUrl":"https:\/\/www.librairieclavreuil.com\/wp-content\/uploads\/2024\/04\/charles-rene-reyneau-analyse-demontree-ou-la-methode-de-resoudre-les-problemes-des-mathematiques-2899-6581a7a462d27-scaled.jpg","width":1920,"height":2560},{"@type":"BreadcrumbList","@id":"https:\/\/www.librairieclavreuil.com\/produit\/analyse-demontree-ou-la-methode-de-resoudre-les-problemes-des-mathematiques-charles-rene-reyneau\/#breadcrumb","itemListElement":[{"@type":"ListItem","position":1,"name":"Accueil","item":"https:\/\/www.librairieclavreuil.com\/"},{"@type":"ListItem","position":2,"name":"All our books","item":"https:\/\/www.librairieclavreuil.com\/en\/all-our-books\/"},{"@type":"ListItem","position":3,"name":"REYNEAU Charles-Ren\u00e9 Analyse d\u00e9montr\u00e9e ou la m\u00e9thode de..."}]},{"@type":"WebSite","@id":"https:\/\/www.librairieclavreuil.com\/#website","url":"https:\/\/www.librairieclavreuil.com\/","name":"Libairie Clavreuil","description":"Livres anciens, manuscrits rares et \u00e9ditions originales \u2013 Librairie Clavreuil","publisher":{"@id":"https:\/\/www.librairieclavreuil.com\/#organization"},"potentialAction":[{"@type":"SearchAction","target":{"@type":"EntryPoint","urlTemplate":"https:\/\/www.librairieclavreuil.com\/?s={search_term_string}"},"query-input":{"@type":"PropertyValueSpecification","valueRequired":true,"valueName":"search_term_string"}}],"inLanguage":"en-US"},{"@type":"Organization","@id":"https:\/\/www.librairieclavreuil.com\/#organization","name":"Libairie Clavreuil","url":"https:\/\/www.librairieclavreuil.com\/","logo":{"@type":"ImageObject","inLanguage":"en-US","@id":"https:\/\/www.librairieclavreuil.com\/#\/schema\/logo\/image\/","url":"https:\/\/www.librairieclavreuil.com\/wp-content\/uploads\/2021\/06\/cropped-LOGO_PNG_DATE-_gold-512x512-1.png","contentUrl":"https:\/\/www.librairieclavreuil.com\/wp-content\/uploads\/2021\/06\/cropped-LOGO_PNG_DATE-_gold-512x512-1.png","width":512,"height":512,"caption":"Libairie Clavreuil"},"image":{"@id":"https:\/\/www.librairieclavreuil.com\/#\/schema\/logo\/image\/"},"sameAs":["https:\/\/www.instagram.com\/librairieclavreuil\/"]}]}},"jetpack_sharing_enabled":true,"_links":{"self":[{"href":"https:\/\/www.librairieclavreuil.com\/en\/wp-json\/wp\/v2\/product\/72922","targetHints":{"allow":["GET"]}}],"collection":[{"href":"https:\/\/www.librairieclavreuil.com\/en\/wp-json\/wp\/v2\/product"}],"about":[{"href":"https:\/\/www.librairieclavreuil.com\/en\/wp-json\/wp\/v2\/types\/product"}],"replies":[{"embeddable":true,"href":"https:\/\/www.librairieclavreuil.com\/en\/wp-json\/wp\/v2\/comments?post=72922"}],"wp:featuredmedia":[{"embeddable":true,"href":"https:\/\/www.librairieclavreuil.com\/en\/wp-json\/wp\/v2\/media\/72915"}],"wp:attachment":[{"href":"https:\/\/www.librairieclavreuil.com\/en\/wp-json\/wp\/v2\/media?parent=72922"}],"wp:term":[{"taxonomy":"product_brand","embeddable":true,"href":"https:\/\/www.librairieclavreuil.com\/en\/wp-json\/wp\/v2\/product_brand?post=72922"},{"taxonomy":"product_cat","embeddable":true,"href":"https:\/\/www.librairieclavreuil.com\/en\/wp-json\/wp\/v2\/product_cat?post=72922"},{"taxonomy":"product_tag","embeddable":true,"href":"https:\/\/www.librairieclavreuil.com\/en\/wp-json\/wp\/v2\/product_tag?post=72922"}],"curies":[{"name":"wp","href":"https:\/\/api.w.org\/{rel}","templated":true}]}}