{"id":72910,"date":"2024-04-18T11:18:11","date_gmt":"2024-04-18T09:18:11","guid":{"rendered":"https:\/\/clavreuil-wordpress.logiciel-arteo.fr\/traite-doptique-traduit-de-langlais-et-considerablement-augmentee-william-smith\/"},"modified":"2024-07-03T19:41:18","modified_gmt":"2024-07-03T17:41:18","slug":"traite-doptique-traduit-de-langlais-et-considerablement-augmentee-william-smith","status":"publish","type":"product","link":"https:\/\/www.librairieclavreuil.com\/en\/traite-doptique-traduit-de-langlais-et-considerablement-augmentee-william-smith\/","title":{"rendered":"SMITH Robert Trait\u00e9 d&#8217;optique. Traduit de l&#8217;anglais et..."},"content":{"rendered":"<p style=\"text-align:justify\"><i>DSB, XII, 477 ; DiLaura, no. 486 ; see Becker Collection, 216 (for the first edition 1738) ; Wolf, History of Science, II, p. 171.<\/i><\/p>\n<p style=\"text-align:justify\">First edition of Nicolas-Claude Duval le Roy&#8217;s translation, published the same year as the one by P\u00e9z\u00e9nas, and better, according to Qu\u00e9rard&nbsp;&#8220;\u00e0 cause des augmentations consid\u00e9rables que Duval a faites au trait\u00e9&#8221;.<\/p>\n<p style=\"text-align:justify\">It is supplemented by <i>Remarques nouvelles sur les lunettes achromatiques<\/i> and a description of the Heliostat. The text is divided into three parts entitled <i>Exposition simple &amp; facile de l&#8217;optique<\/i> ; <i>L&#8217;Optique trait\u00e9e&#8230; \u00e0 l&#8217;aide de la g\u00e9om\u00e9trie &amp; du calcul<\/i> ; <i>De la mani\u00e8re de tailler les verres &amp; les miroirs des t\u00e9lescopes<\/i>.<\/p>\n<p style=\"text-align:justify\">The work, based essentially on Newton&#8217;s theories, is richly illustrated with 67 fold-out engraved plates showing calculations and instruments. Smith&#8217;s optics course, based on Newton&#8217;s optics, was&nbsp;&#8220;probably the most influencial optical text book of the eighteenth century&#8230; In turn, its popularity helped to establish the eighteenth-century conviction that light is particulate&#8221; (DSB).<\/p>\n<p style=\"text-align:justify\">&#8220;Of the four books [pour l&#8217;\u00e9dition originale] the first deals in a non-technical manner with the fundamental experiments in optics, while the second provides a more formal treatment of the geometrical theory of the subject. Smith studied the problem of spherical aberrations in greater generality than his predecessors, Barrow and Huygens. The third book describes apparatus fro grinding and polishing lenses and specula, and it gives a complete account of the construction, adjustment, and use of the principal optical instruments, while the fourth book gives a history of telescopic discoveries in the heavens\u201d (Wolf).<\/p>\n<p style=\"text-align:justify\">&#8220;Two French translations of Smith&#8217;s work appeared in 1767 : Esprit P\u00e9zenas&#8217; being more concerned with the theoretical aspects while Duval-le-Roy&#8217;s has a heavy emphasis on the practical, lens, and instrument aspects&#8221; (DiLaura).<\/p>\n<p style=\"text-align:justify\">A good copy.<\/p>\n","protected":false},"excerpt":{"rendered":"<p style=\"text-align:justify\">Large 4to (250 x 195 mm) XIII pp., 1 nn.l., 739 pp., 1 unn.l., 67 engraved folding plates. Contemporary marbled calf, spine gilt with raised bands, red edges (minor wear to foot of spine).<\/p>\n","protected":false},"featured_media":72903,"comment_status":"open","ping_status":"closed","template":"","meta":{"_acf_changed":false},"product_brand":[],"product_cat":[550],"product_tag":[1339,610,1335],"class_list":{"0":"post-72910","1":"product","2":"type-product","3":"status-publish","4":"has-post-thumbnail","6":"product_cat-science","7":"product_tag-general-physics","8":"product_tag-optical","9":"product_tag-physics","10":"pa_auteur-smith-robert-2","11":"pa_type-de-livre-printed-book","13":"first","14":"instock","15":"shipping-taxable","16":"purchasable","17":"product-type-simple"},"acf":{"artist":"Robert SMITH","chapeau":"","adresse_bibliographique":"Brest & Paris, Romain Malassis & chez Durand, 1767","book_type":"Printed book","provenance":"","afficher_prix":""},"yoast_head":"<!-- This site is optimized with the Yoast SEO plugin v24.7 - https:\/\/yoast.com\/wordpress\/plugins\/seo\/ -->\n<title>SMITH Robert Trait\u00e9 d&#039;optique. Traduit de l&#039;anglais et consid\u00e9rablement augment\u00e9e. - Libairie Clavreuil<\/title>\n<meta name=\"robots\" content=\"index, follow, max-snippet:-1, max-image-preview:large, max-video-preview:-1\" \/>\n<link rel=\"canonical\" href=\"https:\/\/www.librairieclavreuil.com\/en\/traite-doptique-traduit-de-langlais-et-considerablement-augmentee-william-smith\/\" \/>\n<meta property=\"og:locale\" content=\"en_US\" \/>\n<meta property=\"og:type\" content=\"article\" \/>\n<meta property=\"og:title\" content=\"SMITH Robert Trait\u00e9 d&#039;optique. Traduit de l&#039;anglais et consid\u00e9rablement augment\u00e9e. - Libairie Clavreuil\" \/>\n<meta property=\"og:description\" content=\"Large 4to (250 x 195 mm) XIII pp., 1 nn.l., 739 pp., 1 unn.l., 67 engraved folding plates. Contemporary marbled calf, spine gilt with raised bands, red edges (minor wear to foot of spine).\" \/>\n<meta property=\"og:url\" content=\"https:\/\/www.librairieclavreuil.com\/en\/traite-doptique-traduit-de-langlais-et-considerablement-augmentee-william-smith\/\" \/>\n<meta property=\"og:site_name\" content=\"Libairie Clavreuil\" \/>\n<meta property=\"article:modified_time\" content=\"2024-07-03T17:41:18+00:00\" \/>\n<meta property=\"og:image\" content=\"https:\/\/www.librairieclavreuil.com\/wp-content\/uploads\/2024\/04\/william-smith-traite-d-optique-traduit-de-l-anglais-et-considerablement-augmentee-7687-657db5477eb64-scaled.jpg\" \/>\n\t<meta property=\"og:image:width\" content=\"1982\" \/>\n\t<meta property=\"og:image:height\" content=\"2560\" \/>\n\t<meta property=\"og:image:type\" content=\"image\/jpeg\" \/>\n<meta name=\"twitter:card\" content=\"summary_large_image\" \/>\n<meta name=\"twitter:label1\" content=\"Est. reading time\" \/>\n\t<meta name=\"twitter:data1\" content=\"1 minute\" \/>\n<script type=\"application\/ld+json\" class=\"yoast-schema-graph\">{\"@context\":\"https:\/\/schema.org\",\"@graph\":[{\"@type\":\"WebPage\",\"@id\":\"https:\/\/www.librairieclavreuil.com\/en\/traite-doptique-traduit-de-langlais-et-considerablement-augmentee-william-smith\/\",\"url\":\"https:\/\/www.librairieclavreuil.com\/en\/traite-doptique-traduit-de-langlais-et-considerablement-augmentee-william-smith\/\",\"name\":\"SMITH Robert Trait\u00e9 d'optique. Traduit de l'anglais et consid\u00e9rablement augment\u00e9e. - Libairie Clavreuil\",\"isPartOf\":{\"@id\":\"https:\/\/www.librairieclavreuil.com\/#website\"},\"primaryImageOfPage\":{\"@id\":\"https:\/\/www.librairieclavreuil.com\/en\/traite-doptique-traduit-de-langlais-et-considerablement-augmentee-william-smith\/#primaryimage\"},\"image\":{\"@id\":\"https:\/\/www.librairieclavreuil.com\/en\/traite-doptique-traduit-de-langlais-et-considerablement-augmentee-william-smith\/#primaryimage\"},\"thumbnailUrl\":\"https:\/\/www.librairieclavreuil.com\/wp-content\/uploads\/2024\/04\/william-smith-traite-d-optique-traduit-de-l-anglais-et-considerablement-augmentee-7687-657db5477eb64-scaled.jpg\",\"datePublished\":\"2024-04-18T09:18:11+00:00\",\"dateModified\":\"2024-07-03T17:41:18+00:00\",\"breadcrumb\":{\"@id\":\"https:\/\/www.librairieclavreuil.com\/en\/traite-doptique-traduit-de-langlais-et-considerablement-augmentee-william-smith\/#breadcrumb\"},\"inLanguage\":\"en-US\",\"potentialAction\":[{\"@type\":\"ReadAction\",\"target\":[\"https:\/\/www.librairieclavreuil.com\/en\/traite-doptique-traduit-de-langlais-et-considerablement-augmentee-william-smith\/\"]}]},{\"@type\":\"ImageObject\",\"inLanguage\":\"en-US\",\"@id\":\"https:\/\/www.librairieclavreuil.com\/en\/traite-doptique-traduit-de-langlais-et-considerablement-augmentee-william-smith\/#primaryimage\",\"url\":\"https:\/\/www.librairieclavreuil.com\/wp-content\/uploads\/2024\/04\/william-smith-traite-d-optique-traduit-de-l-anglais-et-considerablement-augmentee-7687-657db5477eb64-scaled.jpg\",\"contentUrl\":\"https:\/\/www.librairieclavreuil.com\/wp-content\/uploads\/2024\/04\/william-smith-traite-d-optique-traduit-de-l-anglais-et-considerablement-augmentee-7687-657db5477eb64-scaled.jpg\",\"width\":1982,\"height\":2560},{\"@type\":\"BreadcrumbList\",\"@id\":\"https:\/\/www.librairieclavreuil.com\/en\/traite-doptique-traduit-de-langlais-et-considerablement-augmentee-william-smith\/#breadcrumb\",\"itemListElement\":[{\"@type\":\"ListItem\",\"position\":1,\"name\":\"Accueil\",\"item\":\"https:\/\/www.librairieclavreuil.com\/\"},{\"@type\":\"ListItem\",\"position\":2,\"name\":\"All our books\",\"item\":\"https:\/\/www.librairieclavreuil.com\/en\/all-our-books\/\"},{\"@type\":\"ListItem\",\"position\":3,\"name\":\"SMITH Robert Trait\u00e9 d&#8217;optique. Traduit de l&#8217;anglais et consid\u00e9rablement augment\u00e9e.\"}]},{\"@type\":\"WebSite\",\"@id\":\"https:\/\/www.librairieclavreuil.com\/#website\",\"url\":\"https:\/\/www.librairieclavreuil.com\/\",\"name\":\"Libairie Clavreuil\",\"description\":\"Livres anciens, manuscrits rares et \u00e9ditions originales \u2013 Librairie Clavreuil\",\"publisher\":{\"@id\":\"https:\/\/www.librairieclavreuil.com\/#organization\"},\"potentialAction\":[{\"@type\":\"SearchAction\",\"target\":{\"@type\":\"EntryPoint\",\"urlTemplate\":\"https:\/\/www.librairieclavreuil.com\/?s={search_term_string}\"},\"query-input\":{\"@type\":\"PropertyValueSpecification\",\"valueRequired\":true,\"valueName\":\"search_term_string\"}}],\"inLanguage\":\"en-US\"},{\"@type\":\"Organization\",\"@id\":\"https:\/\/www.librairieclavreuil.com\/#organization\",\"name\":\"Libairie Clavreuil\",\"url\":\"https:\/\/www.librairieclavreuil.com\/\",\"logo\":{\"@type\":\"ImageObject\",\"inLanguage\":\"en-US\",\"@id\":\"https:\/\/www.librairieclavreuil.com\/#\/schema\/logo\/image\/\",\"url\":\"https:\/\/www.librairieclavreuil.com\/wp-content\/uploads\/2021\/06\/cropped-LOGO_PNG_DATE-_gold-512x512-1.png\",\"contentUrl\":\"https:\/\/www.librairieclavreuil.com\/wp-content\/uploads\/2021\/06\/cropped-LOGO_PNG_DATE-_gold-512x512-1.png\",\"width\":512,\"height\":512,\"caption\":\"Libairie Clavreuil\"},\"image\":{\"@id\":\"https:\/\/www.librairieclavreuil.com\/#\/schema\/logo\/image\/\"},\"sameAs\":[\"https:\/\/www.instagram.com\/librairieclavreuil\/\"]}]}<\/script>\n<!-- \/ Yoast SEO plugin. -->","yoast_head_json":{"title":"SMITH Robert Trait\u00e9 d'optique. Traduit de l'anglais et consid\u00e9rablement augment\u00e9e. - Libairie Clavreuil","robots":{"index":"index","follow":"follow","max-snippet":"max-snippet:-1","max-image-preview":"max-image-preview:large","max-video-preview":"max-video-preview:-1"},"canonical":"https:\/\/www.librairieclavreuil.com\/en\/traite-doptique-traduit-de-langlais-et-considerablement-augmentee-william-smith\/","og_locale":"en_US","og_type":"article","og_title":"SMITH Robert Trait\u00e9 d'optique. Traduit de l'anglais et consid\u00e9rablement augment\u00e9e. - Libairie Clavreuil","og_description":"Large 4to (250 x 195 mm) XIII pp., 1 nn.l., 739 pp., 1 unn.l., 67 engraved folding plates. Contemporary marbled calf, spine gilt with raised bands, red edges (minor wear to foot of spine).","og_url":"https:\/\/www.librairieclavreuil.com\/en\/traite-doptique-traduit-de-langlais-et-considerablement-augmentee-william-smith\/","og_site_name":"Libairie Clavreuil","article_modified_time":"2024-07-03T17:41:18+00:00","og_image":[{"width":1982,"height":2560,"url":"https:\/\/www.librairieclavreuil.com\/wp-content\/uploads\/2024\/04\/william-smith-traite-d-optique-traduit-de-l-anglais-et-considerablement-augmentee-7687-657db5477eb64-scaled.jpg","type":"image\/jpeg"}],"twitter_card":"summary_large_image","twitter_misc":{"Est. reading time":"1 minute"},"schema":{"@context":"https:\/\/schema.org","@graph":[{"@type":"WebPage","@id":"https:\/\/www.librairieclavreuil.com\/en\/traite-doptique-traduit-de-langlais-et-considerablement-augmentee-william-smith\/","url":"https:\/\/www.librairieclavreuil.com\/en\/traite-doptique-traduit-de-langlais-et-considerablement-augmentee-william-smith\/","name":"SMITH Robert Trait\u00e9 d'optique. Traduit de l'anglais et consid\u00e9rablement augment\u00e9e. - Libairie Clavreuil","isPartOf":{"@id":"https:\/\/www.librairieclavreuil.com\/#website"},"primaryImageOfPage":{"@id":"https:\/\/www.librairieclavreuil.com\/en\/traite-doptique-traduit-de-langlais-et-considerablement-augmentee-william-smith\/#primaryimage"},"image":{"@id":"https:\/\/www.librairieclavreuil.com\/en\/traite-doptique-traduit-de-langlais-et-considerablement-augmentee-william-smith\/#primaryimage"},"thumbnailUrl":"https:\/\/www.librairieclavreuil.com\/wp-content\/uploads\/2024\/04\/william-smith-traite-d-optique-traduit-de-l-anglais-et-considerablement-augmentee-7687-657db5477eb64-scaled.jpg","datePublished":"2024-04-18T09:18:11+00:00","dateModified":"2024-07-03T17:41:18+00:00","breadcrumb":{"@id":"https:\/\/www.librairieclavreuil.com\/en\/traite-doptique-traduit-de-langlais-et-considerablement-augmentee-william-smith\/#breadcrumb"},"inLanguage":"en-US","potentialAction":[{"@type":"ReadAction","target":["https:\/\/www.librairieclavreuil.com\/en\/traite-doptique-traduit-de-langlais-et-considerablement-augmentee-william-smith\/"]}]},{"@type":"ImageObject","inLanguage":"en-US","@id":"https:\/\/www.librairieclavreuil.com\/en\/traite-doptique-traduit-de-langlais-et-considerablement-augmentee-william-smith\/#primaryimage","url":"https:\/\/www.librairieclavreuil.com\/wp-content\/uploads\/2024\/04\/william-smith-traite-d-optique-traduit-de-l-anglais-et-considerablement-augmentee-7687-657db5477eb64-scaled.jpg","contentUrl":"https:\/\/www.librairieclavreuil.com\/wp-content\/uploads\/2024\/04\/william-smith-traite-d-optique-traduit-de-l-anglais-et-considerablement-augmentee-7687-657db5477eb64-scaled.jpg","width":1982,"height":2560},{"@type":"BreadcrumbList","@id":"https:\/\/www.librairieclavreuil.com\/en\/traite-doptique-traduit-de-langlais-et-considerablement-augmentee-william-smith\/#breadcrumb","itemListElement":[{"@type":"ListItem","position":1,"name":"Accueil","item":"https:\/\/www.librairieclavreuil.com\/"},{"@type":"ListItem","position":2,"name":"All our books","item":"https:\/\/www.librairieclavreuil.com\/en\/all-our-books\/"},{"@type":"ListItem","position":3,"name":"SMITH Robert Trait\u00e9 d&#8217;optique. Traduit de l&#8217;anglais et consid\u00e9rablement augment\u00e9e."}]},{"@type":"WebSite","@id":"https:\/\/www.librairieclavreuil.com\/#website","url":"https:\/\/www.librairieclavreuil.com\/","name":"Libairie Clavreuil","description":"Livres anciens, manuscrits rares et \u00e9ditions originales \u2013 Librairie Clavreuil","publisher":{"@id":"https:\/\/www.librairieclavreuil.com\/#organization"},"potentialAction":[{"@type":"SearchAction","target":{"@type":"EntryPoint","urlTemplate":"https:\/\/www.librairieclavreuil.com\/?s={search_term_string}"},"query-input":{"@type":"PropertyValueSpecification","valueRequired":true,"valueName":"search_term_string"}}],"inLanguage":"en-US"},{"@type":"Organization","@id":"https:\/\/www.librairieclavreuil.com\/#organization","name":"Libairie Clavreuil","url":"https:\/\/www.librairieclavreuil.com\/","logo":{"@type":"ImageObject","inLanguage":"en-US","@id":"https:\/\/www.librairieclavreuil.com\/#\/schema\/logo\/image\/","url":"https:\/\/www.librairieclavreuil.com\/wp-content\/uploads\/2021\/06\/cropped-LOGO_PNG_DATE-_gold-512x512-1.png","contentUrl":"https:\/\/www.librairieclavreuil.com\/wp-content\/uploads\/2021\/06\/cropped-LOGO_PNG_DATE-_gold-512x512-1.png","width":512,"height":512,"caption":"Libairie Clavreuil"},"image":{"@id":"https:\/\/www.librairieclavreuil.com\/#\/schema\/logo\/image\/"},"sameAs":["https:\/\/www.instagram.com\/librairieclavreuil\/"]}]}},"jetpack_sharing_enabled":true,"_links":{"self":[{"href":"https:\/\/www.librairieclavreuil.com\/en\/wp-json\/wp\/v2\/product\/72910","targetHints":{"allow":["GET"]}}],"collection":[{"href":"https:\/\/www.librairieclavreuil.com\/en\/wp-json\/wp\/v2\/product"}],"about":[{"href":"https:\/\/www.librairieclavreuil.com\/en\/wp-json\/wp\/v2\/types\/product"}],"replies":[{"embeddable":true,"href":"https:\/\/www.librairieclavreuil.com\/en\/wp-json\/wp\/v2\/comments?post=72910"}],"wp:featuredmedia":[{"embeddable":true,"href":"https:\/\/www.librairieclavreuil.com\/en\/wp-json\/wp\/v2\/media\/72903"}],"wp:attachment":[{"href":"https:\/\/www.librairieclavreuil.com\/en\/wp-json\/wp\/v2\/media?parent=72910"}],"wp:term":[{"taxonomy":"product_brand","embeddable":true,"href":"https:\/\/www.librairieclavreuil.com\/en\/wp-json\/wp\/v2\/product_brand?post=72910"},{"taxonomy":"product_cat","embeddable":true,"href":"https:\/\/www.librairieclavreuil.com\/en\/wp-json\/wp\/v2\/product_cat?post=72910"},{"taxonomy":"product_tag","embeddable":true,"href":"https:\/\/www.librairieclavreuil.com\/en\/wp-json\/wp\/v2\/product_tag?post=72910"}],"curies":[{"name":"wp","href":"https:\/\/api.w.org\/{rel}","templated":true}]}}