{"id":72822,"date":"2024-04-18T10:11:35","date_gmt":"2024-04-18T08:11:35","guid":{"rendered":"https:\/\/clavreuil-wordpress.logiciel-arteo.fr\/venduphilosophie-naturelle-ou-les-phenomenes-naturels-sont-expliques-par-les-lois-de-la-mecanique-arcade\/"},"modified":"2024-05-23T20:41:40","modified_gmt":"2024-05-23T18:41:40","slug":"venduphilosophie-naturelle-ou-les-phenomenes-naturels-sont-expliques-par-les-lois-de-la-mecanique-arcade","status":"publish","type":"product","link":"https:\/\/www.librairieclavreuil.com\/en\/venduphilosophie-naturelle-ou-les-phenomenes-naturels-sont-expliques-par-les-lois-de-la-mecanique-arcade\/","title":{"rendered":"ARCADE Philosophie naturelle, o\u00f9 les ph\u00e9nom\u00e8nes naturels sont..."},"content":{"rendered":"<p style=\"text-align:justify\"><em>Querard, I, 81.<\/em><\/p>\n<p style=\"text-align:justify\">First edition<\/p>\n<p style=\"text-align:justify\">Charles Vial, &#039;Ancien n&eacute;gociant&#039; and breeder of mulberry trees for silk production in France (see <em>Annales de la Soci&eacute;t&eacute; S&eacute;ricole,<\/em> 1847) is the author of several works, most of them written under his pseudonym Arcade or d&#039;Orient. In his Philosophie naturelle he discusses major themes such as the four elements, motion, gravitation, speed, celestial bodies, etc., ending with philosophical questions on the great scientists Descartes, Newton and Euler.<\/p>\n<p style=\"text-align:justify\">A very good copy, entirely uncut.<\/p>\n","protected":false},"excerpt":{"rendered":"<p>2 volumes, 8vo (215 x 137 mm) XVIII, 363 pp. for the volume I; 2 unn.l., 376 pp. for the volume II. Original brown publishers wrappers, printed title label (<em>contemporary binding)<\/em>.<\/p>\n","protected":false},"featured_media":72818,"comment_status":"open","ping_status":"closed","template":"","meta":{"_acf_changed":false},"product_brand":[],"product_cat":[540],"product_tag":[580],"class_list":{"0":"post-72822","1":"product","2":"type-product","3":"status-publish","4":"has-post-thumbnail","6":"product_cat-natural-history","7":"product_tag-hydraulic","8":"pa_auteur-arcade-2","9":"pa_type-de-livre-printed-book","11":"first","12":"outofstock","13":"shipping-taxable","14":"purchasable","15":"product-type-simple"},"acf":{"artist":" ARCADE","chapeau":"","adresse_bibliographique":"Paris, imprimerie Didot le jeune pour Delaroque, 1820","book_type":"Printed book","provenance":"","afficher_prix":""},"yoast_head":"<!-- This site is optimized with the Yoast SEO plugin v24.7 - https:\/\/yoast.com\/wordpress\/plugins\/seo\/ -->\n<title>ARCADE  Philosophie naturelle, o\u00f9 les ph\u00e9nom\u00e8nes naturels sont expliqu\u00e9s par les lois de la m\u00e9canique. - Libairie Clavreuil<\/title>\n<meta name=\"robots\" content=\"index, follow, max-snippet:-1, max-image-preview:large, max-video-preview:-1\" \/>\n<link rel=\"canonical\" href=\"https:\/\/www.librairieclavreuil.com\/en\/venduphilosophie-naturelle-ou-les-phenomenes-naturels-sont-expliques-par-les-lois-de-la-mecanique-arcade\/\" \/>\n<meta property=\"og:locale\" content=\"en_US\" \/>\n<meta property=\"og:type\" content=\"article\" \/>\n<meta property=\"og:title\" content=\"ARCADE  Philosophie naturelle, o\u00f9 les ph\u00e9nom\u00e8nes naturels sont expliqu\u00e9s par les lois de la m\u00e9canique. - Libairie Clavreuil\" \/>\n<meta property=\"og:description\" content=\"2 volumes, 8vo (215 x 137 mm) XVIII, 363 pp. for the volume I; 2 unn.l., 376 pp. for the volume II. Original brown publishers wrappers, printed title label (contemporary binding).\" \/>\n<meta property=\"og:url\" content=\"https:\/\/www.librairieclavreuil.com\/en\/venduphilosophie-naturelle-ou-les-phenomenes-naturels-sont-expliques-par-les-lois-de-la-mecanique-arcade\/\" \/>\n<meta property=\"og:site_name\" content=\"Libairie Clavreuil\" \/>\n<meta property=\"article:modified_time\" content=\"2024-05-23T18:41:40+00:00\" \/>\n<meta property=\"og:image\" content=\"https:\/\/www.librairieclavreuil.com\/wp-content\/uploads\/2024\/04\/arcade-philosophie-naturelle-ou-les-phenomenes-naturels-sont-expliques-par-les-lois-de-la-mecanique-7072-657c916d38cab-scaled.jpg\" \/>\n\t<meta property=\"og:image:width\" content=\"1920\" \/>\n\t<meta property=\"og:image:height\" content=\"2560\" \/>\n\t<meta property=\"og:image:type\" content=\"image\/jpeg\" \/>\n<meta name=\"twitter:card\" content=\"summary_large_image\" \/>\n<script type=\"application\/ld+json\" class=\"yoast-schema-graph\">{\"@context\":\"https:\/\/schema.org\",\"@graph\":[{\"@type\":\"WebPage\",\"@id\":\"https:\/\/www.librairieclavreuil.com\/en\/venduphilosophie-naturelle-ou-les-phenomenes-naturels-sont-expliques-par-les-lois-de-la-mecanique-arcade\/\",\"url\":\"https:\/\/www.librairieclavreuil.com\/en\/venduphilosophie-naturelle-ou-les-phenomenes-naturels-sont-expliques-par-les-lois-de-la-mecanique-arcade\/\",\"name\":\"ARCADE Philosophie naturelle, o\u00f9 les ph\u00e9nom\u00e8nes naturels sont expliqu\u00e9s par les lois de la m\u00e9canique. - Libairie Clavreuil\",\"isPartOf\":{\"@id\":\"https:\/\/www.librairieclavreuil.com\/#website\"},\"primaryImageOfPage\":{\"@id\":\"https:\/\/www.librairieclavreuil.com\/en\/venduphilosophie-naturelle-ou-les-phenomenes-naturels-sont-expliques-par-les-lois-de-la-mecanique-arcade\/#primaryimage\"},\"image\":{\"@id\":\"https:\/\/www.librairieclavreuil.com\/en\/venduphilosophie-naturelle-ou-les-phenomenes-naturels-sont-expliques-par-les-lois-de-la-mecanique-arcade\/#primaryimage\"},\"thumbnailUrl\":\"https:\/\/www.librairieclavreuil.com\/wp-content\/uploads\/2024\/04\/arcade-philosophie-naturelle-ou-les-phenomenes-naturels-sont-expliques-par-les-lois-de-la-mecanique-7072-657c916d38cab-scaled.jpg\",\"datePublished\":\"2024-04-18T08:11:35+00:00\",\"dateModified\":\"2024-05-23T18:41:40+00:00\",\"breadcrumb\":{\"@id\":\"https:\/\/www.librairieclavreuil.com\/en\/venduphilosophie-naturelle-ou-les-phenomenes-naturels-sont-expliques-par-les-lois-de-la-mecanique-arcade\/#breadcrumb\"},\"inLanguage\":\"en-US\",\"potentialAction\":[{\"@type\":\"ReadAction\",\"target\":[\"https:\/\/www.librairieclavreuil.com\/en\/venduphilosophie-naturelle-ou-les-phenomenes-naturels-sont-expliques-par-les-lois-de-la-mecanique-arcade\/\"]}]},{\"@type\":\"ImageObject\",\"inLanguage\":\"en-US\",\"@id\":\"https:\/\/www.librairieclavreuil.com\/en\/venduphilosophie-naturelle-ou-les-phenomenes-naturels-sont-expliques-par-les-lois-de-la-mecanique-arcade\/#primaryimage\",\"url\":\"https:\/\/www.librairieclavreuil.com\/wp-content\/uploads\/2024\/04\/arcade-philosophie-naturelle-ou-les-phenomenes-naturels-sont-expliques-par-les-lois-de-la-mecanique-7072-657c916d38cab-scaled.jpg\",\"contentUrl\":\"https:\/\/www.librairieclavreuil.com\/wp-content\/uploads\/2024\/04\/arcade-philosophie-naturelle-ou-les-phenomenes-naturels-sont-expliques-par-les-lois-de-la-mecanique-7072-657c916d38cab-scaled.jpg\",\"width\":1920,\"height\":2560},{\"@type\":\"BreadcrumbList\",\"@id\":\"https:\/\/www.librairieclavreuil.com\/en\/venduphilosophie-naturelle-ou-les-phenomenes-naturels-sont-expliques-par-les-lois-de-la-mecanique-arcade\/#breadcrumb\",\"itemListElement\":[{\"@type\":\"ListItem\",\"position\":1,\"name\":\"Accueil\",\"item\":\"https:\/\/www.librairieclavreuil.com\/\"},{\"@type\":\"ListItem\",\"position\":2,\"name\":\"All our books\",\"item\":\"https:\/\/www.librairieclavreuil.com\/en\/all-our-books\/\"},{\"@type\":\"ListItem\",\"position\":3,\"name\":\"ARCADE Philosophie naturelle, o\u00f9 les ph\u00e9nom\u00e8nes naturels sont expliqu\u00e9s par les lois de la m\u00e9canique.\"}]},{\"@type\":\"WebSite\",\"@id\":\"https:\/\/www.librairieclavreuil.com\/#website\",\"url\":\"https:\/\/www.librairieclavreuil.com\/\",\"name\":\"Libairie Clavreuil\",\"description\":\"Livres anciens, manuscrits rares et \u00e9ditions originales \u2013 Librairie Clavreuil\",\"publisher\":{\"@id\":\"https:\/\/www.librairieclavreuil.com\/#organization\"},\"potentialAction\":[{\"@type\":\"SearchAction\",\"target\":{\"@type\":\"EntryPoint\",\"urlTemplate\":\"https:\/\/www.librairieclavreuil.com\/?s={search_term_string}\"},\"query-input\":{\"@type\":\"PropertyValueSpecification\",\"valueRequired\":true,\"valueName\":\"search_term_string\"}}],\"inLanguage\":\"en-US\"},{\"@type\":\"Organization\",\"@id\":\"https:\/\/www.librairieclavreuil.com\/#organization\",\"name\":\"Libairie Clavreuil\",\"url\":\"https:\/\/www.librairieclavreuil.com\/\",\"logo\":{\"@type\":\"ImageObject\",\"inLanguage\":\"en-US\",\"@id\":\"https:\/\/www.librairieclavreuil.com\/#\/schema\/logo\/image\/\",\"url\":\"https:\/\/www.librairieclavreuil.com\/wp-content\/uploads\/2021\/06\/cropped-LOGO_PNG_DATE-_gold-512x512-1.png\",\"contentUrl\":\"https:\/\/www.librairieclavreuil.com\/wp-content\/uploads\/2021\/06\/cropped-LOGO_PNG_DATE-_gold-512x512-1.png\",\"width\":512,\"height\":512,\"caption\":\"Libairie Clavreuil\"},\"image\":{\"@id\":\"https:\/\/www.librairieclavreuil.com\/#\/schema\/logo\/image\/\"},\"sameAs\":[\"https:\/\/www.instagram.com\/librairieclavreuil\/\"]}]}<\/script>\n<!-- \/ Yoast SEO plugin. -->","yoast_head_json":{"title":"ARCADE  Philosophie naturelle, o\u00f9 les ph\u00e9nom\u00e8nes naturels sont expliqu\u00e9s par les lois de la m\u00e9canique. - Libairie Clavreuil","robots":{"index":"index","follow":"follow","max-snippet":"max-snippet:-1","max-image-preview":"max-image-preview:large","max-video-preview":"max-video-preview:-1"},"canonical":"https:\/\/www.librairieclavreuil.com\/en\/venduphilosophie-naturelle-ou-les-phenomenes-naturels-sont-expliques-par-les-lois-de-la-mecanique-arcade\/","og_locale":"en_US","og_type":"article","og_title":"ARCADE  Philosophie naturelle, o\u00f9 les ph\u00e9nom\u00e8nes naturels sont expliqu\u00e9s par les lois de la m\u00e9canique. - Libairie Clavreuil","og_description":"2 volumes, 8vo (215 x 137 mm) XVIII, 363 pp. for the volume I; 2 unn.l., 376 pp. for the volume II. Original brown publishers wrappers, printed title label (contemporary binding).","og_url":"https:\/\/www.librairieclavreuil.com\/en\/venduphilosophie-naturelle-ou-les-phenomenes-naturels-sont-expliques-par-les-lois-de-la-mecanique-arcade\/","og_site_name":"Libairie Clavreuil","article_modified_time":"2024-05-23T18:41:40+00:00","og_image":[{"width":1920,"height":2560,"url":"https:\/\/www.librairieclavreuil.com\/wp-content\/uploads\/2024\/04\/arcade-philosophie-naturelle-ou-les-phenomenes-naturels-sont-expliques-par-les-lois-de-la-mecanique-7072-657c916d38cab-scaled.jpg","type":"image\/jpeg"}],"twitter_card":"summary_large_image","schema":{"@context":"https:\/\/schema.org","@graph":[{"@type":"WebPage","@id":"https:\/\/www.librairieclavreuil.com\/en\/venduphilosophie-naturelle-ou-les-phenomenes-naturels-sont-expliques-par-les-lois-de-la-mecanique-arcade\/","url":"https:\/\/www.librairieclavreuil.com\/en\/venduphilosophie-naturelle-ou-les-phenomenes-naturels-sont-expliques-par-les-lois-de-la-mecanique-arcade\/","name":"ARCADE Philosophie naturelle, o\u00f9 les ph\u00e9nom\u00e8nes naturels sont expliqu\u00e9s par les lois de la m\u00e9canique. - Libairie Clavreuil","isPartOf":{"@id":"https:\/\/www.librairieclavreuil.com\/#website"},"primaryImageOfPage":{"@id":"https:\/\/www.librairieclavreuil.com\/en\/venduphilosophie-naturelle-ou-les-phenomenes-naturels-sont-expliques-par-les-lois-de-la-mecanique-arcade\/#primaryimage"},"image":{"@id":"https:\/\/www.librairieclavreuil.com\/en\/venduphilosophie-naturelle-ou-les-phenomenes-naturels-sont-expliques-par-les-lois-de-la-mecanique-arcade\/#primaryimage"},"thumbnailUrl":"https:\/\/www.librairieclavreuil.com\/wp-content\/uploads\/2024\/04\/arcade-philosophie-naturelle-ou-les-phenomenes-naturels-sont-expliques-par-les-lois-de-la-mecanique-7072-657c916d38cab-scaled.jpg","datePublished":"2024-04-18T08:11:35+00:00","dateModified":"2024-05-23T18:41:40+00:00","breadcrumb":{"@id":"https:\/\/www.librairieclavreuil.com\/en\/venduphilosophie-naturelle-ou-les-phenomenes-naturels-sont-expliques-par-les-lois-de-la-mecanique-arcade\/#breadcrumb"},"inLanguage":"en-US","potentialAction":[{"@type":"ReadAction","target":["https:\/\/www.librairieclavreuil.com\/en\/venduphilosophie-naturelle-ou-les-phenomenes-naturels-sont-expliques-par-les-lois-de-la-mecanique-arcade\/"]}]},{"@type":"ImageObject","inLanguage":"en-US","@id":"https:\/\/www.librairieclavreuil.com\/en\/venduphilosophie-naturelle-ou-les-phenomenes-naturels-sont-expliques-par-les-lois-de-la-mecanique-arcade\/#primaryimage","url":"https:\/\/www.librairieclavreuil.com\/wp-content\/uploads\/2024\/04\/arcade-philosophie-naturelle-ou-les-phenomenes-naturels-sont-expliques-par-les-lois-de-la-mecanique-7072-657c916d38cab-scaled.jpg","contentUrl":"https:\/\/www.librairieclavreuil.com\/wp-content\/uploads\/2024\/04\/arcade-philosophie-naturelle-ou-les-phenomenes-naturels-sont-expliques-par-les-lois-de-la-mecanique-7072-657c916d38cab-scaled.jpg","width":1920,"height":2560},{"@type":"BreadcrumbList","@id":"https:\/\/www.librairieclavreuil.com\/en\/venduphilosophie-naturelle-ou-les-phenomenes-naturels-sont-expliques-par-les-lois-de-la-mecanique-arcade\/#breadcrumb","itemListElement":[{"@type":"ListItem","position":1,"name":"Accueil","item":"https:\/\/www.librairieclavreuil.com\/"},{"@type":"ListItem","position":2,"name":"All our books","item":"https:\/\/www.librairieclavreuil.com\/en\/all-our-books\/"},{"@type":"ListItem","position":3,"name":"ARCADE Philosophie naturelle, o\u00f9 les ph\u00e9nom\u00e8nes naturels sont expliqu\u00e9s par les lois de la m\u00e9canique."}]},{"@type":"WebSite","@id":"https:\/\/www.librairieclavreuil.com\/#website","url":"https:\/\/www.librairieclavreuil.com\/","name":"Libairie Clavreuil","description":"Livres anciens, manuscrits rares et \u00e9ditions originales \u2013 Librairie Clavreuil","publisher":{"@id":"https:\/\/www.librairieclavreuil.com\/#organization"},"potentialAction":[{"@type":"SearchAction","target":{"@type":"EntryPoint","urlTemplate":"https:\/\/www.librairieclavreuil.com\/?s={search_term_string}"},"query-input":{"@type":"PropertyValueSpecification","valueRequired":true,"valueName":"search_term_string"}}],"inLanguage":"en-US"},{"@type":"Organization","@id":"https:\/\/www.librairieclavreuil.com\/#organization","name":"Libairie Clavreuil","url":"https:\/\/www.librairieclavreuil.com\/","logo":{"@type":"ImageObject","inLanguage":"en-US","@id":"https:\/\/www.librairieclavreuil.com\/#\/schema\/logo\/image\/","url":"https:\/\/www.librairieclavreuil.com\/wp-content\/uploads\/2021\/06\/cropped-LOGO_PNG_DATE-_gold-512x512-1.png","contentUrl":"https:\/\/www.librairieclavreuil.com\/wp-content\/uploads\/2021\/06\/cropped-LOGO_PNG_DATE-_gold-512x512-1.png","width":512,"height":512,"caption":"Libairie Clavreuil"},"image":{"@id":"https:\/\/www.librairieclavreuil.com\/#\/schema\/logo\/image\/"},"sameAs":["https:\/\/www.instagram.com\/librairieclavreuil\/"]}]}},"jetpack_sharing_enabled":true,"_links":{"self":[{"href":"https:\/\/www.librairieclavreuil.com\/en\/wp-json\/wp\/v2\/product\/72822","targetHints":{"allow":["GET"]}}],"collection":[{"href":"https:\/\/www.librairieclavreuil.com\/en\/wp-json\/wp\/v2\/product"}],"about":[{"href":"https:\/\/www.librairieclavreuil.com\/en\/wp-json\/wp\/v2\/types\/product"}],"replies":[{"embeddable":true,"href":"https:\/\/www.librairieclavreuil.com\/en\/wp-json\/wp\/v2\/comments?post=72822"}],"wp:featuredmedia":[{"embeddable":true,"href":"https:\/\/www.librairieclavreuil.com\/en\/wp-json\/wp\/v2\/media\/72818"}],"wp:attachment":[{"href":"https:\/\/www.librairieclavreuil.com\/en\/wp-json\/wp\/v2\/media?parent=72822"}],"wp:term":[{"taxonomy":"product_brand","embeddable":true,"href":"https:\/\/www.librairieclavreuil.com\/en\/wp-json\/wp\/v2\/product_brand?post=72822"},{"taxonomy":"product_cat","embeddable":true,"href":"https:\/\/www.librairieclavreuil.com\/en\/wp-json\/wp\/v2\/product_cat?post=72822"},{"taxonomy":"product_tag","embeddable":true,"href":"https:\/\/www.librairieclavreuil.com\/en\/wp-json\/wp\/v2\/product_tag?post=72822"}],"curies":[{"name":"wp","href":"https:\/\/api.w.org\/{rel}","templated":true}]}}