{"id":72754,"date":"2024-04-18T10:05:10","date_gmt":"2024-04-18T08:05:10","guid":{"rendered":"https:\/\/clavreuil-wordpress.logiciel-arteo.fr\/considerations-sur-les-corps-organises-ou-lon-traite-de-leur-origine-de-leur-developpement-de-leur-reproduction-ou-lon-a-rassemble-en-abrege-tout-ce-que-lhistoire-naturelle-offre-de-pl\/"},"modified":"2025-06-03T12:16:25","modified_gmt":"2025-06-03T10:16:25","slug":"considerations-sur-les-corps-organises-ou-lon-traite-de-leur-origine-de-leur-developpement-de-leur-reproduction-ou-lon-a-rassemble-en-abrege-tout-ce-que-lhistoire-naturelle-offre-de-pl","status":"publish","type":"product","link":"https:\/\/www.librairieclavreuil.com\/en\/considerations-sur-les-corps-organises-ou-lon-traite-de-leur-origine-de-leur-developpement-de-leur-reproduction-ou-lon-a-rassemble-en-abrege-tout-ce-que-lhistoire-naturelle-offre-de-pl\/","title":{"rendered":"BONNET Charles Consid\u00e9rations sur les corps organis\u00e9s, O\u00f9..."},"content":{"rendered":"<p><i>Garrison-Morton, 472 ; NLM, p.58; DSB, II, 286-287; Needham, History of Embryology, pp. 213-214..<\/i><\/p>\n<p style=\"text-align:justify\"><span style=\"font-variant:small-caps\">First edition.<\/span><\/p>\n<p style=\"text-align:justify\">Charles Bonnet (1720-1793) is considered one of the fathers of modern biology. Bonnet first studied at the Geneva academy, where he was taught by the mathematicians Gabriel Cramer and Jean-Louis Calandrini. It was thanks to Cramer that he discovered the works of Newton, Leibniz and Malebranche. At the same time, he was also interested in entomology and plant physiology. He kept up a correspondence with R\u00e9aumur and was much appreciated by Cuvier. In 1740 he was made a correspondent of the Acad\u00e9mie des Sciences in Paris following his experimental demonstration of aphid parthenogenesis, which R\u00e9aumur had tried in vain. Following his appointment as a Fellow of the Royal Society in 1743, he became affiliated to most of the academies and learned societies of Europe, in particular those of Berlin, Stockholm, St Petersburg and Bologna.<\/p>\n<p style=\"text-align:justify\">Using many of Albrecht von Haller&#8217;s theories to support his own opinions, Bonnet set forth the functional and structural notion of the cell, which was not stated formally until a hundred years later.<\/p>\n<p>&#8220;Bonnet&#8217;s theory of generation offered the best synthesis of 18th century ideas of development and remained a leading authority until von Baer&#8221; (Garrison-Morton).<\/p>\n","protected":false},"excerpt":{"rendered":"<p>2 volumes 8vo (213 x 125 mm) LX, 234 pp. for volume I; XVI, 280 pp. for volume II. Contemporary polished calf, triple gilt filet on covers, flat spine gilt, gilt edges (expertly rebacked).<\/p>\n","protected":false},"featured_media":72749,"comment_status":"open","ping_status":"closed","template":"","meta":{"_acf_changed":false},"product_brand":[],"product_cat":[540],"product_tag":[1272,1291],"class_list":{"0":"post-72754","1":"product","2":"type-product","3":"status-publish","4":"has-post-thumbnail","6":"product_cat-natural-history","7":"product_tag-anatomy","8":"product_tag-teratology","9":"pa_auteur-bonnet-charles-2","10":"pa_type-de-livre-printed-book","12":"first","13":"instock","14":"shipping-taxable","15":"purchasable","16":"product-type-simple"},"acf":{"artist":" Charles BONNET","chapeau":"","adresse_bibliographique":"Amsterdam, Marc Michel Rey, 1762","book_type":"Printed book","provenance":"","afficher_prix":""},"yoast_head":"<!-- This site is optimized with the Yoast SEO plugin v24.7 - https:\/\/yoast.com\/wordpress\/plugins\/seo\/ -->\n<title>BONNET Charles Consid\u00e9rations sur les corps organis\u00e9s, O\u00f9 l&#039;on traite de leur origine, de leur d\u00e9veloppement, de leur reproduction, &amp; o\u00f9 l&#039;on a rassembl\u00e9 en abr\u00e9g\u00e9 tout ce que l&#039;Histoire Naturelle offre de plus certain &amp; de plus int\u00e9ressant sur ce sujet. - Libairie Clavreuil<\/title>\n<meta name=\"robots\" content=\"index, follow, max-snippet:-1, max-image-preview:large, max-video-preview:-1\" \/>\n<link rel=\"canonical\" href=\"https:\/\/www.librairieclavreuil.com\/en\/considerations-sur-les-corps-organises-ou-lon-traite-de-leur-origine-de-leur-developpement-de-leur-reproduction-ou-lon-a-rassemble-en-abrege-tout-ce-que-lhistoire-naturelle-offre-de-pl\/\" \/>\n<meta property=\"og:locale\" content=\"en_US\" \/>\n<meta property=\"og:type\" content=\"article\" \/>\n<meta property=\"og:title\" content=\"BONNET Charles Consid\u00e9rations sur les corps organis\u00e9s, O\u00f9 l&#039;on traite de leur origine, de leur d\u00e9veloppement, de leur reproduction, &amp; o\u00f9 l&#039;on a rassembl\u00e9 en abr\u00e9g\u00e9 tout ce que l&#039;Histoire Naturelle offre de plus certain &amp; de plus int\u00e9ressant sur ce sujet. - Libairie Clavreuil\" \/>\n<meta property=\"og:description\" content=\"2 volumes 8vo (213 x 125 mm) LX, 234 pp. for volume I; XVI, 280 pp. for volume II. Contemporary polished calf, triple gilt filet on covers, flat spine gilt, gilt edges (expertly rebacked).\" \/>\n<meta property=\"og:url\" content=\"https:\/\/www.librairieclavreuil.com\/en\/considerations-sur-les-corps-organises-ou-lon-traite-de-leur-origine-de-leur-developpement-de-leur-reproduction-ou-lon-a-rassemble-en-abrege-tout-ce-que-lhistoire-naturelle-offre-de-pl\/\" \/>\n<meta property=\"og:site_name\" content=\"Libairie Clavreuil\" \/>\n<meta property=\"article:modified_time\" content=\"2025-06-03T10:16:25+00:00\" \/>\n<meta property=\"og:image\" content=\"https:\/\/www.librairieclavreuil.com\/wp-content\/uploads\/2024\/04\/charles-bonnet-considerations-sur-les-corps-organises-ou-l-on-traite-de-leur-origine-de-leur-developpement-de-leur-reproduction-ou-l-on-a-rassemble-en-scaled.jpg\" \/>\n\t<meta property=\"og:image:width\" content=\"1607\" \/>\n\t<meta property=\"og:image:height\" content=\"2560\" \/>\n\t<meta property=\"og:image:type\" content=\"image\/jpeg\" \/>\n<meta name=\"twitter:card\" content=\"summary_large_image\" \/>\n<meta name=\"twitter:label1\" content=\"Est. reading time\" \/>\n\t<meta name=\"twitter:data1\" content=\"1 minute\" \/>\n<script type=\"application\/ld+json\" class=\"yoast-schema-graph\">{\"@context\":\"https:\/\/schema.org\",\"@graph\":[{\"@type\":\"WebPage\",\"@id\":\"https:\/\/www.librairieclavreuil.com\/en\/considerations-sur-les-corps-organises-ou-lon-traite-de-leur-origine-de-leur-developpement-de-leur-reproduction-ou-lon-a-rassemble-en-abrege-tout-ce-que-lhistoire-naturelle-offre-de-pl\/\",\"url\":\"https:\/\/www.librairieclavreuil.com\/en\/considerations-sur-les-corps-organises-ou-lon-traite-de-leur-origine-de-leur-developpement-de-leur-reproduction-ou-lon-a-rassemble-en-abrege-tout-ce-que-lhistoire-naturelle-offre-de-pl\/\",\"name\":\"BONNET Charles Consid\u00e9rations sur les corps organis\u00e9s, O\u00f9 l'on traite de leur origine, de leur d\u00e9veloppement, de leur reproduction, &amp; o\u00f9 l'on a rassembl\u00e9 en abr\u00e9g\u00e9 tout ce que l'Histoire Naturelle offre de plus certain &amp; de plus int\u00e9ressant sur ce sujet. - Libairie Clavreuil\",\"isPartOf\":{\"@id\":\"https:\/\/www.librairieclavreuil.com\/#website\"},\"primaryImageOfPage\":{\"@id\":\"https:\/\/www.librairieclavreuil.com\/en\/considerations-sur-les-corps-organises-ou-lon-traite-de-leur-origine-de-leur-developpement-de-leur-reproduction-ou-lon-a-rassemble-en-abrege-tout-ce-que-lhistoire-naturelle-offre-de-pl\/#primaryimage\"},\"image\":{\"@id\":\"https:\/\/www.librairieclavreuil.com\/en\/considerations-sur-les-corps-organises-ou-lon-traite-de-leur-origine-de-leur-developpement-de-leur-reproduction-ou-lon-a-rassemble-en-abrege-tout-ce-que-lhistoire-naturelle-offre-de-pl\/#primaryimage\"},\"thumbnailUrl\":\"https:\/\/www.librairieclavreuil.com\/wp-content\/uploads\/2024\/04\/charles-bonnet-considerations-sur-les-corps-organises-ou-l-on-traite-de-leur-origine-de-leur-developpement-de-leur-reproduction-ou-l-on-a-rassemble-en-scaled.jpg\",\"datePublished\":\"2024-04-18T08:05:10+00:00\",\"dateModified\":\"2025-06-03T10:16:25+00:00\",\"breadcrumb\":{\"@id\":\"https:\/\/www.librairieclavreuil.com\/en\/considerations-sur-les-corps-organises-ou-lon-traite-de-leur-origine-de-leur-developpement-de-leur-reproduction-ou-lon-a-rassemble-en-abrege-tout-ce-que-lhistoire-naturelle-offre-de-pl\/#breadcrumb\"},\"inLanguage\":\"en-US\",\"potentialAction\":[{\"@type\":\"ReadAction\",\"target\":[\"https:\/\/www.librairieclavreuil.com\/en\/considerations-sur-les-corps-organises-ou-lon-traite-de-leur-origine-de-leur-developpement-de-leur-reproduction-ou-lon-a-rassemble-en-abrege-tout-ce-que-lhistoire-naturelle-offre-de-pl\/\"]}]},{\"@type\":\"ImageObject\",\"inLanguage\":\"en-US\",\"@id\":\"https:\/\/www.librairieclavreuil.com\/en\/considerations-sur-les-corps-organises-ou-lon-traite-de-leur-origine-de-leur-developpement-de-leur-reproduction-ou-lon-a-rassemble-en-abrege-tout-ce-que-lhistoire-naturelle-offre-de-pl\/#primaryimage\",\"url\":\"https:\/\/www.librairieclavreuil.com\/wp-content\/uploads\/2024\/04\/charles-bonnet-considerations-sur-les-corps-organises-ou-l-on-traite-de-leur-origine-de-leur-developpement-de-leur-reproduction-ou-l-on-a-rassemble-en-scaled.jpg\",\"contentUrl\":\"https:\/\/www.librairieclavreuil.com\/wp-content\/uploads\/2024\/04\/charles-bonnet-considerations-sur-les-corps-organises-ou-l-on-traite-de-leur-origine-de-leur-developpement-de-leur-reproduction-ou-l-on-a-rassemble-en-scaled.jpg\",\"width\":1607,\"height\":2560},{\"@type\":\"BreadcrumbList\",\"@id\":\"https:\/\/www.librairieclavreuil.com\/en\/considerations-sur-les-corps-organises-ou-lon-traite-de-leur-origine-de-leur-developpement-de-leur-reproduction-ou-lon-a-rassemble-en-abrege-tout-ce-que-lhistoire-naturelle-offre-de-pl\/#breadcrumb\",\"itemListElement\":[{\"@type\":\"ListItem\",\"position\":1,\"name\":\"Accueil\",\"item\":\"https:\/\/www.librairieclavreuil.com\/\"},{\"@type\":\"ListItem\",\"position\":2,\"name\":\"All our books\",\"item\":\"https:\/\/www.librairieclavreuil.com\/en\/all-our-books\/\"},{\"@type\":\"ListItem\",\"position\":3,\"name\":\"BONNET Charles Consid\u00e9rations sur les corps organis\u00e9s, O\u00f9...\"}]},{\"@type\":\"WebSite\",\"@id\":\"https:\/\/www.librairieclavreuil.com\/#website\",\"url\":\"https:\/\/www.librairieclavreuil.com\/\",\"name\":\"Libairie Clavreuil\",\"description\":\"Livres anciens, manuscrits rares et \u00e9ditions originales \u2013 Librairie Clavreuil\",\"publisher\":{\"@id\":\"https:\/\/www.librairieclavreuil.com\/#organization\"},\"potentialAction\":[{\"@type\":\"SearchAction\",\"target\":{\"@type\":\"EntryPoint\",\"urlTemplate\":\"https:\/\/www.librairieclavreuil.com\/?s={search_term_string}\"},\"query-input\":{\"@type\":\"PropertyValueSpecification\",\"valueRequired\":true,\"valueName\":\"search_term_string\"}}],\"inLanguage\":\"en-US\"},{\"@type\":\"Organization\",\"@id\":\"https:\/\/www.librairieclavreuil.com\/#organization\",\"name\":\"Libairie Clavreuil\",\"url\":\"https:\/\/www.librairieclavreuil.com\/\",\"logo\":{\"@type\":\"ImageObject\",\"inLanguage\":\"en-US\",\"@id\":\"https:\/\/www.librairieclavreuil.com\/#\/schema\/logo\/image\/\",\"url\":\"https:\/\/www.librairieclavreuil.com\/wp-content\/uploads\/2021\/06\/cropped-LOGO_PNG_DATE-_gold-512x512-1.png\",\"contentUrl\":\"https:\/\/www.librairieclavreuil.com\/wp-content\/uploads\/2021\/06\/cropped-LOGO_PNG_DATE-_gold-512x512-1.png\",\"width\":512,\"height\":512,\"caption\":\"Libairie Clavreuil\"},\"image\":{\"@id\":\"https:\/\/www.librairieclavreuil.com\/#\/schema\/logo\/image\/\"},\"sameAs\":[\"https:\/\/www.instagram.com\/librairieclavreuil\/\"]}]}<\/script>\n<!-- \/ Yoast SEO plugin. -->","yoast_head_json":{"title":"BONNET Charles Consid\u00e9rations sur les corps organis\u00e9s, O\u00f9 l'on traite de leur origine, de leur d\u00e9veloppement, de leur reproduction, &amp; o\u00f9 l'on a rassembl\u00e9 en abr\u00e9g\u00e9 tout ce que l'Histoire Naturelle offre de plus certain &amp; de plus int\u00e9ressant sur ce sujet. - Libairie Clavreuil","robots":{"index":"index","follow":"follow","max-snippet":"max-snippet:-1","max-image-preview":"max-image-preview:large","max-video-preview":"max-video-preview:-1"},"canonical":"https:\/\/www.librairieclavreuil.com\/en\/considerations-sur-les-corps-organises-ou-lon-traite-de-leur-origine-de-leur-developpement-de-leur-reproduction-ou-lon-a-rassemble-en-abrege-tout-ce-que-lhistoire-naturelle-offre-de-pl\/","og_locale":"en_US","og_type":"article","og_title":"BONNET Charles Consid\u00e9rations sur les corps organis\u00e9s, O\u00f9 l'on traite de leur origine, de leur d\u00e9veloppement, de leur reproduction, &amp; o\u00f9 l'on a rassembl\u00e9 en abr\u00e9g\u00e9 tout ce que l'Histoire Naturelle offre de plus certain &amp; de plus int\u00e9ressant sur ce sujet. - Libairie Clavreuil","og_description":"2 volumes 8vo (213 x 125 mm) LX, 234 pp. for volume I; XVI, 280 pp. for volume II. Contemporary polished calf, triple gilt filet on covers, flat spine gilt, gilt edges (expertly rebacked).","og_url":"https:\/\/www.librairieclavreuil.com\/en\/considerations-sur-les-corps-organises-ou-lon-traite-de-leur-origine-de-leur-developpement-de-leur-reproduction-ou-lon-a-rassemble-en-abrege-tout-ce-que-lhistoire-naturelle-offre-de-pl\/","og_site_name":"Libairie Clavreuil","article_modified_time":"2025-06-03T10:16:25+00:00","og_image":[{"width":1607,"height":2560,"url":"https:\/\/www.librairieclavreuil.com\/wp-content\/uploads\/2024\/04\/charles-bonnet-considerations-sur-les-corps-organises-ou-l-on-traite-de-leur-origine-de-leur-developpement-de-leur-reproduction-ou-l-on-a-rassemble-en-scaled.jpg","type":"image\/jpeg"}],"twitter_card":"summary_large_image","twitter_misc":{"Est. reading time":"1 minute"},"schema":{"@context":"https:\/\/schema.org","@graph":[{"@type":"WebPage","@id":"https:\/\/www.librairieclavreuil.com\/en\/considerations-sur-les-corps-organises-ou-lon-traite-de-leur-origine-de-leur-developpement-de-leur-reproduction-ou-lon-a-rassemble-en-abrege-tout-ce-que-lhistoire-naturelle-offre-de-pl\/","url":"https:\/\/www.librairieclavreuil.com\/en\/considerations-sur-les-corps-organises-ou-lon-traite-de-leur-origine-de-leur-developpement-de-leur-reproduction-ou-lon-a-rassemble-en-abrege-tout-ce-que-lhistoire-naturelle-offre-de-pl\/","name":"BONNET Charles Consid\u00e9rations sur les corps organis\u00e9s, O\u00f9 l'on traite de leur origine, de leur d\u00e9veloppement, de leur reproduction, &amp; o\u00f9 l'on a rassembl\u00e9 en abr\u00e9g\u00e9 tout ce que l'Histoire Naturelle offre de plus certain &amp; de plus int\u00e9ressant sur ce sujet. - Libairie Clavreuil","isPartOf":{"@id":"https:\/\/www.librairieclavreuil.com\/#website"},"primaryImageOfPage":{"@id":"https:\/\/www.librairieclavreuil.com\/en\/considerations-sur-les-corps-organises-ou-lon-traite-de-leur-origine-de-leur-developpement-de-leur-reproduction-ou-lon-a-rassemble-en-abrege-tout-ce-que-lhistoire-naturelle-offre-de-pl\/#primaryimage"},"image":{"@id":"https:\/\/www.librairieclavreuil.com\/en\/considerations-sur-les-corps-organises-ou-lon-traite-de-leur-origine-de-leur-developpement-de-leur-reproduction-ou-lon-a-rassemble-en-abrege-tout-ce-que-lhistoire-naturelle-offre-de-pl\/#primaryimage"},"thumbnailUrl":"https:\/\/www.librairieclavreuil.com\/wp-content\/uploads\/2024\/04\/charles-bonnet-considerations-sur-les-corps-organises-ou-l-on-traite-de-leur-origine-de-leur-developpement-de-leur-reproduction-ou-l-on-a-rassemble-en-scaled.jpg","datePublished":"2024-04-18T08:05:10+00:00","dateModified":"2025-06-03T10:16:25+00:00","breadcrumb":{"@id":"https:\/\/www.librairieclavreuil.com\/en\/considerations-sur-les-corps-organises-ou-lon-traite-de-leur-origine-de-leur-developpement-de-leur-reproduction-ou-lon-a-rassemble-en-abrege-tout-ce-que-lhistoire-naturelle-offre-de-pl\/#breadcrumb"},"inLanguage":"en-US","potentialAction":[{"@type":"ReadAction","target":["https:\/\/www.librairieclavreuil.com\/en\/considerations-sur-les-corps-organises-ou-lon-traite-de-leur-origine-de-leur-developpement-de-leur-reproduction-ou-lon-a-rassemble-en-abrege-tout-ce-que-lhistoire-naturelle-offre-de-pl\/"]}]},{"@type":"ImageObject","inLanguage":"en-US","@id":"https:\/\/www.librairieclavreuil.com\/en\/considerations-sur-les-corps-organises-ou-lon-traite-de-leur-origine-de-leur-developpement-de-leur-reproduction-ou-lon-a-rassemble-en-abrege-tout-ce-que-lhistoire-naturelle-offre-de-pl\/#primaryimage","url":"https:\/\/www.librairieclavreuil.com\/wp-content\/uploads\/2024\/04\/charles-bonnet-considerations-sur-les-corps-organises-ou-l-on-traite-de-leur-origine-de-leur-developpement-de-leur-reproduction-ou-l-on-a-rassemble-en-scaled.jpg","contentUrl":"https:\/\/www.librairieclavreuil.com\/wp-content\/uploads\/2024\/04\/charles-bonnet-considerations-sur-les-corps-organises-ou-l-on-traite-de-leur-origine-de-leur-developpement-de-leur-reproduction-ou-l-on-a-rassemble-en-scaled.jpg","width":1607,"height":2560},{"@type":"BreadcrumbList","@id":"https:\/\/www.librairieclavreuil.com\/en\/considerations-sur-les-corps-organises-ou-lon-traite-de-leur-origine-de-leur-developpement-de-leur-reproduction-ou-lon-a-rassemble-en-abrege-tout-ce-que-lhistoire-naturelle-offre-de-pl\/#breadcrumb","itemListElement":[{"@type":"ListItem","position":1,"name":"Accueil","item":"https:\/\/www.librairieclavreuil.com\/"},{"@type":"ListItem","position":2,"name":"All our books","item":"https:\/\/www.librairieclavreuil.com\/en\/all-our-books\/"},{"@type":"ListItem","position":3,"name":"BONNET Charles Consid\u00e9rations sur les corps organis\u00e9s, O\u00f9..."}]},{"@type":"WebSite","@id":"https:\/\/www.librairieclavreuil.com\/#website","url":"https:\/\/www.librairieclavreuil.com\/","name":"Libairie Clavreuil","description":"Livres anciens, manuscrits rares et \u00e9ditions originales \u2013 Librairie Clavreuil","publisher":{"@id":"https:\/\/www.librairieclavreuil.com\/#organization"},"potentialAction":[{"@type":"SearchAction","target":{"@type":"EntryPoint","urlTemplate":"https:\/\/www.librairieclavreuil.com\/?s={search_term_string}"},"query-input":{"@type":"PropertyValueSpecification","valueRequired":true,"valueName":"search_term_string"}}],"inLanguage":"en-US"},{"@type":"Organization","@id":"https:\/\/www.librairieclavreuil.com\/#organization","name":"Libairie Clavreuil","url":"https:\/\/www.librairieclavreuil.com\/","logo":{"@type":"ImageObject","inLanguage":"en-US","@id":"https:\/\/www.librairieclavreuil.com\/#\/schema\/logo\/image\/","url":"https:\/\/www.librairieclavreuil.com\/wp-content\/uploads\/2021\/06\/cropped-LOGO_PNG_DATE-_gold-512x512-1.png","contentUrl":"https:\/\/www.librairieclavreuil.com\/wp-content\/uploads\/2021\/06\/cropped-LOGO_PNG_DATE-_gold-512x512-1.png","width":512,"height":512,"caption":"Libairie Clavreuil"},"image":{"@id":"https:\/\/www.librairieclavreuil.com\/#\/schema\/logo\/image\/"},"sameAs":["https:\/\/www.instagram.com\/librairieclavreuil\/"]}]}},"jetpack_sharing_enabled":true,"_links":{"self":[{"href":"https:\/\/www.librairieclavreuil.com\/en\/wp-json\/wp\/v2\/product\/72754","targetHints":{"allow":["GET"]}}],"collection":[{"href":"https:\/\/www.librairieclavreuil.com\/en\/wp-json\/wp\/v2\/product"}],"about":[{"href":"https:\/\/www.librairieclavreuil.com\/en\/wp-json\/wp\/v2\/types\/product"}],"replies":[{"embeddable":true,"href":"https:\/\/www.librairieclavreuil.com\/en\/wp-json\/wp\/v2\/comments?post=72754"}],"wp:featuredmedia":[{"embeddable":true,"href":"https:\/\/www.librairieclavreuil.com\/en\/wp-json\/wp\/v2\/media\/72749"}],"wp:attachment":[{"href":"https:\/\/www.librairieclavreuil.com\/en\/wp-json\/wp\/v2\/media?parent=72754"}],"wp:term":[{"taxonomy":"product_brand","embeddable":true,"href":"https:\/\/www.librairieclavreuil.com\/en\/wp-json\/wp\/v2\/product_brand?post=72754"},{"taxonomy":"product_cat","embeddable":true,"href":"https:\/\/www.librairieclavreuil.com\/en\/wp-json\/wp\/v2\/product_cat?post=72754"},{"taxonomy":"product_tag","embeddable":true,"href":"https:\/\/www.librairieclavreuil.com\/en\/wp-json\/wp\/v2\/product_tag?post=72754"}],"curies":[{"name":"wp","href":"https:\/\/api.w.org\/{rel}","templated":true}]}}