{"id":72690,"date":"2024-04-17T19:01:52","date_gmt":"2024-04-17T17:01:52","guid":{"rendered":"https:\/\/clavreuil-wordpress.logiciel-arteo.fr\/lecons-danatomie-comparee-recueillies-et-publiees-par-m-dumeril-seconde-edition-corrigee-et-augmentee-revu-par-m-g-cuvier-georges-cuvier\/"},"modified":"2025-02-18T17:21:26","modified_gmt":"2025-02-18T16:21:26","slug":"lecons-danatomie-comparee-recueillies-et-publiees-par-m-dumeril-seconde-edition-corrigee-et-augmentee-revu-par-m-g-cuvier-georges-cuvier","status":"publish","type":"product","link":"https:\/\/www.librairieclavreuil.com\/en\/lecons-danatomie-comparee-recueillies-et-publiees-par-m-dumeril-seconde-edition-corrigee-et-augmentee-revu-par-m-g-cuvier-georges-cuvier\/","title":{"rendered":"CUVIER Georges Le\u00e7ons d&#8217;anatomie compar\u00e9e, recueillies et publi\u00e9es..."},"content":{"rendered":"<p style=\"text-align:justify\"><i>Nissen, ZBI, 1008; for the first edition see Horblit, 20a, Norman, 565, and Garrison-Morton, 311; &#8220;Cuvier ranks with von Baer as one of the founders of modern morphology&#8221;.<\/i><\/p>\n<p style=\"text-align:justify\">Second edition, revised and enlarged by Frederic Cuvier, George Cuvier&#8217;s younger brother.<\/p>\n<p style=\"text-align:justify\">Later additions and correction were made by Laurillart. Initially published without plates this special copy includes a complete set of the 52 plates of the first edition added in a matching binding (bound at the time).<\/p>\n<p style=\"text-align:justify\">Provenance<\/p>\n<p style=\"text-align:justify\">This copy had belonged to Frederic Cuvier (1773-1838), with the binder&#8217;s note bound in at head of volume I. Frederic Cuvier, younger brother of Georges Cuvier (1769-1832), was a well respected zoologist and palaeontologist, whose work was acknowledged by Charles Darwin in his seminal work <i>The Origin of Species<\/i> (1859).<\/p>\n<p style=\"text-align:justify\">Fine copy, well bound, the first volume still bears the binder&#8217;s note on the title-page &#8216;Mr. Cuvier&#8217;.<\/p>\n","protected":false},"excerpt":{"rendered":"<p style=\"text-align:justify\">8 in 9 volumes, and an atlas, 8vo (205 x 128 mm) XXXIII, 587 pp.for volume I; VIII, 726 pp. for volume II; 2 nn.l., IV, 760 pp. for volume III; XXVII (wrongly numbered XXII), 628 pp. for volume IV\/1; 2 nn.l., 691 pp. for volume IV\/2; VIII, 503 pp., 1 folding chart for volume&nbsp;V; VII, 559 pp., 1 folding chart, 2 nn.l (errata volume IV\/1) for volume VI; VIII, 656 pp. for volume VII; XII, 848 pp. for volume VIII; atlas being part of volume VII of the first edition with pp. 297-368, 52 engraved plates. Contemporary red morocco backed boards, spines with raised bands, gilt in compartments.<\/p>\n","protected":false},"featured_media":72679,"comment_status":"open","ping_status":"closed","template":"","meta":{"_acf_changed":false},"product_brand":[],"product_cat":[540],"product_tag":[1272,1275,1264,1340],"class_list":{"0":"post-72690","1":"product","2":"type-product","3":"status-publish","4":"has-post-thumbnail","6":"product_cat-natural-history","7":"product_tag-anatomy","8":"product_tag-general-anatomy","9":"product_tag-inscription","10":"product_tag-zoology","11":"pa_auteur-cuvier-georges-2","12":"pa_type-de-livre-printed-book","14":"first","15":"instock","16":"shipping-taxable","17":"purchasable","18":"product-type-simple"},"acf":{"artist":" Georges CUVIER","chapeau":"Fr\u00e9d\u00e9ric Cuvier's copy","adresse_bibliographique":"Paris, Crochard et Cie, 1835-1846","book_type":"Printed book","provenance":"","afficher_prix":""},"yoast_head":"<!-- This site is optimized with the Yoast SEO plugin v24.7 - https:\/\/yoast.com\/wordpress\/plugins\/seo\/ -->\n<title>CUVIER Georges Le\u00e7ons d&#039;anatomie compar\u00e9e, recueillies et publi\u00e9es par M. Dum\u00e9ril. Seconde \u00e9dition, corrig\u00e9e et augment\u00e9e. Revu par M. G. Cuvier. - Libairie Clavreuil<\/title>\n<meta name=\"robots\" content=\"index, follow, max-snippet:-1, max-image-preview:large, max-video-preview:-1\" \/>\n<link rel=\"canonical\" href=\"https:\/\/www.librairieclavreuil.com\/en\/lecons-danatomie-comparee-recueillies-et-publiees-par-m-dumeril-seconde-edition-corrigee-et-augmentee-revu-par-m-g-cuvier-georges-cuvier\/\" \/>\n<meta property=\"og:locale\" content=\"en_US\" \/>\n<meta property=\"og:type\" content=\"article\" \/>\n<meta property=\"og:title\" content=\"CUVIER Georges Le\u00e7ons d&#039;anatomie compar\u00e9e, recueillies et publi\u00e9es par M. Dum\u00e9ril. Seconde \u00e9dition, corrig\u00e9e et augment\u00e9e. Revu par M. G. Cuvier. - Libairie Clavreuil\" \/>\n<meta property=\"og:description\" content=\"8 in 9 volumes, and an atlas, 8vo (205 x 128 mm) XXXIII, 587 pp.for volume I; VIII, 726 pp. for volume II; 2 nn.l., IV, 760 pp. for volume III; XXVII (wrongly numbered XXII), 628 pp. for volume IV\/1; 2 nn.l., 691 pp. for volume IV\/2; VIII, 503 pp., 1 folding chart for volume&nbsp;V; VII, 559 pp., 1 folding chart, 2 nn.l (errata volume IV\/1) for volume VI; VIII, 656 pp. for volume VII; XII, 848 pp. for volume VIII; atlas being part of volume VII of the first edition with pp. 297-368, 52 engraved plates. Contemporary red morocco backed boards, spines with raised bands, gilt in compartments.\" \/>\n<meta property=\"og:url\" content=\"https:\/\/www.librairieclavreuil.com\/en\/lecons-danatomie-comparee-recueillies-et-publiees-par-m-dumeril-seconde-edition-corrigee-et-augmentee-revu-par-m-g-cuvier-georges-cuvier\/\" \/>\n<meta property=\"og:site_name\" content=\"Libairie Clavreuil\" \/>\n<meta property=\"article:modified_time\" content=\"2025-02-18T16:21:26+00:00\" \/>\n<meta property=\"og:image\" content=\"https:\/\/www.librairieclavreuil.com\/wp-content\/uploads\/2024\/04\/georges-cuvier-lecons-d-anatomie-comparee-recueillies-et-publiees-par-m-dumeril-seconde-edition-corrigee-et-augmentee-revu-par-m-g-cuvier-4280-657c6bd-scaled.jpg\" \/>\n\t<meta property=\"og:image:width\" content=\"1744\" \/>\n\t<meta property=\"og:image:height\" content=\"2560\" \/>\n\t<meta property=\"og:image:type\" content=\"image\/jpeg\" \/>\n<meta name=\"twitter:card\" content=\"summary_large_image\" \/>\n<meta name=\"twitter:label1\" content=\"Est. reading time\" \/>\n\t<meta name=\"twitter:data1\" content=\"1 minute\" \/>\n<script type=\"application\/ld+json\" class=\"yoast-schema-graph\">{\"@context\":\"https:\/\/schema.org\",\"@graph\":[{\"@type\":\"WebPage\",\"@id\":\"https:\/\/www.librairieclavreuil.com\/en\/lecons-danatomie-comparee-recueillies-et-publiees-par-m-dumeril-seconde-edition-corrigee-et-augmentee-revu-par-m-g-cuvier-georges-cuvier\/\",\"url\":\"https:\/\/www.librairieclavreuil.com\/en\/lecons-danatomie-comparee-recueillies-et-publiees-par-m-dumeril-seconde-edition-corrigee-et-augmentee-revu-par-m-g-cuvier-georges-cuvier\/\",\"name\":\"CUVIER Georges Le\u00e7ons d'anatomie compar\u00e9e, recueillies et publi\u00e9es par M. Dum\u00e9ril. Seconde \u00e9dition, corrig\u00e9e et augment\u00e9e. Revu par M. G. Cuvier. - Libairie Clavreuil\",\"isPartOf\":{\"@id\":\"https:\/\/www.librairieclavreuil.com\/#website\"},\"primaryImageOfPage\":{\"@id\":\"https:\/\/www.librairieclavreuil.com\/en\/lecons-danatomie-comparee-recueillies-et-publiees-par-m-dumeril-seconde-edition-corrigee-et-augmentee-revu-par-m-g-cuvier-georges-cuvier\/#primaryimage\"},\"image\":{\"@id\":\"https:\/\/www.librairieclavreuil.com\/en\/lecons-danatomie-comparee-recueillies-et-publiees-par-m-dumeril-seconde-edition-corrigee-et-augmentee-revu-par-m-g-cuvier-georges-cuvier\/#primaryimage\"},\"thumbnailUrl\":\"https:\/\/www.librairieclavreuil.com\/wp-content\/uploads\/2024\/04\/georges-cuvier-lecons-d-anatomie-comparee-recueillies-et-publiees-par-m-dumeril-seconde-edition-corrigee-et-augmentee-revu-par-m-g-cuvier-4280-657c6bd-scaled.jpg\",\"datePublished\":\"2024-04-17T17:01:52+00:00\",\"dateModified\":\"2025-02-18T16:21:26+00:00\",\"breadcrumb\":{\"@id\":\"https:\/\/www.librairieclavreuil.com\/en\/lecons-danatomie-comparee-recueillies-et-publiees-par-m-dumeril-seconde-edition-corrigee-et-augmentee-revu-par-m-g-cuvier-georges-cuvier\/#breadcrumb\"},\"inLanguage\":\"en-US\",\"potentialAction\":[{\"@type\":\"ReadAction\",\"target\":[\"https:\/\/www.librairieclavreuil.com\/en\/lecons-danatomie-comparee-recueillies-et-publiees-par-m-dumeril-seconde-edition-corrigee-et-augmentee-revu-par-m-g-cuvier-georges-cuvier\/\"]}]},{\"@type\":\"ImageObject\",\"inLanguage\":\"en-US\",\"@id\":\"https:\/\/www.librairieclavreuil.com\/en\/lecons-danatomie-comparee-recueillies-et-publiees-par-m-dumeril-seconde-edition-corrigee-et-augmentee-revu-par-m-g-cuvier-georges-cuvier\/#primaryimage\",\"url\":\"https:\/\/www.librairieclavreuil.com\/wp-content\/uploads\/2024\/04\/georges-cuvier-lecons-d-anatomie-comparee-recueillies-et-publiees-par-m-dumeril-seconde-edition-corrigee-et-augmentee-revu-par-m-g-cuvier-4280-657c6bd-scaled.jpg\",\"contentUrl\":\"https:\/\/www.librairieclavreuil.com\/wp-content\/uploads\/2024\/04\/georges-cuvier-lecons-d-anatomie-comparee-recueillies-et-publiees-par-m-dumeril-seconde-edition-corrigee-et-augmentee-revu-par-m-g-cuvier-4280-657c6bd-scaled.jpg\",\"width\":1744,\"height\":2560},{\"@type\":\"BreadcrumbList\",\"@id\":\"https:\/\/www.librairieclavreuil.com\/en\/lecons-danatomie-comparee-recueillies-et-publiees-par-m-dumeril-seconde-edition-corrigee-et-augmentee-revu-par-m-g-cuvier-georges-cuvier\/#breadcrumb\",\"itemListElement\":[{\"@type\":\"ListItem\",\"position\":1,\"name\":\"Accueil\",\"item\":\"https:\/\/www.librairieclavreuil.com\/\"},{\"@type\":\"ListItem\",\"position\":2,\"name\":\"All our books\",\"item\":\"https:\/\/www.librairieclavreuil.com\/en\/all-our-books\/\"},{\"@type\":\"ListItem\",\"position\":3,\"name\":\"CUVIER Georges Le\u00e7ons d&rsquo;anatomie compar\u00e9e, recueillies et publi\u00e9es...\"}]},{\"@type\":\"WebSite\",\"@id\":\"https:\/\/www.librairieclavreuil.com\/#website\",\"url\":\"https:\/\/www.librairieclavreuil.com\/\",\"name\":\"Libairie Clavreuil\",\"description\":\"Livres anciens, manuscrits rares et \u00e9ditions originales \u2013 Librairie Clavreuil\",\"publisher\":{\"@id\":\"https:\/\/www.librairieclavreuil.com\/#organization\"},\"potentialAction\":[{\"@type\":\"SearchAction\",\"target\":{\"@type\":\"EntryPoint\",\"urlTemplate\":\"https:\/\/www.librairieclavreuil.com\/?s={search_term_string}\"},\"query-input\":{\"@type\":\"PropertyValueSpecification\",\"valueRequired\":true,\"valueName\":\"search_term_string\"}}],\"inLanguage\":\"en-US\"},{\"@type\":\"Organization\",\"@id\":\"https:\/\/www.librairieclavreuil.com\/#organization\",\"name\":\"Libairie Clavreuil\",\"url\":\"https:\/\/www.librairieclavreuil.com\/\",\"logo\":{\"@type\":\"ImageObject\",\"inLanguage\":\"en-US\",\"@id\":\"https:\/\/www.librairieclavreuil.com\/#\/schema\/logo\/image\/\",\"url\":\"https:\/\/www.librairieclavreuil.com\/wp-content\/uploads\/2021\/06\/cropped-LOGO_PNG_DATE-_gold-512x512-1.png\",\"contentUrl\":\"https:\/\/www.librairieclavreuil.com\/wp-content\/uploads\/2021\/06\/cropped-LOGO_PNG_DATE-_gold-512x512-1.png\",\"width\":512,\"height\":512,\"caption\":\"Libairie Clavreuil\"},\"image\":{\"@id\":\"https:\/\/www.librairieclavreuil.com\/#\/schema\/logo\/image\/\"},\"sameAs\":[\"https:\/\/www.instagram.com\/librairieclavreuil\/\"]}]}<\/script>\n<!-- \/ Yoast SEO plugin. -->","yoast_head_json":{"title":"CUVIER Georges Le\u00e7ons d'anatomie compar\u00e9e, recueillies et publi\u00e9es par M. Dum\u00e9ril. Seconde \u00e9dition, corrig\u00e9e et augment\u00e9e. Revu par M. G. Cuvier. - Libairie Clavreuil","robots":{"index":"index","follow":"follow","max-snippet":"max-snippet:-1","max-image-preview":"max-image-preview:large","max-video-preview":"max-video-preview:-1"},"canonical":"https:\/\/www.librairieclavreuil.com\/en\/lecons-danatomie-comparee-recueillies-et-publiees-par-m-dumeril-seconde-edition-corrigee-et-augmentee-revu-par-m-g-cuvier-georges-cuvier\/","og_locale":"en_US","og_type":"article","og_title":"CUVIER Georges Le\u00e7ons d'anatomie compar\u00e9e, recueillies et publi\u00e9es par M. Dum\u00e9ril. Seconde \u00e9dition, corrig\u00e9e et augment\u00e9e. Revu par M. G. Cuvier. - Libairie Clavreuil","og_description":"8 in 9 volumes, and an atlas, 8vo (205 x 128 mm) XXXIII, 587 pp.for volume I; VIII, 726 pp. for volume II; 2 nn.l., IV, 760 pp. for volume III; XXVII (wrongly numbered XXII), 628 pp. for volume IV\/1; 2 nn.l., 691 pp. for volume IV\/2; VIII, 503 pp., 1 folding chart for volume&nbsp;V; VII, 559 pp., 1 folding chart, 2 nn.l (errata volume IV\/1) for volume VI; VIII, 656 pp. for volume VII; XII, 848 pp. for volume VIII; atlas being part of volume VII of the first edition with pp. 297-368, 52 engraved plates. Contemporary red morocco backed boards, spines with raised bands, gilt in compartments.","og_url":"https:\/\/www.librairieclavreuil.com\/en\/lecons-danatomie-comparee-recueillies-et-publiees-par-m-dumeril-seconde-edition-corrigee-et-augmentee-revu-par-m-g-cuvier-georges-cuvier\/","og_site_name":"Libairie Clavreuil","article_modified_time":"2025-02-18T16:21:26+00:00","og_image":[{"width":1744,"height":2560,"url":"https:\/\/www.librairieclavreuil.com\/wp-content\/uploads\/2024\/04\/georges-cuvier-lecons-d-anatomie-comparee-recueillies-et-publiees-par-m-dumeril-seconde-edition-corrigee-et-augmentee-revu-par-m-g-cuvier-4280-657c6bd-scaled.jpg","type":"image\/jpeg"}],"twitter_card":"summary_large_image","twitter_misc":{"Est. reading time":"1 minute"},"schema":{"@context":"https:\/\/schema.org","@graph":[{"@type":"WebPage","@id":"https:\/\/www.librairieclavreuil.com\/en\/lecons-danatomie-comparee-recueillies-et-publiees-par-m-dumeril-seconde-edition-corrigee-et-augmentee-revu-par-m-g-cuvier-georges-cuvier\/","url":"https:\/\/www.librairieclavreuil.com\/en\/lecons-danatomie-comparee-recueillies-et-publiees-par-m-dumeril-seconde-edition-corrigee-et-augmentee-revu-par-m-g-cuvier-georges-cuvier\/","name":"CUVIER Georges Le\u00e7ons d'anatomie compar\u00e9e, recueillies et publi\u00e9es par M. Dum\u00e9ril. Seconde \u00e9dition, corrig\u00e9e et augment\u00e9e. Revu par M. G. Cuvier. - Libairie Clavreuil","isPartOf":{"@id":"https:\/\/www.librairieclavreuil.com\/#website"},"primaryImageOfPage":{"@id":"https:\/\/www.librairieclavreuil.com\/en\/lecons-danatomie-comparee-recueillies-et-publiees-par-m-dumeril-seconde-edition-corrigee-et-augmentee-revu-par-m-g-cuvier-georges-cuvier\/#primaryimage"},"image":{"@id":"https:\/\/www.librairieclavreuil.com\/en\/lecons-danatomie-comparee-recueillies-et-publiees-par-m-dumeril-seconde-edition-corrigee-et-augmentee-revu-par-m-g-cuvier-georges-cuvier\/#primaryimage"},"thumbnailUrl":"https:\/\/www.librairieclavreuil.com\/wp-content\/uploads\/2024\/04\/georges-cuvier-lecons-d-anatomie-comparee-recueillies-et-publiees-par-m-dumeril-seconde-edition-corrigee-et-augmentee-revu-par-m-g-cuvier-4280-657c6bd-scaled.jpg","datePublished":"2024-04-17T17:01:52+00:00","dateModified":"2025-02-18T16:21:26+00:00","breadcrumb":{"@id":"https:\/\/www.librairieclavreuil.com\/en\/lecons-danatomie-comparee-recueillies-et-publiees-par-m-dumeril-seconde-edition-corrigee-et-augmentee-revu-par-m-g-cuvier-georges-cuvier\/#breadcrumb"},"inLanguage":"en-US","potentialAction":[{"@type":"ReadAction","target":["https:\/\/www.librairieclavreuil.com\/en\/lecons-danatomie-comparee-recueillies-et-publiees-par-m-dumeril-seconde-edition-corrigee-et-augmentee-revu-par-m-g-cuvier-georges-cuvier\/"]}]},{"@type":"ImageObject","inLanguage":"en-US","@id":"https:\/\/www.librairieclavreuil.com\/en\/lecons-danatomie-comparee-recueillies-et-publiees-par-m-dumeril-seconde-edition-corrigee-et-augmentee-revu-par-m-g-cuvier-georges-cuvier\/#primaryimage","url":"https:\/\/www.librairieclavreuil.com\/wp-content\/uploads\/2024\/04\/georges-cuvier-lecons-d-anatomie-comparee-recueillies-et-publiees-par-m-dumeril-seconde-edition-corrigee-et-augmentee-revu-par-m-g-cuvier-4280-657c6bd-scaled.jpg","contentUrl":"https:\/\/www.librairieclavreuil.com\/wp-content\/uploads\/2024\/04\/georges-cuvier-lecons-d-anatomie-comparee-recueillies-et-publiees-par-m-dumeril-seconde-edition-corrigee-et-augmentee-revu-par-m-g-cuvier-4280-657c6bd-scaled.jpg","width":1744,"height":2560},{"@type":"BreadcrumbList","@id":"https:\/\/www.librairieclavreuil.com\/en\/lecons-danatomie-comparee-recueillies-et-publiees-par-m-dumeril-seconde-edition-corrigee-et-augmentee-revu-par-m-g-cuvier-georges-cuvier\/#breadcrumb","itemListElement":[{"@type":"ListItem","position":1,"name":"Accueil","item":"https:\/\/www.librairieclavreuil.com\/"},{"@type":"ListItem","position":2,"name":"All our books","item":"https:\/\/www.librairieclavreuil.com\/en\/all-our-books\/"},{"@type":"ListItem","position":3,"name":"CUVIER Georges Le\u00e7ons d&rsquo;anatomie compar\u00e9e, recueillies et publi\u00e9es..."}]},{"@type":"WebSite","@id":"https:\/\/www.librairieclavreuil.com\/#website","url":"https:\/\/www.librairieclavreuil.com\/","name":"Libairie Clavreuil","description":"Livres anciens, manuscrits rares et \u00e9ditions originales \u2013 Librairie Clavreuil","publisher":{"@id":"https:\/\/www.librairieclavreuil.com\/#organization"},"potentialAction":[{"@type":"SearchAction","target":{"@type":"EntryPoint","urlTemplate":"https:\/\/www.librairieclavreuil.com\/?s={search_term_string}"},"query-input":{"@type":"PropertyValueSpecification","valueRequired":true,"valueName":"search_term_string"}}],"inLanguage":"en-US"},{"@type":"Organization","@id":"https:\/\/www.librairieclavreuil.com\/#organization","name":"Libairie Clavreuil","url":"https:\/\/www.librairieclavreuil.com\/","logo":{"@type":"ImageObject","inLanguage":"en-US","@id":"https:\/\/www.librairieclavreuil.com\/#\/schema\/logo\/image\/","url":"https:\/\/www.librairieclavreuil.com\/wp-content\/uploads\/2021\/06\/cropped-LOGO_PNG_DATE-_gold-512x512-1.png","contentUrl":"https:\/\/www.librairieclavreuil.com\/wp-content\/uploads\/2021\/06\/cropped-LOGO_PNG_DATE-_gold-512x512-1.png","width":512,"height":512,"caption":"Libairie Clavreuil"},"image":{"@id":"https:\/\/www.librairieclavreuil.com\/#\/schema\/logo\/image\/"},"sameAs":["https:\/\/www.instagram.com\/librairieclavreuil\/"]}]}},"jetpack_sharing_enabled":true,"_links":{"self":[{"href":"https:\/\/www.librairieclavreuil.com\/en\/wp-json\/wp\/v2\/product\/72690","targetHints":{"allow":["GET"]}}],"collection":[{"href":"https:\/\/www.librairieclavreuil.com\/en\/wp-json\/wp\/v2\/product"}],"about":[{"href":"https:\/\/www.librairieclavreuil.com\/en\/wp-json\/wp\/v2\/types\/product"}],"replies":[{"embeddable":true,"href":"https:\/\/www.librairieclavreuil.com\/en\/wp-json\/wp\/v2\/comments?post=72690"}],"wp:featuredmedia":[{"embeddable":true,"href":"https:\/\/www.librairieclavreuil.com\/en\/wp-json\/wp\/v2\/media\/72679"}],"wp:attachment":[{"href":"https:\/\/www.librairieclavreuil.com\/en\/wp-json\/wp\/v2\/media?parent=72690"}],"wp:term":[{"taxonomy":"product_brand","embeddable":true,"href":"https:\/\/www.librairieclavreuil.com\/en\/wp-json\/wp\/v2\/product_brand?post=72690"},{"taxonomy":"product_cat","embeddable":true,"href":"https:\/\/www.librairieclavreuil.com\/en\/wp-json\/wp\/v2\/product_cat?post=72690"},{"taxonomy":"product_tag","embeddable":true,"href":"https:\/\/www.librairieclavreuil.com\/en\/wp-json\/wp\/v2\/product_tag?post=72690"}],"curies":[{"name":"wp","href":"https:\/\/api.w.org\/{rel}","templated":true}]}}