{"id":72656,"date":"2024-04-17T18:53:10","date_gmt":"2024-04-17T16:53:10","guid":{"rendered":"https:\/\/clavreuil-wordpress.logiciel-arteo.fr\/histoire-des-plantes-joseph-pitton-de-tournefort\/"},"modified":"2024-07-02T13:17:40","modified_gmt":"2024-07-02T11:17:40","slug":"histoire-des-plantes-joseph-pitton-de-tournefort","status":"publish","type":"product","link":"https:\/\/www.librairieclavreuil.com\/en\/histoire-des-plantes-joseph-pitton-de-tournefort\/","title":{"rendered":"TOURNEFORT Joseph Pitton de Histoire des plantes"},"content":{"rendered":"<p style=\"text-align:justify\"><i>DSB, XIII, 442 ; Pritzel, 9424 ; Stafleu-Cowan, VI, 14.782 ; not in Hunt.<\/i><\/p>\n<p style=\"text-align:justify\"><span style=\"font-variant:small-caps\">First edition of this highly important work.<\/span><\/p>\n<p style=\"text-align:justify\">&#8220;What botany owes to Tournefort is not the invention of the biotaxonomic genus, which had imposed itself empirically on observers since anitquity, but rather the creation of the concept of the genus in the modern sens and its first skillful application&#8230; Tournefort&#8217;s conception of genus contains a fundamental new contribution that was elaborated in the work of Linnaeus, Bernard de Jussieu, and Adanson. The distinct paths of taxonomy and nomenclature were now acknowledged&#8221; (DSB).<\/p>\n<p style=\"text-align:justify\">&#8220;Joseph Pitton de Tournefort (1656-1708) fait ses \u00e9tudes chez les j\u00e9suites et s\u2019int\u00e9resse tr\u00e8s vite \u00e0 la botanique \u00e0 laquelle il s\u2019initie chez un apothicaire d\u2019Aix en Provence. En 1679, il part \u00e9tudier la m\u00e9decine \u00e0 Montpellier. Il en profite aussi pour inventorier la flore de la r\u00e9gion. Apr\u00e8s un s\u00e9jour \u00e0 Barcelone, il retourne \u00e0 Montpellier et constitue un herbier r\u00e9put\u00e9 qui attire l\u2019attention du m\u00e9decin du roi Guy-Crescent Fagon. Ce dernier le fait venir \u00e0 Paris pour lui confier en 1683, la chaire de Botanique au Jardin des Plantes. Ses cours attirent un public nombreux. Il continue de voyager \u00e0 l\u2019\u00e9tranger en Espagne, au Portugal, en Hollande. Joseph Pitton de Tournefort devient suppl\u00e9ant de Guy Crescent Fagon au Jardin royal des plantes m\u00e9dicinales et est re\u00e7u en 1691 \u00e0 l\u2019Acad\u00e9mie des Sciences. En 1694, il publie son premier ouvrage <i>El\u00e9ments de botanique ou m\u00e9thode pour conna\u00eetre les plantes<\/i> en trois volumes. En 1696, il est re\u00e7u docteur de la facult\u00e9 de m\u00e9decine de Paris. En 1698, il fait para\u00eetre <i>Histoire des plantes qui naissent aux environs de Paris.&nbsp;<\/i>Joseph Pitton de Tournefort d\u00e9die son ouvrage&nbsp;\u00e0 son mentor, le premier m\u00e9decin de Louis XIV, Guy-Crescent Fagon. Son livre propose un d\u00e9nombrement des plantes qui naissent aux environs de Paris, une critique des auteurs qui ont parl\u00e9 de ces plantes et dont les descriptions ne sont pas conformes au naturel et un choix des vertus et des usages que les plus habiles m\u00e9decins ont propos\u00e9&#8221; (Paris-Libris).<\/p>\n<p style=\"text-align:justify\">A magnificent copy preserved in a very fine contemporary red morocco binding attributed to Luc-Antoine Boyet.<\/p>\n","protected":false},"excerpt":{"rendered":"<p style=\"text-align:justify\">12mo (163 x 92 mm) 28 nn.ll., 543 pp., 10 nn.ll. Contemporary red morocco richly gilt including a special tool attributed to Luc-Antoine Boyet, spine richly gilt with raised bands using the same tool, marbled and gilt edges (<i>small old expert restorations<\/i>).<\/p>\n","protected":false},"featured_media":72651,"comment_status":"open","ping_status":"closed","template":"","meta":{"_acf_changed":false},"product_brand":[],"product_cat":[532],"product_tag":[1267,590,1323],"class_list":{"0":"post-72656","1":"product","2":"type-product","3":"status-publish","4":"has-post-thumbnail","6":"product_cat-botanical","7":"product_tag-binding","8":"product_tag-botanical","9":"product_tag-general-botany","10":"pa_auteur-tournefort-joseph-pitton-de-2","11":"pa_type-de-livre-printed-book","13":"first","14":"outofstock","15":"shipping-taxable","16":"purchasable","17":"product-type-simple"},"acf":{"artist":" Joseph Pitton de TOURNEFORT","chapeau":"Binding attributed to Luc-Antoine Boyet","adresse_bibliographique":"Paris, Imprimerie Royale, 1698","book_type":"Printed book","provenance":"","afficher_prix":""},"yoast_head":"<!-- This site is optimized with the Yoast SEO plugin v24.7 - https:\/\/yoast.com\/wordpress\/plugins\/seo\/ -->\n<title>TOURNEFORT Joseph Pitton de Histoire des plantes - Libairie Clavreuil<\/title>\n<meta name=\"robots\" content=\"index, follow, max-snippet:-1, max-image-preview:large, max-video-preview:-1\" \/>\n<link rel=\"canonical\" href=\"https:\/\/www.librairieclavreuil.com\/produit\/histoire-des-plantes-joseph-pitton-de-tournefort\/\" \/>\n<meta property=\"og:locale\" content=\"en_US\" \/>\n<meta property=\"og:type\" content=\"article\" \/>\n<meta property=\"og:title\" content=\"TOURNEFORT Joseph Pitton de Histoire des plantes - Libairie Clavreuil\" \/>\n<meta property=\"og:description\" content=\"12mo (163 x 92 mm) 28 nn.ll., 543 pp., 10 nn.ll. Contemporary red morocco richly gilt including a special tool attributed to Luc-Antoine Boyet, spine richly gilt with raised bands using the same tool, marbled and gilt edges (small old expert restorations).\" \/>\n<meta property=\"og:url\" content=\"https:\/\/www.librairieclavreuil.com\/produit\/histoire-des-plantes-joseph-pitton-de-tournefort\/\" \/>\n<meta property=\"og:site_name\" content=\"Libairie Clavreuil\" \/>\n<meta property=\"article:modified_time\" content=\"2024-07-02T11:17:40+00:00\" \/>\n<meta property=\"og:image\" content=\"https:\/\/www.librairieclavreuil.com\/wp-content\/uploads\/2024\/04\/joseph-pitton-de-tournefort-histoire-des-plantes-9347-65bd21e7e00b2.jpg\" \/>\n\t<meta property=\"og:image:width\" content=\"1094\" \/>\n\t<meta property=\"og:image:height\" content=\"1793\" \/>\n\t<meta property=\"og:image:type\" content=\"image\/jpeg\" \/>\n<meta name=\"twitter:card\" content=\"summary_large_image\" \/>\n<meta name=\"twitter:label1\" content=\"Est. reading time\" \/>\n\t<meta name=\"twitter:data1\" content=\"2 minutes\" \/>\n<script type=\"application\/ld+json\" class=\"yoast-schema-graph\">{\"@context\":\"https:\/\/schema.org\",\"@graph\":[{\"@type\":\"WebPage\",\"@id\":\"https:\/\/www.librairieclavreuil.com\/produit\/histoire-des-plantes-joseph-pitton-de-tournefort\/\",\"url\":\"https:\/\/www.librairieclavreuil.com\/produit\/histoire-des-plantes-joseph-pitton-de-tournefort\/\",\"name\":\"TOURNEFORT Joseph Pitton de Histoire des plantes - Libairie Clavreuil\",\"isPartOf\":{\"@id\":\"https:\/\/www.librairieclavreuil.com\/#website\"},\"primaryImageOfPage\":{\"@id\":\"https:\/\/www.librairieclavreuil.com\/produit\/histoire-des-plantes-joseph-pitton-de-tournefort\/#primaryimage\"},\"image\":{\"@id\":\"https:\/\/www.librairieclavreuil.com\/produit\/histoire-des-plantes-joseph-pitton-de-tournefort\/#primaryimage\"},\"thumbnailUrl\":\"https:\/\/www.librairieclavreuil.com\/wp-content\/uploads\/2024\/04\/joseph-pitton-de-tournefort-histoire-des-plantes-9347-65bd21e7e00b2.jpg\",\"datePublished\":\"2024-04-17T16:53:10+00:00\",\"dateModified\":\"2024-07-02T11:17:40+00:00\",\"breadcrumb\":{\"@id\":\"https:\/\/www.librairieclavreuil.com\/produit\/histoire-des-plantes-joseph-pitton-de-tournefort\/#breadcrumb\"},\"inLanguage\":\"en-US\",\"potentialAction\":[{\"@type\":\"ReadAction\",\"target\":[\"https:\/\/www.librairieclavreuil.com\/produit\/histoire-des-plantes-joseph-pitton-de-tournefort\/\"]}]},{\"@type\":\"ImageObject\",\"inLanguage\":\"en-US\",\"@id\":\"https:\/\/www.librairieclavreuil.com\/produit\/histoire-des-plantes-joseph-pitton-de-tournefort\/#primaryimage\",\"url\":\"https:\/\/www.librairieclavreuil.com\/wp-content\/uploads\/2024\/04\/joseph-pitton-de-tournefort-histoire-des-plantes-9347-65bd21e7e00b2.jpg\",\"contentUrl\":\"https:\/\/www.librairieclavreuil.com\/wp-content\/uploads\/2024\/04\/joseph-pitton-de-tournefort-histoire-des-plantes-9347-65bd21e7e00b2.jpg\",\"width\":1094,\"height\":1793},{\"@type\":\"BreadcrumbList\",\"@id\":\"https:\/\/www.librairieclavreuil.com\/produit\/histoire-des-plantes-joseph-pitton-de-tournefort\/#breadcrumb\",\"itemListElement\":[{\"@type\":\"ListItem\",\"position\":1,\"name\":\"Accueil\",\"item\":\"https:\/\/www.librairieclavreuil.com\/\"},{\"@type\":\"ListItem\",\"position\":2,\"name\":\"All our books\",\"item\":\"https:\/\/www.librairieclavreuil.com\/en\/all-our-books\/\"},{\"@type\":\"ListItem\",\"position\":3,\"name\":\"TOURNEFORT Joseph Pitton de Histoire des plantes\"}]},{\"@type\":\"WebSite\",\"@id\":\"https:\/\/www.librairieclavreuil.com\/#website\",\"url\":\"https:\/\/www.librairieclavreuil.com\/\",\"name\":\"Libairie Clavreuil\",\"description\":\"Livres anciens, manuscrits rares et \u00e9ditions originales \u2013 Librairie Clavreuil\",\"publisher\":{\"@id\":\"https:\/\/www.librairieclavreuil.com\/#organization\"},\"potentialAction\":[{\"@type\":\"SearchAction\",\"target\":{\"@type\":\"EntryPoint\",\"urlTemplate\":\"https:\/\/www.librairieclavreuil.com\/?s={search_term_string}\"},\"query-input\":{\"@type\":\"PropertyValueSpecification\",\"valueRequired\":true,\"valueName\":\"search_term_string\"}}],\"inLanguage\":\"en-US\"},{\"@type\":\"Organization\",\"@id\":\"https:\/\/www.librairieclavreuil.com\/#organization\",\"name\":\"Libairie Clavreuil\",\"url\":\"https:\/\/www.librairieclavreuil.com\/\",\"logo\":{\"@type\":\"ImageObject\",\"inLanguage\":\"en-US\",\"@id\":\"https:\/\/www.librairieclavreuil.com\/#\/schema\/logo\/image\/\",\"url\":\"https:\/\/www.librairieclavreuil.com\/wp-content\/uploads\/2021\/06\/cropped-LOGO_PNG_DATE-_gold-512x512-1.png\",\"contentUrl\":\"https:\/\/www.librairieclavreuil.com\/wp-content\/uploads\/2021\/06\/cropped-LOGO_PNG_DATE-_gold-512x512-1.png\",\"width\":512,\"height\":512,\"caption\":\"Libairie Clavreuil\"},\"image\":{\"@id\":\"https:\/\/www.librairieclavreuil.com\/#\/schema\/logo\/image\/\"},\"sameAs\":[\"https:\/\/www.instagram.com\/librairieclavreuil\/\"]}]}<\/script>\n<!-- \/ Yoast SEO plugin. -->","yoast_head_json":{"title":"TOURNEFORT Joseph Pitton de Histoire des plantes - Libairie Clavreuil","robots":{"index":"index","follow":"follow","max-snippet":"max-snippet:-1","max-image-preview":"max-image-preview:large","max-video-preview":"max-video-preview:-1"},"canonical":"https:\/\/www.librairieclavreuil.com\/produit\/histoire-des-plantes-joseph-pitton-de-tournefort\/","og_locale":"en_US","og_type":"article","og_title":"TOURNEFORT Joseph Pitton de Histoire des plantes - Libairie Clavreuil","og_description":"12mo (163 x 92 mm) 28 nn.ll., 543 pp., 10 nn.ll. Contemporary red morocco richly gilt including a special tool attributed to Luc-Antoine Boyet, spine richly gilt with raised bands using the same tool, marbled and gilt edges (small old expert restorations).","og_url":"https:\/\/www.librairieclavreuil.com\/produit\/histoire-des-plantes-joseph-pitton-de-tournefort\/","og_site_name":"Libairie Clavreuil","article_modified_time":"2024-07-02T11:17:40+00:00","og_image":[{"width":1094,"height":1793,"url":"https:\/\/www.librairieclavreuil.com\/wp-content\/uploads\/2024\/04\/joseph-pitton-de-tournefort-histoire-des-plantes-9347-65bd21e7e00b2.jpg","type":"image\/jpeg"}],"twitter_card":"summary_large_image","twitter_misc":{"Est. reading time":"2 minutes"},"schema":{"@context":"https:\/\/schema.org","@graph":[{"@type":"WebPage","@id":"https:\/\/www.librairieclavreuil.com\/produit\/histoire-des-plantes-joseph-pitton-de-tournefort\/","url":"https:\/\/www.librairieclavreuil.com\/produit\/histoire-des-plantes-joseph-pitton-de-tournefort\/","name":"TOURNEFORT Joseph Pitton de Histoire des plantes - Libairie Clavreuil","isPartOf":{"@id":"https:\/\/www.librairieclavreuil.com\/#website"},"primaryImageOfPage":{"@id":"https:\/\/www.librairieclavreuil.com\/produit\/histoire-des-plantes-joseph-pitton-de-tournefort\/#primaryimage"},"image":{"@id":"https:\/\/www.librairieclavreuil.com\/produit\/histoire-des-plantes-joseph-pitton-de-tournefort\/#primaryimage"},"thumbnailUrl":"https:\/\/www.librairieclavreuil.com\/wp-content\/uploads\/2024\/04\/joseph-pitton-de-tournefort-histoire-des-plantes-9347-65bd21e7e00b2.jpg","datePublished":"2024-04-17T16:53:10+00:00","dateModified":"2024-07-02T11:17:40+00:00","breadcrumb":{"@id":"https:\/\/www.librairieclavreuil.com\/produit\/histoire-des-plantes-joseph-pitton-de-tournefort\/#breadcrumb"},"inLanguage":"en-US","potentialAction":[{"@type":"ReadAction","target":["https:\/\/www.librairieclavreuil.com\/produit\/histoire-des-plantes-joseph-pitton-de-tournefort\/"]}]},{"@type":"ImageObject","inLanguage":"en-US","@id":"https:\/\/www.librairieclavreuil.com\/produit\/histoire-des-plantes-joseph-pitton-de-tournefort\/#primaryimage","url":"https:\/\/www.librairieclavreuil.com\/wp-content\/uploads\/2024\/04\/joseph-pitton-de-tournefort-histoire-des-plantes-9347-65bd21e7e00b2.jpg","contentUrl":"https:\/\/www.librairieclavreuil.com\/wp-content\/uploads\/2024\/04\/joseph-pitton-de-tournefort-histoire-des-plantes-9347-65bd21e7e00b2.jpg","width":1094,"height":1793},{"@type":"BreadcrumbList","@id":"https:\/\/www.librairieclavreuil.com\/produit\/histoire-des-plantes-joseph-pitton-de-tournefort\/#breadcrumb","itemListElement":[{"@type":"ListItem","position":1,"name":"Accueil","item":"https:\/\/www.librairieclavreuil.com\/"},{"@type":"ListItem","position":2,"name":"All our books","item":"https:\/\/www.librairieclavreuil.com\/en\/all-our-books\/"},{"@type":"ListItem","position":3,"name":"TOURNEFORT Joseph Pitton de Histoire des plantes"}]},{"@type":"WebSite","@id":"https:\/\/www.librairieclavreuil.com\/#website","url":"https:\/\/www.librairieclavreuil.com\/","name":"Libairie Clavreuil","description":"Livres anciens, manuscrits rares et \u00e9ditions originales \u2013 Librairie Clavreuil","publisher":{"@id":"https:\/\/www.librairieclavreuil.com\/#organization"},"potentialAction":[{"@type":"SearchAction","target":{"@type":"EntryPoint","urlTemplate":"https:\/\/www.librairieclavreuil.com\/?s={search_term_string}"},"query-input":{"@type":"PropertyValueSpecification","valueRequired":true,"valueName":"search_term_string"}}],"inLanguage":"en-US"},{"@type":"Organization","@id":"https:\/\/www.librairieclavreuil.com\/#organization","name":"Libairie Clavreuil","url":"https:\/\/www.librairieclavreuil.com\/","logo":{"@type":"ImageObject","inLanguage":"en-US","@id":"https:\/\/www.librairieclavreuil.com\/#\/schema\/logo\/image\/","url":"https:\/\/www.librairieclavreuil.com\/wp-content\/uploads\/2021\/06\/cropped-LOGO_PNG_DATE-_gold-512x512-1.png","contentUrl":"https:\/\/www.librairieclavreuil.com\/wp-content\/uploads\/2021\/06\/cropped-LOGO_PNG_DATE-_gold-512x512-1.png","width":512,"height":512,"caption":"Libairie Clavreuil"},"image":{"@id":"https:\/\/www.librairieclavreuil.com\/#\/schema\/logo\/image\/"},"sameAs":["https:\/\/www.instagram.com\/librairieclavreuil\/"]}]}},"jetpack_sharing_enabled":true,"_links":{"self":[{"href":"https:\/\/www.librairieclavreuil.com\/en\/wp-json\/wp\/v2\/product\/72656","targetHints":{"allow":["GET"]}}],"collection":[{"href":"https:\/\/www.librairieclavreuil.com\/en\/wp-json\/wp\/v2\/product"}],"about":[{"href":"https:\/\/www.librairieclavreuil.com\/en\/wp-json\/wp\/v2\/types\/product"}],"replies":[{"embeddable":true,"href":"https:\/\/www.librairieclavreuil.com\/en\/wp-json\/wp\/v2\/comments?post=72656"}],"wp:featuredmedia":[{"embeddable":true,"href":"https:\/\/www.librairieclavreuil.com\/en\/wp-json\/wp\/v2\/media\/72651"}],"wp:attachment":[{"href":"https:\/\/www.librairieclavreuil.com\/en\/wp-json\/wp\/v2\/media?parent=72656"}],"wp:term":[{"taxonomy":"product_brand","embeddable":true,"href":"https:\/\/www.librairieclavreuil.com\/en\/wp-json\/wp\/v2\/product_brand?post=72656"},{"taxonomy":"product_cat","embeddable":true,"href":"https:\/\/www.librairieclavreuil.com\/en\/wp-json\/wp\/v2\/product_cat?post=72656"},{"taxonomy":"product_tag","embeddable":true,"href":"https:\/\/www.librairieclavreuil.com\/en\/wp-json\/wp\/v2\/product_tag?post=72656"}],"curies":[{"name":"wp","href":"https:\/\/api.w.org\/{rel}","templated":true}]}}