{"id":72646,"date":"2024-04-17T18:47:01","date_gmt":"2024-04-17T16:47:01","guid":{"rendered":"https:\/\/clavreuil-wordpress.logiciel-arteo.fr\/notions-elementaires-de-botanique-et-flore-de-bourgogne-ou-catalogue-des-plantes-naturelles-a-cette-province-de-celles-quon-y-cultive-le-plus-communement-avec-lindication-du-sol-ou-ell\/"},"modified":"2025-11-26T13:14:37","modified_gmt":"2025-11-26T12:14:37","slug":"notions-elementaires-de-botanique-et-flore-de-bourgogne-ou-catalogue-des-plantes-naturelles-a-cette-province-de-celles-quon-y-cultive-le-plus-communement-avec-lindication-du-sol-ou-ell","status":"publish","type":"product","link":"https:\/\/www.librairieclavreuil.com\/en\/notions-elementaires-de-botanique-et-flore-de-bourgogne-ou-catalogue-des-plantes-naturelles-a-cette-province-de-celles-quon-y-cultive-le-plus-communement-avec-lindication-du-sol-ou-ell\/","title":{"rendered":"DURANDE Jean Fran\u00e7ois Notions \u00e9l\u00e9mentaires de Botanique. [Et:]..."},"content":{"rendered":"<p style=\"text-align:justify\"><i>Stafleu-Cowan, 1596 &amp; 1597 (without the wall chart).<\/i><\/p>\n<p style=\"text-align:justify\"><span style=\"font-variant:small-caps\">First editions.<\/span><\/p>\n<p style=\"text-align:justify\">Jean-Fran\u00e7ois Durande was a French physician and botanist, born in 1732 in Dijon and died in January 1794 in the same city. While practicing medicine, his passion for flora led him to become a professor of botany (1776-1789), teaching in the city&#8217;s botanical garden. Among Durande&#8217;s students were Louis-Augustin Bosc d&#8217;Antic (1759-1828), Jacques-Nicolas Vallot (1771-1860), and Pierre Morland (1768-1837).<\/p>\n<p style=\"text-align:justify\">Together with Hugues Maret (1726-1786) and Louis-Bernard Guyton-Morveau (1737-1816), he first published <i>\u00c9l\u00e9ments de chymie th\u00e9orique et pratique<\/i> (Elements of Theoretical and Practical Chemistry) (1778). He then compiled his lessons in <i>Notions \u00e9l\u00e9mentaires de botaniques<\/i> (1781), in which he was one of the first to follow the system of Antoine-Laurent de Jussieu (1748-1836). The following year, he published his Flore de Bourgogne (1782), in which he described 1,300 local species.<\/p>\n<p style=\"text-align:justify\"><span style=\"font-variant:small-caps\">unique copies, printed on large paper (according to the note on the front flyleaf of each title).<\/span><\/p>\n<p style=\"text-align:justify\"><i>Flore de Bourgogne<\/i> is decorated with a vignette of an apple and a pear engraved on the front title page, and the other with military emblems, engraved banners, and tailpieces. Volume I is subtitled <i>Catalogue des plantes naturelles \u00e0 cette province<\/i> (Catalogue of plants native to this province), while volume II is subtitled <i>Flore de Bourgogne ou propri\u00e9t\u00e9s des plantes de cette province, relativement \u00e0 la m\u00e9decine, \u00e0 l&#8217;agriculture &amp; aux arts<\/i> (Flora of Burgundy or properties of the plants of this province, relating to medicine, agriculture, and the arts).<\/p>\n<p style=\"text-align:justify\"><span style=\"font-variant:small-caps\">Exceptional copies<\/span><\/p>\n<p style=\"text-align:justify\">Each of these two titles is the only copy printed on large paper for the personal use of the printer Frantin. They are accompanied by the extremely rare engraved wallchart entitled <i>Carte Botanique<\/i>.<\/p>\n<p style=\"text-align:justify\">This chart, entirely engraved, is printed from seven plates to form a very large wall map (1538 x 1498 mm), intended for teaching students.<\/p>\n<p style=\"text-align:justify\">It is kept in a large slipcase. This map was not part of the edition, and it seems that only a very small number were printed. A detailed description of the usefulness of this map can be found in the <i>\u00c9l\u00e9m\u00e9ns de botanique<\/i>, where it occupies pages 302 to 368. It is extremely rare.<\/p>\n<p style=\"text-align:justify\">Provenance: handwritten note in black ink on a flyleaf: \u201cThis copy is the only one that Mr. Frantin, the printer, printed on large paper for himself; the others have much smaller margins. It was sold to me by Frantin&#8217;s son after his father&#8217;s death, bound in paperback.\u201d<\/p>\n<p style=\"text-align:justify\">Magnificent copies uniformly bound at the time.<\/p>\n","protected":false},"excerpt":{"rendered":"<p style=\"text-align:justify\">3 volumes, large 8vo (218 x 142 mm) 368, XCII pp., 2 unn.ll. (errata and privil\u00e8ge) for <i>\u00c9l\u00e9m\u00e9ns de botanique<\/i>; 2 unn.ll., VIII, 520, LXXVIII pp., for <i>Flore de Bourgogne<\/i>, volume I; XIV, 290, LXXX for <i>Flore de Bourgogne<\/i>, volume II. Uniformly bound in contemporary red morocco, triple gilt filet on covers, spines gilt with raised bands, gilt edges. The wall-chart (<i>Carte de Botanique<\/i>), assembled from 7 copper plates, laid into modern red half-morocco slipcase, bound in style (790 x 680 mm).<\/p>\n","protected":false},"featured_media":72631,"comment_status":"open","ping_status":"closed","template":"","meta":{"_acf_changed":false},"product_brand":[],"product_cat":[532],"product_tag":[1267,590,1450,1323],"class_list":{"0":"post-72646","1":"product","2":"type-product","3":"status-publish","4":"has-post-thumbnail","6":"product_cat-botanical","7":"product_tag-binding","8":"product_tag-botanical","9":"product_tag-first-edition","10":"product_tag-general-botany","11":"pa_auteur-durande-jean-francois-2","12":"pa_type-de-livre-printed-book","14":"first","15":"instock","16":"shipping-taxable","17":"purchasable","18":"product-type-simple"},"acf":{"artist":" Jean Fran\u00e7ois DURANDE","chapeau":"Unique large paper copies bound in contemporary red morocco\r\nWith the excessively rare engraved wall chart","adresse_bibliographique":"Dijon, N.L. Frantin, 1781-1782","book_type":"Printed book","provenance":"","afficher_prix":""},"yoast_head":"<!-- This site is optimized with the Yoast SEO plugin v24.7 - https:\/\/yoast.com\/wordpress\/plugins\/seo\/ -->\n<title>DURANDE Jean Fran\u00e7ois Notions \u00e9l\u00e9mentaires de Botanique. [Et:] Flore de Bourgogne ou catalogue des plantes naturelles \u00e0 cette Province, &amp; de celles qu&#039;on y cultive le plus commun\u00e9ment, avec l&#039;indication du sol o\u00f9 elles croissent, du temps de leur floraison, &amp; de la couleur de leurs fleurs. - Libairie Clavreuil<\/title>\n<meta name=\"robots\" content=\"index, follow, max-snippet:-1, max-image-preview:large, max-video-preview:-1\" \/>\n<link rel=\"canonical\" href=\"https:\/\/www.librairieclavreuil.com\/en\/notions-elementaires-de-botanique-et-flore-de-bourgogne-ou-catalogue-des-plantes-naturelles-a-cette-province-de-celles-quon-y-cultive-le-plus-communement-avec-lindication-du-sol-ou-ell\/\" \/>\n<meta property=\"og:locale\" content=\"en_US\" \/>\n<meta property=\"og:type\" content=\"article\" \/>\n<meta property=\"og:title\" content=\"DURANDE Jean Fran\u00e7ois Notions \u00e9l\u00e9mentaires de Botanique. [Et:] Flore de Bourgogne ou catalogue des plantes naturelles \u00e0 cette Province, &amp; de celles qu&#039;on y cultive le plus commun\u00e9ment, avec l&#039;indication du sol o\u00f9 elles croissent, du temps de leur floraison, &amp; de la couleur de leurs fleurs. - Libairie Clavreuil\" \/>\n<meta property=\"og:description\" content=\"3 volumes, large 8vo (218 x 142 mm) 368, XCII pp., 2 unn.ll. (errata and privil\u00e8ge) for \u00c9l\u00e9m\u00e9ns de botanique; 2 unn.ll., VIII, 520, LXXVIII pp., for Flore de Bourgogne, volume I; XIV, 290, LXXX for Flore de Bourgogne, volume II. Uniformly bound in contemporary red morocco, triple gilt filet on covers, spines gilt with raised bands, gilt edges. The wall-chart (Carte de Botanique), assembled from 7 copper plates, laid into modern red half-morocco slipcase, bound in style (790 x 680 mm).\" \/>\n<meta property=\"og:url\" content=\"https:\/\/www.librairieclavreuil.com\/en\/notions-elementaires-de-botanique-et-flore-de-bourgogne-ou-catalogue-des-plantes-naturelles-a-cette-province-de-celles-quon-y-cultive-le-plus-communement-avec-lindication-du-sol-ou-ell\/\" \/>\n<meta property=\"og:site_name\" content=\"Libairie Clavreuil\" \/>\n<meta property=\"article:modified_time\" content=\"2025-11-26T12:14:37+00:00\" \/>\n<meta property=\"og:image\" content=\"https:\/\/www.librairieclavreuil.com\/wp-content\/uploads\/2024\/04\/jean-francois-durande-notions-elementaires-de-botanique-et-flore-de-bourgogne-ou-catalogue-des-plantes-naturelles-a-cette-province-de-celles-qu-on-y-c-scaled.jpg\" \/>\n\t<meta property=\"og:image:width\" content=\"1721\" \/>\n\t<meta property=\"og:image:height\" content=\"2560\" \/>\n\t<meta property=\"og:image:type\" content=\"image\/jpeg\" \/>\n<meta name=\"twitter:card\" content=\"summary_large_image\" \/>\n<meta name=\"twitter:label1\" content=\"Est. reading time\" \/>\n\t<meta name=\"twitter:data1\" content=\"2 minutes\" \/>\n<script type=\"application\/ld+json\" class=\"yoast-schema-graph\">{\"@context\":\"https:\/\/schema.org\",\"@graph\":[{\"@type\":\"WebPage\",\"@id\":\"https:\/\/www.librairieclavreuil.com\/en\/notions-elementaires-de-botanique-et-flore-de-bourgogne-ou-catalogue-des-plantes-naturelles-a-cette-province-de-celles-quon-y-cultive-le-plus-communement-avec-lindication-du-sol-ou-ell\/\",\"url\":\"https:\/\/www.librairieclavreuil.com\/en\/notions-elementaires-de-botanique-et-flore-de-bourgogne-ou-catalogue-des-plantes-naturelles-a-cette-province-de-celles-quon-y-cultive-le-plus-communement-avec-lindication-du-sol-ou-ell\/\",\"name\":\"DURANDE Jean Fran\u00e7ois Notions \u00e9l\u00e9mentaires de Botanique. [Et:] Flore de Bourgogne ou catalogue des plantes naturelles \u00e0 cette Province, &amp; de celles qu'on y cultive le plus commun\u00e9ment, avec l'indication du sol o\u00f9 elles croissent, du temps de leur floraison, &amp; de la couleur de leurs fleurs. - Libairie Clavreuil\",\"isPartOf\":{\"@id\":\"https:\/\/www.librairieclavreuil.com\/#website\"},\"primaryImageOfPage\":{\"@id\":\"https:\/\/www.librairieclavreuil.com\/en\/notions-elementaires-de-botanique-et-flore-de-bourgogne-ou-catalogue-des-plantes-naturelles-a-cette-province-de-celles-quon-y-cultive-le-plus-communement-avec-lindication-du-sol-ou-ell\/#primaryimage\"},\"image\":{\"@id\":\"https:\/\/www.librairieclavreuil.com\/en\/notions-elementaires-de-botanique-et-flore-de-bourgogne-ou-catalogue-des-plantes-naturelles-a-cette-province-de-celles-quon-y-cultive-le-plus-communement-avec-lindication-du-sol-ou-ell\/#primaryimage\"},\"thumbnailUrl\":\"https:\/\/www.librairieclavreuil.com\/wp-content\/uploads\/2024\/04\/jean-francois-durande-notions-elementaires-de-botanique-et-flore-de-bourgogne-ou-catalogue-des-plantes-naturelles-a-cette-province-de-celles-qu-on-y-c-scaled.jpg\",\"datePublished\":\"2024-04-17T16:47:01+00:00\",\"dateModified\":\"2025-11-26T12:14:37+00:00\",\"breadcrumb\":{\"@id\":\"https:\/\/www.librairieclavreuil.com\/en\/notions-elementaires-de-botanique-et-flore-de-bourgogne-ou-catalogue-des-plantes-naturelles-a-cette-province-de-celles-quon-y-cultive-le-plus-communement-avec-lindication-du-sol-ou-ell\/#breadcrumb\"},\"inLanguage\":\"en-US\",\"potentialAction\":[{\"@type\":\"ReadAction\",\"target\":[\"https:\/\/www.librairieclavreuil.com\/en\/notions-elementaires-de-botanique-et-flore-de-bourgogne-ou-catalogue-des-plantes-naturelles-a-cette-province-de-celles-quon-y-cultive-le-plus-communement-avec-lindication-du-sol-ou-ell\/\"]}]},{\"@type\":\"ImageObject\",\"inLanguage\":\"en-US\",\"@id\":\"https:\/\/www.librairieclavreuil.com\/en\/notions-elementaires-de-botanique-et-flore-de-bourgogne-ou-catalogue-des-plantes-naturelles-a-cette-province-de-celles-quon-y-cultive-le-plus-communement-avec-lindication-du-sol-ou-ell\/#primaryimage\",\"url\":\"https:\/\/www.librairieclavreuil.com\/wp-content\/uploads\/2024\/04\/jean-francois-durande-notions-elementaires-de-botanique-et-flore-de-bourgogne-ou-catalogue-des-plantes-naturelles-a-cette-province-de-celles-qu-on-y-c-scaled.jpg\",\"contentUrl\":\"https:\/\/www.librairieclavreuil.com\/wp-content\/uploads\/2024\/04\/jean-francois-durande-notions-elementaires-de-botanique-et-flore-de-bourgogne-ou-catalogue-des-plantes-naturelles-a-cette-province-de-celles-qu-on-y-c-scaled.jpg\",\"width\":1721,\"height\":2560},{\"@type\":\"BreadcrumbList\",\"@id\":\"https:\/\/www.librairieclavreuil.com\/en\/notions-elementaires-de-botanique-et-flore-de-bourgogne-ou-catalogue-des-plantes-naturelles-a-cette-province-de-celles-quon-y-cultive-le-plus-communement-avec-lindication-du-sol-ou-ell\/#breadcrumb\",\"itemListElement\":[{\"@type\":\"ListItem\",\"position\":1,\"name\":\"Accueil\",\"item\":\"https:\/\/www.librairieclavreuil.com\/\"},{\"@type\":\"ListItem\",\"position\":2,\"name\":\"All our books\",\"item\":\"https:\/\/www.librairieclavreuil.com\/en\/all-our-books\/\"},{\"@type\":\"ListItem\",\"position\":3,\"name\":\"DURANDE Jean Fran\u00e7ois Notions \u00e9l\u00e9mentaires de Botanique. [Et:]...\"}]},{\"@type\":\"WebSite\",\"@id\":\"https:\/\/www.librairieclavreuil.com\/#website\",\"url\":\"https:\/\/www.librairieclavreuil.com\/\",\"name\":\"Libairie Clavreuil\",\"description\":\"Livres anciens, manuscrits rares et \u00e9ditions originales \u2013 Librairie Clavreuil\",\"publisher\":{\"@id\":\"https:\/\/www.librairieclavreuil.com\/#organization\"},\"potentialAction\":[{\"@type\":\"SearchAction\",\"target\":{\"@type\":\"EntryPoint\",\"urlTemplate\":\"https:\/\/www.librairieclavreuil.com\/?s={search_term_string}\"},\"query-input\":{\"@type\":\"PropertyValueSpecification\",\"valueRequired\":true,\"valueName\":\"search_term_string\"}}],\"inLanguage\":\"en-US\"},{\"@type\":\"Organization\",\"@id\":\"https:\/\/www.librairieclavreuil.com\/#organization\",\"name\":\"Libairie Clavreuil\",\"url\":\"https:\/\/www.librairieclavreuil.com\/\",\"logo\":{\"@type\":\"ImageObject\",\"inLanguage\":\"en-US\",\"@id\":\"https:\/\/www.librairieclavreuil.com\/#\/schema\/logo\/image\/\",\"url\":\"https:\/\/www.librairieclavreuil.com\/wp-content\/uploads\/2021\/06\/cropped-LOGO_PNG_DATE-_gold-512x512-1.png\",\"contentUrl\":\"https:\/\/www.librairieclavreuil.com\/wp-content\/uploads\/2021\/06\/cropped-LOGO_PNG_DATE-_gold-512x512-1.png\",\"width\":512,\"height\":512,\"caption\":\"Libairie Clavreuil\"},\"image\":{\"@id\":\"https:\/\/www.librairieclavreuil.com\/#\/schema\/logo\/image\/\"},\"sameAs\":[\"https:\/\/www.instagram.com\/librairieclavreuil\/\"]}]}<\/script>\n<!-- \/ Yoast SEO plugin. -->","yoast_head_json":{"title":"DURANDE Jean Fran\u00e7ois Notions \u00e9l\u00e9mentaires de Botanique. [Et:] Flore de Bourgogne ou catalogue des plantes naturelles \u00e0 cette Province, &amp; de celles qu'on y cultive le plus commun\u00e9ment, avec l'indication du sol o\u00f9 elles croissent, du temps de leur floraison, &amp; de la couleur de leurs fleurs. - Libairie Clavreuil","robots":{"index":"index","follow":"follow","max-snippet":"max-snippet:-1","max-image-preview":"max-image-preview:large","max-video-preview":"max-video-preview:-1"},"canonical":"https:\/\/www.librairieclavreuil.com\/en\/notions-elementaires-de-botanique-et-flore-de-bourgogne-ou-catalogue-des-plantes-naturelles-a-cette-province-de-celles-quon-y-cultive-le-plus-communement-avec-lindication-du-sol-ou-ell\/","og_locale":"en_US","og_type":"article","og_title":"DURANDE Jean Fran\u00e7ois Notions \u00e9l\u00e9mentaires de Botanique. [Et:] Flore de Bourgogne ou catalogue des plantes naturelles \u00e0 cette Province, &amp; de celles qu'on y cultive le plus commun\u00e9ment, avec l'indication du sol o\u00f9 elles croissent, du temps de leur floraison, &amp; de la couleur de leurs fleurs. - Libairie Clavreuil","og_description":"3 volumes, large 8vo (218 x 142 mm) 368, XCII pp., 2 unn.ll. (errata and privil\u00e8ge) for \u00c9l\u00e9m\u00e9ns de botanique; 2 unn.ll., VIII, 520, LXXVIII pp., for Flore de Bourgogne, volume I; XIV, 290, LXXX for Flore de Bourgogne, volume II. Uniformly bound in contemporary red morocco, triple gilt filet on covers, spines gilt with raised bands, gilt edges. The wall-chart (Carte de Botanique), assembled from 7 copper plates, laid into modern red half-morocco slipcase, bound in style (790 x 680 mm).","og_url":"https:\/\/www.librairieclavreuil.com\/en\/notions-elementaires-de-botanique-et-flore-de-bourgogne-ou-catalogue-des-plantes-naturelles-a-cette-province-de-celles-quon-y-cultive-le-plus-communement-avec-lindication-du-sol-ou-ell\/","og_site_name":"Libairie Clavreuil","article_modified_time":"2025-11-26T12:14:37+00:00","og_image":[{"width":1721,"height":2560,"url":"https:\/\/www.librairieclavreuil.com\/wp-content\/uploads\/2024\/04\/jean-francois-durande-notions-elementaires-de-botanique-et-flore-de-bourgogne-ou-catalogue-des-plantes-naturelles-a-cette-province-de-celles-qu-on-y-c-scaled.jpg","type":"image\/jpeg"}],"twitter_card":"summary_large_image","twitter_misc":{"Est. reading time":"2 minutes"},"schema":{"@context":"https:\/\/schema.org","@graph":[{"@type":"WebPage","@id":"https:\/\/www.librairieclavreuil.com\/en\/notions-elementaires-de-botanique-et-flore-de-bourgogne-ou-catalogue-des-plantes-naturelles-a-cette-province-de-celles-quon-y-cultive-le-plus-communement-avec-lindication-du-sol-ou-ell\/","url":"https:\/\/www.librairieclavreuil.com\/en\/notions-elementaires-de-botanique-et-flore-de-bourgogne-ou-catalogue-des-plantes-naturelles-a-cette-province-de-celles-quon-y-cultive-le-plus-communement-avec-lindication-du-sol-ou-ell\/","name":"DURANDE Jean Fran\u00e7ois Notions \u00e9l\u00e9mentaires de Botanique. [Et:] Flore de Bourgogne ou catalogue des plantes naturelles \u00e0 cette Province, &amp; de celles qu'on y cultive le plus commun\u00e9ment, avec l'indication du sol o\u00f9 elles croissent, du temps de leur floraison, &amp; de la couleur de leurs fleurs. - Libairie Clavreuil","isPartOf":{"@id":"https:\/\/www.librairieclavreuil.com\/#website"},"primaryImageOfPage":{"@id":"https:\/\/www.librairieclavreuil.com\/en\/notions-elementaires-de-botanique-et-flore-de-bourgogne-ou-catalogue-des-plantes-naturelles-a-cette-province-de-celles-quon-y-cultive-le-plus-communement-avec-lindication-du-sol-ou-ell\/#primaryimage"},"image":{"@id":"https:\/\/www.librairieclavreuil.com\/en\/notions-elementaires-de-botanique-et-flore-de-bourgogne-ou-catalogue-des-plantes-naturelles-a-cette-province-de-celles-quon-y-cultive-le-plus-communement-avec-lindication-du-sol-ou-ell\/#primaryimage"},"thumbnailUrl":"https:\/\/www.librairieclavreuil.com\/wp-content\/uploads\/2024\/04\/jean-francois-durande-notions-elementaires-de-botanique-et-flore-de-bourgogne-ou-catalogue-des-plantes-naturelles-a-cette-province-de-celles-qu-on-y-c-scaled.jpg","datePublished":"2024-04-17T16:47:01+00:00","dateModified":"2025-11-26T12:14:37+00:00","breadcrumb":{"@id":"https:\/\/www.librairieclavreuil.com\/en\/notions-elementaires-de-botanique-et-flore-de-bourgogne-ou-catalogue-des-plantes-naturelles-a-cette-province-de-celles-quon-y-cultive-le-plus-communement-avec-lindication-du-sol-ou-ell\/#breadcrumb"},"inLanguage":"en-US","potentialAction":[{"@type":"ReadAction","target":["https:\/\/www.librairieclavreuil.com\/en\/notions-elementaires-de-botanique-et-flore-de-bourgogne-ou-catalogue-des-plantes-naturelles-a-cette-province-de-celles-quon-y-cultive-le-plus-communement-avec-lindication-du-sol-ou-ell\/"]}]},{"@type":"ImageObject","inLanguage":"en-US","@id":"https:\/\/www.librairieclavreuil.com\/en\/notions-elementaires-de-botanique-et-flore-de-bourgogne-ou-catalogue-des-plantes-naturelles-a-cette-province-de-celles-quon-y-cultive-le-plus-communement-avec-lindication-du-sol-ou-ell\/#primaryimage","url":"https:\/\/www.librairieclavreuil.com\/wp-content\/uploads\/2024\/04\/jean-francois-durande-notions-elementaires-de-botanique-et-flore-de-bourgogne-ou-catalogue-des-plantes-naturelles-a-cette-province-de-celles-qu-on-y-c-scaled.jpg","contentUrl":"https:\/\/www.librairieclavreuil.com\/wp-content\/uploads\/2024\/04\/jean-francois-durande-notions-elementaires-de-botanique-et-flore-de-bourgogne-ou-catalogue-des-plantes-naturelles-a-cette-province-de-celles-qu-on-y-c-scaled.jpg","width":1721,"height":2560},{"@type":"BreadcrumbList","@id":"https:\/\/www.librairieclavreuil.com\/en\/notions-elementaires-de-botanique-et-flore-de-bourgogne-ou-catalogue-des-plantes-naturelles-a-cette-province-de-celles-quon-y-cultive-le-plus-communement-avec-lindication-du-sol-ou-ell\/#breadcrumb","itemListElement":[{"@type":"ListItem","position":1,"name":"Accueil","item":"https:\/\/www.librairieclavreuil.com\/"},{"@type":"ListItem","position":2,"name":"All our books","item":"https:\/\/www.librairieclavreuil.com\/en\/all-our-books\/"},{"@type":"ListItem","position":3,"name":"DURANDE Jean Fran\u00e7ois Notions \u00e9l\u00e9mentaires de Botanique. [Et:]..."}]},{"@type":"WebSite","@id":"https:\/\/www.librairieclavreuil.com\/#website","url":"https:\/\/www.librairieclavreuil.com\/","name":"Libairie Clavreuil","description":"Livres anciens, manuscrits rares et \u00e9ditions originales \u2013 Librairie Clavreuil","publisher":{"@id":"https:\/\/www.librairieclavreuil.com\/#organization"},"potentialAction":[{"@type":"SearchAction","target":{"@type":"EntryPoint","urlTemplate":"https:\/\/www.librairieclavreuil.com\/?s={search_term_string}"},"query-input":{"@type":"PropertyValueSpecification","valueRequired":true,"valueName":"search_term_string"}}],"inLanguage":"en-US"},{"@type":"Organization","@id":"https:\/\/www.librairieclavreuil.com\/#organization","name":"Libairie Clavreuil","url":"https:\/\/www.librairieclavreuil.com\/","logo":{"@type":"ImageObject","inLanguage":"en-US","@id":"https:\/\/www.librairieclavreuil.com\/#\/schema\/logo\/image\/","url":"https:\/\/www.librairieclavreuil.com\/wp-content\/uploads\/2021\/06\/cropped-LOGO_PNG_DATE-_gold-512x512-1.png","contentUrl":"https:\/\/www.librairieclavreuil.com\/wp-content\/uploads\/2021\/06\/cropped-LOGO_PNG_DATE-_gold-512x512-1.png","width":512,"height":512,"caption":"Libairie Clavreuil"},"image":{"@id":"https:\/\/www.librairieclavreuil.com\/#\/schema\/logo\/image\/"},"sameAs":["https:\/\/www.instagram.com\/librairieclavreuil\/"]}]}},"jetpack_sharing_enabled":true,"_links":{"self":[{"href":"https:\/\/www.librairieclavreuil.com\/en\/wp-json\/wp\/v2\/product\/72646","targetHints":{"allow":["GET"]}}],"collection":[{"href":"https:\/\/www.librairieclavreuil.com\/en\/wp-json\/wp\/v2\/product"}],"about":[{"href":"https:\/\/www.librairieclavreuil.com\/en\/wp-json\/wp\/v2\/types\/product"}],"replies":[{"embeddable":true,"href":"https:\/\/www.librairieclavreuil.com\/en\/wp-json\/wp\/v2\/comments?post=72646"}],"wp:featuredmedia":[{"embeddable":true,"href":"https:\/\/www.librairieclavreuil.com\/en\/wp-json\/wp\/v2\/media\/72631"}],"wp:attachment":[{"href":"https:\/\/www.librairieclavreuil.com\/en\/wp-json\/wp\/v2\/media?parent=72646"}],"wp:term":[{"taxonomy":"product_brand","embeddable":true,"href":"https:\/\/www.librairieclavreuil.com\/en\/wp-json\/wp\/v2\/product_brand?post=72646"},{"taxonomy":"product_cat","embeddable":true,"href":"https:\/\/www.librairieclavreuil.com\/en\/wp-json\/wp\/v2\/product_cat?post=72646"},{"taxonomy":"product_tag","embeddable":true,"href":"https:\/\/www.librairieclavreuil.com\/en\/wp-json\/wp\/v2\/product_tag?post=72646"}],"curies":[{"name":"wp","href":"https:\/\/api.w.org\/{rel}","templated":true}]}}