{"id":72620,"date":"2024-04-17T18:28:32","date_gmt":"2024-04-17T16:28:32","guid":{"rendered":"https:\/\/clavreuil-wordpress.logiciel-arteo.fr\/recreations-physiques-economiques-et-chimiques-johann-georg-model\/"},"modified":"2024-06-27T15:44:17","modified_gmt":"2024-06-27T13:44:17","slug":"recreations-physiques-economiques-et-chimiques-johann-georg-model","status":"publish","type":"product","link":"https:\/\/www.librairieclavreuil.com\/en\/recreations-physiques-economiques-et-chimiques-johann-georg-model\/","title":{"rendered":"MODEL Johann Georg R\u00e9cr\u00e9ations physiques, \u00e9conomiques et chimiques."},"content":{"rendered":"<p><i>Cole, 946; see Duveen, 407 (for the first edition, St. Petersburg ca. 1762). Not in Vicaire.<\/i><\/p>\n<p>First edition of this French translation by Parmentier.<\/p>\n<p>A member of the Russian Academy of Sciences at St. Petersburg, Johann Georg Model (1711-1775) had published not less than 32 dissertations or letters in Russian scientific journals, all present in this volume, translated and annotated by Parmentier: &#8220;The added material frequently occupies more space than the original article&#8221; (Cole). The articles concern research on salts, borax, mineral waters, alongside a <i>Dissertation sur la falsification des vins et sur la Distillation de l&#8217;eau-de-vie<\/i>.<\/p>\n<p>Good copy. With the book plates of Alex. Brongniart, and Per vinum J. Galleron Dujardin.<\/p>\n","protected":false},"excerpt":{"rendered":"<p>2 volumes, 8vo (191 x 117 mm) 1 nn.l., XLVIII, 496 pp. for volume I; 2 nn.ll., 586 pp., 1 nn.l. for volume II. Contemporary calf-backed marbled boards, flat spines gilt (<i>expertly rebacked in style<\/i>).<\/p>\n","protected":false},"featured_media":72615,"comment_status":"open","ping_status":"closed","template":"","meta":{"_acf_changed":false},"product_brand":[],"product_cat":[550],"product_tag":[1229],"class_list":{"0":"post-72620","1":"product","2":"type-product","3":"status-publish","4":"has-post-thumbnail","6":"product_cat-science","7":"product_tag-oenology","8":"pa_auteur-model-johann-georg-2","9":"pa_type-de-livre-printed-book","11":"first","12":"instock","13":"shipping-taxable","14":"purchasable","15":"product-type-simple"},"acf":{"artist":" Johann Georg MODEL","chapeau":"","adresse_bibliographique":"Paris, Monory, 1774","book_type":"Printed book","provenance":"","afficher_prix":""},"yoast_head":"<!-- This site is optimized with the Yoast SEO plugin v24.7 - https:\/\/yoast.com\/wordpress\/plugins\/seo\/ -->\n<title>MODEL Johann Georg R\u00e9cr\u00e9ations physiques, \u00e9conomiques et chimiques. - Libairie Clavreuil<\/title>\n<meta name=\"robots\" content=\"index, follow, max-snippet:-1, max-image-preview:large, max-video-preview:-1\" \/>\n<link rel=\"canonical\" href=\"https:\/\/www.librairieclavreuil.com\/en\/recreations-physiques-economiques-et-chimiques-johann-georg-model\/\" \/>\n<meta property=\"og:locale\" content=\"en_US\" \/>\n<meta property=\"og:type\" content=\"article\" \/>\n<meta property=\"og:title\" content=\"MODEL Johann Georg R\u00e9cr\u00e9ations physiques, \u00e9conomiques et chimiques. - Libairie Clavreuil\" \/>\n<meta property=\"og:description\" content=\"2 volumes, 8vo (191 x 117 mm) 1 nn.l., XLVIII, 496 pp. for volume I; 2 nn.ll., 586 pp., 1 nn.l. for volume II. Contemporary calf-backed marbled boards, flat spines gilt (expertly rebacked in style).\" \/>\n<meta property=\"og:url\" content=\"https:\/\/www.librairieclavreuil.com\/en\/recreations-physiques-economiques-et-chimiques-johann-georg-model\/\" \/>\n<meta property=\"og:site_name\" content=\"Libairie Clavreuil\" \/>\n<meta property=\"article:modified_time\" content=\"2024-06-27T13:44:17+00:00\" \/>\n<meta property=\"og:image\" content=\"https:\/\/www.librairieclavreuil.com\/wp-content\/uploads\/2024\/04\/johann-georg-model-recreations-physiques-economiques-et-chimiques-3625-657c5c6cd963e-scaled.jpg\" \/>\n\t<meta property=\"og:image:width\" content=\"1920\" \/>\n\t<meta property=\"og:image:height\" content=\"2560\" \/>\n\t<meta property=\"og:image:type\" content=\"image\/jpeg\" \/>\n<meta name=\"twitter:card\" content=\"summary_large_image\" \/>\n<meta name=\"twitter:label1\" content=\"Est. reading time\" \/>\n\t<meta name=\"twitter:data1\" content=\"1 minute\" \/>\n<script type=\"application\/ld+json\" class=\"yoast-schema-graph\">{\"@context\":\"https:\/\/schema.org\",\"@graph\":[{\"@type\":\"WebPage\",\"@id\":\"https:\/\/www.librairieclavreuil.com\/en\/recreations-physiques-economiques-et-chimiques-johann-georg-model\/\",\"url\":\"https:\/\/www.librairieclavreuil.com\/en\/recreations-physiques-economiques-et-chimiques-johann-georg-model\/\",\"name\":\"MODEL Johann Georg R\u00e9cr\u00e9ations physiques, \u00e9conomiques et chimiques. - Libairie Clavreuil\",\"isPartOf\":{\"@id\":\"https:\/\/www.librairieclavreuil.com\/#website\"},\"primaryImageOfPage\":{\"@id\":\"https:\/\/www.librairieclavreuil.com\/en\/recreations-physiques-economiques-et-chimiques-johann-georg-model\/#primaryimage\"},\"image\":{\"@id\":\"https:\/\/www.librairieclavreuil.com\/en\/recreations-physiques-economiques-et-chimiques-johann-georg-model\/#primaryimage\"},\"thumbnailUrl\":\"https:\/\/www.librairieclavreuil.com\/wp-content\/uploads\/2024\/04\/johann-georg-model-recreations-physiques-economiques-et-chimiques-3625-657c5c6cd963e-scaled.jpg\",\"datePublished\":\"2024-04-17T16:28:32+00:00\",\"dateModified\":\"2024-06-27T13:44:17+00:00\",\"breadcrumb\":{\"@id\":\"https:\/\/www.librairieclavreuil.com\/en\/recreations-physiques-economiques-et-chimiques-johann-georg-model\/#breadcrumb\"},\"inLanguage\":\"en-US\",\"potentialAction\":[{\"@type\":\"ReadAction\",\"target\":[\"https:\/\/www.librairieclavreuil.com\/en\/recreations-physiques-economiques-et-chimiques-johann-georg-model\/\"]}]},{\"@type\":\"ImageObject\",\"inLanguage\":\"en-US\",\"@id\":\"https:\/\/www.librairieclavreuil.com\/en\/recreations-physiques-economiques-et-chimiques-johann-georg-model\/#primaryimage\",\"url\":\"https:\/\/www.librairieclavreuil.com\/wp-content\/uploads\/2024\/04\/johann-georg-model-recreations-physiques-economiques-et-chimiques-3625-657c5c6cd963e-scaled.jpg\",\"contentUrl\":\"https:\/\/www.librairieclavreuil.com\/wp-content\/uploads\/2024\/04\/johann-georg-model-recreations-physiques-economiques-et-chimiques-3625-657c5c6cd963e-scaled.jpg\",\"width\":1920,\"height\":2560},{\"@type\":\"BreadcrumbList\",\"@id\":\"https:\/\/www.librairieclavreuil.com\/en\/recreations-physiques-economiques-et-chimiques-johann-georg-model\/#breadcrumb\",\"itemListElement\":[{\"@type\":\"ListItem\",\"position\":1,\"name\":\"Accueil\",\"item\":\"https:\/\/www.librairieclavreuil.com\/\"},{\"@type\":\"ListItem\",\"position\":2,\"name\":\"All our books\",\"item\":\"https:\/\/www.librairieclavreuil.com\/en\/all-our-books\/\"},{\"@type\":\"ListItem\",\"position\":3,\"name\":\"MODEL Johann Georg R\u00e9cr\u00e9ations physiques, \u00e9conomiques et chimiques.\"}]},{\"@type\":\"WebSite\",\"@id\":\"https:\/\/www.librairieclavreuil.com\/#website\",\"url\":\"https:\/\/www.librairieclavreuil.com\/\",\"name\":\"Libairie Clavreuil\",\"description\":\"Livres anciens, manuscrits rares et \u00e9ditions originales \u2013 Librairie Clavreuil\",\"publisher\":{\"@id\":\"https:\/\/www.librairieclavreuil.com\/#organization\"},\"potentialAction\":[{\"@type\":\"SearchAction\",\"target\":{\"@type\":\"EntryPoint\",\"urlTemplate\":\"https:\/\/www.librairieclavreuil.com\/?s={search_term_string}\"},\"query-input\":{\"@type\":\"PropertyValueSpecification\",\"valueRequired\":true,\"valueName\":\"search_term_string\"}}],\"inLanguage\":\"en-US\"},{\"@type\":\"Organization\",\"@id\":\"https:\/\/www.librairieclavreuil.com\/#organization\",\"name\":\"Libairie Clavreuil\",\"url\":\"https:\/\/www.librairieclavreuil.com\/\",\"logo\":{\"@type\":\"ImageObject\",\"inLanguage\":\"en-US\",\"@id\":\"https:\/\/www.librairieclavreuil.com\/#\/schema\/logo\/image\/\",\"url\":\"https:\/\/www.librairieclavreuil.com\/wp-content\/uploads\/2021\/06\/cropped-LOGO_PNG_DATE-_gold-512x512-1.png\",\"contentUrl\":\"https:\/\/www.librairieclavreuil.com\/wp-content\/uploads\/2021\/06\/cropped-LOGO_PNG_DATE-_gold-512x512-1.png\",\"width\":512,\"height\":512,\"caption\":\"Libairie Clavreuil\"},\"image\":{\"@id\":\"https:\/\/www.librairieclavreuil.com\/#\/schema\/logo\/image\/\"},\"sameAs\":[\"https:\/\/www.instagram.com\/librairieclavreuil\/\"]}]}<\/script>\n<!-- \/ Yoast SEO plugin. -->","yoast_head_json":{"title":"MODEL Johann Georg R\u00e9cr\u00e9ations physiques, \u00e9conomiques et chimiques. - Libairie Clavreuil","robots":{"index":"index","follow":"follow","max-snippet":"max-snippet:-1","max-image-preview":"max-image-preview:large","max-video-preview":"max-video-preview:-1"},"canonical":"https:\/\/www.librairieclavreuil.com\/en\/recreations-physiques-economiques-et-chimiques-johann-georg-model\/","og_locale":"en_US","og_type":"article","og_title":"MODEL Johann Georg R\u00e9cr\u00e9ations physiques, \u00e9conomiques et chimiques. - Libairie Clavreuil","og_description":"2 volumes, 8vo (191 x 117 mm) 1 nn.l., XLVIII, 496 pp. for volume I; 2 nn.ll., 586 pp., 1 nn.l. for volume II. Contemporary calf-backed marbled boards, flat spines gilt (expertly rebacked in style).","og_url":"https:\/\/www.librairieclavreuil.com\/en\/recreations-physiques-economiques-et-chimiques-johann-georg-model\/","og_site_name":"Libairie Clavreuil","article_modified_time":"2024-06-27T13:44:17+00:00","og_image":[{"width":1920,"height":2560,"url":"https:\/\/www.librairieclavreuil.com\/wp-content\/uploads\/2024\/04\/johann-georg-model-recreations-physiques-economiques-et-chimiques-3625-657c5c6cd963e-scaled.jpg","type":"image\/jpeg"}],"twitter_card":"summary_large_image","twitter_misc":{"Est. reading time":"1 minute"},"schema":{"@context":"https:\/\/schema.org","@graph":[{"@type":"WebPage","@id":"https:\/\/www.librairieclavreuil.com\/en\/recreations-physiques-economiques-et-chimiques-johann-georg-model\/","url":"https:\/\/www.librairieclavreuil.com\/en\/recreations-physiques-economiques-et-chimiques-johann-georg-model\/","name":"MODEL Johann Georg R\u00e9cr\u00e9ations physiques, \u00e9conomiques et chimiques. - Libairie Clavreuil","isPartOf":{"@id":"https:\/\/www.librairieclavreuil.com\/#website"},"primaryImageOfPage":{"@id":"https:\/\/www.librairieclavreuil.com\/en\/recreations-physiques-economiques-et-chimiques-johann-georg-model\/#primaryimage"},"image":{"@id":"https:\/\/www.librairieclavreuil.com\/en\/recreations-physiques-economiques-et-chimiques-johann-georg-model\/#primaryimage"},"thumbnailUrl":"https:\/\/www.librairieclavreuil.com\/wp-content\/uploads\/2024\/04\/johann-georg-model-recreations-physiques-economiques-et-chimiques-3625-657c5c6cd963e-scaled.jpg","datePublished":"2024-04-17T16:28:32+00:00","dateModified":"2024-06-27T13:44:17+00:00","breadcrumb":{"@id":"https:\/\/www.librairieclavreuil.com\/en\/recreations-physiques-economiques-et-chimiques-johann-georg-model\/#breadcrumb"},"inLanguage":"en-US","potentialAction":[{"@type":"ReadAction","target":["https:\/\/www.librairieclavreuil.com\/en\/recreations-physiques-economiques-et-chimiques-johann-georg-model\/"]}]},{"@type":"ImageObject","inLanguage":"en-US","@id":"https:\/\/www.librairieclavreuil.com\/en\/recreations-physiques-economiques-et-chimiques-johann-georg-model\/#primaryimage","url":"https:\/\/www.librairieclavreuil.com\/wp-content\/uploads\/2024\/04\/johann-georg-model-recreations-physiques-economiques-et-chimiques-3625-657c5c6cd963e-scaled.jpg","contentUrl":"https:\/\/www.librairieclavreuil.com\/wp-content\/uploads\/2024\/04\/johann-georg-model-recreations-physiques-economiques-et-chimiques-3625-657c5c6cd963e-scaled.jpg","width":1920,"height":2560},{"@type":"BreadcrumbList","@id":"https:\/\/www.librairieclavreuil.com\/en\/recreations-physiques-economiques-et-chimiques-johann-georg-model\/#breadcrumb","itemListElement":[{"@type":"ListItem","position":1,"name":"Accueil","item":"https:\/\/www.librairieclavreuil.com\/"},{"@type":"ListItem","position":2,"name":"All our books","item":"https:\/\/www.librairieclavreuil.com\/en\/all-our-books\/"},{"@type":"ListItem","position":3,"name":"MODEL Johann Georg R\u00e9cr\u00e9ations physiques, \u00e9conomiques et chimiques."}]},{"@type":"WebSite","@id":"https:\/\/www.librairieclavreuil.com\/#website","url":"https:\/\/www.librairieclavreuil.com\/","name":"Libairie Clavreuil","description":"Livres anciens, manuscrits rares et \u00e9ditions originales \u2013 Librairie Clavreuil","publisher":{"@id":"https:\/\/www.librairieclavreuil.com\/#organization"},"potentialAction":[{"@type":"SearchAction","target":{"@type":"EntryPoint","urlTemplate":"https:\/\/www.librairieclavreuil.com\/?s={search_term_string}"},"query-input":{"@type":"PropertyValueSpecification","valueRequired":true,"valueName":"search_term_string"}}],"inLanguage":"en-US"},{"@type":"Organization","@id":"https:\/\/www.librairieclavreuil.com\/#organization","name":"Libairie Clavreuil","url":"https:\/\/www.librairieclavreuil.com\/","logo":{"@type":"ImageObject","inLanguage":"en-US","@id":"https:\/\/www.librairieclavreuil.com\/#\/schema\/logo\/image\/","url":"https:\/\/www.librairieclavreuil.com\/wp-content\/uploads\/2021\/06\/cropped-LOGO_PNG_DATE-_gold-512x512-1.png","contentUrl":"https:\/\/www.librairieclavreuil.com\/wp-content\/uploads\/2021\/06\/cropped-LOGO_PNG_DATE-_gold-512x512-1.png","width":512,"height":512,"caption":"Libairie Clavreuil"},"image":{"@id":"https:\/\/www.librairieclavreuil.com\/#\/schema\/logo\/image\/"},"sameAs":["https:\/\/www.instagram.com\/librairieclavreuil\/"]}]}},"jetpack_sharing_enabled":true,"_links":{"self":[{"href":"https:\/\/www.librairieclavreuil.com\/en\/wp-json\/wp\/v2\/product\/72620","targetHints":{"allow":["GET"]}}],"collection":[{"href":"https:\/\/www.librairieclavreuil.com\/en\/wp-json\/wp\/v2\/product"}],"about":[{"href":"https:\/\/www.librairieclavreuil.com\/en\/wp-json\/wp\/v2\/types\/product"}],"replies":[{"embeddable":true,"href":"https:\/\/www.librairieclavreuil.com\/en\/wp-json\/wp\/v2\/comments?post=72620"}],"wp:featuredmedia":[{"embeddable":true,"href":"https:\/\/www.librairieclavreuil.com\/en\/wp-json\/wp\/v2\/media\/72615"}],"wp:attachment":[{"href":"https:\/\/www.librairieclavreuil.com\/en\/wp-json\/wp\/v2\/media?parent=72620"}],"wp:term":[{"taxonomy":"product_brand","embeddable":true,"href":"https:\/\/www.librairieclavreuil.com\/en\/wp-json\/wp\/v2\/product_brand?post=72620"},{"taxonomy":"product_cat","embeddable":true,"href":"https:\/\/www.librairieclavreuil.com\/en\/wp-json\/wp\/v2\/product_cat?post=72620"},{"taxonomy":"product_tag","embeddable":true,"href":"https:\/\/www.librairieclavreuil.com\/en\/wp-json\/wp\/v2\/product_tag?post=72620"}],"curies":[{"name":"wp","href":"https:\/\/api.w.org\/{rel}","templated":true}]}}