{"id":72538,"date":"2024-04-17T17:49:55","date_gmt":"2024-04-17T15:49:55","guid":{"rendered":"https:\/\/clavreuil-wordpress.logiciel-arteo.fr\/papillons-deurope-peints-dapres-nature-tome-premier-huit-bruno-ernst\/"},"modified":"2025-11-29T17:31:39","modified_gmt":"2025-11-29T16:31:39","slug":"papillons-deurope-peints-dapres-nature-tome-premier-huit-bruno-ernst","status":"publish","type":"product","link":"https:\/\/www.librairieclavreuil.com\/en\/papillons-deurope-peints-dapres-nature-tome-premier-huit-bruno-ernst\/","title":{"rendered":"ENGRAMELLE Jacques-Louis-Florentin Papillons d&#8217;Europe, peints d&#8217;apr\u00e8s nature. Tome..."},"content":{"rendered":"<p style=\"text-align:justify\"><i>Nissen, ZBI, 1300 ; Horn-Schenkling, 6051 ; Brunet, II, 1048-1049 ; Flety, 62.<\/i><\/p>\n<p style=\"text-align:justify\"><span style=\"font-variant:small-caps\">First edition of one of the most beautiful French books devoted to butterflies. Only 250 copies were published, reserved for subscribers.<\/span><\/p>\n<p style=\"text-align:justify\">The work is dedicated to Jean Gigot d&#8217;Orcy (1733-1793). &nbsp;A monk at the Petits-Augustins convent, Reverend Father Jacques Louis Florentin Engramelle (1734-1814) was commissioned by the wealthy collector and finance official Jean Gigot d&#8217;Orcy to produce a major work describing his beautiful natural history collection in detail. Gigot d&#8217;Orcy brought in the Alsatian naturalist and illustrator Jean-Jacques Ernst, who was also a collector of butterflies.<\/p>\n<p style=\"text-align:justify\">The first volume was published by subscription in Paris in March 1779. Between 1779 and 1792, twenty-nine notebooks comprising eight volumes were published, describing more than 3,000 specimens. Most are described in three stages, the first being the caterpillar, the second the chrysalis, and the third, known as the \u201cperfect state,\u201d being the imago. Gigot d&#8217;Orcy assembled the largest entomological collection of his time. He kept it in his mansion on Place Vend\u00f4me, now the headquarters of Boucheron, which he had bought for 180,000 livres in 1780. He financed <i>Papillons d&#8217;Europe<\/i>, as quoted in the dedication of the first volume.<\/p>\n<p style=\"text-align:justify\">Upon his death, his rich and elegant library was sold at auction (Catalogue des livres de feu citoyen Gigot d&#8217;Orcy, Paris, Veuve Tillard et fils, 1794) and the natural history collection followed ten years later (Catalogue abr\u00e9g\u00e9 des min\u00e9raux, coquilles, madr\u00e9pores et autres objets faisant partie du cabinet de feu M. Gigot d&#8217;Orcy, <i>Paris, 1804<\/i>).<\/p>\n<p style=\"text-align:justify\">The illustrations in this magnificent publication include three engraved frontispiece titles (two of which are colored), 350 plates (1-342, and 8 additional plates) colored at the time, some of which are enhanced with gold or silver, 3 technical plates printed in black (butterfly hunting instruments), as well as the engraved dedication leaf.<\/p>\n<p style=\"text-align:justify\">A magnificent copy, with all margins intact, bound around 1820 by Ducastin, a family of printers and bookbinders who had been practicing their craft since the reign of Henry IV.<\/p>\n","protected":false},"excerpt":{"rendered":"<p style=\"text-align:justify\">2 tomes in 8 volumes, large 4to (350 x 260 mm) an engraved and coloured frontispiece title, 5 nn.ll. (half-title, title, one blank leaf, engraved dedication leaf, 1 l. of foreword), XI, XXXIV, 86 pp., 24 engraved and coloured plates (numbered 1 \u00e0 24) for part I; 2 nn.ll, pp. [87]-343, 1 nn.l. (notice to bookbinder), 3 plates printed in black, plates numbered 25-84, and 8 additional plates (numbered 1 \u00e0 8) engraved and coloured for part II; engraved and coloured title-frontispiece, 2 nn.ll. (half-title and title), X, 132 pp., plates numbered 85-122 engraved and coloured for part III ; engraved frontispiece printed in black, 2 ff.n.ch. (half-title and title), 90 pp., 1 nn.l., pp. [91]-215, 1 nn.l. (errata), plates 123-171 engraved and coloured for part IV ; 2 nn.ll. (half-title and title), 152 pp., 1 nn.l. (notice to subscribers), plates 172 &#8211; 210 engraved and coloured for part V ; 2 nn.ll. (half-title and title), 176 pp., 1 nn.l. (errata), plates 211 &#8211; 257 engraved and coloured for part VI; 2 nn.ll. (half title and title), 173 pp., 1 nn.l. (errata), plates 258 &#8211; 305 engraved and coloured for part VII; 2 nn.ll. (half-title and title), 157 pp., 1 nn.l (notice to subscribers), plates 306 &#8211; 342 engraved and coloured for part VIII. Early 19th century blue morocco backed boards, spine gilt with raised bands (<i>Ducastin<\/i>).<\/p>\n","protected":false},"featured_media":72525,"comment_status":"open","ping_status":"closed","template":"","meta":{"_acf_changed":false},"product_brand":[],"product_cat":[540],"product_tag":[1345,1450,1349,1340],"class_list":{"0":"post-72538","1":"product","2":"type-product","3":"status-publish","4":"has-post-thumbnail","6":"product_cat-natural-history","7":"product_tag-entomology","8":"product_tag-first-edition","9":"product_tag-general-zoology","10":"product_tag-zoology","11":"pa_auteur-engramelle-jacques-louis-florentin-2","12":"pa_type-de-livre-printed-book","14":"first","15":"outofstock","16":"shipping-taxable","17":"purchasable","18":"product-type-simple"},"acf":{"artist":" Jacques-Louis-Florentin ENGRAMELLE","chapeau":"More than 3000 coloured butterflies","adresse_bibliographique":"Paris, de Laguette, Basan & Poignant, 1779-1792","book_type":"Printed book","provenance":"","afficher_prix":""},"yoast_head":"<!-- This site is optimized with the Yoast SEO plugin v24.7 - https:\/\/yoast.com\/wordpress\/plugins\/seo\/ -->\n<title>ENGRAMELLE Jacques-Louis-Florentin Papillons d&#039;Europe, peints d&#039;apr\u00e8s nature. Tome premier [- huit]. - Libairie Clavreuil<\/title>\n<meta name=\"robots\" content=\"index, follow, max-snippet:-1, max-image-preview:large, max-video-preview:-1\" \/>\n<link rel=\"canonical\" href=\"https:\/\/www.librairieclavreuil.com\/en\/papillons-deurope-peints-dapres-nature-tome-premier-huit-bruno-ernst\/\" \/>\n<meta property=\"og:locale\" content=\"en_US\" \/>\n<meta property=\"og:type\" content=\"article\" \/>\n<meta property=\"og:title\" content=\"ENGRAMELLE Jacques-Louis-Florentin Papillons d&#039;Europe, peints d&#039;apr\u00e8s nature. Tome premier [- huit]. - Libairie Clavreuil\" \/>\n<meta property=\"og:description\" content=\"2 tomes in 8 volumes, large 4to (350 x 260 mm) an engraved and coloured frontispiece title, 5 nn.ll. (half-title, title, one blank leaf, engraved dedication leaf, 1 l. of foreword), XI, XXXIV, 86 pp., 24 engraved and coloured plates (numbered 1 \u00e0 24) for part I; 2 nn.ll, pp. [87]-343, 1 nn.l. (notice to bookbinder), 3 plates printed in black, plates numbered 25-84, and 8 additional plates (numbered 1 \u00e0 8) engraved and coloured for part II; engraved and coloured title-frontispiece, 2 nn.ll. (half-title and title), X, 132 pp., plates numbered 85-122 engraved and coloured for part III ; engraved frontispiece printed in black, 2 ff.n.ch. (half-title and title), 90 pp., 1 nn.l., pp. [91]-215, 1 nn.l. (errata), plates 123-171 engraved and coloured for part IV ; 2 nn.ll. (half-title and title), 152 pp., 1 nn.l. (notice to subscribers), plates 172 - 210 engraved and coloured for part V ; 2 nn.ll. (half-title and title), 176 pp., 1 nn.l. (errata), plates 211 - 257 engraved and coloured for part VI; 2 nn.ll. (half title and title), 173 pp., 1 nn.l. (errata), plates 258 - 305 engraved and coloured for part VII; 2 nn.ll. (half-title and title), 157 pp., 1 nn.l (notice to subscribers), plates 306 - 342 engraved and coloured for part VIII. Early 19th century blue morocco backed boards, spine gilt with raised bands (Ducastin).\" \/>\n<meta property=\"og:url\" content=\"https:\/\/www.librairieclavreuil.com\/en\/papillons-deurope-peints-dapres-nature-tome-premier-huit-bruno-ernst\/\" \/>\n<meta property=\"og:site_name\" content=\"Libairie Clavreuil\" \/>\n<meta property=\"article:modified_time\" content=\"2025-11-29T16:31:39+00:00\" \/>\n<meta property=\"og:image\" content=\"https:\/\/www.librairieclavreuil.com\/wp-content\/uploads\/2024\/04\/bruno-ernst-papillons-d-europe-peints-d-apres-nature-tome-premier-huit-8035-657c1cd1b43a2.jpg\" \/>\n\t<meta property=\"og:image:width\" content=\"773\" \/>\n\t<meta property=\"og:image:height\" content=\"1034\" \/>\n\t<meta property=\"og:image:type\" content=\"image\/jpeg\" \/>\n<meta name=\"twitter:card\" content=\"summary_large_image\" \/>\n<meta name=\"twitter:label1\" content=\"Est. reading time\" \/>\n\t<meta name=\"twitter:data1\" content=\"2 minutes\" \/>\n<script type=\"application\/ld+json\" class=\"yoast-schema-graph\">{\"@context\":\"https:\/\/schema.org\",\"@graph\":[{\"@type\":\"WebPage\",\"@id\":\"https:\/\/www.librairieclavreuil.com\/en\/papillons-deurope-peints-dapres-nature-tome-premier-huit-bruno-ernst\/\",\"url\":\"https:\/\/www.librairieclavreuil.com\/en\/papillons-deurope-peints-dapres-nature-tome-premier-huit-bruno-ernst\/\",\"name\":\"ENGRAMELLE Jacques-Louis-Florentin Papillons d'Europe, peints d'apr\u00e8s nature. Tome premier [- huit]. - Libairie Clavreuil\",\"isPartOf\":{\"@id\":\"https:\/\/www.librairieclavreuil.com\/#website\"},\"primaryImageOfPage\":{\"@id\":\"https:\/\/www.librairieclavreuil.com\/en\/papillons-deurope-peints-dapres-nature-tome-premier-huit-bruno-ernst\/#primaryimage\"},\"image\":{\"@id\":\"https:\/\/www.librairieclavreuil.com\/en\/papillons-deurope-peints-dapres-nature-tome-premier-huit-bruno-ernst\/#primaryimage\"},\"thumbnailUrl\":\"https:\/\/www.librairieclavreuil.com\/wp-content\/uploads\/2024\/04\/bruno-ernst-papillons-d-europe-peints-d-apres-nature-tome-premier-huit-8035-657c1cd1b43a2.jpg\",\"datePublished\":\"2024-04-17T15:49:55+00:00\",\"dateModified\":\"2025-11-29T16:31:39+00:00\",\"breadcrumb\":{\"@id\":\"https:\/\/www.librairieclavreuil.com\/en\/papillons-deurope-peints-dapres-nature-tome-premier-huit-bruno-ernst\/#breadcrumb\"},\"inLanguage\":\"en-US\",\"potentialAction\":[{\"@type\":\"ReadAction\",\"target\":[\"https:\/\/www.librairieclavreuil.com\/en\/papillons-deurope-peints-dapres-nature-tome-premier-huit-bruno-ernst\/\"]}]},{\"@type\":\"ImageObject\",\"inLanguage\":\"en-US\",\"@id\":\"https:\/\/www.librairieclavreuil.com\/en\/papillons-deurope-peints-dapres-nature-tome-premier-huit-bruno-ernst\/#primaryimage\",\"url\":\"https:\/\/www.librairieclavreuil.com\/wp-content\/uploads\/2024\/04\/bruno-ernst-papillons-d-europe-peints-d-apres-nature-tome-premier-huit-8035-657c1cd1b43a2.jpg\",\"contentUrl\":\"https:\/\/www.librairieclavreuil.com\/wp-content\/uploads\/2024\/04\/bruno-ernst-papillons-d-europe-peints-d-apres-nature-tome-premier-huit-8035-657c1cd1b43a2.jpg\",\"width\":773,\"height\":1034},{\"@type\":\"BreadcrumbList\",\"@id\":\"https:\/\/www.librairieclavreuil.com\/en\/papillons-deurope-peints-dapres-nature-tome-premier-huit-bruno-ernst\/#breadcrumb\",\"itemListElement\":[{\"@type\":\"ListItem\",\"position\":1,\"name\":\"Accueil\",\"item\":\"https:\/\/www.librairieclavreuil.com\/\"},{\"@type\":\"ListItem\",\"position\":2,\"name\":\"All our books\",\"item\":\"https:\/\/www.librairieclavreuil.com\/en\/all-our-books\/\"},{\"@type\":\"ListItem\",\"position\":3,\"name\":\"ENGRAMELLE Jacques-Louis-Florentin Papillons d&rsquo;Europe, peints d&rsquo;apr\u00e8s nature. Tome...\"}]},{\"@type\":\"WebSite\",\"@id\":\"https:\/\/www.librairieclavreuil.com\/#website\",\"url\":\"https:\/\/www.librairieclavreuil.com\/\",\"name\":\"Libairie Clavreuil\",\"description\":\"Livres anciens, manuscrits rares et \u00e9ditions originales \u2013 Librairie Clavreuil\",\"publisher\":{\"@id\":\"https:\/\/www.librairieclavreuil.com\/#organization\"},\"potentialAction\":[{\"@type\":\"SearchAction\",\"target\":{\"@type\":\"EntryPoint\",\"urlTemplate\":\"https:\/\/www.librairieclavreuil.com\/?s={search_term_string}\"},\"query-input\":{\"@type\":\"PropertyValueSpecification\",\"valueRequired\":true,\"valueName\":\"search_term_string\"}}],\"inLanguage\":\"en-US\"},{\"@type\":\"Organization\",\"@id\":\"https:\/\/www.librairieclavreuil.com\/#organization\",\"name\":\"Libairie Clavreuil\",\"url\":\"https:\/\/www.librairieclavreuil.com\/\",\"logo\":{\"@type\":\"ImageObject\",\"inLanguage\":\"en-US\",\"@id\":\"https:\/\/www.librairieclavreuil.com\/#\/schema\/logo\/image\/\",\"url\":\"https:\/\/www.librairieclavreuil.com\/wp-content\/uploads\/2021\/06\/cropped-LOGO_PNG_DATE-_gold-512x512-1.png\",\"contentUrl\":\"https:\/\/www.librairieclavreuil.com\/wp-content\/uploads\/2021\/06\/cropped-LOGO_PNG_DATE-_gold-512x512-1.png\",\"width\":512,\"height\":512,\"caption\":\"Libairie Clavreuil\"},\"image\":{\"@id\":\"https:\/\/www.librairieclavreuil.com\/#\/schema\/logo\/image\/\"},\"sameAs\":[\"https:\/\/www.instagram.com\/librairieclavreuil\/\"]}]}<\/script>\n<!-- \/ Yoast SEO plugin. -->","yoast_head_json":{"title":"ENGRAMELLE Jacques-Louis-Florentin Papillons d'Europe, peints d'apr\u00e8s nature. Tome premier [- huit]. - Libairie Clavreuil","robots":{"index":"index","follow":"follow","max-snippet":"max-snippet:-1","max-image-preview":"max-image-preview:large","max-video-preview":"max-video-preview:-1"},"canonical":"https:\/\/www.librairieclavreuil.com\/en\/papillons-deurope-peints-dapres-nature-tome-premier-huit-bruno-ernst\/","og_locale":"en_US","og_type":"article","og_title":"ENGRAMELLE Jacques-Louis-Florentin Papillons d'Europe, peints d'apr\u00e8s nature. Tome premier [- huit]. - Libairie Clavreuil","og_description":"2 tomes in 8 volumes, large 4to (350 x 260 mm) an engraved and coloured frontispiece title, 5 nn.ll. (half-title, title, one blank leaf, engraved dedication leaf, 1 l. of foreword), XI, XXXIV, 86 pp., 24 engraved and coloured plates (numbered 1 \u00e0 24) for part I; 2 nn.ll, pp. [87]-343, 1 nn.l. (notice to bookbinder), 3 plates printed in black, plates numbered 25-84, and 8 additional plates (numbered 1 \u00e0 8) engraved and coloured for part II; engraved and coloured title-frontispiece, 2 nn.ll. (half-title and title), X, 132 pp., plates numbered 85-122 engraved and coloured for part III ; engraved frontispiece printed in black, 2 ff.n.ch. (half-title and title), 90 pp., 1 nn.l., pp. [91]-215, 1 nn.l. (errata), plates 123-171 engraved and coloured for part IV ; 2 nn.ll. (half-title and title), 152 pp., 1 nn.l. (notice to subscribers), plates 172 - 210 engraved and coloured for part V ; 2 nn.ll. (half-title and title), 176 pp., 1 nn.l. (errata), plates 211 - 257 engraved and coloured for part VI; 2 nn.ll. (half title and title), 173 pp., 1 nn.l. (errata), plates 258 - 305 engraved and coloured for part VII; 2 nn.ll. (half-title and title), 157 pp., 1 nn.l (notice to subscribers), plates 306 - 342 engraved and coloured for part VIII. Early 19th century blue morocco backed boards, spine gilt with raised bands (Ducastin).","og_url":"https:\/\/www.librairieclavreuil.com\/en\/papillons-deurope-peints-dapres-nature-tome-premier-huit-bruno-ernst\/","og_site_name":"Libairie Clavreuil","article_modified_time":"2025-11-29T16:31:39+00:00","og_image":[{"width":773,"height":1034,"url":"https:\/\/www.librairieclavreuil.com\/wp-content\/uploads\/2024\/04\/bruno-ernst-papillons-d-europe-peints-d-apres-nature-tome-premier-huit-8035-657c1cd1b43a2.jpg","type":"image\/jpeg"}],"twitter_card":"summary_large_image","twitter_misc":{"Est. reading time":"2 minutes"},"schema":{"@context":"https:\/\/schema.org","@graph":[{"@type":"WebPage","@id":"https:\/\/www.librairieclavreuil.com\/en\/papillons-deurope-peints-dapres-nature-tome-premier-huit-bruno-ernst\/","url":"https:\/\/www.librairieclavreuil.com\/en\/papillons-deurope-peints-dapres-nature-tome-premier-huit-bruno-ernst\/","name":"ENGRAMELLE Jacques-Louis-Florentin Papillons d'Europe, peints d'apr\u00e8s nature. Tome premier [- huit]. - Libairie Clavreuil","isPartOf":{"@id":"https:\/\/www.librairieclavreuil.com\/#website"},"primaryImageOfPage":{"@id":"https:\/\/www.librairieclavreuil.com\/en\/papillons-deurope-peints-dapres-nature-tome-premier-huit-bruno-ernst\/#primaryimage"},"image":{"@id":"https:\/\/www.librairieclavreuil.com\/en\/papillons-deurope-peints-dapres-nature-tome-premier-huit-bruno-ernst\/#primaryimage"},"thumbnailUrl":"https:\/\/www.librairieclavreuil.com\/wp-content\/uploads\/2024\/04\/bruno-ernst-papillons-d-europe-peints-d-apres-nature-tome-premier-huit-8035-657c1cd1b43a2.jpg","datePublished":"2024-04-17T15:49:55+00:00","dateModified":"2025-11-29T16:31:39+00:00","breadcrumb":{"@id":"https:\/\/www.librairieclavreuil.com\/en\/papillons-deurope-peints-dapres-nature-tome-premier-huit-bruno-ernst\/#breadcrumb"},"inLanguage":"en-US","potentialAction":[{"@type":"ReadAction","target":["https:\/\/www.librairieclavreuil.com\/en\/papillons-deurope-peints-dapres-nature-tome-premier-huit-bruno-ernst\/"]}]},{"@type":"ImageObject","inLanguage":"en-US","@id":"https:\/\/www.librairieclavreuil.com\/en\/papillons-deurope-peints-dapres-nature-tome-premier-huit-bruno-ernst\/#primaryimage","url":"https:\/\/www.librairieclavreuil.com\/wp-content\/uploads\/2024\/04\/bruno-ernst-papillons-d-europe-peints-d-apres-nature-tome-premier-huit-8035-657c1cd1b43a2.jpg","contentUrl":"https:\/\/www.librairieclavreuil.com\/wp-content\/uploads\/2024\/04\/bruno-ernst-papillons-d-europe-peints-d-apres-nature-tome-premier-huit-8035-657c1cd1b43a2.jpg","width":773,"height":1034},{"@type":"BreadcrumbList","@id":"https:\/\/www.librairieclavreuil.com\/en\/papillons-deurope-peints-dapres-nature-tome-premier-huit-bruno-ernst\/#breadcrumb","itemListElement":[{"@type":"ListItem","position":1,"name":"Accueil","item":"https:\/\/www.librairieclavreuil.com\/"},{"@type":"ListItem","position":2,"name":"All our books","item":"https:\/\/www.librairieclavreuil.com\/en\/all-our-books\/"},{"@type":"ListItem","position":3,"name":"ENGRAMELLE Jacques-Louis-Florentin Papillons d&rsquo;Europe, peints d&rsquo;apr\u00e8s nature. Tome..."}]},{"@type":"WebSite","@id":"https:\/\/www.librairieclavreuil.com\/#website","url":"https:\/\/www.librairieclavreuil.com\/","name":"Libairie Clavreuil","description":"Livres anciens, manuscrits rares et \u00e9ditions originales \u2013 Librairie Clavreuil","publisher":{"@id":"https:\/\/www.librairieclavreuil.com\/#organization"},"potentialAction":[{"@type":"SearchAction","target":{"@type":"EntryPoint","urlTemplate":"https:\/\/www.librairieclavreuil.com\/?s={search_term_string}"},"query-input":{"@type":"PropertyValueSpecification","valueRequired":true,"valueName":"search_term_string"}}],"inLanguage":"en-US"},{"@type":"Organization","@id":"https:\/\/www.librairieclavreuil.com\/#organization","name":"Libairie Clavreuil","url":"https:\/\/www.librairieclavreuil.com\/","logo":{"@type":"ImageObject","inLanguage":"en-US","@id":"https:\/\/www.librairieclavreuil.com\/#\/schema\/logo\/image\/","url":"https:\/\/www.librairieclavreuil.com\/wp-content\/uploads\/2021\/06\/cropped-LOGO_PNG_DATE-_gold-512x512-1.png","contentUrl":"https:\/\/www.librairieclavreuil.com\/wp-content\/uploads\/2021\/06\/cropped-LOGO_PNG_DATE-_gold-512x512-1.png","width":512,"height":512,"caption":"Libairie Clavreuil"},"image":{"@id":"https:\/\/www.librairieclavreuil.com\/#\/schema\/logo\/image\/"},"sameAs":["https:\/\/www.instagram.com\/librairieclavreuil\/"]}]}},"jetpack_sharing_enabled":true,"_links":{"self":[{"href":"https:\/\/www.librairieclavreuil.com\/en\/wp-json\/wp\/v2\/product\/72538","targetHints":{"allow":["GET"]}}],"collection":[{"href":"https:\/\/www.librairieclavreuil.com\/en\/wp-json\/wp\/v2\/product"}],"about":[{"href":"https:\/\/www.librairieclavreuil.com\/en\/wp-json\/wp\/v2\/types\/product"}],"replies":[{"embeddable":true,"href":"https:\/\/www.librairieclavreuil.com\/en\/wp-json\/wp\/v2\/comments?post=72538"}],"wp:featuredmedia":[{"embeddable":true,"href":"https:\/\/www.librairieclavreuil.com\/en\/wp-json\/wp\/v2\/media\/72525"}],"wp:attachment":[{"href":"https:\/\/www.librairieclavreuil.com\/en\/wp-json\/wp\/v2\/media?parent=72538"}],"wp:term":[{"taxonomy":"product_brand","embeddable":true,"href":"https:\/\/www.librairieclavreuil.com\/en\/wp-json\/wp\/v2\/product_brand?post=72538"},{"taxonomy":"product_cat","embeddable":true,"href":"https:\/\/www.librairieclavreuil.com\/en\/wp-json\/wp\/v2\/product_cat?post=72538"},{"taxonomy":"product_tag","embeddable":true,"href":"https:\/\/www.librairieclavreuil.com\/en\/wp-json\/wp\/v2\/product_tag?post=72538"}],"curies":[{"name":"wp","href":"https:\/\/api.w.org\/{rel}","templated":true}]}}