{"id":72374,"date":"2024-04-17T16:27:43","date_gmt":"2024-04-17T14:27:43","guid":{"rendered":"https:\/\/clavreuil-wordpress.logiciel-arteo.fr\/analyse-des-infiniment-petits-pour-lintelligence-des-lignes-courbes-guillaume-francois-antoine-marquis-de-lhospital\/"},"modified":"2024-07-01T18:03:23","modified_gmt":"2024-07-01T16:03:23","slug":"analyse-des-infiniment-petits-pour-lintelligence-des-lignes-courbes-guillaume-francois-antoine-marquis-de-lhospital","status":"publish","type":"product","link":"https:\/\/www.librairieclavreuil.com\/en\/analyse-des-infiniment-petits-pour-lintelligence-des-lignes-courbes-guillaume-francois-antoine-marquis-de-lhospital\/","title":{"rendered":"L&#8217;HOSPITAL Guillaume Fran\u00e7ois Antoine, marquis de Analyse des..."},"content":{"rendered":"<p style=\"text-align:justify\"><i>Sotheran, 10792.<\/i><\/p>\n<p style=\"text-align:justify\">Second edition of the first French book on differential calculus. Guillaume de L&#8217;Hospital (1661-1704) was close to Huygens and Leibniz.<\/p>\n<p style=\"text-align:justify\">&#8220;It was through his wide network of acquaintances in various European countries that Leibniz put into effect all his strategies for the spread of his analysis. &nbsp;&#8230; In France it was through the Oratorian circle of Nicolas Malebranche (1638\u20131715) that Johann Bernoulli introduced in 1691 the Leibnizian calculus. His lessons to the Marquis de l\u2019H\u00f4pital led to the draft of the first treatise of differential calculus &#8230; The spread and acceptance of the Leibnizian calculus was transferred in this way to the wide public, through the manuals and textbooks written for students at universities or ecclesiastical colleges\u201d (Landmark Writings in Western Mathematics, p.56).<\/p>\n<p style=\"text-align:justify\"><strong>Bound with :<\/strong><\/p>\n<p style=\"text-align:justify\"><strong>VARIGNON. <\/strong>Eclaircissemens sur l&#8217;analyse des infiniment petits.<i> Paris, Rollin, 1725.<\/i> 4to, 4 nn.ll., 118 pp., 1 nn.l., 6 plates. DSB, XIII, p.584.<\/p>\n<p style=\"text-align:justify\"><i>Sotheran, I, 5040.<\/i><\/p>\n<p style=\"text-align:justify\">First edition of this posthumous work.<\/p>\n<p style=\"text-align:justify\">Varignon vigorously sided with L\u2019Hospital in the quarrel over the infinitely small, which agitated the Acad\u00e9mie des Sciences.<\/p>\n<p style=\"text-align:justify\">&#8220;Ses \u00e9claircissements mirent d\u00e9sormais \u00e0 l&#8217;abri de toute contestation la d\u00e9couverte de Leibniz et de Newton&#8221; (Biog. g\u00e9n.).<\/p>\n<p style=\"text-align:justify\">&#8220;Fully occupied by his teaching duties and his responsibilities as an academician, Varignon had no leisure to prepare works for publication. From the papers he left at his death, most of which are now lost, his disciples assembled several posthumous works: Nouvelle m\u00e9canique, Eclaircissements sur l&#8217;analyse des infiniment petits (1725). His intense pedagogical activity, extending over more than thirty years, constituted his chief contribution to the progress of science and was the source of his fame. &#8230; His acceptance of the new procedures occurred between 1692 and 1695, and he was among those who gave the most favorable reception to the publication of L&#8217;Hospital\u2019s Analyse des infiniment petits. The Eclaircissemens is composed of critical notes that Varignon, as professor, considered necessary in presenting L&#8217;Hospital\u2019s pioneering work to young mathematicians\u201d (DSB).<\/p>\n<p style=\"text-align:justify\">Good copy.<\/p>\n<p style=\"text-align:justify\">Rubber-stamp from Lyc\u00e9e d&#8217;Auch, book-plate J. Cassinet.<\/p>\n","protected":false},"excerpt":{"rendered":"<p style=\"text-align:justify\">4to (243 x 182 mm) XV, 181 pp., 11 engraved plates. Contemporary calf, spine gilt with raised bands.<\/p>\n","protected":false},"featured_media":72369,"comment_status":"open","ping_status":"closed","template":"","meta":{"_acf_changed":false},"product_brand":[],"product_cat":[550],"product_tag":[947,1330],"class_list":{"0":"post-72374","1":"product","2":"type-product","3":"status-publish","4":"has-post-thumbnail","6":"product_cat-science","7":"product_tag-algebra","8":"product_tag-mathematics","9":"pa_auteur-lhospital-guillaume-francois-antoine-marquis-de-2","10":"pa_type-de-livre-printed-book","12":"first","13":"instock","14":"shipping-taxable","15":"purchasable","16":"product-type-simple"},"acf":{"artist":"Guillaume Fran\u00e7ois Antoine, marquis de L'HOSPITAL","chapeau":"","adresse_bibliographique":"Paris, Montalant, 1716","book_type":"Printed book","provenance":"","afficher_prix":""},"yoast_head":"<!-- This site is optimized with the Yoast SEO plugin v24.7 - https:\/\/yoast.com\/wordpress\/plugins\/seo\/ -->\n<title>L&#039;HOSPITAL Guillaume Fran\u00e7ois Antoine, marquis de Analyse des infiniment petits, pour l&#039;intelligence des lignes courbes. - Libairie Clavreuil<\/title>\n<meta name=\"robots\" content=\"index, follow, max-snippet:-1, max-image-preview:large, max-video-preview:-1\" \/>\n<link rel=\"canonical\" href=\"https:\/\/www.librairieclavreuil.com\/produit\/analyse-des-infiniment-petits-pour-lintelligence-des-lignes-courbes-guillaume-francois-antoine-marquis-de-lhospital\/\" \/>\n<meta property=\"og:locale\" content=\"en_US\" \/>\n<meta property=\"og:type\" content=\"article\" \/>\n<meta property=\"og:title\" content=\"L&#039;HOSPITAL Guillaume Fran\u00e7ois Antoine, marquis de Analyse des infiniment petits, pour l&#039;intelligence des lignes courbes. - Libairie Clavreuil\" \/>\n<meta property=\"og:description\" content=\"4to (243 x 182 mm) XV, 181 pp., 11 engraved plates. Contemporary calf, spine gilt with raised bands.\" \/>\n<meta property=\"og:url\" content=\"https:\/\/www.librairieclavreuil.com\/produit\/analyse-des-infiniment-petits-pour-lintelligence-des-lignes-courbes-guillaume-francois-antoine-marquis-de-lhospital\/\" \/>\n<meta property=\"og:site_name\" content=\"Libairie Clavreuil\" \/>\n<meta property=\"article:modified_time\" content=\"2024-07-01T16:03:23+00:00\" \/>\n<meta property=\"og:image\" content=\"https:\/\/www.librairieclavreuil.com\/wp-content\/uploads\/2024\/04\/marquis-de-l-hospital-analyse-des-infiniment-petits-pour-l-intelligence-des-lignes-courbes-539-6579bc16daa79-scaled.jpg\" \/>\n\t<meta property=\"og:image:width\" content=\"1920\" \/>\n\t<meta property=\"og:image:height\" content=\"2560\" \/>\n\t<meta property=\"og:image:type\" content=\"image\/jpeg\" \/>\n<meta name=\"twitter:card\" content=\"summary_large_image\" \/>\n<meta name=\"twitter:label1\" content=\"Est. reading time\" \/>\n\t<meta name=\"twitter:data1\" content=\"2 minutes\" \/>\n<script type=\"application\/ld+json\" class=\"yoast-schema-graph\">{\"@context\":\"https:\/\/schema.org\",\"@graph\":[{\"@type\":\"WebPage\",\"@id\":\"https:\/\/www.librairieclavreuil.com\/produit\/analyse-des-infiniment-petits-pour-lintelligence-des-lignes-courbes-guillaume-francois-antoine-marquis-de-lhospital\/\",\"url\":\"https:\/\/www.librairieclavreuil.com\/produit\/analyse-des-infiniment-petits-pour-lintelligence-des-lignes-courbes-guillaume-francois-antoine-marquis-de-lhospital\/\",\"name\":\"L'HOSPITAL Guillaume Fran\u00e7ois Antoine, marquis de Analyse des infiniment petits, pour l'intelligence des lignes courbes. - Libairie Clavreuil\",\"isPartOf\":{\"@id\":\"https:\/\/www.librairieclavreuil.com\/#website\"},\"primaryImageOfPage\":{\"@id\":\"https:\/\/www.librairieclavreuil.com\/produit\/analyse-des-infiniment-petits-pour-lintelligence-des-lignes-courbes-guillaume-francois-antoine-marquis-de-lhospital\/#primaryimage\"},\"image\":{\"@id\":\"https:\/\/www.librairieclavreuil.com\/produit\/analyse-des-infiniment-petits-pour-lintelligence-des-lignes-courbes-guillaume-francois-antoine-marquis-de-lhospital\/#primaryimage\"},\"thumbnailUrl\":\"https:\/\/www.librairieclavreuil.com\/wp-content\/uploads\/2024\/04\/marquis-de-l-hospital-analyse-des-infiniment-petits-pour-l-intelligence-des-lignes-courbes-539-6579bc16daa79-scaled.jpg\",\"datePublished\":\"2024-04-17T14:27:43+00:00\",\"dateModified\":\"2024-07-01T16:03:23+00:00\",\"breadcrumb\":{\"@id\":\"https:\/\/www.librairieclavreuil.com\/produit\/analyse-des-infiniment-petits-pour-lintelligence-des-lignes-courbes-guillaume-francois-antoine-marquis-de-lhospital\/#breadcrumb\"},\"inLanguage\":\"en-US\",\"potentialAction\":[{\"@type\":\"ReadAction\",\"target\":[\"https:\/\/www.librairieclavreuil.com\/produit\/analyse-des-infiniment-petits-pour-lintelligence-des-lignes-courbes-guillaume-francois-antoine-marquis-de-lhospital\/\"]}]},{\"@type\":\"ImageObject\",\"inLanguage\":\"en-US\",\"@id\":\"https:\/\/www.librairieclavreuil.com\/produit\/analyse-des-infiniment-petits-pour-lintelligence-des-lignes-courbes-guillaume-francois-antoine-marquis-de-lhospital\/#primaryimage\",\"url\":\"https:\/\/www.librairieclavreuil.com\/wp-content\/uploads\/2024\/04\/marquis-de-l-hospital-analyse-des-infiniment-petits-pour-l-intelligence-des-lignes-courbes-539-6579bc16daa79-scaled.jpg\",\"contentUrl\":\"https:\/\/www.librairieclavreuil.com\/wp-content\/uploads\/2024\/04\/marquis-de-l-hospital-analyse-des-infiniment-petits-pour-l-intelligence-des-lignes-courbes-539-6579bc16daa79-scaled.jpg\",\"width\":1920,\"height\":2560},{\"@type\":\"BreadcrumbList\",\"@id\":\"https:\/\/www.librairieclavreuil.com\/produit\/analyse-des-infiniment-petits-pour-lintelligence-des-lignes-courbes-guillaume-francois-antoine-marquis-de-lhospital\/#breadcrumb\",\"itemListElement\":[{\"@type\":\"ListItem\",\"position\":1,\"name\":\"Accueil\",\"item\":\"https:\/\/www.librairieclavreuil.com\/\"},{\"@type\":\"ListItem\",\"position\":2,\"name\":\"All our books\",\"item\":\"https:\/\/www.librairieclavreuil.com\/en\/all-our-books\/\"},{\"@type\":\"ListItem\",\"position\":3,\"name\":\"L&rsquo;HOSPITAL Guillaume Fran\u00e7ois Antoine, marquis de Analyse des...\"}]},{\"@type\":\"WebSite\",\"@id\":\"https:\/\/www.librairieclavreuil.com\/#website\",\"url\":\"https:\/\/www.librairieclavreuil.com\/\",\"name\":\"Libairie Clavreuil\",\"description\":\"Livres anciens, manuscrits rares et \u00e9ditions originales \u2013 Librairie Clavreuil\",\"publisher\":{\"@id\":\"https:\/\/www.librairieclavreuil.com\/#organization\"},\"potentialAction\":[{\"@type\":\"SearchAction\",\"target\":{\"@type\":\"EntryPoint\",\"urlTemplate\":\"https:\/\/www.librairieclavreuil.com\/?s={search_term_string}\"},\"query-input\":{\"@type\":\"PropertyValueSpecification\",\"valueRequired\":true,\"valueName\":\"search_term_string\"}}],\"inLanguage\":\"en-US\"},{\"@type\":\"Organization\",\"@id\":\"https:\/\/www.librairieclavreuil.com\/#organization\",\"name\":\"Libairie Clavreuil\",\"url\":\"https:\/\/www.librairieclavreuil.com\/\",\"logo\":{\"@type\":\"ImageObject\",\"inLanguage\":\"en-US\",\"@id\":\"https:\/\/www.librairieclavreuil.com\/#\/schema\/logo\/image\/\",\"url\":\"https:\/\/www.librairieclavreuil.com\/wp-content\/uploads\/2021\/06\/cropped-LOGO_PNG_DATE-_gold-512x512-1.png\",\"contentUrl\":\"https:\/\/www.librairieclavreuil.com\/wp-content\/uploads\/2021\/06\/cropped-LOGO_PNG_DATE-_gold-512x512-1.png\",\"width\":512,\"height\":512,\"caption\":\"Libairie Clavreuil\"},\"image\":{\"@id\":\"https:\/\/www.librairieclavreuil.com\/#\/schema\/logo\/image\/\"},\"sameAs\":[\"https:\/\/www.instagram.com\/librairieclavreuil\/\"]}]}<\/script>\n<!-- \/ Yoast SEO plugin. -->","yoast_head_json":{"title":"L'HOSPITAL Guillaume Fran\u00e7ois Antoine, marquis de Analyse des infiniment petits, pour l'intelligence des lignes courbes. - Libairie Clavreuil","robots":{"index":"index","follow":"follow","max-snippet":"max-snippet:-1","max-image-preview":"max-image-preview:large","max-video-preview":"max-video-preview:-1"},"canonical":"https:\/\/www.librairieclavreuil.com\/produit\/analyse-des-infiniment-petits-pour-lintelligence-des-lignes-courbes-guillaume-francois-antoine-marquis-de-lhospital\/","og_locale":"en_US","og_type":"article","og_title":"L'HOSPITAL Guillaume Fran\u00e7ois Antoine, marquis de Analyse des infiniment petits, pour l'intelligence des lignes courbes. - Libairie Clavreuil","og_description":"4to (243 x 182 mm) XV, 181 pp., 11 engraved plates. Contemporary calf, spine gilt with raised bands.","og_url":"https:\/\/www.librairieclavreuil.com\/produit\/analyse-des-infiniment-petits-pour-lintelligence-des-lignes-courbes-guillaume-francois-antoine-marquis-de-lhospital\/","og_site_name":"Libairie Clavreuil","article_modified_time":"2024-07-01T16:03:23+00:00","og_image":[{"width":1920,"height":2560,"url":"https:\/\/www.librairieclavreuil.com\/wp-content\/uploads\/2024\/04\/marquis-de-l-hospital-analyse-des-infiniment-petits-pour-l-intelligence-des-lignes-courbes-539-6579bc16daa79-scaled.jpg","type":"image\/jpeg"}],"twitter_card":"summary_large_image","twitter_misc":{"Est. reading time":"2 minutes"},"schema":{"@context":"https:\/\/schema.org","@graph":[{"@type":"WebPage","@id":"https:\/\/www.librairieclavreuil.com\/produit\/analyse-des-infiniment-petits-pour-lintelligence-des-lignes-courbes-guillaume-francois-antoine-marquis-de-lhospital\/","url":"https:\/\/www.librairieclavreuil.com\/produit\/analyse-des-infiniment-petits-pour-lintelligence-des-lignes-courbes-guillaume-francois-antoine-marquis-de-lhospital\/","name":"L'HOSPITAL Guillaume Fran\u00e7ois Antoine, marquis de Analyse des infiniment petits, pour l'intelligence des lignes courbes. - Libairie Clavreuil","isPartOf":{"@id":"https:\/\/www.librairieclavreuil.com\/#website"},"primaryImageOfPage":{"@id":"https:\/\/www.librairieclavreuil.com\/produit\/analyse-des-infiniment-petits-pour-lintelligence-des-lignes-courbes-guillaume-francois-antoine-marquis-de-lhospital\/#primaryimage"},"image":{"@id":"https:\/\/www.librairieclavreuil.com\/produit\/analyse-des-infiniment-petits-pour-lintelligence-des-lignes-courbes-guillaume-francois-antoine-marquis-de-lhospital\/#primaryimage"},"thumbnailUrl":"https:\/\/www.librairieclavreuil.com\/wp-content\/uploads\/2024\/04\/marquis-de-l-hospital-analyse-des-infiniment-petits-pour-l-intelligence-des-lignes-courbes-539-6579bc16daa79-scaled.jpg","datePublished":"2024-04-17T14:27:43+00:00","dateModified":"2024-07-01T16:03:23+00:00","breadcrumb":{"@id":"https:\/\/www.librairieclavreuil.com\/produit\/analyse-des-infiniment-petits-pour-lintelligence-des-lignes-courbes-guillaume-francois-antoine-marquis-de-lhospital\/#breadcrumb"},"inLanguage":"en-US","potentialAction":[{"@type":"ReadAction","target":["https:\/\/www.librairieclavreuil.com\/produit\/analyse-des-infiniment-petits-pour-lintelligence-des-lignes-courbes-guillaume-francois-antoine-marquis-de-lhospital\/"]}]},{"@type":"ImageObject","inLanguage":"en-US","@id":"https:\/\/www.librairieclavreuil.com\/produit\/analyse-des-infiniment-petits-pour-lintelligence-des-lignes-courbes-guillaume-francois-antoine-marquis-de-lhospital\/#primaryimage","url":"https:\/\/www.librairieclavreuil.com\/wp-content\/uploads\/2024\/04\/marquis-de-l-hospital-analyse-des-infiniment-petits-pour-l-intelligence-des-lignes-courbes-539-6579bc16daa79-scaled.jpg","contentUrl":"https:\/\/www.librairieclavreuil.com\/wp-content\/uploads\/2024\/04\/marquis-de-l-hospital-analyse-des-infiniment-petits-pour-l-intelligence-des-lignes-courbes-539-6579bc16daa79-scaled.jpg","width":1920,"height":2560},{"@type":"BreadcrumbList","@id":"https:\/\/www.librairieclavreuil.com\/produit\/analyse-des-infiniment-petits-pour-lintelligence-des-lignes-courbes-guillaume-francois-antoine-marquis-de-lhospital\/#breadcrumb","itemListElement":[{"@type":"ListItem","position":1,"name":"Accueil","item":"https:\/\/www.librairieclavreuil.com\/"},{"@type":"ListItem","position":2,"name":"All our books","item":"https:\/\/www.librairieclavreuil.com\/en\/all-our-books\/"},{"@type":"ListItem","position":3,"name":"L&rsquo;HOSPITAL Guillaume Fran\u00e7ois Antoine, marquis de Analyse des..."}]},{"@type":"WebSite","@id":"https:\/\/www.librairieclavreuil.com\/#website","url":"https:\/\/www.librairieclavreuil.com\/","name":"Libairie Clavreuil","description":"Livres anciens, manuscrits rares et \u00e9ditions originales \u2013 Librairie Clavreuil","publisher":{"@id":"https:\/\/www.librairieclavreuil.com\/#organization"},"potentialAction":[{"@type":"SearchAction","target":{"@type":"EntryPoint","urlTemplate":"https:\/\/www.librairieclavreuil.com\/?s={search_term_string}"},"query-input":{"@type":"PropertyValueSpecification","valueRequired":true,"valueName":"search_term_string"}}],"inLanguage":"en-US"},{"@type":"Organization","@id":"https:\/\/www.librairieclavreuil.com\/#organization","name":"Libairie Clavreuil","url":"https:\/\/www.librairieclavreuil.com\/","logo":{"@type":"ImageObject","inLanguage":"en-US","@id":"https:\/\/www.librairieclavreuil.com\/#\/schema\/logo\/image\/","url":"https:\/\/www.librairieclavreuil.com\/wp-content\/uploads\/2021\/06\/cropped-LOGO_PNG_DATE-_gold-512x512-1.png","contentUrl":"https:\/\/www.librairieclavreuil.com\/wp-content\/uploads\/2021\/06\/cropped-LOGO_PNG_DATE-_gold-512x512-1.png","width":512,"height":512,"caption":"Libairie Clavreuil"},"image":{"@id":"https:\/\/www.librairieclavreuil.com\/#\/schema\/logo\/image\/"},"sameAs":["https:\/\/www.instagram.com\/librairieclavreuil\/"]}]}},"jetpack_sharing_enabled":true,"_links":{"self":[{"href":"https:\/\/www.librairieclavreuil.com\/en\/wp-json\/wp\/v2\/product\/72374","targetHints":{"allow":["GET"]}}],"collection":[{"href":"https:\/\/www.librairieclavreuil.com\/en\/wp-json\/wp\/v2\/product"}],"about":[{"href":"https:\/\/www.librairieclavreuil.com\/en\/wp-json\/wp\/v2\/types\/product"}],"replies":[{"embeddable":true,"href":"https:\/\/www.librairieclavreuil.com\/en\/wp-json\/wp\/v2\/comments?post=72374"}],"wp:featuredmedia":[{"embeddable":true,"href":"https:\/\/www.librairieclavreuil.com\/en\/wp-json\/wp\/v2\/media\/72369"}],"wp:attachment":[{"href":"https:\/\/www.librairieclavreuil.com\/en\/wp-json\/wp\/v2\/media?parent=72374"}],"wp:term":[{"taxonomy":"product_brand","embeddable":true,"href":"https:\/\/www.librairieclavreuil.com\/en\/wp-json\/wp\/v2\/product_brand?post=72374"},{"taxonomy":"product_cat","embeddable":true,"href":"https:\/\/www.librairieclavreuil.com\/en\/wp-json\/wp\/v2\/product_cat?post=72374"},{"taxonomy":"product_tag","embeddable":true,"href":"https:\/\/www.librairieclavreuil.com\/en\/wp-json\/wp\/v2\/product_tag?post=72374"}],"curies":[{"name":"wp","href":"https:\/\/api.w.org\/{rel}","templated":true}]}}