{"id":72348,"date":"2024-04-17T15:46:03","date_gmt":"2024-04-17T13:46:03","guid":{"rendered":"https:\/\/clavreuil-wordpress.logiciel-arteo.fr\/traite-elementaire-de-chimie-presente-dans-un-ordre-nouveau-dapres-les-decouvertes-modernes-seconde-edition-antoine-laurent-de-lavoisier\/"},"modified":"2024-07-01T15:31:23","modified_gmt":"2024-07-01T13:31:23","slug":"traite-elementaire-de-chimie-presente-dans-un-ordre-nouveau-dapres-les-decouvertes-modernes-seconde-edition-antoine-laurent-de-lavoisier","status":"publish","type":"product","link":"https:\/\/www.librairieclavreuil.com\/en\/traite-elementaire-de-chimie-presente-dans-un-ordre-nouveau-dapres-les-decouvertes-modernes-seconde-edition-antoine-laurent-de-lavoisier\/","title":{"rendered":"LAVOISIER Antoine-Laurent de Trait\u00e9 \u00e9l\u00e9mentaire de Chimie, pr\u00e9sent\u00e9..."},"content":{"rendered":"<p style=\"text-align:justify\"><i>Duveen et Klickstein, 157 ; PMM, 238 (pour l&#8217;\u00e9dition de Paris 1789).<\/i><\/p>\n<p>The authorised second edition.<\/p>\n<p>Like the original 1789 edition, the plates bear the signature of Madame Lavoisier.<\/p>\n<p style=\"text-align:justify\">&#8220;Although it does not show any material changes in the text nor any additions, all the errata are here corrected, and the plates are the original ones with Madame Lavoisier&#8217;s signature. It is difficult to explain now the reasons why this edition was put out in the same year, but it might be assumed that Lavoisier and Cuchet wanted to counteract the distribution of the books which had been fraudoulously issued by printing an authoritative edition&#8221; (Duveen &amp; Klickstein).<\/p>\n<p style=\"text-align:justify\">Nice copy.<\/p>\n","protected":false},"excerpt":{"rendered":"<p>2 volumes, 8vo (186 x 115 mm)&nbsp; XLIV, 322 pp., 2 tables, 13 folding copper engraved plates for volume I; VIII, 331 pp.&nbsp; for volume II. Modern red morocco bound in style, double gilt filet on covers, flat spine gilt, gilt edges.<\/p>\n","protected":false},"featured_media":72343,"comment_status":"open","ping_status":"closed","template":"","meta":{"_acf_changed":false},"product_brand":[],"product_cat":[15],"product_tag":[1324,1326,1233],"class_list":{"0":"post-72348","1":"product","2":"type-product","3":"status-publish","4":"has-post-thumbnail","6":"product_cat-uncategorized","7":"product_tag-chemistry","8":"product_tag-general-chemistry","9":"product_tag-pmm-2","10":"pa_auteur-lavoisier-antoine-laurent-de-2","11":"pa_type-de-livre-printed-book","13":"first","14":"instock","15":"shipping-taxable","16":"purchasable","17":"product-type-simple"},"acf":{"artist":" Antoine-Laurent de LAVOISIER","chapeau":"","adresse_bibliographique":"Paris, Cuchet, 1793","book_type":"Printed book","provenance":"","afficher_prix":""},"yoast_head":"<!-- This site is optimized with the Yoast SEO plugin v24.7 - https:\/\/yoast.com\/wordpress\/plugins\/seo\/ -->\n<title>LAVOISIER Antoine-Laurent de Trait\u00e9 \u00e9l\u00e9mentaire de Chimie, pr\u00e9sent\u00e9 dans un ordre nouveau d&#039;apr\u00e8s les d\u00e9couvertes modernes. Seconde \u00e9dition. - Libairie Clavreuil<\/title>\n<meta name=\"robots\" content=\"index, follow, max-snippet:-1, max-image-preview:large, max-video-preview:-1\" \/>\n<link rel=\"canonical\" href=\"https:\/\/www.librairieclavreuil.com\/produit\/traite-elementaire-de-chimie-presente-dans-un-ordre-nouveau-dapres-les-decouvertes-modernes-seconde-edition-antoine-laurent-de-lavoisier\/\" \/>\n<meta property=\"og:locale\" content=\"en_US\" \/>\n<meta property=\"og:type\" content=\"article\" \/>\n<meta property=\"og:title\" content=\"LAVOISIER Antoine-Laurent de Trait\u00e9 \u00e9l\u00e9mentaire de Chimie, pr\u00e9sent\u00e9 dans un ordre nouveau d&#039;apr\u00e8s les d\u00e9couvertes modernes. Seconde \u00e9dition. - Libairie Clavreuil\" \/>\n<meta property=\"og:description\" content=\"2 volumes, 8vo (186 x 115 mm)&nbsp; XLIV, 322 pp., 2 tables, 13 folding copper engraved plates for volume I; VIII, 331 pp.&nbsp; for volume II. Modern red morocco bound in style, double gilt filet on covers, flat spine gilt, gilt edges.\" \/>\n<meta property=\"og:url\" content=\"https:\/\/www.librairieclavreuil.com\/produit\/traite-elementaire-de-chimie-presente-dans-un-ordre-nouveau-dapres-les-decouvertes-modernes-seconde-edition-antoine-laurent-de-lavoisier\/\" \/>\n<meta property=\"og:site_name\" content=\"Libairie Clavreuil\" \/>\n<meta property=\"article:modified_time\" content=\"2024-07-01T13:31:23+00:00\" \/>\n<meta property=\"og:image\" content=\"https:\/\/www.librairieclavreuil.com\/wp-content\/uploads\/2024\/04\/antoine-laurent-de-lavoisier-traite-elementaire-de-chimie-presente-dans-un-ordre-nouveau-d-apres-les-decouvertes-modernes-seconde-edition-4695-657b333-scaled.jpg\" \/>\n\t<meta property=\"og:image:width\" content=\"1920\" \/>\n\t<meta property=\"og:image:height\" content=\"2560\" \/>\n\t<meta property=\"og:image:type\" content=\"image\/jpeg\" \/>\n<meta name=\"twitter:card\" content=\"summary_large_image\" \/>\n<meta name=\"twitter:label1\" content=\"Est. reading time\" \/>\n\t<meta name=\"twitter:data1\" content=\"1 minute\" \/>\n<script type=\"application\/ld+json\" class=\"yoast-schema-graph\">{\"@context\":\"https:\/\/schema.org\",\"@graph\":[{\"@type\":\"WebPage\",\"@id\":\"https:\/\/www.librairieclavreuil.com\/produit\/traite-elementaire-de-chimie-presente-dans-un-ordre-nouveau-dapres-les-decouvertes-modernes-seconde-edition-antoine-laurent-de-lavoisier\/\",\"url\":\"https:\/\/www.librairieclavreuil.com\/produit\/traite-elementaire-de-chimie-presente-dans-un-ordre-nouveau-dapres-les-decouvertes-modernes-seconde-edition-antoine-laurent-de-lavoisier\/\",\"name\":\"LAVOISIER Antoine-Laurent de Trait\u00e9 \u00e9l\u00e9mentaire de Chimie, pr\u00e9sent\u00e9 dans un ordre nouveau d'apr\u00e8s les d\u00e9couvertes modernes. Seconde \u00e9dition. - Libairie Clavreuil\",\"isPartOf\":{\"@id\":\"https:\/\/www.librairieclavreuil.com\/#website\"},\"primaryImageOfPage\":{\"@id\":\"https:\/\/www.librairieclavreuil.com\/produit\/traite-elementaire-de-chimie-presente-dans-un-ordre-nouveau-dapres-les-decouvertes-modernes-seconde-edition-antoine-laurent-de-lavoisier\/#primaryimage\"},\"image\":{\"@id\":\"https:\/\/www.librairieclavreuil.com\/produit\/traite-elementaire-de-chimie-presente-dans-un-ordre-nouveau-dapres-les-decouvertes-modernes-seconde-edition-antoine-laurent-de-lavoisier\/#primaryimage\"},\"thumbnailUrl\":\"https:\/\/www.librairieclavreuil.com\/wp-content\/uploads\/2024\/04\/antoine-laurent-de-lavoisier-traite-elementaire-de-chimie-presente-dans-un-ordre-nouveau-d-apres-les-decouvertes-modernes-seconde-edition-4695-657b333-scaled.jpg\",\"datePublished\":\"2024-04-17T13:46:03+00:00\",\"dateModified\":\"2024-07-01T13:31:23+00:00\",\"breadcrumb\":{\"@id\":\"https:\/\/www.librairieclavreuil.com\/produit\/traite-elementaire-de-chimie-presente-dans-un-ordre-nouveau-dapres-les-decouvertes-modernes-seconde-edition-antoine-laurent-de-lavoisier\/#breadcrumb\"},\"inLanguage\":\"en-US\",\"potentialAction\":[{\"@type\":\"ReadAction\",\"target\":[\"https:\/\/www.librairieclavreuil.com\/produit\/traite-elementaire-de-chimie-presente-dans-un-ordre-nouveau-dapres-les-decouvertes-modernes-seconde-edition-antoine-laurent-de-lavoisier\/\"]}]},{\"@type\":\"ImageObject\",\"inLanguage\":\"en-US\",\"@id\":\"https:\/\/www.librairieclavreuil.com\/produit\/traite-elementaire-de-chimie-presente-dans-un-ordre-nouveau-dapres-les-decouvertes-modernes-seconde-edition-antoine-laurent-de-lavoisier\/#primaryimage\",\"url\":\"https:\/\/www.librairieclavreuil.com\/wp-content\/uploads\/2024\/04\/antoine-laurent-de-lavoisier-traite-elementaire-de-chimie-presente-dans-un-ordre-nouveau-d-apres-les-decouvertes-modernes-seconde-edition-4695-657b333-scaled.jpg\",\"contentUrl\":\"https:\/\/www.librairieclavreuil.com\/wp-content\/uploads\/2024\/04\/antoine-laurent-de-lavoisier-traite-elementaire-de-chimie-presente-dans-un-ordre-nouveau-d-apres-les-decouvertes-modernes-seconde-edition-4695-657b333-scaled.jpg\",\"width\":1920,\"height\":2560},{\"@type\":\"BreadcrumbList\",\"@id\":\"https:\/\/www.librairieclavreuil.com\/produit\/traite-elementaire-de-chimie-presente-dans-un-ordre-nouveau-dapres-les-decouvertes-modernes-seconde-edition-antoine-laurent-de-lavoisier\/#breadcrumb\",\"itemListElement\":[{\"@type\":\"ListItem\",\"position\":1,\"name\":\"Accueil\",\"item\":\"https:\/\/www.librairieclavreuil.com\/\"},{\"@type\":\"ListItem\",\"position\":2,\"name\":\"All our books\",\"item\":\"https:\/\/www.librairieclavreuil.com\/en\/all-our-books\/\"},{\"@type\":\"ListItem\",\"position\":3,\"name\":\"LAVOISIER Antoine-Laurent de Trait\u00e9 \u00e9l\u00e9mentaire de Chimie, pr\u00e9sent\u00e9...\"}]},{\"@type\":\"WebSite\",\"@id\":\"https:\/\/www.librairieclavreuil.com\/#website\",\"url\":\"https:\/\/www.librairieclavreuil.com\/\",\"name\":\"Libairie Clavreuil\",\"description\":\"Livres anciens, manuscrits rares et \u00e9ditions originales \u2013 Librairie Clavreuil\",\"publisher\":{\"@id\":\"https:\/\/www.librairieclavreuil.com\/#organization\"},\"potentialAction\":[{\"@type\":\"SearchAction\",\"target\":{\"@type\":\"EntryPoint\",\"urlTemplate\":\"https:\/\/www.librairieclavreuil.com\/?s={search_term_string}\"},\"query-input\":{\"@type\":\"PropertyValueSpecification\",\"valueRequired\":true,\"valueName\":\"search_term_string\"}}],\"inLanguage\":\"en-US\"},{\"@type\":\"Organization\",\"@id\":\"https:\/\/www.librairieclavreuil.com\/#organization\",\"name\":\"Libairie Clavreuil\",\"url\":\"https:\/\/www.librairieclavreuil.com\/\",\"logo\":{\"@type\":\"ImageObject\",\"inLanguage\":\"en-US\",\"@id\":\"https:\/\/www.librairieclavreuil.com\/#\/schema\/logo\/image\/\",\"url\":\"https:\/\/www.librairieclavreuil.com\/wp-content\/uploads\/2021\/06\/cropped-LOGO_PNG_DATE-_gold-512x512-1.png\",\"contentUrl\":\"https:\/\/www.librairieclavreuil.com\/wp-content\/uploads\/2021\/06\/cropped-LOGO_PNG_DATE-_gold-512x512-1.png\",\"width\":512,\"height\":512,\"caption\":\"Libairie Clavreuil\"},\"image\":{\"@id\":\"https:\/\/www.librairieclavreuil.com\/#\/schema\/logo\/image\/\"},\"sameAs\":[\"https:\/\/www.instagram.com\/librairieclavreuil\/\"]}]}<\/script>\n<!-- \/ Yoast SEO plugin. -->","yoast_head_json":{"title":"LAVOISIER Antoine-Laurent de Trait\u00e9 \u00e9l\u00e9mentaire de Chimie, pr\u00e9sent\u00e9 dans un ordre nouveau d'apr\u00e8s les d\u00e9couvertes modernes. Seconde \u00e9dition. - Libairie Clavreuil","robots":{"index":"index","follow":"follow","max-snippet":"max-snippet:-1","max-image-preview":"max-image-preview:large","max-video-preview":"max-video-preview:-1"},"canonical":"https:\/\/www.librairieclavreuil.com\/produit\/traite-elementaire-de-chimie-presente-dans-un-ordre-nouveau-dapres-les-decouvertes-modernes-seconde-edition-antoine-laurent-de-lavoisier\/","og_locale":"en_US","og_type":"article","og_title":"LAVOISIER Antoine-Laurent de Trait\u00e9 \u00e9l\u00e9mentaire de Chimie, pr\u00e9sent\u00e9 dans un ordre nouveau d'apr\u00e8s les d\u00e9couvertes modernes. Seconde \u00e9dition. - Libairie Clavreuil","og_description":"2 volumes, 8vo (186 x 115 mm)&nbsp; XLIV, 322 pp., 2 tables, 13 folding copper engraved plates for volume I; VIII, 331 pp.&nbsp; for volume II. Modern red morocco bound in style, double gilt filet on covers, flat spine gilt, gilt edges.","og_url":"https:\/\/www.librairieclavreuil.com\/produit\/traite-elementaire-de-chimie-presente-dans-un-ordre-nouveau-dapres-les-decouvertes-modernes-seconde-edition-antoine-laurent-de-lavoisier\/","og_site_name":"Libairie Clavreuil","article_modified_time":"2024-07-01T13:31:23+00:00","og_image":[{"width":1920,"height":2560,"url":"https:\/\/www.librairieclavreuil.com\/wp-content\/uploads\/2024\/04\/antoine-laurent-de-lavoisier-traite-elementaire-de-chimie-presente-dans-un-ordre-nouveau-d-apres-les-decouvertes-modernes-seconde-edition-4695-657b333-scaled.jpg","type":"image\/jpeg"}],"twitter_card":"summary_large_image","twitter_misc":{"Est. reading time":"1 minute"},"schema":{"@context":"https:\/\/schema.org","@graph":[{"@type":"WebPage","@id":"https:\/\/www.librairieclavreuil.com\/produit\/traite-elementaire-de-chimie-presente-dans-un-ordre-nouveau-dapres-les-decouvertes-modernes-seconde-edition-antoine-laurent-de-lavoisier\/","url":"https:\/\/www.librairieclavreuil.com\/produit\/traite-elementaire-de-chimie-presente-dans-un-ordre-nouveau-dapres-les-decouvertes-modernes-seconde-edition-antoine-laurent-de-lavoisier\/","name":"LAVOISIER Antoine-Laurent de Trait\u00e9 \u00e9l\u00e9mentaire de Chimie, pr\u00e9sent\u00e9 dans un ordre nouveau d'apr\u00e8s les d\u00e9couvertes modernes. Seconde \u00e9dition. - Libairie Clavreuil","isPartOf":{"@id":"https:\/\/www.librairieclavreuil.com\/#website"},"primaryImageOfPage":{"@id":"https:\/\/www.librairieclavreuil.com\/produit\/traite-elementaire-de-chimie-presente-dans-un-ordre-nouveau-dapres-les-decouvertes-modernes-seconde-edition-antoine-laurent-de-lavoisier\/#primaryimage"},"image":{"@id":"https:\/\/www.librairieclavreuil.com\/produit\/traite-elementaire-de-chimie-presente-dans-un-ordre-nouveau-dapres-les-decouvertes-modernes-seconde-edition-antoine-laurent-de-lavoisier\/#primaryimage"},"thumbnailUrl":"https:\/\/www.librairieclavreuil.com\/wp-content\/uploads\/2024\/04\/antoine-laurent-de-lavoisier-traite-elementaire-de-chimie-presente-dans-un-ordre-nouveau-d-apres-les-decouvertes-modernes-seconde-edition-4695-657b333-scaled.jpg","datePublished":"2024-04-17T13:46:03+00:00","dateModified":"2024-07-01T13:31:23+00:00","breadcrumb":{"@id":"https:\/\/www.librairieclavreuil.com\/produit\/traite-elementaire-de-chimie-presente-dans-un-ordre-nouveau-dapres-les-decouvertes-modernes-seconde-edition-antoine-laurent-de-lavoisier\/#breadcrumb"},"inLanguage":"en-US","potentialAction":[{"@type":"ReadAction","target":["https:\/\/www.librairieclavreuil.com\/produit\/traite-elementaire-de-chimie-presente-dans-un-ordre-nouveau-dapres-les-decouvertes-modernes-seconde-edition-antoine-laurent-de-lavoisier\/"]}]},{"@type":"ImageObject","inLanguage":"en-US","@id":"https:\/\/www.librairieclavreuil.com\/produit\/traite-elementaire-de-chimie-presente-dans-un-ordre-nouveau-dapres-les-decouvertes-modernes-seconde-edition-antoine-laurent-de-lavoisier\/#primaryimage","url":"https:\/\/www.librairieclavreuil.com\/wp-content\/uploads\/2024\/04\/antoine-laurent-de-lavoisier-traite-elementaire-de-chimie-presente-dans-un-ordre-nouveau-d-apres-les-decouvertes-modernes-seconde-edition-4695-657b333-scaled.jpg","contentUrl":"https:\/\/www.librairieclavreuil.com\/wp-content\/uploads\/2024\/04\/antoine-laurent-de-lavoisier-traite-elementaire-de-chimie-presente-dans-un-ordre-nouveau-d-apres-les-decouvertes-modernes-seconde-edition-4695-657b333-scaled.jpg","width":1920,"height":2560},{"@type":"BreadcrumbList","@id":"https:\/\/www.librairieclavreuil.com\/produit\/traite-elementaire-de-chimie-presente-dans-un-ordre-nouveau-dapres-les-decouvertes-modernes-seconde-edition-antoine-laurent-de-lavoisier\/#breadcrumb","itemListElement":[{"@type":"ListItem","position":1,"name":"Accueil","item":"https:\/\/www.librairieclavreuil.com\/"},{"@type":"ListItem","position":2,"name":"All our books","item":"https:\/\/www.librairieclavreuil.com\/en\/all-our-books\/"},{"@type":"ListItem","position":3,"name":"LAVOISIER Antoine-Laurent de Trait\u00e9 \u00e9l\u00e9mentaire de Chimie, pr\u00e9sent\u00e9..."}]},{"@type":"WebSite","@id":"https:\/\/www.librairieclavreuil.com\/#website","url":"https:\/\/www.librairieclavreuil.com\/","name":"Libairie Clavreuil","description":"Livres anciens, manuscrits rares et \u00e9ditions originales \u2013 Librairie Clavreuil","publisher":{"@id":"https:\/\/www.librairieclavreuil.com\/#organization"},"potentialAction":[{"@type":"SearchAction","target":{"@type":"EntryPoint","urlTemplate":"https:\/\/www.librairieclavreuil.com\/?s={search_term_string}"},"query-input":{"@type":"PropertyValueSpecification","valueRequired":true,"valueName":"search_term_string"}}],"inLanguage":"en-US"},{"@type":"Organization","@id":"https:\/\/www.librairieclavreuil.com\/#organization","name":"Libairie Clavreuil","url":"https:\/\/www.librairieclavreuil.com\/","logo":{"@type":"ImageObject","inLanguage":"en-US","@id":"https:\/\/www.librairieclavreuil.com\/#\/schema\/logo\/image\/","url":"https:\/\/www.librairieclavreuil.com\/wp-content\/uploads\/2021\/06\/cropped-LOGO_PNG_DATE-_gold-512x512-1.png","contentUrl":"https:\/\/www.librairieclavreuil.com\/wp-content\/uploads\/2021\/06\/cropped-LOGO_PNG_DATE-_gold-512x512-1.png","width":512,"height":512,"caption":"Libairie Clavreuil"},"image":{"@id":"https:\/\/www.librairieclavreuil.com\/#\/schema\/logo\/image\/"},"sameAs":["https:\/\/www.instagram.com\/librairieclavreuil\/"]}]}},"jetpack_sharing_enabled":true,"_links":{"self":[{"href":"https:\/\/www.librairieclavreuil.com\/en\/wp-json\/wp\/v2\/product\/72348","targetHints":{"allow":["GET"]}}],"collection":[{"href":"https:\/\/www.librairieclavreuil.com\/en\/wp-json\/wp\/v2\/product"}],"about":[{"href":"https:\/\/www.librairieclavreuil.com\/en\/wp-json\/wp\/v2\/types\/product"}],"replies":[{"embeddable":true,"href":"https:\/\/www.librairieclavreuil.com\/en\/wp-json\/wp\/v2\/comments?post=72348"}],"wp:featuredmedia":[{"embeddable":true,"href":"https:\/\/www.librairieclavreuil.com\/en\/wp-json\/wp\/v2\/media\/72343"}],"wp:attachment":[{"href":"https:\/\/www.librairieclavreuil.com\/en\/wp-json\/wp\/v2\/media?parent=72348"}],"wp:term":[{"taxonomy":"product_brand","embeddable":true,"href":"https:\/\/www.librairieclavreuil.com\/en\/wp-json\/wp\/v2\/product_brand?post=72348"},{"taxonomy":"product_cat","embeddable":true,"href":"https:\/\/www.librairieclavreuil.com\/en\/wp-json\/wp\/v2\/product_cat?post=72348"},{"taxonomy":"product_tag","embeddable":true,"href":"https:\/\/www.librairieclavreuil.com\/en\/wp-json\/wp\/v2\/product_tag?post=72348"}],"curies":[{"name":"wp","href":"https:\/\/api.w.org\/{rel}","templated":true}]}}