{"id":72328,"date":"2024-04-17T15:43:54","date_gmt":"2024-04-17T13:43:54","guid":{"rendered":"https:\/\/clavreuil-wordpress.logiciel-arteo.fr\/essai-dun-art-de-fusion-a-laide-de-lair-du-feu-ou-air-vital-traduit-de-lallemand-par-m-de-fontallard-revu-par-lauteur-suivi-des-memoires-de-mr-lavoisier-friedrich-ludwig-ehrmann\/"},"modified":"2024-07-01T15:30:27","modified_gmt":"2024-07-01T13:30:27","slug":"essai-dun-art-de-fusion-a-laide-de-lair-du-feu-ou-air-vital-traduit-de-lallemand-par-m-de-fontallard-revu-par-lauteur-suivi-des-memoires-de-mr-lavoisier-friedrich-ludwig-ehrmann","status":"publish","type":"product","link":"https:\/\/www.librairieclavreuil.com\/en\/essai-dun-art-de-fusion-a-laide-de-lair-du-feu-ou-air-vital-traduit-de-lallemand-par-m-de-fontallard-revu-par-lauteur-suivi-des-memoires-de-mr-lavoisier-friedrich-ludwig-ehrmann\/","title":{"rendered":"EHRMANN Friedrich Ludwig Essai d&#8217;un art de fusion..."},"content":{"rendered":"<p style=\"text-align:justify\"><i>Neville, I, 409; Cole, 399; Duveen p. 190 et Duveen &amp; Klickstein n\u00b0 67, 68 et 77.<\/i><\/p>\n<p>First French edition, with the addition of three memoirs that were not included in the original German edition.<\/p>\n<p>Ehrmann (1741-1800) and Lavoisier had carried out combustion experiments &#8220;carried out separately and without communication and which agree on almost all points in a striking manner&#8221; (Introduction).<\/p>\n<p>Ehrmann&#8217;s text on oxygen-assisted fusion is followed by three memoirs by Lavoisier:<\/p>\n<p style=\"text-align:justify\">1. De l&#8217;action du Feu, Anim\u00e9 par l&#8217;air vital, sur les substances min\u00e9rales les plus r\u00e9fractaires<\/p>\n<p style=\"text-align:justify\">2. Sur l&#8217;effet que produit sur les Pierres pr\u00e9cieuses un degr\u00e9 de feu tr\u00e8s-violent<\/p>\n<p style=\"text-align:justify\">3. Sur un moyen d&#8217;augmenter consid\u00e9rablement l&#8217;action de Feu &amp; de la Chaleur, dans les Op\u00e9rations chimiques et d&#8217;un m\u00e9moire de Meusnier.<\/p>\n<p style=\"text-align:justify\">Description of an apparatus for handling different types of air, illustrated with a plate showing Lavoisier&#8217;s oxygen blow-pipe&nbsp;for the first time.<\/p>\n<p style=\"text-align:justify\">&#8220;The French translation of Ehrmann&#8217;s important experiments on hight-temperature fusion, which first appeared the previous year as Versuch einer Schmelzkunst (Strassburg 1786). Ehrmann&#8217;s experiments &#8216;were conducted at the same time as Lavoisier was working on the effects of high temperatures on various substances. The results which both obtained were so similar that Lavoisier, who must have seen Ehrmann&#8217;s manuscript before its publication, requested that his own memoirs on the subject be printed together with Ehrmann&#8217;s essay. The latter compiled and included them at the end of his book (pp. 235-349). He also added a memoir by Meusnier which describes the apparatus used by both Lavoisier and Ehrmann in their experiments'&#8221; (Neville).<\/p>\n<p>The two plates show the tools used by Ehrmann and Lavoisier.<\/p>\n<p>A fine copy with full margins, entirely uncut; spine label slightly dammaged, part of the spine formerly covered with blank paper.<\/p>\n","protected":false},"excerpt":{"rendered":"<p>8vo (212 x 142 mm) de XXXII, 366 pp., 1 unn.l of publisher catalogue, 3 folding plates. Contemporary grey wrappers, manuscript title on the spine.<\/p>\n","protected":false},"featured_media":72321,"comment_status":"open","ping_status":"closed","template":"","meta":{"_acf_changed":false},"product_brand":[],"product_cat":[550],"product_tag":[1324,1326,1315],"class_list":{"0":"post-72328","1":"product","2":"type-product","3":"status-publish","4":"has-post-thumbnail","6":"product_cat-science","7":"product_tag-chemistry","8":"product_tag-general-chemistry","9":"product_tag-science","10":"pa_auteur-ehrmann-friedrich-ludwig-2","11":"pa_type-de-livre-printed-book","13":"first","14":"instock","15":"shipping-taxable","16":"purchasable","17":"product-type-simple"},"acf":{"artist":" Friedrich Ludwig EHRMANN","chapeau":"","adresse_bibliographique":"Strasbourg & Paris, Jean Georges Treuttel & Cuchet, 1787","book_type":"Printed book","provenance":"","afficher_prix":""},"yoast_head":"<!-- This site is optimized with the Yoast SEO plugin v24.7 - https:\/\/yoast.com\/wordpress\/plugins\/seo\/ -->\n<title>EHRMANN Friedrich Ludwig Essai d&#039;un art de fusion \u00e0 l&#039;aide de l&#039;air du feu, ou air vital. Traduit de l&#039;allemand par M. de Fontallard &amp; revu par l&#039;auteur. Suivi des m\u00e9moires de Mr. Lavoisier. - Libairie Clavreuil<\/title>\n<meta name=\"robots\" content=\"index, follow, max-snippet:-1, max-image-preview:large, max-video-preview:-1\" \/>\n<link rel=\"canonical\" href=\"https:\/\/www.librairieclavreuil.com\/en\/essai-dun-art-de-fusion-a-laide-de-lair-du-feu-ou-air-vital-traduit-de-lallemand-par-m-de-fontallard-revu-par-lauteur-suivi-des-memoires-de-mr-lavoisier-friedrich-ludwig-ehrmann\/\" \/>\n<meta property=\"og:locale\" content=\"en_US\" \/>\n<meta property=\"og:type\" content=\"article\" \/>\n<meta property=\"og:title\" content=\"EHRMANN Friedrich Ludwig Essai d&#039;un art de fusion \u00e0 l&#039;aide de l&#039;air du feu, ou air vital. Traduit de l&#039;allemand par M. de Fontallard &amp; revu par l&#039;auteur. Suivi des m\u00e9moires de Mr. Lavoisier. - Libairie Clavreuil\" \/>\n<meta property=\"og:description\" content=\"8vo (212 x 142 mm) de XXXII, 366 pp., 1 unn.l of publisher catalogue, 3 folding plates. Contemporary grey wrappers, manuscript title on the spine.\" \/>\n<meta property=\"og:url\" content=\"https:\/\/www.librairieclavreuil.com\/en\/essai-dun-art-de-fusion-a-laide-de-lair-du-feu-ou-air-vital-traduit-de-lallemand-par-m-de-fontallard-revu-par-lauteur-suivi-des-memoires-de-mr-lavoisier-friedrich-ludwig-ehrmann\/\" \/>\n<meta property=\"og:site_name\" content=\"Libairie Clavreuil\" \/>\n<meta property=\"article:modified_time\" content=\"2024-07-01T13:30:27+00:00\" \/>\n<meta property=\"og:image\" content=\"https:\/\/www.librairieclavreuil.com\/wp-content\/uploads\/2024\/04\/friedrich-ludwig-ehrmann-essai-d-un-art-de-fusion-a-l-aide-de-l-air-du-feu-ou-air-vital-traduit-de-l-allemand-par-m-de-fontallard-revu-par-l-auteur-su-scaled.jpg\" \/>\n\t<meta property=\"og:image:width\" content=\"1890\" \/>\n\t<meta property=\"og:image:height\" content=\"2560\" \/>\n\t<meta property=\"og:image:type\" content=\"image\/jpeg\" \/>\n<meta name=\"twitter:card\" content=\"summary_large_image\" \/>\n<meta name=\"twitter:label1\" content=\"Est. reading time\" \/>\n\t<meta name=\"twitter:data1\" content=\"1 minute\" \/>\n<script type=\"application\/ld+json\" class=\"yoast-schema-graph\">{\"@context\":\"https:\/\/schema.org\",\"@graph\":[{\"@type\":\"WebPage\",\"@id\":\"https:\/\/www.librairieclavreuil.com\/en\/essai-dun-art-de-fusion-a-laide-de-lair-du-feu-ou-air-vital-traduit-de-lallemand-par-m-de-fontallard-revu-par-lauteur-suivi-des-memoires-de-mr-lavoisier-friedrich-ludwig-ehrmann\/\",\"url\":\"https:\/\/www.librairieclavreuil.com\/en\/essai-dun-art-de-fusion-a-laide-de-lair-du-feu-ou-air-vital-traduit-de-lallemand-par-m-de-fontallard-revu-par-lauteur-suivi-des-memoires-de-mr-lavoisier-friedrich-ludwig-ehrmann\/\",\"name\":\"EHRMANN Friedrich Ludwig Essai d'un art de fusion \u00e0 l'aide de l'air du feu, ou air vital. Traduit de l'allemand par M. de Fontallard &amp; revu par l'auteur. Suivi des m\u00e9moires de Mr. Lavoisier. - Libairie Clavreuil\",\"isPartOf\":{\"@id\":\"https:\/\/www.librairieclavreuil.com\/#website\"},\"primaryImageOfPage\":{\"@id\":\"https:\/\/www.librairieclavreuil.com\/en\/essai-dun-art-de-fusion-a-laide-de-lair-du-feu-ou-air-vital-traduit-de-lallemand-par-m-de-fontallard-revu-par-lauteur-suivi-des-memoires-de-mr-lavoisier-friedrich-ludwig-ehrmann\/#primaryimage\"},\"image\":{\"@id\":\"https:\/\/www.librairieclavreuil.com\/en\/essai-dun-art-de-fusion-a-laide-de-lair-du-feu-ou-air-vital-traduit-de-lallemand-par-m-de-fontallard-revu-par-lauteur-suivi-des-memoires-de-mr-lavoisier-friedrich-ludwig-ehrmann\/#primaryimage\"},\"thumbnailUrl\":\"https:\/\/www.librairieclavreuil.com\/wp-content\/uploads\/2024\/04\/friedrich-ludwig-ehrmann-essai-d-un-art-de-fusion-a-l-aide-de-l-air-du-feu-ou-air-vital-traduit-de-l-allemand-par-m-de-fontallard-revu-par-l-auteur-su-scaled.jpg\",\"datePublished\":\"2024-04-17T13:43:54+00:00\",\"dateModified\":\"2024-07-01T13:30:27+00:00\",\"breadcrumb\":{\"@id\":\"https:\/\/www.librairieclavreuil.com\/en\/essai-dun-art-de-fusion-a-laide-de-lair-du-feu-ou-air-vital-traduit-de-lallemand-par-m-de-fontallard-revu-par-lauteur-suivi-des-memoires-de-mr-lavoisier-friedrich-ludwig-ehrmann\/#breadcrumb\"},\"inLanguage\":\"en-US\",\"potentialAction\":[{\"@type\":\"ReadAction\",\"target\":[\"https:\/\/www.librairieclavreuil.com\/en\/essai-dun-art-de-fusion-a-laide-de-lair-du-feu-ou-air-vital-traduit-de-lallemand-par-m-de-fontallard-revu-par-lauteur-suivi-des-memoires-de-mr-lavoisier-friedrich-ludwig-ehrmann\/\"]}]},{\"@type\":\"ImageObject\",\"inLanguage\":\"en-US\",\"@id\":\"https:\/\/www.librairieclavreuil.com\/en\/essai-dun-art-de-fusion-a-laide-de-lair-du-feu-ou-air-vital-traduit-de-lallemand-par-m-de-fontallard-revu-par-lauteur-suivi-des-memoires-de-mr-lavoisier-friedrich-ludwig-ehrmann\/#primaryimage\",\"url\":\"https:\/\/www.librairieclavreuil.com\/wp-content\/uploads\/2024\/04\/friedrich-ludwig-ehrmann-essai-d-un-art-de-fusion-a-l-aide-de-l-air-du-feu-ou-air-vital-traduit-de-l-allemand-par-m-de-fontallard-revu-par-l-auteur-su-scaled.jpg\",\"contentUrl\":\"https:\/\/www.librairieclavreuil.com\/wp-content\/uploads\/2024\/04\/friedrich-ludwig-ehrmann-essai-d-un-art-de-fusion-a-l-aide-de-l-air-du-feu-ou-air-vital-traduit-de-l-allemand-par-m-de-fontallard-revu-par-l-auteur-su-scaled.jpg\",\"width\":1890,\"height\":2560},{\"@type\":\"BreadcrumbList\",\"@id\":\"https:\/\/www.librairieclavreuil.com\/en\/essai-dun-art-de-fusion-a-laide-de-lair-du-feu-ou-air-vital-traduit-de-lallemand-par-m-de-fontallard-revu-par-lauteur-suivi-des-memoires-de-mr-lavoisier-friedrich-ludwig-ehrmann\/#breadcrumb\",\"itemListElement\":[{\"@type\":\"ListItem\",\"position\":1,\"name\":\"Accueil\",\"item\":\"https:\/\/www.librairieclavreuil.com\/\"},{\"@type\":\"ListItem\",\"position\":2,\"name\":\"All our books\",\"item\":\"https:\/\/www.librairieclavreuil.com\/en\/all-our-books\/\"},{\"@type\":\"ListItem\",\"position\":3,\"name\":\"EHRMANN Friedrich Ludwig Essai d&#8217;un art de fusion \u00e0 l&#8217;aide de l&#8217;air du feu, ou air vital. Traduit de l&#8217;allemand par M. de Fontallard &amp; revu par l&#8217;auteur. Suivi des m\u00e9moires de Mr. Lavoisier.\"}]},{\"@type\":\"WebSite\",\"@id\":\"https:\/\/www.librairieclavreuil.com\/#website\",\"url\":\"https:\/\/www.librairieclavreuil.com\/\",\"name\":\"Libairie Clavreuil\",\"description\":\"Livres anciens, manuscrits rares et \u00e9ditions originales \u2013 Librairie Clavreuil\",\"publisher\":{\"@id\":\"https:\/\/www.librairieclavreuil.com\/#organization\"},\"potentialAction\":[{\"@type\":\"SearchAction\",\"target\":{\"@type\":\"EntryPoint\",\"urlTemplate\":\"https:\/\/www.librairieclavreuil.com\/?s={search_term_string}\"},\"query-input\":{\"@type\":\"PropertyValueSpecification\",\"valueRequired\":true,\"valueName\":\"search_term_string\"}}],\"inLanguage\":\"en-US\"},{\"@type\":\"Organization\",\"@id\":\"https:\/\/www.librairieclavreuil.com\/#organization\",\"name\":\"Libairie Clavreuil\",\"url\":\"https:\/\/www.librairieclavreuil.com\/\",\"logo\":{\"@type\":\"ImageObject\",\"inLanguage\":\"en-US\",\"@id\":\"https:\/\/www.librairieclavreuil.com\/#\/schema\/logo\/image\/\",\"url\":\"https:\/\/www.librairieclavreuil.com\/wp-content\/uploads\/2021\/06\/cropped-LOGO_PNG_DATE-_gold-512x512-1.png\",\"contentUrl\":\"https:\/\/www.librairieclavreuil.com\/wp-content\/uploads\/2021\/06\/cropped-LOGO_PNG_DATE-_gold-512x512-1.png\",\"width\":512,\"height\":512,\"caption\":\"Libairie Clavreuil\"},\"image\":{\"@id\":\"https:\/\/www.librairieclavreuil.com\/#\/schema\/logo\/image\/\"},\"sameAs\":[\"https:\/\/www.instagram.com\/librairieclavreuil\/\"]}]}<\/script>\n<!-- \/ Yoast SEO plugin. -->","yoast_head_json":{"title":"EHRMANN Friedrich Ludwig Essai d'un art de fusion \u00e0 l'aide de l'air du feu, ou air vital. Traduit de l'allemand par M. de Fontallard &amp; revu par l'auteur. Suivi des m\u00e9moires de Mr. Lavoisier. - Libairie Clavreuil","robots":{"index":"index","follow":"follow","max-snippet":"max-snippet:-1","max-image-preview":"max-image-preview:large","max-video-preview":"max-video-preview:-1"},"canonical":"https:\/\/www.librairieclavreuil.com\/en\/essai-dun-art-de-fusion-a-laide-de-lair-du-feu-ou-air-vital-traduit-de-lallemand-par-m-de-fontallard-revu-par-lauteur-suivi-des-memoires-de-mr-lavoisier-friedrich-ludwig-ehrmann\/","og_locale":"en_US","og_type":"article","og_title":"EHRMANN Friedrich Ludwig Essai d'un art de fusion \u00e0 l'aide de l'air du feu, ou air vital. Traduit de l'allemand par M. de Fontallard &amp; revu par l'auteur. Suivi des m\u00e9moires de Mr. Lavoisier. - Libairie Clavreuil","og_description":"8vo (212 x 142 mm) de XXXII, 366 pp., 1 unn.l of publisher catalogue, 3 folding plates. Contemporary grey wrappers, manuscript title on the spine.","og_url":"https:\/\/www.librairieclavreuil.com\/en\/essai-dun-art-de-fusion-a-laide-de-lair-du-feu-ou-air-vital-traduit-de-lallemand-par-m-de-fontallard-revu-par-lauteur-suivi-des-memoires-de-mr-lavoisier-friedrich-ludwig-ehrmann\/","og_site_name":"Libairie Clavreuil","article_modified_time":"2024-07-01T13:30:27+00:00","og_image":[{"width":1890,"height":2560,"url":"https:\/\/www.librairieclavreuil.com\/wp-content\/uploads\/2024\/04\/friedrich-ludwig-ehrmann-essai-d-un-art-de-fusion-a-l-aide-de-l-air-du-feu-ou-air-vital-traduit-de-l-allemand-par-m-de-fontallard-revu-par-l-auteur-su-scaled.jpg","type":"image\/jpeg"}],"twitter_card":"summary_large_image","twitter_misc":{"Est. reading time":"1 minute"},"schema":{"@context":"https:\/\/schema.org","@graph":[{"@type":"WebPage","@id":"https:\/\/www.librairieclavreuil.com\/en\/essai-dun-art-de-fusion-a-laide-de-lair-du-feu-ou-air-vital-traduit-de-lallemand-par-m-de-fontallard-revu-par-lauteur-suivi-des-memoires-de-mr-lavoisier-friedrich-ludwig-ehrmann\/","url":"https:\/\/www.librairieclavreuil.com\/en\/essai-dun-art-de-fusion-a-laide-de-lair-du-feu-ou-air-vital-traduit-de-lallemand-par-m-de-fontallard-revu-par-lauteur-suivi-des-memoires-de-mr-lavoisier-friedrich-ludwig-ehrmann\/","name":"EHRMANN Friedrich Ludwig Essai d'un art de fusion \u00e0 l'aide de l'air du feu, ou air vital. Traduit de l'allemand par M. de Fontallard &amp; revu par l'auteur. Suivi des m\u00e9moires de Mr. Lavoisier. - Libairie Clavreuil","isPartOf":{"@id":"https:\/\/www.librairieclavreuil.com\/#website"},"primaryImageOfPage":{"@id":"https:\/\/www.librairieclavreuil.com\/en\/essai-dun-art-de-fusion-a-laide-de-lair-du-feu-ou-air-vital-traduit-de-lallemand-par-m-de-fontallard-revu-par-lauteur-suivi-des-memoires-de-mr-lavoisier-friedrich-ludwig-ehrmann\/#primaryimage"},"image":{"@id":"https:\/\/www.librairieclavreuil.com\/en\/essai-dun-art-de-fusion-a-laide-de-lair-du-feu-ou-air-vital-traduit-de-lallemand-par-m-de-fontallard-revu-par-lauteur-suivi-des-memoires-de-mr-lavoisier-friedrich-ludwig-ehrmann\/#primaryimage"},"thumbnailUrl":"https:\/\/www.librairieclavreuil.com\/wp-content\/uploads\/2024\/04\/friedrich-ludwig-ehrmann-essai-d-un-art-de-fusion-a-l-aide-de-l-air-du-feu-ou-air-vital-traduit-de-l-allemand-par-m-de-fontallard-revu-par-l-auteur-su-scaled.jpg","datePublished":"2024-04-17T13:43:54+00:00","dateModified":"2024-07-01T13:30:27+00:00","breadcrumb":{"@id":"https:\/\/www.librairieclavreuil.com\/en\/essai-dun-art-de-fusion-a-laide-de-lair-du-feu-ou-air-vital-traduit-de-lallemand-par-m-de-fontallard-revu-par-lauteur-suivi-des-memoires-de-mr-lavoisier-friedrich-ludwig-ehrmann\/#breadcrumb"},"inLanguage":"en-US","potentialAction":[{"@type":"ReadAction","target":["https:\/\/www.librairieclavreuil.com\/en\/essai-dun-art-de-fusion-a-laide-de-lair-du-feu-ou-air-vital-traduit-de-lallemand-par-m-de-fontallard-revu-par-lauteur-suivi-des-memoires-de-mr-lavoisier-friedrich-ludwig-ehrmann\/"]}]},{"@type":"ImageObject","inLanguage":"en-US","@id":"https:\/\/www.librairieclavreuil.com\/en\/essai-dun-art-de-fusion-a-laide-de-lair-du-feu-ou-air-vital-traduit-de-lallemand-par-m-de-fontallard-revu-par-lauteur-suivi-des-memoires-de-mr-lavoisier-friedrich-ludwig-ehrmann\/#primaryimage","url":"https:\/\/www.librairieclavreuil.com\/wp-content\/uploads\/2024\/04\/friedrich-ludwig-ehrmann-essai-d-un-art-de-fusion-a-l-aide-de-l-air-du-feu-ou-air-vital-traduit-de-l-allemand-par-m-de-fontallard-revu-par-l-auteur-su-scaled.jpg","contentUrl":"https:\/\/www.librairieclavreuil.com\/wp-content\/uploads\/2024\/04\/friedrich-ludwig-ehrmann-essai-d-un-art-de-fusion-a-l-aide-de-l-air-du-feu-ou-air-vital-traduit-de-l-allemand-par-m-de-fontallard-revu-par-l-auteur-su-scaled.jpg","width":1890,"height":2560},{"@type":"BreadcrumbList","@id":"https:\/\/www.librairieclavreuil.com\/en\/essai-dun-art-de-fusion-a-laide-de-lair-du-feu-ou-air-vital-traduit-de-lallemand-par-m-de-fontallard-revu-par-lauteur-suivi-des-memoires-de-mr-lavoisier-friedrich-ludwig-ehrmann\/#breadcrumb","itemListElement":[{"@type":"ListItem","position":1,"name":"Accueil","item":"https:\/\/www.librairieclavreuil.com\/"},{"@type":"ListItem","position":2,"name":"All our books","item":"https:\/\/www.librairieclavreuil.com\/en\/all-our-books\/"},{"@type":"ListItem","position":3,"name":"EHRMANN Friedrich Ludwig Essai d&#8217;un art de fusion \u00e0 l&#8217;aide de l&#8217;air du feu, ou air vital. Traduit de l&#8217;allemand par M. de Fontallard &amp; revu par l&#8217;auteur. Suivi des m\u00e9moires de Mr. Lavoisier."}]},{"@type":"WebSite","@id":"https:\/\/www.librairieclavreuil.com\/#website","url":"https:\/\/www.librairieclavreuil.com\/","name":"Libairie Clavreuil","description":"Livres anciens, manuscrits rares et \u00e9ditions originales \u2013 Librairie Clavreuil","publisher":{"@id":"https:\/\/www.librairieclavreuil.com\/#organization"},"potentialAction":[{"@type":"SearchAction","target":{"@type":"EntryPoint","urlTemplate":"https:\/\/www.librairieclavreuil.com\/?s={search_term_string}"},"query-input":{"@type":"PropertyValueSpecification","valueRequired":true,"valueName":"search_term_string"}}],"inLanguage":"en-US"},{"@type":"Organization","@id":"https:\/\/www.librairieclavreuil.com\/#organization","name":"Libairie Clavreuil","url":"https:\/\/www.librairieclavreuil.com\/","logo":{"@type":"ImageObject","inLanguage":"en-US","@id":"https:\/\/www.librairieclavreuil.com\/#\/schema\/logo\/image\/","url":"https:\/\/www.librairieclavreuil.com\/wp-content\/uploads\/2021\/06\/cropped-LOGO_PNG_DATE-_gold-512x512-1.png","contentUrl":"https:\/\/www.librairieclavreuil.com\/wp-content\/uploads\/2021\/06\/cropped-LOGO_PNG_DATE-_gold-512x512-1.png","width":512,"height":512,"caption":"Libairie Clavreuil"},"image":{"@id":"https:\/\/www.librairieclavreuil.com\/#\/schema\/logo\/image\/"},"sameAs":["https:\/\/www.instagram.com\/librairieclavreuil\/"]}]}},"jetpack_sharing_enabled":true,"_links":{"self":[{"href":"https:\/\/www.librairieclavreuil.com\/en\/wp-json\/wp\/v2\/product\/72328","targetHints":{"allow":["GET"]}}],"collection":[{"href":"https:\/\/www.librairieclavreuil.com\/en\/wp-json\/wp\/v2\/product"}],"about":[{"href":"https:\/\/www.librairieclavreuil.com\/en\/wp-json\/wp\/v2\/types\/product"}],"replies":[{"embeddable":true,"href":"https:\/\/www.librairieclavreuil.com\/en\/wp-json\/wp\/v2\/comments?post=72328"}],"wp:featuredmedia":[{"embeddable":true,"href":"https:\/\/www.librairieclavreuil.com\/en\/wp-json\/wp\/v2\/media\/72321"}],"wp:attachment":[{"href":"https:\/\/www.librairieclavreuil.com\/en\/wp-json\/wp\/v2\/media?parent=72328"}],"wp:term":[{"taxonomy":"product_brand","embeddable":true,"href":"https:\/\/www.librairieclavreuil.com\/en\/wp-json\/wp\/v2\/product_brand?post=72328"},{"taxonomy":"product_cat","embeddable":true,"href":"https:\/\/www.librairieclavreuil.com\/en\/wp-json\/wp\/v2\/product_cat?post=72328"},{"taxonomy":"product_tag","embeddable":true,"href":"https:\/\/www.librairieclavreuil.com\/en\/wp-json\/wp\/v2\/product_tag?post=72328"}],"curies":[{"name":"wp","href":"https:\/\/api.w.org\/{rel}","templated":true}]}}