{"id":72302,"date":"2024-04-17T12:15:32","date_gmt":"2024-04-17T10:15:32","guid":{"rendered":"https:\/\/clavreuil-wordpress.logiciel-arteo.fr\/zoonomie-ou-lois-de-la-vie-organique-traduit-de-langlais-par-j-f-kluyskens-erasmus-darwin\/"},"modified":"2024-07-05T18:55:47","modified_gmt":"2024-07-05T16:55:47","slug":"zoonomie-ou-lois-de-la-vie-organique-traduit-de-langlais-par-j-f-kluyskens-erasmus-darwin","status":"publish","type":"product","link":"https:\/\/www.librairieclavreuil.com\/en\/zoonomie-ou-lois-de-la-vie-organique-traduit-de-langlais-par-j-f-kluyskens-erasmus-darwin\/","title":{"rendered":"DARWIN Erasmus Zoonomie ou lois de la vie..."},"content":{"rendered":"<p>First edition of the French translation. Erasmus Darwin (1731-1802), an English physician, was Charles Darwin&#8217;s grandfather. Although Darwin claimed that reading his grandfather&#8217;s work had not influenced him, the first manuscript of the <i>Origin of Species<\/i> is curiously entitled <i>Zoonomia<\/i>. The present work is an overview of the complete English work as stratd in the preface : &#8220;esquisse rapide [des] divisions et [de] l&#8217;esprit de l&#8217;ouvrage complet dont la traduction compl\u00e8te venait d&#8217;\u00eatre entreprise&#8221;. The half-title indicates : <i>Analyse raisonn\u00e9e de la Zoonomie de Darwin<\/i>. Some light foxing, a very good copy.<\/p>\n<p><strong>Together with (in identical bindings) :<\/strong><\/p>\n<p><strong>DARWIN, Erasmus.<\/strong> Zoonomie ou Lois de la vie organique. <i>Gand, de Goesin-Verhaeghe, 1810-1811<\/i>. 4 vol. 8vo (204 x 123 mm) 4 unn.ll., 20 pp., pp.[17] &#8211; 23, 614 pp., 1 nn.l. and 3 engraved and colored plates for vol. I; 2 nn.ll., 659 pp., 4 engraved and colored plates for volume II; XIV, 586 pp., 3 engraved plates for volume III; 1 nn.l., 570 pp., 1 plate for volume IV.<\/p>\n<p><i>Garrison-Morton, 105 (for the first edition);DSB, III, 577-80; cf. PMM, 344.<\/i><\/p>\n<p style=\"text-align:justify\">First edition in French, translated from the English by Joseph-Fran\u00e7ois Kluyskens. &#8220;In his recurrent discussions of evolution and natural selection Darwin rejects the theory of special creation as enunciated by Linnaeus and holds that species are variable and constantly changing&#8230; Darwin further drew upon the notion of inheritance of acquired characteristics, as did Lamarck&#8221; (DSB).<\/p>\n<p style=\"text-align:justify\">Good copy.<\/p>\n","protected":false},"excerpt":{"rendered":"<p style=\"text-align:justify\">8vo (202 x 125 mm) 2 nn.ll., 84 pp. Modern calf-backed boards, bound in style.<\/p>\n","protected":false},"featured_media":72293,"comment_status":"open","ping_status":"closed","template":"","meta":{"_acf_changed":false},"product_brand":[],"product_cat":[540],"product_tag":[1346,1349,1315,1340],"class_list":{"0":"post-72302","1":"product","2":"type-product","3":"status-publish","4":"has-post-thumbnail","6":"product_cat-natural-history","7":"product_tag-darwinism","8":"product_tag-general-zoology","9":"product_tag-science","10":"product_tag-zoology","11":"pa_auteur-darwin-erasmus-2","12":"pa_type-de-livre-printed-book","14":"first","15":"instock","16":"shipping-taxable","17":"purchasable","18":"product-type-simple"},"acf":{"artist":"Erasmus DARWIN","chapeau":"The first consistent all-embracing hypothesis of evolution (Garrison-Morton)","adresse_bibliographique":"Gand, de Goesin-Verhaeghe, 1807","book_type":"Printed book","provenance":"","afficher_prix":""},"yoast_head":"<!-- This site is optimized with the Yoast SEO plugin v24.7 - https:\/\/yoast.com\/wordpress\/plugins\/seo\/ -->\n<title>DARWIN Erasmus Zoonomie ou lois de la vie organique, traduit de l&#039;anglais par J.F. Kluyskens. - Libairie Clavreuil<\/title>\n<meta name=\"robots\" content=\"index, follow, max-snippet:-1, max-image-preview:large, max-video-preview:-1\" \/>\n<link rel=\"canonical\" href=\"https:\/\/www.librairieclavreuil.com\/produit\/zoonomie-ou-lois-de-la-vie-organique-traduit-de-langlais-par-j-f-kluyskens-erasmus-darwin\/\" \/>\n<meta property=\"og:locale\" content=\"en_US\" \/>\n<meta property=\"og:type\" content=\"article\" \/>\n<meta property=\"og:title\" content=\"DARWIN Erasmus Zoonomie ou lois de la vie organique, traduit de l&#039;anglais par J.F. Kluyskens. - Libairie Clavreuil\" \/>\n<meta property=\"og:description\" content=\"8vo (202 x 125 mm) 2 nn.ll., 84 pp. Modern calf-backed boards, bound in style.\" \/>\n<meta property=\"og:url\" content=\"https:\/\/www.librairieclavreuil.com\/produit\/zoonomie-ou-lois-de-la-vie-organique-traduit-de-langlais-par-j-f-kluyskens-erasmus-darwin\/\" \/>\n<meta property=\"og:site_name\" content=\"Libairie Clavreuil\" \/>\n<meta property=\"article:modified_time\" content=\"2024-07-05T16:55:47+00:00\" \/>\n<meta property=\"og:image\" content=\"https:\/\/www.librairieclavreuil.com\/wp-content\/uploads\/2024\/04\/erasmus-darwin-zoonomie-ou-lois-de-la-vie-organique-traduit-de-l-anglais-par-j-f-kluyskens-2531-6579abe3952eb-scaled.jpg\" \/>\n\t<meta property=\"og:image:width\" content=\"2016\" \/>\n\t<meta property=\"og:image:height\" content=\"2560\" \/>\n\t<meta property=\"og:image:type\" content=\"image\/jpeg\" \/>\n<meta name=\"twitter:card\" content=\"summary_large_image\" \/>\n<meta name=\"twitter:label1\" content=\"Est. reading time\" \/>\n\t<meta name=\"twitter:data1\" content=\"1 minute\" \/>\n<script type=\"application\/ld+json\" class=\"yoast-schema-graph\">{\"@context\":\"https:\/\/schema.org\",\"@graph\":[{\"@type\":\"WebPage\",\"@id\":\"https:\/\/www.librairieclavreuil.com\/produit\/zoonomie-ou-lois-de-la-vie-organique-traduit-de-langlais-par-j-f-kluyskens-erasmus-darwin\/\",\"url\":\"https:\/\/www.librairieclavreuil.com\/produit\/zoonomie-ou-lois-de-la-vie-organique-traduit-de-langlais-par-j-f-kluyskens-erasmus-darwin\/\",\"name\":\"DARWIN Erasmus Zoonomie ou lois de la vie organique, traduit de l'anglais par J.F. Kluyskens. - Libairie Clavreuil\",\"isPartOf\":{\"@id\":\"https:\/\/www.librairieclavreuil.com\/#website\"},\"primaryImageOfPage\":{\"@id\":\"https:\/\/www.librairieclavreuil.com\/produit\/zoonomie-ou-lois-de-la-vie-organique-traduit-de-langlais-par-j-f-kluyskens-erasmus-darwin\/#primaryimage\"},\"image\":{\"@id\":\"https:\/\/www.librairieclavreuil.com\/produit\/zoonomie-ou-lois-de-la-vie-organique-traduit-de-langlais-par-j-f-kluyskens-erasmus-darwin\/#primaryimage\"},\"thumbnailUrl\":\"https:\/\/www.librairieclavreuil.com\/wp-content\/uploads\/2024\/04\/erasmus-darwin-zoonomie-ou-lois-de-la-vie-organique-traduit-de-l-anglais-par-j-f-kluyskens-2531-6579abe3952eb-scaled.jpg\",\"datePublished\":\"2024-04-17T10:15:32+00:00\",\"dateModified\":\"2024-07-05T16:55:47+00:00\",\"breadcrumb\":{\"@id\":\"https:\/\/www.librairieclavreuil.com\/produit\/zoonomie-ou-lois-de-la-vie-organique-traduit-de-langlais-par-j-f-kluyskens-erasmus-darwin\/#breadcrumb\"},\"inLanguage\":\"en-US\",\"potentialAction\":[{\"@type\":\"ReadAction\",\"target\":[\"https:\/\/www.librairieclavreuil.com\/produit\/zoonomie-ou-lois-de-la-vie-organique-traduit-de-langlais-par-j-f-kluyskens-erasmus-darwin\/\"]}]},{\"@type\":\"ImageObject\",\"inLanguage\":\"en-US\",\"@id\":\"https:\/\/www.librairieclavreuil.com\/produit\/zoonomie-ou-lois-de-la-vie-organique-traduit-de-langlais-par-j-f-kluyskens-erasmus-darwin\/#primaryimage\",\"url\":\"https:\/\/www.librairieclavreuil.com\/wp-content\/uploads\/2024\/04\/erasmus-darwin-zoonomie-ou-lois-de-la-vie-organique-traduit-de-l-anglais-par-j-f-kluyskens-2531-6579abe3952eb-scaled.jpg\",\"contentUrl\":\"https:\/\/www.librairieclavreuil.com\/wp-content\/uploads\/2024\/04\/erasmus-darwin-zoonomie-ou-lois-de-la-vie-organique-traduit-de-l-anglais-par-j-f-kluyskens-2531-6579abe3952eb-scaled.jpg\",\"width\":2016,\"height\":2560},{\"@type\":\"BreadcrumbList\",\"@id\":\"https:\/\/www.librairieclavreuil.com\/produit\/zoonomie-ou-lois-de-la-vie-organique-traduit-de-langlais-par-j-f-kluyskens-erasmus-darwin\/#breadcrumb\",\"itemListElement\":[{\"@type\":\"ListItem\",\"position\":1,\"name\":\"Accueil\",\"item\":\"https:\/\/www.librairieclavreuil.com\/\"},{\"@type\":\"ListItem\",\"position\":2,\"name\":\"All our books\",\"item\":\"https:\/\/www.librairieclavreuil.com\/en\/all-our-books\/\"},{\"@type\":\"ListItem\",\"position\":3,\"name\":\"DARWIN Erasmus Zoonomie ou lois de la vie...\"}]},{\"@type\":\"WebSite\",\"@id\":\"https:\/\/www.librairieclavreuil.com\/#website\",\"url\":\"https:\/\/www.librairieclavreuil.com\/\",\"name\":\"Libairie Clavreuil\",\"description\":\"Livres anciens, manuscrits rares et \u00e9ditions originales \u2013 Librairie Clavreuil\",\"publisher\":{\"@id\":\"https:\/\/www.librairieclavreuil.com\/#organization\"},\"potentialAction\":[{\"@type\":\"SearchAction\",\"target\":{\"@type\":\"EntryPoint\",\"urlTemplate\":\"https:\/\/www.librairieclavreuil.com\/?s={search_term_string}\"},\"query-input\":{\"@type\":\"PropertyValueSpecification\",\"valueRequired\":true,\"valueName\":\"search_term_string\"}}],\"inLanguage\":\"en-US\"},{\"@type\":\"Organization\",\"@id\":\"https:\/\/www.librairieclavreuil.com\/#organization\",\"name\":\"Libairie Clavreuil\",\"url\":\"https:\/\/www.librairieclavreuil.com\/\",\"logo\":{\"@type\":\"ImageObject\",\"inLanguage\":\"en-US\",\"@id\":\"https:\/\/www.librairieclavreuil.com\/#\/schema\/logo\/image\/\",\"url\":\"https:\/\/www.librairieclavreuil.com\/wp-content\/uploads\/2021\/06\/cropped-LOGO_PNG_DATE-_gold-512x512-1.png\",\"contentUrl\":\"https:\/\/www.librairieclavreuil.com\/wp-content\/uploads\/2021\/06\/cropped-LOGO_PNG_DATE-_gold-512x512-1.png\",\"width\":512,\"height\":512,\"caption\":\"Libairie Clavreuil\"},\"image\":{\"@id\":\"https:\/\/www.librairieclavreuil.com\/#\/schema\/logo\/image\/\"},\"sameAs\":[\"https:\/\/www.instagram.com\/librairieclavreuil\/\"]}]}<\/script>\n<!-- \/ Yoast SEO plugin. -->","yoast_head_json":{"title":"DARWIN Erasmus Zoonomie ou lois de la vie organique, traduit de l'anglais par J.F. Kluyskens. - Libairie Clavreuil","robots":{"index":"index","follow":"follow","max-snippet":"max-snippet:-1","max-image-preview":"max-image-preview:large","max-video-preview":"max-video-preview:-1"},"canonical":"https:\/\/www.librairieclavreuil.com\/produit\/zoonomie-ou-lois-de-la-vie-organique-traduit-de-langlais-par-j-f-kluyskens-erasmus-darwin\/","og_locale":"en_US","og_type":"article","og_title":"DARWIN Erasmus Zoonomie ou lois de la vie organique, traduit de l'anglais par J.F. Kluyskens. - Libairie Clavreuil","og_description":"8vo (202 x 125 mm) 2 nn.ll., 84 pp. Modern calf-backed boards, bound in style.","og_url":"https:\/\/www.librairieclavreuil.com\/produit\/zoonomie-ou-lois-de-la-vie-organique-traduit-de-langlais-par-j-f-kluyskens-erasmus-darwin\/","og_site_name":"Libairie Clavreuil","article_modified_time":"2024-07-05T16:55:47+00:00","og_image":[{"width":2016,"height":2560,"url":"https:\/\/www.librairieclavreuil.com\/wp-content\/uploads\/2024\/04\/erasmus-darwin-zoonomie-ou-lois-de-la-vie-organique-traduit-de-l-anglais-par-j-f-kluyskens-2531-6579abe3952eb-scaled.jpg","type":"image\/jpeg"}],"twitter_card":"summary_large_image","twitter_misc":{"Est. reading time":"1 minute"},"schema":{"@context":"https:\/\/schema.org","@graph":[{"@type":"WebPage","@id":"https:\/\/www.librairieclavreuil.com\/produit\/zoonomie-ou-lois-de-la-vie-organique-traduit-de-langlais-par-j-f-kluyskens-erasmus-darwin\/","url":"https:\/\/www.librairieclavreuil.com\/produit\/zoonomie-ou-lois-de-la-vie-organique-traduit-de-langlais-par-j-f-kluyskens-erasmus-darwin\/","name":"DARWIN Erasmus Zoonomie ou lois de la vie organique, traduit de l'anglais par J.F. Kluyskens. - Libairie Clavreuil","isPartOf":{"@id":"https:\/\/www.librairieclavreuil.com\/#website"},"primaryImageOfPage":{"@id":"https:\/\/www.librairieclavreuil.com\/produit\/zoonomie-ou-lois-de-la-vie-organique-traduit-de-langlais-par-j-f-kluyskens-erasmus-darwin\/#primaryimage"},"image":{"@id":"https:\/\/www.librairieclavreuil.com\/produit\/zoonomie-ou-lois-de-la-vie-organique-traduit-de-langlais-par-j-f-kluyskens-erasmus-darwin\/#primaryimage"},"thumbnailUrl":"https:\/\/www.librairieclavreuil.com\/wp-content\/uploads\/2024\/04\/erasmus-darwin-zoonomie-ou-lois-de-la-vie-organique-traduit-de-l-anglais-par-j-f-kluyskens-2531-6579abe3952eb-scaled.jpg","datePublished":"2024-04-17T10:15:32+00:00","dateModified":"2024-07-05T16:55:47+00:00","breadcrumb":{"@id":"https:\/\/www.librairieclavreuil.com\/produit\/zoonomie-ou-lois-de-la-vie-organique-traduit-de-langlais-par-j-f-kluyskens-erasmus-darwin\/#breadcrumb"},"inLanguage":"en-US","potentialAction":[{"@type":"ReadAction","target":["https:\/\/www.librairieclavreuil.com\/produit\/zoonomie-ou-lois-de-la-vie-organique-traduit-de-langlais-par-j-f-kluyskens-erasmus-darwin\/"]}]},{"@type":"ImageObject","inLanguage":"en-US","@id":"https:\/\/www.librairieclavreuil.com\/produit\/zoonomie-ou-lois-de-la-vie-organique-traduit-de-langlais-par-j-f-kluyskens-erasmus-darwin\/#primaryimage","url":"https:\/\/www.librairieclavreuil.com\/wp-content\/uploads\/2024\/04\/erasmus-darwin-zoonomie-ou-lois-de-la-vie-organique-traduit-de-l-anglais-par-j-f-kluyskens-2531-6579abe3952eb-scaled.jpg","contentUrl":"https:\/\/www.librairieclavreuil.com\/wp-content\/uploads\/2024\/04\/erasmus-darwin-zoonomie-ou-lois-de-la-vie-organique-traduit-de-l-anglais-par-j-f-kluyskens-2531-6579abe3952eb-scaled.jpg","width":2016,"height":2560},{"@type":"BreadcrumbList","@id":"https:\/\/www.librairieclavreuil.com\/produit\/zoonomie-ou-lois-de-la-vie-organique-traduit-de-langlais-par-j-f-kluyskens-erasmus-darwin\/#breadcrumb","itemListElement":[{"@type":"ListItem","position":1,"name":"Accueil","item":"https:\/\/www.librairieclavreuil.com\/"},{"@type":"ListItem","position":2,"name":"All our books","item":"https:\/\/www.librairieclavreuil.com\/en\/all-our-books\/"},{"@type":"ListItem","position":3,"name":"DARWIN Erasmus Zoonomie ou lois de la vie..."}]},{"@type":"WebSite","@id":"https:\/\/www.librairieclavreuil.com\/#website","url":"https:\/\/www.librairieclavreuil.com\/","name":"Libairie Clavreuil","description":"Livres anciens, manuscrits rares et \u00e9ditions originales \u2013 Librairie Clavreuil","publisher":{"@id":"https:\/\/www.librairieclavreuil.com\/#organization"},"potentialAction":[{"@type":"SearchAction","target":{"@type":"EntryPoint","urlTemplate":"https:\/\/www.librairieclavreuil.com\/?s={search_term_string}"},"query-input":{"@type":"PropertyValueSpecification","valueRequired":true,"valueName":"search_term_string"}}],"inLanguage":"en-US"},{"@type":"Organization","@id":"https:\/\/www.librairieclavreuil.com\/#organization","name":"Libairie Clavreuil","url":"https:\/\/www.librairieclavreuil.com\/","logo":{"@type":"ImageObject","inLanguage":"en-US","@id":"https:\/\/www.librairieclavreuil.com\/#\/schema\/logo\/image\/","url":"https:\/\/www.librairieclavreuil.com\/wp-content\/uploads\/2021\/06\/cropped-LOGO_PNG_DATE-_gold-512x512-1.png","contentUrl":"https:\/\/www.librairieclavreuil.com\/wp-content\/uploads\/2021\/06\/cropped-LOGO_PNG_DATE-_gold-512x512-1.png","width":512,"height":512,"caption":"Libairie Clavreuil"},"image":{"@id":"https:\/\/www.librairieclavreuil.com\/#\/schema\/logo\/image\/"},"sameAs":["https:\/\/www.instagram.com\/librairieclavreuil\/"]}]}},"jetpack_sharing_enabled":true,"_links":{"self":[{"href":"https:\/\/www.librairieclavreuil.com\/en\/wp-json\/wp\/v2\/product\/72302","targetHints":{"allow":["GET"]}}],"collection":[{"href":"https:\/\/www.librairieclavreuil.com\/en\/wp-json\/wp\/v2\/product"}],"about":[{"href":"https:\/\/www.librairieclavreuil.com\/en\/wp-json\/wp\/v2\/types\/product"}],"replies":[{"embeddable":true,"href":"https:\/\/www.librairieclavreuil.com\/en\/wp-json\/wp\/v2\/comments?post=72302"}],"wp:featuredmedia":[{"embeddable":true,"href":"https:\/\/www.librairieclavreuil.com\/en\/wp-json\/wp\/v2\/media\/72293"}],"wp:attachment":[{"href":"https:\/\/www.librairieclavreuil.com\/en\/wp-json\/wp\/v2\/media?parent=72302"}],"wp:term":[{"taxonomy":"product_brand","embeddable":true,"href":"https:\/\/www.librairieclavreuil.com\/en\/wp-json\/wp\/v2\/product_brand?post=72302"},{"taxonomy":"product_cat","embeddable":true,"href":"https:\/\/www.librairieclavreuil.com\/en\/wp-json\/wp\/v2\/product_cat?post=72302"},{"taxonomy":"product_tag","embeddable":true,"href":"https:\/\/www.librairieclavreuil.com\/en\/wp-json\/wp\/v2\/product_tag?post=72302"}],"curies":[{"name":"wp","href":"https:\/\/api.w.org\/{rel}","templated":true}]}}