{"id":72282,"date":"2024-04-17T12:13:27","date_gmt":"2024-04-17T10:13:27","guid":{"rendered":"https:\/\/clavreuil-wordpress.logiciel-arteo.fr\/lecons-de-physique-experimentale-abbe-nollet\/"},"modified":"2024-06-27T15:43:34","modified_gmt":"2024-06-27T13:43:34","slug":"lecons-de-physique-experimentale-abbe-nollet","status":"publish","type":"product","link":"https:\/\/www.librairieclavreuil.com\/en\/lecons-de-physique-experimentale-abbe-nollet\/","title":{"rendered":"NOLLET Jean-Antoine, abb\u00e9 Le\u00e7ons de physique exp\u00e9rimentale."},"content":{"rendered":"<p><i>DSB, X, 147-148.<\/i><\/p>\n<p style=\"text-align:justify\">Complete set, illustrated with an engraved frntispiece and 116 egraved plates. Abb\u00e9 Nollet&#8217;s public lectures (1700-1770) helped popularize and disseminate physics discoveries in the mid-18th century.&nbsp;<\/p>\n<p style=\"text-align:justify\">&#8220;With carefully orchestrated demonstrations performed on 350 different instruments, the abb\u00e9 entertained his enthusiastic auditors as, in the spirit of the Enlightenment, he undertook to dispel their &#8216;vulgar errors, extravagant fears and faith in the marvelous&#8217;. These were not mere shows, as one sees from their expanded syllabus, the famous Le\u00e7ons de physique&#8230; The presentations are lively, comprehensive, and up-to-date, with full directions for realizing the effects under study and excellent illustrations of apparatus&#8221; (DSB).<\/p>\n<p style=\"text-align:justify\">This famous work, originally published in 1743, was very successful and was reprinted many times. The illustrations, both precise and suggestive, show the operations and numerous instruments described in the text. The frontispiece, depicting Abb\u00e9 Nollet performing an experiment in the presence of a distinguished audience, is one of the first iconographic documents to establish science as an object of culture and mundaine social life. As is often the case, the six volumes, uniformly bound at the time, come from different editions: the sixth for volumes I to III, the third for volume IV, the second for volumes V and VI.<\/p>\n<p style=\"text-align:justify\">A very good copy, well preseved in its contemporary binding.<\/p>\n","protected":false},"excerpt":{"rendered":"<p style=\"text-align:justify\">6 volumes, 12mo (170 x 97 mm). Contemporary marbled calf, spine gilt with raised bands, spine labels in red and black morocco, red edges<\/p>\n","protected":false},"featured_media":72271,"comment_status":"open","ping_status":"closed","template":"","meta":{"_acf_changed":false},"product_brand":[],"product_cat":[550],"product_tag":[1335],"class_list":{"0":"post-72282","1":"product","2":"type-product","3":"status-publish","4":"has-post-thumbnail","6":"product_cat-science","7":"product_tag-physics","8":"pa_auteur-nollet-jean-antoine-abbe-2","9":"pa_type-de-livre-printed-book","11":"first","12":"instock","13":"shipping-taxable","14":"purchasable","15":"product-type-simple"},"acf":{"artist":"Jean-Antoine, abb\u00e9 NOLLET","chapeau":"","adresse_bibliographique":"Paris, Durand, ou Gu\u00e9rin & Delatour, 1757-1765","book_type":"Printed book","provenance":"","afficher_prix":""},"yoast_head":"<!-- This site is optimized with the Yoast SEO plugin v24.7 - https:\/\/yoast.com\/wordpress\/plugins\/seo\/ -->\n<title>NOLLET Jean-Antoine, abb\u00e9 Le\u00e7ons de physique exp\u00e9rimentale. - Libairie Clavreuil<\/title>\n<meta name=\"robots\" content=\"index, follow, max-snippet:-1, max-image-preview:large, max-video-preview:-1\" \/>\n<link rel=\"canonical\" href=\"https:\/\/www.librairieclavreuil.com\/en\/lecons-de-physique-experimentale-abbe-nollet\/\" \/>\n<meta property=\"og:locale\" content=\"en_US\" \/>\n<meta property=\"og:type\" content=\"article\" \/>\n<meta property=\"og:title\" content=\"NOLLET Jean-Antoine, abb\u00e9 Le\u00e7ons de physique exp\u00e9rimentale. - Libairie Clavreuil\" \/>\n<meta property=\"og:description\" content=\"6 volumes, 12mo (170 x 97 mm). Contemporary marbled calf, spine gilt with raised bands, spine labels in red and black morocco, red edges\" \/>\n<meta property=\"og:url\" content=\"https:\/\/www.librairieclavreuil.com\/en\/lecons-de-physique-experimentale-abbe-nollet\/\" \/>\n<meta property=\"og:site_name\" content=\"Libairie Clavreuil\" \/>\n<meta property=\"article:modified_time\" content=\"2024-06-27T13:43:34+00:00\" \/>\n<meta property=\"og:image\" content=\"https:\/\/www.librairieclavreuil.com\/wp-content\/uploads\/2024\/04\/abbe-nollet-lecons-de-physique-experimentale-4251-6579939474316-scaled.jpg\" \/>\n\t<meta property=\"og:image:width\" content=\"1629\" \/>\n\t<meta property=\"og:image:height\" content=\"2560\" \/>\n\t<meta property=\"og:image:type\" content=\"image\/jpeg\" \/>\n<meta name=\"twitter:card\" content=\"summary_large_image\" \/>\n<meta name=\"twitter:label1\" content=\"Est. reading time\" \/>\n\t<meta name=\"twitter:data1\" content=\"1 minute\" \/>\n<script type=\"application\/ld+json\" class=\"yoast-schema-graph\">{\"@context\":\"https:\/\/schema.org\",\"@graph\":[{\"@type\":\"WebPage\",\"@id\":\"https:\/\/www.librairieclavreuil.com\/en\/lecons-de-physique-experimentale-abbe-nollet\/\",\"url\":\"https:\/\/www.librairieclavreuil.com\/en\/lecons-de-physique-experimentale-abbe-nollet\/\",\"name\":\"NOLLET Jean-Antoine, abb\u00e9 Le\u00e7ons de physique exp\u00e9rimentale. - Libairie Clavreuil\",\"isPartOf\":{\"@id\":\"https:\/\/www.librairieclavreuil.com\/#website\"},\"primaryImageOfPage\":{\"@id\":\"https:\/\/www.librairieclavreuil.com\/en\/lecons-de-physique-experimentale-abbe-nollet\/#primaryimage\"},\"image\":{\"@id\":\"https:\/\/www.librairieclavreuil.com\/en\/lecons-de-physique-experimentale-abbe-nollet\/#primaryimage\"},\"thumbnailUrl\":\"https:\/\/www.librairieclavreuil.com\/wp-content\/uploads\/2024\/04\/abbe-nollet-lecons-de-physique-experimentale-4251-6579939474316-scaled.jpg\",\"datePublished\":\"2024-04-17T10:13:27+00:00\",\"dateModified\":\"2024-06-27T13:43:34+00:00\",\"breadcrumb\":{\"@id\":\"https:\/\/www.librairieclavreuil.com\/en\/lecons-de-physique-experimentale-abbe-nollet\/#breadcrumb\"},\"inLanguage\":\"en-US\",\"potentialAction\":[{\"@type\":\"ReadAction\",\"target\":[\"https:\/\/www.librairieclavreuil.com\/en\/lecons-de-physique-experimentale-abbe-nollet\/\"]}]},{\"@type\":\"ImageObject\",\"inLanguage\":\"en-US\",\"@id\":\"https:\/\/www.librairieclavreuil.com\/en\/lecons-de-physique-experimentale-abbe-nollet\/#primaryimage\",\"url\":\"https:\/\/www.librairieclavreuil.com\/wp-content\/uploads\/2024\/04\/abbe-nollet-lecons-de-physique-experimentale-4251-6579939474316-scaled.jpg\",\"contentUrl\":\"https:\/\/www.librairieclavreuil.com\/wp-content\/uploads\/2024\/04\/abbe-nollet-lecons-de-physique-experimentale-4251-6579939474316-scaled.jpg\",\"width\":1629,\"height\":2560},{\"@type\":\"BreadcrumbList\",\"@id\":\"https:\/\/www.librairieclavreuil.com\/en\/lecons-de-physique-experimentale-abbe-nollet\/#breadcrumb\",\"itemListElement\":[{\"@type\":\"ListItem\",\"position\":1,\"name\":\"Accueil\",\"item\":\"https:\/\/www.librairieclavreuil.com\/\"},{\"@type\":\"ListItem\",\"position\":2,\"name\":\"All our books\",\"item\":\"https:\/\/www.librairieclavreuil.com\/en\/all-our-books\/\"},{\"@type\":\"ListItem\",\"position\":3,\"name\":\"NOLLET Jean-Antoine, abb\u00e9 Le\u00e7ons de physique exp\u00e9rimentale.\"}]},{\"@type\":\"WebSite\",\"@id\":\"https:\/\/www.librairieclavreuil.com\/#website\",\"url\":\"https:\/\/www.librairieclavreuil.com\/\",\"name\":\"Libairie Clavreuil\",\"description\":\"Livres anciens, manuscrits rares et \u00e9ditions originales \u2013 Librairie Clavreuil\",\"publisher\":{\"@id\":\"https:\/\/www.librairieclavreuil.com\/#organization\"},\"potentialAction\":[{\"@type\":\"SearchAction\",\"target\":{\"@type\":\"EntryPoint\",\"urlTemplate\":\"https:\/\/www.librairieclavreuil.com\/?s={search_term_string}\"},\"query-input\":{\"@type\":\"PropertyValueSpecification\",\"valueRequired\":true,\"valueName\":\"search_term_string\"}}],\"inLanguage\":\"en-US\"},{\"@type\":\"Organization\",\"@id\":\"https:\/\/www.librairieclavreuil.com\/#organization\",\"name\":\"Libairie Clavreuil\",\"url\":\"https:\/\/www.librairieclavreuil.com\/\",\"logo\":{\"@type\":\"ImageObject\",\"inLanguage\":\"en-US\",\"@id\":\"https:\/\/www.librairieclavreuil.com\/#\/schema\/logo\/image\/\",\"url\":\"https:\/\/www.librairieclavreuil.com\/wp-content\/uploads\/2021\/06\/cropped-LOGO_PNG_DATE-_gold-512x512-1.png\",\"contentUrl\":\"https:\/\/www.librairieclavreuil.com\/wp-content\/uploads\/2021\/06\/cropped-LOGO_PNG_DATE-_gold-512x512-1.png\",\"width\":512,\"height\":512,\"caption\":\"Libairie Clavreuil\"},\"image\":{\"@id\":\"https:\/\/www.librairieclavreuil.com\/#\/schema\/logo\/image\/\"},\"sameAs\":[\"https:\/\/www.instagram.com\/librairieclavreuil\/\"]}]}<\/script>\n<!-- \/ Yoast SEO plugin. -->","yoast_head_json":{"title":"NOLLET Jean-Antoine, abb\u00e9 Le\u00e7ons de physique exp\u00e9rimentale. - Libairie Clavreuil","robots":{"index":"index","follow":"follow","max-snippet":"max-snippet:-1","max-image-preview":"max-image-preview:large","max-video-preview":"max-video-preview:-1"},"canonical":"https:\/\/www.librairieclavreuil.com\/en\/lecons-de-physique-experimentale-abbe-nollet\/","og_locale":"en_US","og_type":"article","og_title":"NOLLET Jean-Antoine, abb\u00e9 Le\u00e7ons de physique exp\u00e9rimentale. - Libairie Clavreuil","og_description":"6 volumes, 12mo (170 x 97 mm). Contemporary marbled calf, spine gilt with raised bands, spine labels in red and black morocco, red edges","og_url":"https:\/\/www.librairieclavreuil.com\/en\/lecons-de-physique-experimentale-abbe-nollet\/","og_site_name":"Libairie Clavreuil","article_modified_time":"2024-06-27T13:43:34+00:00","og_image":[{"width":1629,"height":2560,"url":"https:\/\/www.librairieclavreuil.com\/wp-content\/uploads\/2024\/04\/abbe-nollet-lecons-de-physique-experimentale-4251-6579939474316-scaled.jpg","type":"image\/jpeg"}],"twitter_card":"summary_large_image","twitter_misc":{"Est. reading time":"1 minute"},"schema":{"@context":"https:\/\/schema.org","@graph":[{"@type":"WebPage","@id":"https:\/\/www.librairieclavreuil.com\/en\/lecons-de-physique-experimentale-abbe-nollet\/","url":"https:\/\/www.librairieclavreuil.com\/en\/lecons-de-physique-experimentale-abbe-nollet\/","name":"NOLLET Jean-Antoine, abb\u00e9 Le\u00e7ons de physique exp\u00e9rimentale. - Libairie Clavreuil","isPartOf":{"@id":"https:\/\/www.librairieclavreuil.com\/#website"},"primaryImageOfPage":{"@id":"https:\/\/www.librairieclavreuil.com\/en\/lecons-de-physique-experimentale-abbe-nollet\/#primaryimage"},"image":{"@id":"https:\/\/www.librairieclavreuil.com\/en\/lecons-de-physique-experimentale-abbe-nollet\/#primaryimage"},"thumbnailUrl":"https:\/\/www.librairieclavreuil.com\/wp-content\/uploads\/2024\/04\/abbe-nollet-lecons-de-physique-experimentale-4251-6579939474316-scaled.jpg","datePublished":"2024-04-17T10:13:27+00:00","dateModified":"2024-06-27T13:43:34+00:00","breadcrumb":{"@id":"https:\/\/www.librairieclavreuil.com\/en\/lecons-de-physique-experimentale-abbe-nollet\/#breadcrumb"},"inLanguage":"en-US","potentialAction":[{"@type":"ReadAction","target":["https:\/\/www.librairieclavreuil.com\/en\/lecons-de-physique-experimentale-abbe-nollet\/"]}]},{"@type":"ImageObject","inLanguage":"en-US","@id":"https:\/\/www.librairieclavreuil.com\/en\/lecons-de-physique-experimentale-abbe-nollet\/#primaryimage","url":"https:\/\/www.librairieclavreuil.com\/wp-content\/uploads\/2024\/04\/abbe-nollet-lecons-de-physique-experimentale-4251-6579939474316-scaled.jpg","contentUrl":"https:\/\/www.librairieclavreuil.com\/wp-content\/uploads\/2024\/04\/abbe-nollet-lecons-de-physique-experimentale-4251-6579939474316-scaled.jpg","width":1629,"height":2560},{"@type":"BreadcrumbList","@id":"https:\/\/www.librairieclavreuil.com\/en\/lecons-de-physique-experimentale-abbe-nollet\/#breadcrumb","itemListElement":[{"@type":"ListItem","position":1,"name":"Accueil","item":"https:\/\/www.librairieclavreuil.com\/"},{"@type":"ListItem","position":2,"name":"All our books","item":"https:\/\/www.librairieclavreuil.com\/en\/all-our-books\/"},{"@type":"ListItem","position":3,"name":"NOLLET Jean-Antoine, abb\u00e9 Le\u00e7ons de physique exp\u00e9rimentale."}]},{"@type":"WebSite","@id":"https:\/\/www.librairieclavreuil.com\/#website","url":"https:\/\/www.librairieclavreuil.com\/","name":"Libairie Clavreuil","description":"Livres anciens, manuscrits rares et \u00e9ditions originales \u2013 Librairie Clavreuil","publisher":{"@id":"https:\/\/www.librairieclavreuil.com\/#organization"},"potentialAction":[{"@type":"SearchAction","target":{"@type":"EntryPoint","urlTemplate":"https:\/\/www.librairieclavreuil.com\/?s={search_term_string}"},"query-input":{"@type":"PropertyValueSpecification","valueRequired":true,"valueName":"search_term_string"}}],"inLanguage":"en-US"},{"@type":"Organization","@id":"https:\/\/www.librairieclavreuil.com\/#organization","name":"Libairie Clavreuil","url":"https:\/\/www.librairieclavreuil.com\/","logo":{"@type":"ImageObject","inLanguage":"en-US","@id":"https:\/\/www.librairieclavreuil.com\/#\/schema\/logo\/image\/","url":"https:\/\/www.librairieclavreuil.com\/wp-content\/uploads\/2021\/06\/cropped-LOGO_PNG_DATE-_gold-512x512-1.png","contentUrl":"https:\/\/www.librairieclavreuil.com\/wp-content\/uploads\/2021\/06\/cropped-LOGO_PNG_DATE-_gold-512x512-1.png","width":512,"height":512,"caption":"Libairie Clavreuil"},"image":{"@id":"https:\/\/www.librairieclavreuil.com\/#\/schema\/logo\/image\/"},"sameAs":["https:\/\/www.instagram.com\/librairieclavreuil\/"]}]}},"jetpack_sharing_enabled":true,"_links":{"self":[{"href":"https:\/\/www.librairieclavreuil.com\/en\/wp-json\/wp\/v2\/product\/72282","targetHints":{"allow":["GET"]}}],"collection":[{"href":"https:\/\/www.librairieclavreuil.com\/en\/wp-json\/wp\/v2\/product"}],"about":[{"href":"https:\/\/www.librairieclavreuil.com\/en\/wp-json\/wp\/v2\/types\/product"}],"replies":[{"embeddable":true,"href":"https:\/\/www.librairieclavreuil.com\/en\/wp-json\/wp\/v2\/comments?post=72282"}],"wp:featuredmedia":[{"embeddable":true,"href":"https:\/\/www.librairieclavreuil.com\/en\/wp-json\/wp\/v2\/media\/72271"}],"wp:attachment":[{"href":"https:\/\/www.librairieclavreuil.com\/en\/wp-json\/wp\/v2\/media?parent=72282"}],"wp:term":[{"taxonomy":"product_brand","embeddable":true,"href":"https:\/\/www.librairieclavreuil.com\/en\/wp-json\/wp\/v2\/product_brand?post=72282"},{"taxonomy":"product_cat","embeddable":true,"href":"https:\/\/www.librairieclavreuil.com\/en\/wp-json\/wp\/v2\/product_cat?post=72282"},{"taxonomy":"product_tag","embeddable":true,"href":"https:\/\/www.librairieclavreuil.com\/en\/wp-json\/wp\/v2\/product_tag?post=72282"}],"curies":[{"name":"wp","href":"https:\/\/api.w.org\/{rel}","templated":true}]}}