{"id":72214,"date":"2024-04-17T11:41:43","date_gmt":"2024-04-17T09:41:43","guid":{"rendered":"https:\/\/clavreuil-wordpress.logiciel-arteo.fr\/notions-elementaires-doptique-jean-paul-marat\/"},"modified":"2024-06-27T15:43:59","modified_gmt":"2024-06-27T13:43:59","slug":"notions-elementaires-doptique-jean-paul-marat","status":"publish","type":"product","link":"https:\/\/www.librairieclavreuil.com\/en\/notions-elementaires-doptique-jean-paul-marat\/","title":{"rendered":"MARAT Jean Paul Notions \u00e9l\u00e9mentaires d&#8217;optique."},"content":{"rendered":"<p style=\"text-align:justify\"><i>Chevremont, p. 15.<\/i><\/p>\n<p style=\"text-align:justify\">First edition.<\/p>\n<p style=\"text-align:justify\">Jean-Paul Marat (1743-1793), a doctor, physicist, journalist and politician, prepared numerous experiments in his private mansion on the rue de Bourgogne and counted Benjamin Franklin among his guests. He was personal physician to the Count of Artois until 1784.<\/p>\n<p style=\"text-align:justify\">An added half title with&nbsp;<i>Oeuvres de Marat.<\/i><\/p>\n<p style=\"text-align:justify\"><strong>[Bound with:]<\/strong><\/p>\n<p style=\"text-align:justify\"><strong>MARAT, Jean-Paul.<\/strong> D\u00e9couvertes&#8230;sur le feu, l&#8217;\u00e9lectricit\u00e9 et la lumi\u00e8re, Constat\u00e9es par une suite d&#8217;Exp\u00e9riences nouvelles qui viennent d&#8217;\u00eatre v\u00e9rifi\u00e9es par MM. les Commissaires de l&#8217;Acad\u00e9mie des Sciences. <i>Paris, Imp. de Clousier, 1779<\/i>. 8vo of 3 unn.l and 38 pp.<\/p>\n<p style=\"text-align:justify\"><i>Chevremont, p. 14.<\/i><\/p>\n<p style=\"text-align:justify\">Second edition published the same year as the first.&nbsp;<\/p>\n","protected":false},"excerpt":{"rendered":"<p>8vo (197 x 125 mm) de 1 unn.l. (added), IV, 44 pp., 2 engarved plates, and 2 unn.l. Half blond sheep (<i>19<sup>th<\/sup> century binding<\/i>).<\/p>\n","protected":false},"featured_media":72207,"comment_status":"open","ping_status":"closed","template":"","meta":{"_acf_changed":false},"product_brand":[],"product_cat":[550],"product_tag":[608,1450,1339,610,1335],"class_list":{"0":"post-72214","1":"product","2":"type-product","3":"status-publish","4":"has-post-thumbnail","6":"product_cat-science","7":"product_tag-electricity","8":"product_tag-first-edition","9":"product_tag-general-physics","10":"product_tag-optical","11":"product_tag-physics","12":"pa_auteur-marat-jean-paul-2","13":"pa_type-de-livre-printed-book","15":"first","16":"instock","17":"shipping-taxable","18":"purchasable","19":"product-type-simple"},"acf":{"artist":" Jean Paul MARAT","chapeau":"","adresse_bibliographique":"Paris, Didot, Moutard, 1784","book_type":"Printed book","provenance":"Dr. Maurice Villaret (book-plate).","afficher_prix":""},"yoast_head":"<!-- This site is optimized with the Yoast SEO plugin v24.7 - https:\/\/yoast.com\/wordpress\/plugins\/seo\/ -->\n<title>MARAT Jean Paul Notions \u00e9l\u00e9mentaires d&#039;optique. - Libairie Clavreuil<\/title>\n<meta name=\"robots\" content=\"index, follow, max-snippet:-1, max-image-preview:large, max-video-preview:-1\" \/>\n<link rel=\"canonical\" href=\"https:\/\/www.librairieclavreuil.com\/produit\/notions-elementaires-doptique-jean-paul-marat\/\" \/>\n<meta property=\"og:locale\" content=\"en_US\" \/>\n<meta property=\"og:type\" content=\"article\" \/>\n<meta property=\"og:title\" content=\"MARAT Jean Paul Notions \u00e9l\u00e9mentaires d&#039;optique. - Libairie Clavreuil\" \/>\n<meta property=\"og:description\" content=\"8vo (197 x 125 mm) de 1 unn.l. (added), IV, 44 pp., 2 engarved plates, and 2 unn.l. Half blond sheep (19th century binding).\" \/>\n<meta property=\"og:url\" content=\"https:\/\/www.librairieclavreuil.com\/produit\/notions-elementaires-doptique-jean-paul-marat\/\" \/>\n<meta property=\"og:site_name\" content=\"Libairie Clavreuil\" \/>\n<meta property=\"article:modified_time\" content=\"2024-06-27T13:43:59+00:00\" \/>\n<meta property=\"og:image\" content=\"https:\/\/www.librairieclavreuil.com\/wp-content\/uploads\/2024\/04\/jean-paul-marat-notions-elementaires-d-optique-2837-65798a3745dbc-scaled.jpg\" \/>\n\t<meta property=\"og:image:width\" content=\"1920\" \/>\n\t<meta property=\"og:image:height\" content=\"2560\" \/>\n\t<meta property=\"og:image:type\" content=\"image\/jpeg\" \/>\n<meta name=\"twitter:card\" content=\"summary_large_image\" \/>\n<meta name=\"twitter:label1\" content=\"Est. reading time\" \/>\n\t<meta name=\"twitter:data1\" content=\"1 minute\" \/>\n<script type=\"application\/ld+json\" class=\"yoast-schema-graph\">{\"@context\":\"https:\/\/schema.org\",\"@graph\":[{\"@type\":\"WebPage\",\"@id\":\"https:\/\/www.librairieclavreuil.com\/produit\/notions-elementaires-doptique-jean-paul-marat\/\",\"url\":\"https:\/\/www.librairieclavreuil.com\/produit\/notions-elementaires-doptique-jean-paul-marat\/\",\"name\":\"MARAT Jean Paul Notions \u00e9l\u00e9mentaires d'optique. - Libairie Clavreuil\",\"isPartOf\":{\"@id\":\"https:\/\/www.librairieclavreuil.com\/#website\"},\"primaryImageOfPage\":{\"@id\":\"https:\/\/www.librairieclavreuil.com\/produit\/notions-elementaires-doptique-jean-paul-marat\/#primaryimage\"},\"image\":{\"@id\":\"https:\/\/www.librairieclavreuil.com\/produit\/notions-elementaires-doptique-jean-paul-marat\/#primaryimage\"},\"thumbnailUrl\":\"https:\/\/www.librairieclavreuil.com\/wp-content\/uploads\/2024\/04\/jean-paul-marat-notions-elementaires-d-optique-2837-65798a3745dbc-scaled.jpg\",\"datePublished\":\"2024-04-17T09:41:43+00:00\",\"dateModified\":\"2024-06-27T13:43:59+00:00\",\"breadcrumb\":{\"@id\":\"https:\/\/www.librairieclavreuil.com\/produit\/notions-elementaires-doptique-jean-paul-marat\/#breadcrumb\"},\"inLanguage\":\"en-US\",\"potentialAction\":[{\"@type\":\"ReadAction\",\"target\":[\"https:\/\/www.librairieclavreuil.com\/produit\/notions-elementaires-doptique-jean-paul-marat\/\"]}]},{\"@type\":\"ImageObject\",\"inLanguage\":\"en-US\",\"@id\":\"https:\/\/www.librairieclavreuil.com\/produit\/notions-elementaires-doptique-jean-paul-marat\/#primaryimage\",\"url\":\"https:\/\/www.librairieclavreuil.com\/wp-content\/uploads\/2024\/04\/jean-paul-marat-notions-elementaires-d-optique-2837-65798a3745dbc-scaled.jpg\",\"contentUrl\":\"https:\/\/www.librairieclavreuil.com\/wp-content\/uploads\/2024\/04\/jean-paul-marat-notions-elementaires-d-optique-2837-65798a3745dbc-scaled.jpg\",\"width\":1920,\"height\":2560},{\"@type\":\"BreadcrumbList\",\"@id\":\"https:\/\/www.librairieclavreuil.com\/produit\/notions-elementaires-doptique-jean-paul-marat\/#breadcrumb\",\"itemListElement\":[{\"@type\":\"ListItem\",\"position\":1,\"name\":\"Accueil\",\"item\":\"https:\/\/www.librairieclavreuil.com\/\"},{\"@type\":\"ListItem\",\"position\":2,\"name\":\"All our books\",\"item\":\"https:\/\/www.librairieclavreuil.com\/en\/all-our-books\/\"},{\"@type\":\"ListItem\",\"position\":3,\"name\":\"MARAT Jean Paul Notions \u00e9l\u00e9mentaires d&rsquo;optique.\"}]},{\"@type\":\"WebSite\",\"@id\":\"https:\/\/www.librairieclavreuil.com\/#website\",\"url\":\"https:\/\/www.librairieclavreuil.com\/\",\"name\":\"Libairie Clavreuil\",\"description\":\"Livres anciens, manuscrits rares et \u00e9ditions originales \u2013 Librairie Clavreuil\",\"publisher\":{\"@id\":\"https:\/\/www.librairieclavreuil.com\/#organization\"},\"potentialAction\":[{\"@type\":\"SearchAction\",\"target\":{\"@type\":\"EntryPoint\",\"urlTemplate\":\"https:\/\/www.librairieclavreuil.com\/?s={search_term_string}\"},\"query-input\":{\"@type\":\"PropertyValueSpecification\",\"valueRequired\":true,\"valueName\":\"search_term_string\"}}],\"inLanguage\":\"en-US\"},{\"@type\":\"Organization\",\"@id\":\"https:\/\/www.librairieclavreuil.com\/#organization\",\"name\":\"Libairie Clavreuil\",\"url\":\"https:\/\/www.librairieclavreuil.com\/\",\"logo\":{\"@type\":\"ImageObject\",\"inLanguage\":\"en-US\",\"@id\":\"https:\/\/www.librairieclavreuil.com\/#\/schema\/logo\/image\/\",\"url\":\"https:\/\/www.librairieclavreuil.com\/wp-content\/uploads\/2021\/06\/cropped-LOGO_PNG_DATE-_gold-512x512-1.png\",\"contentUrl\":\"https:\/\/www.librairieclavreuil.com\/wp-content\/uploads\/2021\/06\/cropped-LOGO_PNG_DATE-_gold-512x512-1.png\",\"width\":512,\"height\":512,\"caption\":\"Libairie Clavreuil\"},\"image\":{\"@id\":\"https:\/\/www.librairieclavreuil.com\/#\/schema\/logo\/image\/\"},\"sameAs\":[\"https:\/\/www.instagram.com\/librairieclavreuil\/\"]}]}<\/script>\n<!-- \/ Yoast SEO plugin. -->","yoast_head_json":{"title":"MARAT Jean Paul Notions \u00e9l\u00e9mentaires d'optique. - Libairie Clavreuil","robots":{"index":"index","follow":"follow","max-snippet":"max-snippet:-1","max-image-preview":"max-image-preview:large","max-video-preview":"max-video-preview:-1"},"canonical":"https:\/\/www.librairieclavreuil.com\/produit\/notions-elementaires-doptique-jean-paul-marat\/","og_locale":"en_US","og_type":"article","og_title":"MARAT Jean Paul Notions \u00e9l\u00e9mentaires d'optique. - Libairie Clavreuil","og_description":"8vo (197 x 125 mm) de 1 unn.l. (added), IV, 44 pp., 2 engarved plates, and 2 unn.l. Half blond sheep (19th century binding).","og_url":"https:\/\/www.librairieclavreuil.com\/produit\/notions-elementaires-doptique-jean-paul-marat\/","og_site_name":"Libairie Clavreuil","article_modified_time":"2024-06-27T13:43:59+00:00","og_image":[{"width":1920,"height":2560,"url":"https:\/\/www.librairieclavreuil.com\/wp-content\/uploads\/2024\/04\/jean-paul-marat-notions-elementaires-d-optique-2837-65798a3745dbc-scaled.jpg","type":"image\/jpeg"}],"twitter_card":"summary_large_image","twitter_misc":{"Est. reading time":"1 minute"},"schema":{"@context":"https:\/\/schema.org","@graph":[{"@type":"WebPage","@id":"https:\/\/www.librairieclavreuil.com\/produit\/notions-elementaires-doptique-jean-paul-marat\/","url":"https:\/\/www.librairieclavreuil.com\/produit\/notions-elementaires-doptique-jean-paul-marat\/","name":"MARAT Jean Paul Notions \u00e9l\u00e9mentaires d'optique. - Libairie Clavreuil","isPartOf":{"@id":"https:\/\/www.librairieclavreuil.com\/#website"},"primaryImageOfPage":{"@id":"https:\/\/www.librairieclavreuil.com\/produit\/notions-elementaires-doptique-jean-paul-marat\/#primaryimage"},"image":{"@id":"https:\/\/www.librairieclavreuil.com\/produit\/notions-elementaires-doptique-jean-paul-marat\/#primaryimage"},"thumbnailUrl":"https:\/\/www.librairieclavreuil.com\/wp-content\/uploads\/2024\/04\/jean-paul-marat-notions-elementaires-d-optique-2837-65798a3745dbc-scaled.jpg","datePublished":"2024-04-17T09:41:43+00:00","dateModified":"2024-06-27T13:43:59+00:00","breadcrumb":{"@id":"https:\/\/www.librairieclavreuil.com\/produit\/notions-elementaires-doptique-jean-paul-marat\/#breadcrumb"},"inLanguage":"en-US","potentialAction":[{"@type":"ReadAction","target":["https:\/\/www.librairieclavreuil.com\/produit\/notions-elementaires-doptique-jean-paul-marat\/"]}]},{"@type":"ImageObject","inLanguage":"en-US","@id":"https:\/\/www.librairieclavreuil.com\/produit\/notions-elementaires-doptique-jean-paul-marat\/#primaryimage","url":"https:\/\/www.librairieclavreuil.com\/wp-content\/uploads\/2024\/04\/jean-paul-marat-notions-elementaires-d-optique-2837-65798a3745dbc-scaled.jpg","contentUrl":"https:\/\/www.librairieclavreuil.com\/wp-content\/uploads\/2024\/04\/jean-paul-marat-notions-elementaires-d-optique-2837-65798a3745dbc-scaled.jpg","width":1920,"height":2560},{"@type":"BreadcrumbList","@id":"https:\/\/www.librairieclavreuil.com\/produit\/notions-elementaires-doptique-jean-paul-marat\/#breadcrumb","itemListElement":[{"@type":"ListItem","position":1,"name":"Accueil","item":"https:\/\/www.librairieclavreuil.com\/"},{"@type":"ListItem","position":2,"name":"All our books","item":"https:\/\/www.librairieclavreuil.com\/en\/all-our-books\/"},{"@type":"ListItem","position":3,"name":"MARAT Jean Paul Notions \u00e9l\u00e9mentaires d&rsquo;optique."}]},{"@type":"WebSite","@id":"https:\/\/www.librairieclavreuil.com\/#website","url":"https:\/\/www.librairieclavreuil.com\/","name":"Libairie Clavreuil","description":"Livres anciens, manuscrits rares et \u00e9ditions originales \u2013 Librairie Clavreuil","publisher":{"@id":"https:\/\/www.librairieclavreuil.com\/#organization"},"potentialAction":[{"@type":"SearchAction","target":{"@type":"EntryPoint","urlTemplate":"https:\/\/www.librairieclavreuil.com\/?s={search_term_string}"},"query-input":{"@type":"PropertyValueSpecification","valueRequired":true,"valueName":"search_term_string"}}],"inLanguage":"en-US"},{"@type":"Organization","@id":"https:\/\/www.librairieclavreuil.com\/#organization","name":"Libairie Clavreuil","url":"https:\/\/www.librairieclavreuil.com\/","logo":{"@type":"ImageObject","inLanguage":"en-US","@id":"https:\/\/www.librairieclavreuil.com\/#\/schema\/logo\/image\/","url":"https:\/\/www.librairieclavreuil.com\/wp-content\/uploads\/2021\/06\/cropped-LOGO_PNG_DATE-_gold-512x512-1.png","contentUrl":"https:\/\/www.librairieclavreuil.com\/wp-content\/uploads\/2021\/06\/cropped-LOGO_PNG_DATE-_gold-512x512-1.png","width":512,"height":512,"caption":"Libairie Clavreuil"},"image":{"@id":"https:\/\/www.librairieclavreuil.com\/#\/schema\/logo\/image\/"},"sameAs":["https:\/\/www.instagram.com\/librairieclavreuil\/"]}]}},"jetpack_sharing_enabled":true,"_links":{"self":[{"href":"https:\/\/www.librairieclavreuil.com\/en\/wp-json\/wp\/v2\/product\/72214","targetHints":{"allow":["GET"]}}],"collection":[{"href":"https:\/\/www.librairieclavreuil.com\/en\/wp-json\/wp\/v2\/product"}],"about":[{"href":"https:\/\/www.librairieclavreuil.com\/en\/wp-json\/wp\/v2\/types\/product"}],"replies":[{"embeddable":true,"href":"https:\/\/www.librairieclavreuil.com\/en\/wp-json\/wp\/v2\/comments?post=72214"}],"wp:featuredmedia":[{"embeddable":true,"href":"https:\/\/www.librairieclavreuil.com\/en\/wp-json\/wp\/v2\/media\/72207"}],"wp:attachment":[{"href":"https:\/\/www.librairieclavreuil.com\/en\/wp-json\/wp\/v2\/media?parent=72214"}],"wp:term":[{"taxonomy":"product_brand","embeddable":true,"href":"https:\/\/www.librairieclavreuil.com\/en\/wp-json\/wp\/v2\/product_brand?post=72214"},{"taxonomy":"product_cat","embeddable":true,"href":"https:\/\/www.librairieclavreuil.com\/en\/wp-json\/wp\/v2\/product_cat?post=72214"},{"taxonomy":"product_tag","embeddable":true,"href":"https:\/\/www.librairieclavreuil.com\/en\/wp-json\/wp\/v2\/product_tag?post=72214"}],"curies":[{"name":"wp","href":"https:\/\/api.w.org\/{rel}","templated":true}]}}