{"id":72206,"date":"2024-04-17T11:41:04","date_gmt":"2024-04-17T09:41:04","guid":{"rendered":"https:\/\/clavreuil-wordpress.logiciel-arteo.fr\/memoire-sur-quelques-nouvelles-proprietes-des-axes-permanens-de-rotation-des-corps-et-des-plans-directeurs-de-ces-axes-andre-marie-ampere\/"},"modified":"2024-06-27T15:43:50","modified_gmt":"2024-06-27T13:43:50","slug":"memoire-sur-quelques-nouvelles-proprietes-des-axes-permanens-de-rotation-des-corps-et-des-plans-directeurs-de-ces-axes-andre-marie-ampere","status":"publish","type":"product","link":"https:\/\/www.librairieclavreuil.com\/en\/memoire-sur-quelques-nouvelles-proprietes-des-axes-permanens-de-rotation-des-corps-et-des-plans-directeurs-de-ces-axes-andre-marie-ampere\/","title":{"rendered":"AMP\u00c8RE Andr\u00e9 Marie M\u00e9moire sur quelques nouvelles propri\u00e9t\u00e9s..."},"content":{"rendered":"<p style=\"text-align:justify\"><i>DSB, I, 139-146.<\/i><\/p>\n<p style=\"text-align:justify\">First separate edition.<\/p>\n<p>This Memoir, which first appeared in the collection of the Acad\u00e9mie des Sciences, has been enlarged here with &#8220;corrections et additions qui me paroissent importantes&#8221;, Amp\u00e8re states in a note on the back of the title. He refers to Euler&#8217;s work on the same subject.<\/p>\n<p>Stamps of Jesuit colleges on the title.<\/p>\n<p>Minor worming restored in the margin of the last leaves.<\/p>\n","protected":false},"excerpt":{"rendered":"<p>4to (254 x 194 mm)&nbsp; 80 pp. Modern boards.<\/p>\n","protected":false},"featured_media":72201,"comment_status":"open","ping_status":"closed","template":"","meta":{"_acf_changed":false},"product_brand":[],"product_cat":[550],"product_tag":[947,1331,1330],"class_list":{"0":"post-72206","1":"product","2":"type-product","3":"status-publish","4":"has-post-thumbnail","6":"product_cat-science","7":"product_tag-algebra","8":"product_tag-geometry","9":"product_tag-mathematics","10":"pa_auteur-ampere-andre-marie-2","11":"pa_type-de-livre-printed-book","13":"first","14":"instock","15":"shipping-taxable","16":"purchasable","17":"product-type-simple"},"acf":{"artist":" Andr\u00e9 Marie AMP\u00c8RE","chapeau":"","adresse_bibliographique":"Paris, Imprimerie Royale, 1823","book_type":"Printed book","provenance":"","afficher_prix":""},"yoast_head":"<!-- This site is optimized with the Yoast SEO plugin v24.7 - https:\/\/yoast.com\/wordpress\/plugins\/seo\/ -->\n<title>AMP\u00c8RE Andr\u00e9 Marie M\u00e9moire sur quelques nouvelles propri\u00e9t\u00e9s des axes permanens de rotation des corps et des plans directeurs de ces axes. - Libairie Clavreuil<\/title>\n<meta name=\"robots\" content=\"index, follow, max-snippet:-1, max-image-preview:large, max-video-preview:-1\" \/>\n<link rel=\"canonical\" href=\"https:\/\/www.librairieclavreuil.com\/produit\/memoire-sur-quelques-nouvelles-proprietes-des-axes-permanens-de-rotation-des-corps-et-des-plans-directeurs-de-ces-axes-andre-marie-ampere\/\" \/>\n<meta property=\"og:locale\" content=\"en_US\" \/>\n<meta property=\"og:type\" content=\"article\" \/>\n<meta property=\"og:title\" content=\"AMP\u00c8RE Andr\u00e9 Marie M\u00e9moire sur quelques nouvelles propri\u00e9t\u00e9s des axes permanens de rotation des corps et des plans directeurs de ces axes. - Libairie Clavreuil\" \/>\n<meta property=\"og:description\" content=\"4to (254 x 194 mm)&nbsp; 80 pp. Modern boards.\" \/>\n<meta property=\"og:url\" content=\"https:\/\/www.librairieclavreuil.com\/produit\/memoire-sur-quelques-nouvelles-proprietes-des-axes-permanens-de-rotation-des-corps-et-des-plans-directeurs-de-ces-axes-andre-marie-ampere\/\" \/>\n<meta property=\"og:site_name\" content=\"Libairie Clavreuil\" \/>\n<meta property=\"article:modified_time\" content=\"2024-06-27T13:43:50+00:00\" \/>\n<meta property=\"og:image\" content=\"https:\/\/www.librairieclavreuil.com\/wp-content\/uploads\/2024\/04\/andre-marie-ampere-memoire-sur-quelques-nouvelles-proprietes-des-axes-permanens-de-rotation-des-corps-et-des-plans-directeurs-de-ces-axes-2517-6579883-scaled.jpg\" \/>\n\t<meta property=\"og:image:width\" content=\"1868\" \/>\n\t<meta property=\"og:image:height\" content=\"2560\" \/>\n\t<meta property=\"og:image:type\" content=\"image\/jpeg\" \/>\n<meta name=\"twitter:card\" content=\"summary_large_image\" \/>\n<script type=\"application\/ld+json\" class=\"yoast-schema-graph\">{\"@context\":\"https:\/\/schema.org\",\"@graph\":[{\"@type\":\"WebPage\",\"@id\":\"https:\/\/www.librairieclavreuil.com\/produit\/memoire-sur-quelques-nouvelles-proprietes-des-axes-permanens-de-rotation-des-corps-et-des-plans-directeurs-de-ces-axes-andre-marie-ampere\/\",\"url\":\"https:\/\/www.librairieclavreuil.com\/produit\/memoire-sur-quelques-nouvelles-proprietes-des-axes-permanens-de-rotation-des-corps-et-des-plans-directeurs-de-ces-axes-andre-marie-ampere\/\",\"name\":\"AMP\u00c8RE Andr\u00e9 Marie M\u00e9moire sur quelques nouvelles propri\u00e9t\u00e9s des axes permanens de rotation des corps et des plans directeurs de ces axes. - Libairie Clavreuil\",\"isPartOf\":{\"@id\":\"https:\/\/www.librairieclavreuil.com\/#website\"},\"primaryImageOfPage\":{\"@id\":\"https:\/\/www.librairieclavreuil.com\/produit\/memoire-sur-quelques-nouvelles-proprietes-des-axes-permanens-de-rotation-des-corps-et-des-plans-directeurs-de-ces-axes-andre-marie-ampere\/#primaryimage\"},\"image\":{\"@id\":\"https:\/\/www.librairieclavreuil.com\/produit\/memoire-sur-quelques-nouvelles-proprietes-des-axes-permanens-de-rotation-des-corps-et-des-plans-directeurs-de-ces-axes-andre-marie-ampere\/#primaryimage\"},\"thumbnailUrl\":\"https:\/\/www.librairieclavreuil.com\/wp-content\/uploads\/2024\/04\/andre-marie-ampere-memoire-sur-quelques-nouvelles-proprietes-des-axes-permanens-de-rotation-des-corps-et-des-plans-directeurs-de-ces-axes-2517-6579883-scaled.jpg\",\"datePublished\":\"2024-04-17T09:41:04+00:00\",\"dateModified\":\"2024-06-27T13:43:50+00:00\",\"breadcrumb\":{\"@id\":\"https:\/\/www.librairieclavreuil.com\/produit\/memoire-sur-quelques-nouvelles-proprietes-des-axes-permanens-de-rotation-des-corps-et-des-plans-directeurs-de-ces-axes-andre-marie-ampere\/#breadcrumb\"},\"inLanguage\":\"en-US\",\"potentialAction\":[{\"@type\":\"ReadAction\",\"target\":[\"https:\/\/www.librairieclavreuil.com\/produit\/memoire-sur-quelques-nouvelles-proprietes-des-axes-permanens-de-rotation-des-corps-et-des-plans-directeurs-de-ces-axes-andre-marie-ampere\/\"]}]},{\"@type\":\"ImageObject\",\"inLanguage\":\"en-US\",\"@id\":\"https:\/\/www.librairieclavreuil.com\/produit\/memoire-sur-quelques-nouvelles-proprietes-des-axes-permanens-de-rotation-des-corps-et-des-plans-directeurs-de-ces-axes-andre-marie-ampere\/#primaryimage\",\"url\":\"https:\/\/www.librairieclavreuil.com\/wp-content\/uploads\/2024\/04\/andre-marie-ampere-memoire-sur-quelques-nouvelles-proprietes-des-axes-permanens-de-rotation-des-corps-et-des-plans-directeurs-de-ces-axes-2517-6579883-scaled.jpg\",\"contentUrl\":\"https:\/\/www.librairieclavreuil.com\/wp-content\/uploads\/2024\/04\/andre-marie-ampere-memoire-sur-quelques-nouvelles-proprietes-des-axes-permanens-de-rotation-des-corps-et-des-plans-directeurs-de-ces-axes-2517-6579883-scaled.jpg\",\"width\":1868,\"height\":2560},{\"@type\":\"BreadcrumbList\",\"@id\":\"https:\/\/www.librairieclavreuil.com\/produit\/memoire-sur-quelques-nouvelles-proprietes-des-axes-permanens-de-rotation-des-corps-et-des-plans-directeurs-de-ces-axes-andre-marie-ampere\/#breadcrumb\",\"itemListElement\":[{\"@type\":\"ListItem\",\"position\":1,\"name\":\"Accueil\",\"item\":\"https:\/\/www.librairieclavreuil.com\/\"},{\"@type\":\"ListItem\",\"position\":2,\"name\":\"All our books\",\"item\":\"https:\/\/www.librairieclavreuil.com\/en\/all-our-books\/\"},{\"@type\":\"ListItem\",\"position\":3,\"name\":\"AMP\u00c8RE Andr\u00e9 Marie M\u00e9moire sur quelques nouvelles propri\u00e9t\u00e9s...\"}]},{\"@type\":\"WebSite\",\"@id\":\"https:\/\/www.librairieclavreuil.com\/#website\",\"url\":\"https:\/\/www.librairieclavreuil.com\/\",\"name\":\"Libairie Clavreuil\",\"description\":\"Livres anciens, manuscrits rares et \u00e9ditions originales \u2013 Librairie Clavreuil\",\"publisher\":{\"@id\":\"https:\/\/www.librairieclavreuil.com\/#organization\"},\"potentialAction\":[{\"@type\":\"SearchAction\",\"target\":{\"@type\":\"EntryPoint\",\"urlTemplate\":\"https:\/\/www.librairieclavreuil.com\/?s={search_term_string}\"},\"query-input\":{\"@type\":\"PropertyValueSpecification\",\"valueRequired\":true,\"valueName\":\"search_term_string\"}}],\"inLanguage\":\"en-US\"},{\"@type\":\"Organization\",\"@id\":\"https:\/\/www.librairieclavreuil.com\/#organization\",\"name\":\"Libairie Clavreuil\",\"url\":\"https:\/\/www.librairieclavreuil.com\/\",\"logo\":{\"@type\":\"ImageObject\",\"inLanguage\":\"en-US\",\"@id\":\"https:\/\/www.librairieclavreuil.com\/#\/schema\/logo\/image\/\",\"url\":\"https:\/\/www.librairieclavreuil.com\/wp-content\/uploads\/2021\/06\/cropped-LOGO_PNG_DATE-_gold-512x512-1.png\",\"contentUrl\":\"https:\/\/www.librairieclavreuil.com\/wp-content\/uploads\/2021\/06\/cropped-LOGO_PNG_DATE-_gold-512x512-1.png\",\"width\":512,\"height\":512,\"caption\":\"Libairie Clavreuil\"},\"image\":{\"@id\":\"https:\/\/www.librairieclavreuil.com\/#\/schema\/logo\/image\/\"},\"sameAs\":[\"https:\/\/www.instagram.com\/librairieclavreuil\/\"]}]}<\/script>\n<!-- \/ Yoast SEO plugin. -->","yoast_head_json":{"title":"AMP\u00c8RE Andr\u00e9 Marie M\u00e9moire sur quelques nouvelles propri\u00e9t\u00e9s des axes permanens de rotation des corps et des plans directeurs de ces axes. - Libairie Clavreuil","robots":{"index":"index","follow":"follow","max-snippet":"max-snippet:-1","max-image-preview":"max-image-preview:large","max-video-preview":"max-video-preview:-1"},"canonical":"https:\/\/www.librairieclavreuil.com\/produit\/memoire-sur-quelques-nouvelles-proprietes-des-axes-permanens-de-rotation-des-corps-et-des-plans-directeurs-de-ces-axes-andre-marie-ampere\/","og_locale":"en_US","og_type":"article","og_title":"AMP\u00c8RE Andr\u00e9 Marie M\u00e9moire sur quelques nouvelles propri\u00e9t\u00e9s des axes permanens de rotation des corps et des plans directeurs de ces axes. - Libairie Clavreuil","og_description":"4to (254 x 194 mm)&nbsp; 80 pp. Modern boards.","og_url":"https:\/\/www.librairieclavreuil.com\/produit\/memoire-sur-quelques-nouvelles-proprietes-des-axes-permanens-de-rotation-des-corps-et-des-plans-directeurs-de-ces-axes-andre-marie-ampere\/","og_site_name":"Libairie Clavreuil","article_modified_time":"2024-06-27T13:43:50+00:00","og_image":[{"width":1868,"height":2560,"url":"https:\/\/www.librairieclavreuil.com\/wp-content\/uploads\/2024\/04\/andre-marie-ampere-memoire-sur-quelques-nouvelles-proprietes-des-axes-permanens-de-rotation-des-corps-et-des-plans-directeurs-de-ces-axes-2517-6579883-scaled.jpg","type":"image\/jpeg"}],"twitter_card":"summary_large_image","schema":{"@context":"https:\/\/schema.org","@graph":[{"@type":"WebPage","@id":"https:\/\/www.librairieclavreuil.com\/produit\/memoire-sur-quelques-nouvelles-proprietes-des-axes-permanens-de-rotation-des-corps-et-des-plans-directeurs-de-ces-axes-andre-marie-ampere\/","url":"https:\/\/www.librairieclavreuil.com\/produit\/memoire-sur-quelques-nouvelles-proprietes-des-axes-permanens-de-rotation-des-corps-et-des-plans-directeurs-de-ces-axes-andre-marie-ampere\/","name":"AMP\u00c8RE Andr\u00e9 Marie M\u00e9moire sur quelques nouvelles propri\u00e9t\u00e9s des axes permanens de rotation des corps et des plans directeurs de ces axes. - Libairie Clavreuil","isPartOf":{"@id":"https:\/\/www.librairieclavreuil.com\/#website"},"primaryImageOfPage":{"@id":"https:\/\/www.librairieclavreuil.com\/produit\/memoire-sur-quelques-nouvelles-proprietes-des-axes-permanens-de-rotation-des-corps-et-des-plans-directeurs-de-ces-axes-andre-marie-ampere\/#primaryimage"},"image":{"@id":"https:\/\/www.librairieclavreuil.com\/produit\/memoire-sur-quelques-nouvelles-proprietes-des-axes-permanens-de-rotation-des-corps-et-des-plans-directeurs-de-ces-axes-andre-marie-ampere\/#primaryimage"},"thumbnailUrl":"https:\/\/www.librairieclavreuil.com\/wp-content\/uploads\/2024\/04\/andre-marie-ampere-memoire-sur-quelques-nouvelles-proprietes-des-axes-permanens-de-rotation-des-corps-et-des-plans-directeurs-de-ces-axes-2517-6579883-scaled.jpg","datePublished":"2024-04-17T09:41:04+00:00","dateModified":"2024-06-27T13:43:50+00:00","breadcrumb":{"@id":"https:\/\/www.librairieclavreuil.com\/produit\/memoire-sur-quelques-nouvelles-proprietes-des-axes-permanens-de-rotation-des-corps-et-des-plans-directeurs-de-ces-axes-andre-marie-ampere\/#breadcrumb"},"inLanguage":"en-US","potentialAction":[{"@type":"ReadAction","target":["https:\/\/www.librairieclavreuil.com\/produit\/memoire-sur-quelques-nouvelles-proprietes-des-axes-permanens-de-rotation-des-corps-et-des-plans-directeurs-de-ces-axes-andre-marie-ampere\/"]}]},{"@type":"ImageObject","inLanguage":"en-US","@id":"https:\/\/www.librairieclavreuil.com\/produit\/memoire-sur-quelques-nouvelles-proprietes-des-axes-permanens-de-rotation-des-corps-et-des-plans-directeurs-de-ces-axes-andre-marie-ampere\/#primaryimage","url":"https:\/\/www.librairieclavreuil.com\/wp-content\/uploads\/2024\/04\/andre-marie-ampere-memoire-sur-quelques-nouvelles-proprietes-des-axes-permanens-de-rotation-des-corps-et-des-plans-directeurs-de-ces-axes-2517-6579883-scaled.jpg","contentUrl":"https:\/\/www.librairieclavreuil.com\/wp-content\/uploads\/2024\/04\/andre-marie-ampere-memoire-sur-quelques-nouvelles-proprietes-des-axes-permanens-de-rotation-des-corps-et-des-plans-directeurs-de-ces-axes-2517-6579883-scaled.jpg","width":1868,"height":2560},{"@type":"BreadcrumbList","@id":"https:\/\/www.librairieclavreuil.com\/produit\/memoire-sur-quelques-nouvelles-proprietes-des-axes-permanens-de-rotation-des-corps-et-des-plans-directeurs-de-ces-axes-andre-marie-ampere\/#breadcrumb","itemListElement":[{"@type":"ListItem","position":1,"name":"Accueil","item":"https:\/\/www.librairieclavreuil.com\/"},{"@type":"ListItem","position":2,"name":"All our books","item":"https:\/\/www.librairieclavreuil.com\/en\/all-our-books\/"},{"@type":"ListItem","position":3,"name":"AMP\u00c8RE Andr\u00e9 Marie M\u00e9moire sur quelques nouvelles propri\u00e9t\u00e9s..."}]},{"@type":"WebSite","@id":"https:\/\/www.librairieclavreuil.com\/#website","url":"https:\/\/www.librairieclavreuil.com\/","name":"Libairie Clavreuil","description":"Livres anciens, manuscrits rares et \u00e9ditions originales \u2013 Librairie Clavreuil","publisher":{"@id":"https:\/\/www.librairieclavreuil.com\/#organization"},"potentialAction":[{"@type":"SearchAction","target":{"@type":"EntryPoint","urlTemplate":"https:\/\/www.librairieclavreuil.com\/?s={search_term_string}"},"query-input":{"@type":"PropertyValueSpecification","valueRequired":true,"valueName":"search_term_string"}}],"inLanguage":"en-US"},{"@type":"Organization","@id":"https:\/\/www.librairieclavreuil.com\/#organization","name":"Libairie Clavreuil","url":"https:\/\/www.librairieclavreuil.com\/","logo":{"@type":"ImageObject","inLanguage":"en-US","@id":"https:\/\/www.librairieclavreuil.com\/#\/schema\/logo\/image\/","url":"https:\/\/www.librairieclavreuil.com\/wp-content\/uploads\/2021\/06\/cropped-LOGO_PNG_DATE-_gold-512x512-1.png","contentUrl":"https:\/\/www.librairieclavreuil.com\/wp-content\/uploads\/2021\/06\/cropped-LOGO_PNG_DATE-_gold-512x512-1.png","width":512,"height":512,"caption":"Libairie Clavreuil"},"image":{"@id":"https:\/\/www.librairieclavreuil.com\/#\/schema\/logo\/image\/"},"sameAs":["https:\/\/www.instagram.com\/librairieclavreuil\/"]}]}},"jetpack_sharing_enabled":true,"_links":{"self":[{"href":"https:\/\/www.librairieclavreuil.com\/en\/wp-json\/wp\/v2\/product\/72206","targetHints":{"allow":["GET"]}}],"collection":[{"href":"https:\/\/www.librairieclavreuil.com\/en\/wp-json\/wp\/v2\/product"}],"about":[{"href":"https:\/\/www.librairieclavreuil.com\/en\/wp-json\/wp\/v2\/types\/product"}],"replies":[{"embeddable":true,"href":"https:\/\/www.librairieclavreuil.com\/en\/wp-json\/wp\/v2\/comments?post=72206"}],"wp:featuredmedia":[{"embeddable":true,"href":"https:\/\/www.librairieclavreuil.com\/en\/wp-json\/wp\/v2\/media\/72201"}],"wp:attachment":[{"href":"https:\/\/www.librairieclavreuil.com\/en\/wp-json\/wp\/v2\/media?parent=72206"}],"wp:term":[{"taxonomy":"product_brand","embeddable":true,"href":"https:\/\/www.librairieclavreuil.com\/en\/wp-json\/wp\/v2\/product_brand?post=72206"},{"taxonomy":"product_cat","embeddable":true,"href":"https:\/\/www.librairieclavreuil.com\/en\/wp-json\/wp\/v2\/product_cat?post=72206"},{"taxonomy":"product_tag","embeddable":true,"href":"https:\/\/www.librairieclavreuil.com\/en\/wp-json\/wp\/v2\/product_tag?post=72206"}],"curies":[{"name":"wp","href":"https:\/\/api.w.org\/{rel}","templated":true}]}}