{"id":72003,"date":"2024-04-12T16:38:08","date_gmt":"2024-04-12T14:38:08","guid":{"rendered":"https:\/\/clavreuil-wordpress.logiciel-arteo.fr\/product\/elemens-de-mineralogie-docimastique-balthazar-georges-sage\/"},"modified":"2024-07-15T17:51:13","modified_gmt":"2024-07-15T15:51:13","slug":"elemens-de-mineralogie-docimastique-balthazar-georges-sage","status":"publish","type":"product","link":"https:\/\/www.librairieclavreuil.com\/en\/elemens-de-mineralogie-docimastique-balthazar-georges-sage\/","title":{"rendered":"SAGE Balthazar-Georges \u00c9l\u00e9mens de Min\u00e9ralogie docimastique."},"content":{"rendered":"<p><i>Neville II, p. 413 ; Hoover, 708 ; Sinkankas, 5683.<\/i><\/p>\n<p>Second, enlarged edition (the first, published in 1772, comprised only one volume).<\/p>\n<p>The work, based on Sage&#8217;s lectures at the Ecole des Mines, is divided into three parts: the last part, entirely devoted to the mineralogy of metals occupies the entire second volume.<\/p>\n<p>&#8220;The substanitally enlarged second edition of this work on assaying and mineralogical chemistry. It is based on the courses given by Sage at the Paris Mint and the \u00c9cole Royale des Mines. Many experiments described in the first edition have been repeated and the results corrected&#8221; (Neville).<\/p>\n<p>First 4 leaves of second volume restored touching the lower part with the imprint on the title page.<\/p>\n","protected":false},"excerpt":{"rendered":"<p>2 volumes 8vo (197 x 120 mm) portrait, XLVII, 339 pp. for volume I; 1 nn.l., 400 and XLVI pp., 1 plate, 1 folding table, and the errata leaf for volume II. Modern half-calf, bound in style.<\/p>\n","protected":false},"featured_media":71996,"comment_status":"open","ping_status":"closed","template":"","meta":{"_acf_changed":false},"product_brand":[],"product_cat":[540],"product_tag":[572,554],"class_list":{"0":"post-72003","1":"product","2":"type-product","3":"status-publish","4":"has-post-thumbnail","6":"product_cat-natural-history","7":"product_tag-gemmology","8":"product_tag-mineralogy","9":"pa_auteur-sage-balthazar-georges-2","10":"pa_type-de-livre-printed-book","12":"first","13":"instock","14":"shipping-taxable","15":"purchasable","16":"product-type-simple"},"acf":{"artist":" Balthazar-Georges SAGE","chapeau":"","adresse_bibliographique":"Paris, Imp. Royale, 1777","book_type":"Printed book","provenance":"","afficher_prix":""},"yoast_head":"<!-- This site is optimized with the Yoast SEO plugin v24.7 - https:\/\/yoast.com\/wordpress\/plugins\/seo\/ -->\n<title>SAGE Balthazar-Georges \u00c9l\u00e9mens de Min\u00e9ralogie docimastique. - Libairie Clavreuil<\/title>\n<meta name=\"robots\" content=\"index, follow, max-snippet:-1, max-image-preview:large, max-video-preview:-1\" \/>\n<link rel=\"canonical\" href=\"https:\/\/www.librairieclavreuil.com\/produit\/elemens-de-mineralogie-docimastique-balthazar-georges-sage\/\" \/>\n<meta property=\"og:locale\" content=\"en_US\" \/>\n<meta property=\"og:type\" content=\"article\" \/>\n<meta property=\"og:title\" content=\"SAGE Balthazar-Georges \u00c9l\u00e9mens de Min\u00e9ralogie docimastique. - Libairie Clavreuil\" \/>\n<meta property=\"og:description\" content=\"2 volumes 8vo (197 x 120 mm) portrait, XLVII, 339 pp. for volume I; 1 nn.l., 400 and XLVI pp., 1 plate, 1 folding table, and the errata leaf for volume II. Modern half-calf, bound in style.\" \/>\n<meta property=\"og:url\" content=\"https:\/\/www.librairieclavreuil.com\/produit\/elemens-de-mineralogie-docimastique-balthazar-georges-sage\/\" \/>\n<meta property=\"og:site_name\" content=\"Libairie Clavreuil\" \/>\n<meta property=\"article:modified_time\" content=\"2024-07-15T15:51:13+00:00\" \/>\n<meta property=\"og:image\" content=\"https:\/\/www.librairieclavreuil.com\/wp-content\/uploads\/2024\/04\/balthazar-georges-sage-elemens-de-mineralogie-docimastique-4167-66150a3b2ccde-scaled.jpg\" \/>\n\t<meta property=\"og:image:width\" content=\"1920\" \/>\n\t<meta property=\"og:image:height\" content=\"2560\" \/>\n\t<meta property=\"og:image:type\" content=\"image\/jpeg\" \/>\n<meta name=\"twitter:card\" content=\"summary_large_image\" \/>\n<meta name=\"twitter:label1\" content=\"Est. reading time\" \/>\n\t<meta name=\"twitter:data1\" content=\"1 minute\" \/>\n<script type=\"application\/ld+json\" class=\"yoast-schema-graph\">{\"@context\":\"https:\/\/schema.org\",\"@graph\":[{\"@type\":\"WebPage\",\"@id\":\"https:\/\/www.librairieclavreuil.com\/produit\/elemens-de-mineralogie-docimastique-balthazar-georges-sage\/\",\"url\":\"https:\/\/www.librairieclavreuil.com\/produit\/elemens-de-mineralogie-docimastique-balthazar-georges-sage\/\",\"name\":\"SAGE Balthazar-Georges \u00c9l\u00e9mens de Min\u00e9ralogie docimastique. - Libairie Clavreuil\",\"isPartOf\":{\"@id\":\"https:\/\/www.librairieclavreuil.com\/#website\"},\"primaryImageOfPage\":{\"@id\":\"https:\/\/www.librairieclavreuil.com\/produit\/elemens-de-mineralogie-docimastique-balthazar-georges-sage\/#primaryimage\"},\"image\":{\"@id\":\"https:\/\/www.librairieclavreuil.com\/produit\/elemens-de-mineralogie-docimastique-balthazar-georges-sage\/#primaryimage\"},\"thumbnailUrl\":\"https:\/\/www.librairieclavreuil.com\/wp-content\/uploads\/2024\/04\/balthazar-georges-sage-elemens-de-mineralogie-docimastique-4167-66150a3b2ccde-scaled.jpg\",\"datePublished\":\"2024-04-12T14:38:08+00:00\",\"dateModified\":\"2024-07-15T15:51:13+00:00\",\"breadcrumb\":{\"@id\":\"https:\/\/www.librairieclavreuil.com\/produit\/elemens-de-mineralogie-docimastique-balthazar-georges-sage\/#breadcrumb\"},\"inLanguage\":\"en-US\",\"potentialAction\":[{\"@type\":\"ReadAction\",\"target\":[\"https:\/\/www.librairieclavreuil.com\/produit\/elemens-de-mineralogie-docimastique-balthazar-georges-sage\/\"]}]},{\"@type\":\"ImageObject\",\"inLanguage\":\"en-US\",\"@id\":\"https:\/\/www.librairieclavreuil.com\/produit\/elemens-de-mineralogie-docimastique-balthazar-georges-sage\/#primaryimage\",\"url\":\"https:\/\/www.librairieclavreuil.com\/wp-content\/uploads\/2024\/04\/balthazar-georges-sage-elemens-de-mineralogie-docimastique-4167-66150a3b2ccde-scaled.jpg\",\"contentUrl\":\"https:\/\/www.librairieclavreuil.com\/wp-content\/uploads\/2024\/04\/balthazar-georges-sage-elemens-de-mineralogie-docimastique-4167-66150a3b2ccde-scaled.jpg\",\"width\":1920,\"height\":2560},{\"@type\":\"BreadcrumbList\",\"@id\":\"https:\/\/www.librairieclavreuil.com\/produit\/elemens-de-mineralogie-docimastique-balthazar-georges-sage\/#breadcrumb\",\"itemListElement\":[{\"@type\":\"ListItem\",\"position\":1,\"name\":\"Accueil\",\"item\":\"https:\/\/www.librairieclavreuil.com\/\"},{\"@type\":\"ListItem\",\"position\":2,\"name\":\"All our books\",\"item\":\"https:\/\/www.librairieclavreuil.com\/en\/all-our-books\/\"},{\"@type\":\"ListItem\",\"position\":3,\"name\":\"SAGE Balthazar-Georges \u00c9l\u00e9mens de Min\u00e9ralogie docimastique.\"}]},{\"@type\":\"WebSite\",\"@id\":\"https:\/\/www.librairieclavreuil.com\/#website\",\"url\":\"https:\/\/www.librairieclavreuil.com\/\",\"name\":\"Libairie Clavreuil\",\"description\":\"Livres anciens, manuscrits rares et \u00e9ditions originales \u2013 Librairie Clavreuil\",\"publisher\":{\"@id\":\"https:\/\/www.librairieclavreuil.com\/#organization\"},\"potentialAction\":[{\"@type\":\"SearchAction\",\"target\":{\"@type\":\"EntryPoint\",\"urlTemplate\":\"https:\/\/www.librairieclavreuil.com\/?s={search_term_string}\"},\"query-input\":{\"@type\":\"PropertyValueSpecification\",\"valueRequired\":true,\"valueName\":\"search_term_string\"}}],\"inLanguage\":\"en-US\"},{\"@type\":\"Organization\",\"@id\":\"https:\/\/www.librairieclavreuil.com\/#organization\",\"name\":\"Libairie Clavreuil\",\"url\":\"https:\/\/www.librairieclavreuil.com\/\",\"logo\":{\"@type\":\"ImageObject\",\"inLanguage\":\"en-US\",\"@id\":\"https:\/\/www.librairieclavreuil.com\/#\/schema\/logo\/image\/\",\"url\":\"https:\/\/www.librairieclavreuil.com\/wp-content\/uploads\/2021\/06\/cropped-LOGO_PNG_DATE-_gold-512x512-1.png\",\"contentUrl\":\"https:\/\/www.librairieclavreuil.com\/wp-content\/uploads\/2021\/06\/cropped-LOGO_PNG_DATE-_gold-512x512-1.png\",\"width\":512,\"height\":512,\"caption\":\"Libairie Clavreuil\"},\"image\":{\"@id\":\"https:\/\/www.librairieclavreuil.com\/#\/schema\/logo\/image\/\"},\"sameAs\":[\"https:\/\/www.instagram.com\/librairieclavreuil\/\"]}]}<\/script>\n<!-- \/ Yoast SEO plugin. -->","yoast_head_json":{"title":"SAGE Balthazar-Georges \u00c9l\u00e9mens de Min\u00e9ralogie docimastique. - Libairie Clavreuil","robots":{"index":"index","follow":"follow","max-snippet":"max-snippet:-1","max-image-preview":"max-image-preview:large","max-video-preview":"max-video-preview:-1"},"canonical":"https:\/\/www.librairieclavreuil.com\/produit\/elemens-de-mineralogie-docimastique-balthazar-georges-sage\/","og_locale":"en_US","og_type":"article","og_title":"SAGE Balthazar-Georges \u00c9l\u00e9mens de Min\u00e9ralogie docimastique. - Libairie Clavreuil","og_description":"2 volumes 8vo (197 x 120 mm) portrait, XLVII, 339 pp. for volume I; 1 nn.l., 400 and XLVI pp., 1 plate, 1 folding table, and the errata leaf for volume II. Modern half-calf, bound in style.","og_url":"https:\/\/www.librairieclavreuil.com\/produit\/elemens-de-mineralogie-docimastique-balthazar-georges-sage\/","og_site_name":"Libairie Clavreuil","article_modified_time":"2024-07-15T15:51:13+00:00","og_image":[{"width":1920,"height":2560,"url":"https:\/\/www.librairieclavreuil.com\/wp-content\/uploads\/2024\/04\/balthazar-georges-sage-elemens-de-mineralogie-docimastique-4167-66150a3b2ccde-scaled.jpg","type":"image\/jpeg"}],"twitter_card":"summary_large_image","twitter_misc":{"Est. reading time":"1 minute"},"schema":{"@context":"https:\/\/schema.org","@graph":[{"@type":"WebPage","@id":"https:\/\/www.librairieclavreuil.com\/produit\/elemens-de-mineralogie-docimastique-balthazar-georges-sage\/","url":"https:\/\/www.librairieclavreuil.com\/produit\/elemens-de-mineralogie-docimastique-balthazar-georges-sage\/","name":"SAGE Balthazar-Georges \u00c9l\u00e9mens de Min\u00e9ralogie docimastique. - Libairie Clavreuil","isPartOf":{"@id":"https:\/\/www.librairieclavreuil.com\/#website"},"primaryImageOfPage":{"@id":"https:\/\/www.librairieclavreuil.com\/produit\/elemens-de-mineralogie-docimastique-balthazar-georges-sage\/#primaryimage"},"image":{"@id":"https:\/\/www.librairieclavreuil.com\/produit\/elemens-de-mineralogie-docimastique-balthazar-georges-sage\/#primaryimage"},"thumbnailUrl":"https:\/\/www.librairieclavreuil.com\/wp-content\/uploads\/2024\/04\/balthazar-georges-sage-elemens-de-mineralogie-docimastique-4167-66150a3b2ccde-scaled.jpg","datePublished":"2024-04-12T14:38:08+00:00","dateModified":"2024-07-15T15:51:13+00:00","breadcrumb":{"@id":"https:\/\/www.librairieclavreuil.com\/produit\/elemens-de-mineralogie-docimastique-balthazar-georges-sage\/#breadcrumb"},"inLanguage":"en-US","potentialAction":[{"@type":"ReadAction","target":["https:\/\/www.librairieclavreuil.com\/produit\/elemens-de-mineralogie-docimastique-balthazar-georges-sage\/"]}]},{"@type":"ImageObject","inLanguage":"en-US","@id":"https:\/\/www.librairieclavreuil.com\/produit\/elemens-de-mineralogie-docimastique-balthazar-georges-sage\/#primaryimage","url":"https:\/\/www.librairieclavreuil.com\/wp-content\/uploads\/2024\/04\/balthazar-georges-sage-elemens-de-mineralogie-docimastique-4167-66150a3b2ccde-scaled.jpg","contentUrl":"https:\/\/www.librairieclavreuil.com\/wp-content\/uploads\/2024\/04\/balthazar-georges-sage-elemens-de-mineralogie-docimastique-4167-66150a3b2ccde-scaled.jpg","width":1920,"height":2560},{"@type":"BreadcrumbList","@id":"https:\/\/www.librairieclavreuil.com\/produit\/elemens-de-mineralogie-docimastique-balthazar-georges-sage\/#breadcrumb","itemListElement":[{"@type":"ListItem","position":1,"name":"Accueil","item":"https:\/\/www.librairieclavreuil.com\/"},{"@type":"ListItem","position":2,"name":"All our books","item":"https:\/\/www.librairieclavreuil.com\/en\/all-our-books\/"},{"@type":"ListItem","position":3,"name":"SAGE Balthazar-Georges \u00c9l\u00e9mens de Min\u00e9ralogie docimastique."}]},{"@type":"WebSite","@id":"https:\/\/www.librairieclavreuil.com\/#website","url":"https:\/\/www.librairieclavreuil.com\/","name":"Libairie Clavreuil","description":"Livres anciens, manuscrits rares et \u00e9ditions originales \u2013 Librairie Clavreuil","publisher":{"@id":"https:\/\/www.librairieclavreuil.com\/#organization"},"potentialAction":[{"@type":"SearchAction","target":{"@type":"EntryPoint","urlTemplate":"https:\/\/www.librairieclavreuil.com\/?s={search_term_string}"},"query-input":{"@type":"PropertyValueSpecification","valueRequired":true,"valueName":"search_term_string"}}],"inLanguage":"en-US"},{"@type":"Organization","@id":"https:\/\/www.librairieclavreuil.com\/#organization","name":"Libairie Clavreuil","url":"https:\/\/www.librairieclavreuil.com\/","logo":{"@type":"ImageObject","inLanguage":"en-US","@id":"https:\/\/www.librairieclavreuil.com\/#\/schema\/logo\/image\/","url":"https:\/\/www.librairieclavreuil.com\/wp-content\/uploads\/2021\/06\/cropped-LOGO_PNG_DATE-_gold-512x512-1.png","contentUrl":"https:\/\/www.librairieclavreuil.com\/wp-content\/uploads\/2021\/06\/cropped-LOGO_PNG_DATE-_gold-512x512-1.png","width":512,"height":512,"caption":"Libairie Clavreuil"},"image":{"@id":"https:\/\/www.librairieclavreuil.com\/#\/schema\/logo\/image\/"},"sameAs":["https:\/\/www.instagram.com\/librairieclavreuil\/"]}]}},"jetpack_sharing_enabled":true,"_links":{"self":[{"href":"https:\/\/www.librairieclavreuil.com\/en\/wp-json\/wp\/v2\/product\/72003","targetHints":{"allow":["GET"]}}],"collection":[{"href":"https:\/\/www.librairieclavreuil.com\/en\/wp-json\/wp\/v2\/product"}],"about":[{"href":"https:\/\/www.librairieclavreuil.com\/en\/wp-json\/wp\/v2\/types\/product"}],"replies":[{"embeddable":true,"href":"https:\/\/www.librairieclavreuil.com\/en\/wp-json\/wp\/v2\/comments?post=72003"}],"wp:featuredmedia":[{"embeddable":true,"href":"https:\/\/www.librairieclavreuil.com\/en\/wp-json\/wp\/v2\/media\/71996"}],"wp:attachment":[{"href":"https:\/\/www.librairieclavreuil.com\/en\/wp-json\/wp\/v2\/media?parent=72003"}],"wp:term":[{"taxonomy":"product_brand","embeddable":true,"href":"https:\/\/www.librairieclavreuil.com\/en\/wp-json\/wp\/v2\/product_brand?post=72003"},{"taxonomy":"product_cat","embeddable":true,"href":"https:\/\/www.librairieclavreuil.com\/en\/wp-json\/wp\/v2\/product_cat?post=72003"},{"taxonomy":"product_tag","embeddable":true,"href":"https:\/\/www.librairieclavreuil.com\/en\/wp-json\/wp\/v2\/product_tag?post=72003"}],"curies":[{"name":"wp","href":"https:\/\/api.w.org\/{rel}","templated":true}]}}