{"id":71995,"date":"2024-04-12T16:35:10","date_gmt":"2024-04-12T14:35:10","guid":{"rendered":"https:\/\/clavreuil-wordpress.logiciel-arteo.fr\/product\/les-dons-des-enfans-de-latone-la-musique-et-la-chasse-au-cerf-poemes-dedies-au-roy-sere-des-rieux\/"},"modified":"2024-07-08T13:12:56","modified_gmt":"2024-07-08T11:12:56","slug":"les-dons-des-enfans-de-latone-la-musique-et-la-chasse-au-cerf-poemes-dedies-au-roy-sere-des-rieux","status":"publish","type":"product","link":"https:\/\/www.librairieclavreuil.com\/en\/les-dons-des-enfans-de-latone-la-musique-et-la-chasse-au-cerf-poemes-dedies-au-roy-sere-des-rieux\/","title":{"rendered":"SER\u00c9 DES RIEUX Les Dons des enfans de..."},"content":{"rendered":"<p style=\"text-align:justify\"><i>Schwerdt, II, 156; Thi\u00e9baud, 836-839 ; Cohen, 952.<\/i><\/p>\n<p style=\"text-align:justify\"><span style=\"font-variant:small-caps\">First and only edition.<\/span><\/p>\n<p style=\"text-align:justify\">&#8220;The book is composed of two poems, one on music and another which is entitled &#8216;Diane, ou les Loix de la Chasse du Cerf&#8217;, and based on Savary &#8216;Venationis Cervinae&#8230;. leges&#8217;, Caen 1659. At any rate it is free version thereof, although many new observations and reflections are introduced. This is followed by a dictionary of hunting terms, a musical play called &#8216;Nouvelle chasse du cerf&#8217; and a treatise on hunting notes&#8221; (Schwerdt).<\/p>\n<p style=\"text-align:justify\">&#8220;Ce joli volume m\u00e9rite d&#8217;\u00eatre recherch\u00e9 non seulement pour ses illustrations, mais surtout parce qu&#8217;il est le premier volume qui contienne des fanfares, dont toutes celles du marquis de Dampierre, qui paraissent ici pour la premi\u00e8re fois, et au complet&#8221; (Thi\u00e9baud).<\/p>\n<p style=\"text-align:justify\">The book is illustrated with 7 engravings by Le Bas of which 5 are after drawings by Oudry.<\/p>\n<p style=\"text-align:justify\"><strong>Bound with :<\/strong><\/p>\n<p style=\"text-align:justify\">1) <strong>[VOLTAIRE]. <\/strong>Le Temple du goust. A l&#8217;enseigne de la v\u00e9rit\u00e9. <i>Sans lieu, chez Hierosme Print-All [Rouen, Jore], 1733.<\/i> 8vo, 63 pp.<\/p>\n<p style=\"text-align:justify\"><i>Bengesco, 602.<\/i><\/p>\n<p style=\"text-align:justify\">First edition.<\/p>\n<p style=\"text-align:justify\">2)<strong> [ROY, Pierre-Charles].<\/strong> Essai d&#8217;apologie des auteurs censurez dans le Temple de goust de M. de Voltaire.<i> Sans lieu, 1733. <\/i>8vo, 13 pp.<\/p>\n<p style=\"text-align:justify\">3) <strong>[CASTRE D&#8217;AUVIGNY, Jean]. <\/strong>Observations critiques sur le Temple du goust. <i>Seconde \u00e9dition augment\u00e9e. No place, 1733<\/i>. 8vo, 32 pp.<\/p>\n<p style=\"text-align:justify\">Barbier attributes the work to Pierre-Charles Roy.<\/p>\n<p style=\"text-align:justify\">One hinge split, else fine.<\/p>\n","protected":false},"excerpt":{"rendered":"<p style=\"text-align:justify\">8vo (192 x 122 mm), de XII, 2 nn.ll. including 1 blank.,1 frontispiece and 7 engraved plates., 330 pp., 14 engraved pp. between pp. 14-15, 4 engraved pp. between pp.&nbsp;28-29, 1 f.n.ch., 32 engraved pp. and 1 nn.l. Contemporary marbled sheep, flat spine gilt.<\/p>\n","protected":false},"featured_media":71982,"comment_status":"open","ping_status":"closed","template":"","meta":{"_acf_changed":false},"product_brand":[],"product_cat":[534],"product_tag":[1450,566,568],"class_list":{"0":"post-71995","1":"product","2":"type-product","3":"status-publish","4":"has-post-thumbnail","6":"product_cat-hunting","7":"product_tag-first-edition","8":"product_tag-hunting","9":"product_tag-music","10":"pa_auteur-sere-des-rieux-2","11":"pa_type-de-livre-printed-book","13":"first","14":"instock","15":"shipping-taxable","16":"purchasable","17":"product-type-simple"},"acf":{"artist":" SER\u00c9 DES RIEUX","chapeau":"The first book with musical scores on hunting horns","adresse_bibliographique":"Paris, Prault, Desaint et Gu\u00e9rin, 1734","book_type":"Printed book","provenance":"","afficher_prix":""},"yoast_head":"<!-- This site is optimized with the Yoast SEO plugin v24.7 - https:\/\/yoast.com\/wordpress\/plugins\/seo\/ -->\n<title>SER\u00c9 DES RIEUX  Les Dons des enfans de Latone : la musique et la chasse au cerf. Po\u00ebmes d\u00e9di\u00e9s au Roy. - Libairie Clavreuil<\/title>\n<meta name=\"robots\" content=\"index, follow, max-snippet:-1, max-image-preview:large, max-video-preview:-1\" \/>\n<link rel=\"canonical\" href=\"https:\/\/www.librairieclavreuil.com\/en\/les-dons-des-enfans-de-latone-la-musique-et-la-chasse-au-cerf-poemes-dedies-au-roy-sere-des-rieux\/\" \/>\n<meta property=\"og:locale\" content=\"en_US\" \/>\n<meta property=\"og:type\" content=\"article\" \/>\n<meta property=\"og:title\" content=\"SER\u00c9 DES RIEUX  Les Dons des enfans de Latone : la musique et la chasse au cerf. Po\u00ebmes d\u00e9di\u00e9s au Roy. - Libairie Clavreuil\" \/>\n<meta property=\"og:description\" content=\"8vo (192 x 122 mm), de XII, 2 nn.ll. including 1 blank.,1 frontispiece and 7 engraved plates., 330 pp., 14 engraved pp. between pp. 14-15, 4 engraved pp. between pp.&nbsp;28-29, 1 f.n.ch., 32 engraved pp. and 1 nn.l. Contemporary marbled sheep, flat spine gilt.\" \/>\n<meta property=\"og:url\" content=\"https:\/\/www.librairieclavreuil.com\/en\/les-dons-des-enfans-de-latone-la-musique-et-la-chasse-au-cerf-poemes-dedies-au-roy-sere-des-rieux\/\" \/>\n<meta property=\"og:site_name\" content=\"Libairie Clavreuil\" \/>\n<meta property=\"article:modified_time\" content=\"2024-07-08T11:12:56+00:00\" \/>\n<meta property=\"og:image\" content=\"https:\/\/www.librairieclavreuil.com\/wp-content\/uploads\/2024\/04\/sere-des-rieux-les-dons-des-enfans-de-latone-la-musique-et-la-chasse-au-cerf-poemes-dedies-au-roy-3877-6616854da6368-scaled.jpg\" \/>\n\t<meta property=\"og:image:width\" content=\"1744\" \/>\n\t<meta property=\"og:image:height\" content=\"2560\" \/>\n\t<meta property=\"og:image:type\" content=\"image\/jpeg\" \/>\n<meta name=\"twitter:card\" content=\"summary_large_image\" \/>\n<meta name=\"twitter:label1\" content=\"Est. reading time\" \/>\n\t<meta name=\"twitter:data1\" content=\"1 minute\" \/>\n<script type=\"application\/ld+json\" class=\"yoast-schema-graph\">{\"@context\":\"https:\/\/schema.org\",\"@graph\":[{\"@type\":\"WebPage\",\"@id\":\"https:\/\/www.librairieclavreuil.com\/en\/les-dons-des-enfans-de-latone-la-musique-et-la-chasse-au-cerf-poemes-dedies-au-roy-sere-des-rieux\/\",\"url\":\"https:\/\/www.librairieclavreuil.com\/en\/les-dons-des-enfans-de-latone-la-musique-et-la-chasse-au-cerf-poemes-dedies-au-roy-sere-des-rieux\/\",\"name\":\"SER\u00c9 DES RIEUX Les Dons des enfans de Latone : la musique et la chasse au cerf. Po\u00ebmes d\u00e9di\u00e9s au Roy. - Libairie Clavreuil\",\"isPartOf\":{\"@id\":\"https:\/\/www.librairieclavreuil.com\/#website\"},\"primaryImageOfPage\":{\"@id\":\"https:\/\/www.librairieclavreuil.com\/en\/les-dons-des-enfans-de-latone-la-musique-et-la-chasse-au-cerf-poemes-dedies-au-roy-sere-des-rieux\/#primaryimage\"},\"image\":{\"@id\":\"https:\/\/www.librairieclavreuil.com\/en\/les-dons-des-enfans-de-latone-la-musique-et-la-chasse-au-cerf-poemes-dedies-au-roy-sere-des-rieux\/#primaryimage\"},\"thumbnailUrl\":\"https:\/\/www.librairieclavreuil.com\/wp-content\/uploads\/2024\/04\/sere-des-rieux-les-dons-des-enfans-de-latone-la-musique-et-la-chasse-au-cerf-poemes-dedies-au-roy-3877-6616854da6368-scaled.jpg\",\"datePublished\":\"2024-04-12T14:35:10+00:00\",\"dateModified\":\"2024-07-08T11:12:56+00:00\",\"breadcrumb\":{\"@id\":\"https:\/\/www.librairieclavreuil.com\/en\/les-dons-des-enfans-de-latone-la-musique-et-la-chasse-au-cerf-poemes-dedies-au-roy-sere-des-rieux\/#breadcrumb\"},\"inLanguage\":\"en-US\",\"potentialAction\":[{\"@type\":\"ReadAction\",\"target\":[\"https:\/\/www.librairieclavreuil.com\/en\/les-dons-des-enfans-de-latone-la-musique-et-la-chasse-au-cerf-poemes-dedies-au-roy-sere-des-rieux\/\"]}]},{\"@type\":\"ImageObject\",\"inLanguage\":\"en-US\",\"@id\":\"https:\/\/www.librairieclavreuil.com\/en\/les-dons-des-enfans-de-latone-la-musique-et-la-chasse-au-cerf-poemes-dedies-au-roy-sere-des-rieux\/#primaryimage\",\"url\":\"https:\/\/www.librairieclavreuil.com\/wp-content\/uploads\/2024\/04\/sere-des-rieux-les-dons-des-enfans-de-latone-la-musique-et-la-chasse-au-cerf-poemes-dedies-au-roy-3877-6616854da6368-scaled.jpg\",\"contentUrl\":\"https:\/\/www.librairieclavreuil.com\/wp-content\/uploads\/2024\/04\/sere-des-rieux-les-dons-des-enfans-de-latone-la-musique-et-la-chasse-au-cerf-poemes-dedies-au-roy-3877-6616854da6368-scaled.jpg\",\"width\":1744,\"height\":2560},{\"@type\":\"BreadcrumbList\",\"@id\":\"https:\/\/www.librairieclavreuil.com\/en\/les-dons-des-enfans-de-latone-la-musique-et-la-chasse-au-cerf-poemes-dedies-au-roy-sere-des-rieux\/#breadcrumb\",\"itemListElement\":[{\"@type\":\"ListItem\",\"position\":1,\"name\":\"Accueil\",\"item\":\"https:\/\/www.librairieclavreuil.com\/\"},{\"@type\":\"ListItem\",\"position\":2,\"name\":\"All our books\",\"item\":\"https:\/\/www.librairieclavreuil.com\/en\/all-our-books\/\"},{\"@type\":\"ListItem\",\"position\":3,\"name\":\"SER\u00c9 DES RIEUX Les Dons des enfans de Latone : la musique et la chasse au cerf. Po\u00ebmes d\u00e9di\u00e9s au Roy.\"}]},{\"@type\":\"WebSite\",\"@id\":\"https:\/\/www.librairieclavreuil.com\/#website\",\"url\":\"https:\/\/www.librairieclavreuil.com\/\",\"name\":\"Libairie Clavreuil\",\"description\":\"Livres anciens, manuscrits rares et \u00e9ditions originales \u2013 Librairie Clavreuil\",\"publisher\":{\"@id\":\"https:\/\/www.librairieclavreuil.com\/#organization\"},\"potentialAction\":[{\"@type\":\"SearchAction\",\"target\":{\"@type\":\"EntryPoint\",\"urlTemplate\":\"https:\/\/www.librairieclavreuil.com\/?s={search_term_string}\"},\"query-input\":{\"@type\":\"PropertyValueSpecification\",\"valueRequired\":true,\"valueName\":\"search_term_string\"}}],\"inLanguage\":\"en-US\"},{\"@type\":\"Organization\",\"@id\":\"https:\/\/www.librairieclavreuil.com\/#organization\",\"name\":\"Libairie Clavreuil\",\"url\":\"https:\/\/www.librairieclavreuil.com\/\",\"logo\":{\"@type\":\"ImageObject\",\"inLanguage\":\"en-US\",\"@id\":\"https:\/\/www.librairieclavreuil.com\/#\/schema\/logo\/image\/\",\"url\":\"https:\/\/www.librairieclavreuil.com\/wp-content\/uploads\/2021\/06\/cropped-LOGO_PNG_DATE-_gold-512x512-1.png\",\"contentUrl\":\"https:\/\/www.librairieclavreuil.com\/wp-content\/uploads\/2021\/06\/cropped-LOGO_PNG_DATE-_gold-512x512-1.png\",\"width\":512,\"height\":512,\"caption\":\"Libairie Clavreuil\"},\"image\":{\"@id\":\"https:\/\/www.librairieclavreuil.com\/#\/schema\/logo\/image\/\"},\"sameAs\":[\"https:\/\/www.instagram.com\/librairieclavreuil\/\"]}]}<\/script>\n<!-- \/ Yoast SEO plugin. -->","yoast_head_json":{"title":"SER\u00c9 DES RIEUX  Les Dons des enfans de Latone : la musique et la chasse au cerf. Po\u00ebmes d\u00e9di\u00e9s au Roy. - Libairie Clavreuil","robots":{"index":"index","follow":"follow","max-snippet":"max-snippet:-1","max-image-preview":"max-image-preview:large","max-video-preview":"max-video-preview:-1"},"canonical":"https:\/\/www.librairieclavreuil.com\/en\/les-dons-des-enfans-de-latone-la-musique-et-la-chasse-au-cerf-poemes-dedies-au-roy-sere-des-rieux\/","og_locale":"en_US","og_type":"article","og_title":"SER\u00c9 DES RIEUX  Les Dons des enfans de Latone : la musique et la chasse au cerf. Po\u00ebmes d\u00e9di\u00e9s au Roy. - Libairie Clavreuil","og_description":"8vo (192 x 122 mm), de XII, 2 nn.ll. including 1 blank.,1 frontispiece and 7 engraved plates., 330 pp., 14 engraved pp. between pp. 14-15, 4 engraved pp. between pp.&nbsp;28-29, 1 f.n.ch., 32 engraved pp. and 1 nn.l. Contemporary marbled sheep, flat spine gilt.","og_url":"https:\/\/www.librairieclavreuil.com\/en\/les-dons-des-enfans-de-latone-la-musique-et-la-chasse-au-cerf-poemes-dedies-au-roy-sere-des-rieux\/","og_site_name":"Libairie Clavreuil","article_modified_time":"2024-07-08T11:12:56+00:00","og_image":[{"width":1744,"height":2560,"url":"https:\/\/www.librairieclavreuil.com\/wp-content\/uploads\/2024\/04\/sere-des-rieux-les-dons-des-enfans-de-latone-la-musique-et-la-chasse-au-cerf-poemes-dedies-au-roy-3877-6616854da6368-scaled.jpg","type":"image\/jpeg"}],"twitter_card":"summary_large_image","twitter_misc":{"Est. reading time":"1 minute"},"schema":{"@context":"https:\/\/schema.org","@graph":[{"@type":"WebPage","@id":"https:\/\/www.librairieclavreuil.com\/en\/les-dons-des-enfans-de-latone-la-musique-et-la-chasse-au-cerf-poemes-dedies-au-roy-sere-des-rieux\/","url":"https:\/\/www.librairieclavreuil.com\/en\/les-dons-des-enfans-de-latone-la-musique-et-la-chasse-au-cerf-poemes-dedies-au-roy-sere-des-rieux\/","name":"SER\u00c9 DES RIEUX Les Dons des enfans de Latone : la musique et la chasse au cerf. Po\u00ebmes d\u00e9di\u00e9s au Roy. - Libairie Clavreuil","isPartOf":{"@id":"https:\/\/www.librairieclavreuil.com\/#website"},"primaryImageOfPage":{"@id":"https:\/\/www.librairieclavreuil.com\/en\/les-dons-des-enfans-de-latone-la-musique-et-la-chasse-au-cerf-poemes-dedies-au-roy-sere-des-rieux\/#primaryimage"},"image":{"@id":"https:\/\/www.librairieclavreuil.com\/en\/les-dons-des-enfans-de-latone-la-musique-et-la-chasse-au-cerf-poemes-dedies-au-roy-sere-des-rieux\/#primaryimage"},"thumbnailUrl":"https:\/\/www.librairieclavreuil.com\/wp-content\/uploads\/2024\/04\/sere-des-rieux-les-dons-des-enfans-de-latone-la-musique-et-la-chasse-au-cerf-poemes-dedies-au-roy-3877-6616854da6368-scaled.jpg","datePublished":"2024-04-12T14:35:10+00:00","dateModified":"2024-07-08T11:12:56+00:00","breadcrumb":{"@id":"https:\/\/www.librairieclavreuil.com\/en\/les-dons-des-enfans-de-latone-la-musique-et-la-chasse-au-cerf-poemes-dedies-au-roy-sere-des-rieux\/#breadcrumb"},"inLanguage":"en-US","potentialAction":[{"@type":"ReadAction","target":["https:\/\/www.librairieclavreuil.com\/en\/les-dons-des-enfans-de-latone-la-musique-et-la-chasse-au-cerf-poemes-dedies-au-roy-sere-des-rieux\/"]}]},{"@type":"ImageObject","inLanguage":"en-US","@id":"https:\/\/www.librairieclavreuil.com\/en\/les-dons-des-enfans-de-latone-la-musique-et-la-chasse-au-cerf-poemes-dedies-au-roy-sere-des-rieux\/#primaryimage","url":"https:\/\/www.librairieclavreuil.com\/wp-content\/uploads\/2024\/04\/sere-des-rieux-les-dons-des-enfans-de-latone-la-musique-et-la-chasse-au-cerf-poemes-dedies-au-roy-3877-6616854da6368-scaled.jpg","contentUrl":"https:\/\/www.librairieclavreuil.com\/wp-content\/uploads\/2024\/04\/sere-des-rieux-les-dons-des-enfans-de-latone-la-musique-et-la-chasse-au-cerf-poemes-dedies-au-roy-3877-6616854da6368-scaled.jpg","width":1744,"height":2560},{"@type":"BreadcrumbList","@id":"https:\/\/www.librairieclavreuil.com\/en\/les-dons-des-enfans-de-latone-la-musique-et-la-chasse-au-cerf-poemes-dedies-au-roy-sere-des-rieux\/#breadcrumb","itemListElement":[{"@type":"ListItem","position":1,"name":"Accueil","item":"https:\/\/www.librairieclavreuil.com\/"},{"@type":"ListItem","position":2,"name":"All our books","item":"https:\/\/www.librairieclavreuil.com\/en\/all-our-books\/"},{"@type":"ListItem","position":3,"name":"SER\u00c9 DES RIEUX Les Dons des enfans de Latone : la musique et la chasse au cerf. Po\u00ebmes d\u00e9di\u00e9s au Roy."}]},{"@type":"WebSite","@id":"https:\/\/www.librairieclavreuil.com\/#website","url":"https:\/\/www.librairieclavreuil.com\/","name":"Libairie Clavreuil","description":"Livres anciens, manuscrits rares et \u00e9ditions originales \u2013 Librairie Clavreuil","publisher":{"@id":"https:\/\/www.librairieclavreuil.com\/#organization"},"potentialAction":[{"@type":"SearchAction","target":{"@type":"EntryPoint","urlTemplate":"https:\/\/www.librairieclavreuil.com\/?s={search_term_string}"},"query-input":{"@type":"PropertyValueSpecification","valueRequired":true,"valueName":"search_term_string"}}],"inLanguage":"en-US"},{"@type":"Organization","@id":"https:\/\/www.librairieclavreuil.com\/#organization","name":"Libairie Clavreuil","url":"https:\/\/www.librairieclavreuil.com\/","logo":{"@type":"ImageObject","inLanguage":"en-US","@id":"https:\/\/www.librairieclavreuil.com\/#\/schema\/logo\/image\/","url":"https:\/\/www.librairieclavreuil.com\/wp-content\/uploads\/2021\/06\/cropped-LOGO_PNG_DATE-_gold-512x512-1.png","contentUrl":"https:\/\/www.librairieclavreuil.com\/wp-content\/uploads\/2021\/06\/cropped-LOGO_PNG_DATE-_gold-512x512-1.png","width":512,"height":512,"caption":"Libairie Clavreuil"},"image":{"@id":"https:\/\/www.librairieclavreuil.com\/#\/schema\/logo\/image\/"},"sameAs":["https:\/\/www.instagram.com\/librairieclavreuil\/"]}]}},"jetpack_sharing_enabled":true,"_links":{"self":[{"href":"https:\/\/www.librairieclavreuil.com\/en\/wp-json\/wp\/v2\/product\/71995","targetHints":{"allow":["GET"]}}],"collection":[{"href":"https:\/\/www.librairieclavreuil.com\/en\/wp-json\/wp\/v2\/product"}],"about":[{"href":"https:\/\/www.librairieclavreuil.com\/en\/wp-json\/wp\/v2\/types\/product"}],"replies":[{"embeddable":true,"href":"https:\/\/www.librairieclavreuil.com\/en\/wp-json\/wp\/v2\/comments?post=71995"}],"wp:featuredmedia":[{"embeddable":true,"href":"https:\/\/www.librairieclavreuil.com\/en\/wp-json\/wp\/v2\/media\/71982"}],"wp:attachment":[{"href":"https:\/\/www.librairieclavreuil.com\/en\/wp-json\/wp\/v2\/media?parent=71995"}],"wp:term":[{"taxonomy":"product_brand","embeddable":true,"href":"https:\/\/www.librairieclavreuil.com\/en\/wp-json\/wp\/v2\/product_brand?post=71995"},{"taxonomy":"product_cat","embeddable":true,"href":"https:\/\/www.librairieclavreuil.com\/en\/wp-json\/wp\/v2\/product_cat?post=71995"},{"taxonomy":"product_tag","embeddable":true,"href":"https:\/\/www.librairieclavreuil.com\/en\/wp-json\/wp\/v2\/product_tag?post=71995"}],"curies":[{"name":"wp","href":"https:\/\/api.w.org\/{rel}","templated":true}]}}