{"id":71975,"date":"2024-04-12T15:24:46","date_gmt":"2024-04-12T13:24:46","guid":{"rendered":"https:\/\/clavreuil-wordpress.logiciel-arteo.fr\/product\/de-la-richesse-minerale-considerations-sur-les-mines-usines-et-salines-des-differents-etats-presentes-comparativement-a-m-heron-de-villefosse\/"},"modified":"2024-08-28T18:43:09","modified_gmt":"2024-08-28T16:43:09","slug":"de-la-richesse-minerale-considerations-sur-les-mines-usines-et-salines-des-differents-etats-presentes-comparativement-a-m-heron-de-villefosse","status":"publish","type":"product","link":"https:\/\/www.librairieclavreuil.com\/en\/de-la-richesse-minerale-considerations-sur-les-mines-usines-et-salines-des-differents-etats-presentes-comparativement-a-m-heron-de-villefosse\/","title":{"rendered":"HERON DE VILLEFOSSE Antoine Marie De la richesse..."},"content":{"rendered":"<p style=\"text-align:justify\"><i>Not in Hoover coll.<\/i><\/p>\n<p style=\"text-align:justify\">First edition.<\/p>\n<p style=\"text-align:justify\">H\u00e9ron de Villefosse was inspector at &#8220;Corps royal des Mines de France&#8221; and a member of the French Academy of Science. His work gives a panoramic insight to European mines and mining techniques at the beginning of the 19th century. His purpose was to give up-to-date information on mines by giving authentic examples from existing mines. Spines faded, hinge to vol. I restored, some occasional foxing, atlas with clear stain at beginning and end of atlas.<\/p>\n<p style=\"text-align:justify\">From the library of &#8216;Ecole sup\u00e9rieure de commerce et d&#8217;industrie&#8217; (gilt spines).<\/p>\n","protected":false},"excerpt":{"rendered":"<p>3 text volumes 4to (245 x 199 mm) and 1 folio atlas (550 x 400 mm) 4 nn.ll., XXIX, 593 pp., 1 nn.l. and 25 tables and maps for volume I; 2 nn.ll., XVI, 553 pp. for volume II; 2 nn.ll., XX and 538 pp. for volume III; title page and 65 plates for the atlas. Text volumes in slightly later blue half-calf, spines gilt, atlas bound in style (<i>spines faded<\/i>)<\/p>\n","protected":false},"featured_media":71970,"comment_status":"open","ping_status":"closed","template":"","meta":{"_acf_changed":false},"product_brand":[],"product_cat":[540],"product_tag":[1450,554],"class_list":{"0":"post-71975","1":"product","2":"type-product","3":"status-publish","4":"has-post-thumbnail","6":"product_cat-natural-history","7":"product_tag-first-edition","8":"product_tag-mineralogy","9":"pa_auteur-heron-de-villefosse-antoine-marie-2","10":"pa_type-de-livre-printed-book","12":"first","13":"instock","14":"shipping-taxable","15":"purchasable","16":"product-type-simple"},"acf":{"artist":"Antoine Marie HERON DE VILLEFOSSE","chapeau":"","adresse_bibliographique":"Paris, Treuttel & W\u00fcrtz, 1819","book_type":"Printed book","provenance":"","afficher_prix":""},"yoast_head":"<!-- This site is optimized with the Yoast SEO plugin v24.7 - https:\/\/yoast.com\/wordpress\/plugins\/seo\/ -->\n<title>HERON DE VILLEFOSSE Antoine Marie De la richesse min\u00e9rale. Consid\u00e9rations sur les mines, usines et salines des diff\u00e9rents \u00e9tats, pr\u00e9sent\u00e9s comparativement. - Libairie Clavreuil<\/title>\n<meta name=\"robots\" content=\"index, follow, max-snippet:-1, max-image-preview:large, max-video-preview:-1\" \/>\n<link rel=\"canonical\" href=\"https:\/\/www.librairieclavreuil.com\/produit\/de-la-richesse-minerale-considerations-sur-les-mines-usines-et-salines-des-differents-etats-presentes-comparativement-a-m-heron-de-villefosse\/\" \/>\n<meta property=\"og:locale\" content=\"en_US\" \/>\n<meta property=\"og:type\" content=\"article\" \/>\n<meta property=\"og:title\" content=\"HERON DE VILLEFOSSE Antoine Marie De la richesse min\u00e9rale. Consid\u00e9rations sur les mines, usines et salines des diff\u00e9rents \u00e9tats, pr\u00e9sent\u00e9s comparativement. - Libairie Clavreuil\" \/>\n<meta property=\"og:description\" content=\"3 text volumes 4to (245 x 199 mm) and 1 folio atlas (550 x 400 mm) 4 nn.ll., XXIX, 593 pp., 1 nn.l. and 25 tables and maps for volume I; 2 nn.ll., XVI, 553 pp. for volume II; 2 nn.ll., XX and 538 pp. for volume III; title page and 65 plates for the atlas. Text volumes in slightly later blue half-calf, spines gilt, atlas bound in style (spines faded)\" \/>\n<meta property=\"og:url\" content=\"https:\/\/www.librairieclavreuil.com\/produit\/de-la-richesse-minerale-considerations-sur-les-mines-usines-et-salines-des-differents-etats-presentes-comparativement-a-m-heron-de-villefosse\/\" \/>\n<meta property=\"og:site_name\" content=\"Libairie Clavreuil\" \/>\n<meta property=\"article:modified_time\" content=\"2024-08-28T16:43:09+00:00\" \/>\n<meta property=\"og:image\" content=\"https:\/\/www.librairieclavreuil.com\/wp-content\/uploads\/2024\/04\/a-m-heron-de-villefosse-de-la-richesse-minerale-considerations-sur-les-mines-usines-et-salines-des-differents-etats-presentes-comparativement-2850-661-2-scaled.jpg\" \/>\n\t<meta property=\"og:image:width\" content=\"1909\" \/>\n\t<meta property=\"og:image:height\" content=\"2560\" \/>\n\t<meta property=\"og:image:type\" content=\"image\/jpeg\" \/>\n<meta name=\"twitter:card\" content=\"summary_large_image\" \/>\n<script type=\"application\/ld+json\" class=\"yoast-schema-graph\">{\"@context\":\"https:\/\/schema.org\",\"@graph\":[{\"@type\":\"WebPage\",\"@id\":\"https:\/\/www.librairieclavreuil.com\/produit\/de-la-richesse-minerale-considerations-sur-les-mines-usines-et-salines-des-differents-etats-presentes-comparativement-a-m-heron-de-villefosse\/\",\"url\":\"https:\/\/www.librairieclavreuil.com\/produit\/de-la-richesse-minerale-considerations-sur-les-mines-usines-et-salines-des-differents-etats-presentes-comparativement-a-m-heron-de-villefosse\/\",\"name\":\"HERON DE VILLEFOSSE Antoine Marie De la richesse min\u00e9rale. Consid\u00e9rations sur les mines, usines et salines des diff\u00e9rents \u00e9tats, pr\u00e9sent\u00e9s comparativement. - Libairie Clavreuil\",\"isPartOf\":{\"@id\":\"https:\/\/www.librairieclavreuil.com\/#website\"},\"primaryImageOfPage\":{\"@id\":\"https:\/\/www.librairieclavreuil.com\/produit\/de-la-richesse-minerale-considerations-sur-les-mines-usines-et-salines-des-differents-etats-presentes-comparativement-a-m-heron-de-villefosse\/#primaryimage\"},\"image\":{\"@id\":\"https:\/\/www.librairieclavreuil.com\/produit\/de-la-richesse-minerale-considerations-sur-les-mines-usines-et-salines-des-differents-etats-presentes-comparativement-a-m-heron-de-villefosse\/#primaryimage\"},\"thumbnailUrl\":\"https:\/\/www.librairieclavreuil.com\/wp-content\/uploads\/2024\/04\/a-m-heron-de-villefosse-de-la-richesse-minerale-considerations-sur-les-mines-usines-et-salines-des-differents-etats-presentes-comparativement-2850-661-2-scaled.jpg\",\"datePublished\":\"2024-04-12T13:24:46+00:00\",\"dateModified\":\"2024-08-28T16:43:09+00:00\",\"breadcrumb\":{\"@id\":\"https:\/\/www.librairieclavreuil.com\/produit\/de-la-richesse-minerale-considerations-sur-les-mines-usines-et-salines-des-differents-etats-presentes-comparativement-a-m-heron-de-villefosse\/#breadcrumb\"},\"inLanguage\":\"en-US\",\"potentialAction\":[{\"@type\":\"ReadAction\",\"target\":[\"https:\/\/www.librairieclavreuil.com\/produit\/de-la-richesse-minerale-considerations-sur-les-mines-usines-et-salines-des-differents-etats-presentes-comparativement-a-m-heron-de-villefosse\/\"]}]},{\"@type\":\"ImageObject\",\"inLanguage\":\"en-US\",\"@id\":\"https:\/\/www.librairieclavreuil.com\/produit\/de-la-richesse-minerale-considerations-sur-les-mines-usines-et-salines-des-differents-etats-presentes-comparativement-a-m-heron-de-villefosse\/#primaryimage\",\"url\":\"https:\/\/www.librairieclavreuil.com\/wp-content\/uploads\/2024\/04\/a-m-heron-de-villefosse-de-la-richesse-minerale-considerations-sur-les-mines-usines-et-salines-des-differents-etats-presentes-comparativement-2850-661-2-scaled.jpg\",\"contentUrl\":\"https:\/\/www.librairieclavreuil.com\/wp-content\/uploads\/2024\/04\/a-m-heron-de-villefosse-de-la-richesse-minerale-considerations-sur-les-mines-usines-et-salines-des-differents-etats-presentes-comparativement-2850-661-2-scaled.jpg\",\"width\":1909,\"height\":2560},{\"@type\":\"BreadcrumbList\",\"@id\":\"https:\/\/www.librairieclavreuil.com\/produit\/de-la-richesse-minerale-considerations-sur-les-mines-usines-et-salines-des-differents-etats-presentes-comparativement-a-m-heron-de-villefosse\/#breadcrumb\",\"itemListElement\":[{\"@type\":\"ListItem\",\"position\":1,\"name\":\"Accueil\",\"item\":\"https:\/\/www.librairieclavreuil.com\/\"},{\"@type\":\"ListItem\",\"position\":2,\"name\":\"All our books\",\"item\":\"https:\/\/www.librairieclavreuil.com\/en\/all-our-books\/\"},{\"@type\":\"ListItem\",\"position\":3,\"name\":\"HERON DE VILLEFOSSE Antoine Marie De la richesse...\"}]},{\"@type\":\"WebSite\",\"@id\":\"https:\/\/www.librairieclavreuil.com\/#website\",\"url\":\"https:\/\/www.librairieclavreuil.com\/\",\"name\":\"Libairie Clavreuil\",\"description\":\"Livres anciens, manuscrits rares et \u00e9ditions originales \u2013 Librairie Clavreuil\",\"publisher\":{\"@id\":\"https:\/\/www.librairieclavreuil.com\/#organization\"},\"potentialAction\":[{\"@type\":\"SearchAction\",\"target\":{\"@type\":\"EntryPoint\",\"urlTemplate\":\"https:\/\/www.librairieclavreuil.com\/?s={search_term_string}\"},\"query-input\":{\"@type\":\"PropertyValueSpecification\",\"valueRequired\":true,\"valueName\":\"search_term_string\"}}],\"inLanguage\":\"en-US\"},{\"@type\":\"Organization\",\"@id\":\"https:\/\/www.librairieclavreuil.com\/#organization\",\"name\":\"Libairie Clavreuil\",\"url\":\"https:\/\/www.librairieclavreuil.com\/\",\"logo\":{\"@type\":\"ImageObject\",\"inLanguage\":\"en-US\",\"@id\":\"https:\/\/www.librairieclavreuil.com\/#\/schema\/logo\/image\/\",\"url\":\"https:\/\/www.librairieclavreuil.com\/wp-content\/uploads\/2021\/06\/cropped-LOGO_PNG_DATE-_gold-512x512-1.png\",\"contentUrl\":\"https:\/\/www.librairieclavreuil.com\/wp-content\/uploads\/2021\/06\/cropped-LOGO_PNG_DATE-_gold-512x512-1.png\",\"width\":512,\"height\":512,\"caption\":\"Libairie Clavreuil\"},\"image\":{\"@id\":\"https:\/\/www.librairieclavreuil.com\/#\/schema\/logo\/image\/\"},\"sameAs\":[\"https:\/\/www.instagram.com\/librairieclavreuil\/\"]}]}<\/script>\n<!-- \/ Yoast SEO plugin. -->","yoast_head_json":{"title":"HERON DE VILLEFOSSE Antoine Marie De la richesse min\u00e9rale. Consid\u00e9rations sur les mines, usines et salines des diff\u00e9rents \u00e9tats, pr\u00e9sent\u00e9s comparativement. - Libairie Clavreuil","robots":{"index":"index","follow":"follow","max-snippet":"max-snippet:-1","max-image-preview":"max-image-preview:large","max-video-preview":"max-video-preview:-1"},"canonical":"https:\/\/www.librairieclavreuil.com\/produit\/de-la-richesse-minerale-considerations-sur-les-mines-usines-et-salines-des-differents-etats-presentes-comparativement-a-m-heron-de-villefosse\/","og_locale":"en_US","og_type":"article","og_title":"HERON DE VILLEFOSSE Antoine Marie De la richesse min\u00e9rale. Consid\u00e9rations sur les mines, usines et salines des diff\u00e9rents \u00e9tats, pr\u00e9sent\u00e9s comparativement. - Libairie Clavreuil","og_description":"3 text volumes 4to (245 x 199 mm) and 1 folio atlas (550 x 400 mm) 4 nn.ll., XXIX, 593 pp., 1 nn.l. and 25 tables and maps for volume I; 2 nn.ll., XVI, 553 pp. for volume II; 2 nn.ll., XX and 538 pp. for volume III; title page and 65 plates for the atlas. Text volumes in slightly later blue half-calf, spines gilt, atlas bound in style (spines faded)","og_url":"https:\/\/www.librairieclavreuil.com\/produit\/de-la-richesse-minerale-considerations-sur-les-mines-usines-et-salines-des-differents-etats-presentes-comparativement-a-m-heron-de-villefosse\/","og_site_name":"Libairie Clavreuil","article_modified_time":"2024-08-28T16:43:09+00:00","og_image":[{"width":1909,"height":2560,"url":"https:\/\/www.librairieclavreuil.com\/wp-content\/uploads\/2024\/04\/a-m-heron-de-villefosse-de-la-richesse-minerale-considerations-sur-les-mines-usines-et-salines-des-differents-etats-presentes-comparativement-2850-661-2-scaled.jpg","type":"image\/jpeg"}],"twitter_card":"summary_large_image","schema":{"@context":"https:\/\/schema.org","@graph":[{"@type":"WebPage","@id":"https:\/\/www.librairieclavreuil.com\/produit\/de-la-richesse-minerale-considerations-sur-les-mines-usines-et-salines-des-differents-etats-presentes-comparativement-a-m-heron-de-villefosse\/","url":"https:\/\/www.librairieclavreuil.com\/produit\/de-la-richesse-minerale-considerations-sur-les-mines-usines-et-salines-des-differents-etats-presentes-comparativement-a-m-heron-de-villefosse\/","name":"HERON DE VILLEFOSSE Antoine Marie De la richesse min\u00e9rale. Consid\u00e9rations sur les mines, usines et salines des diff\u00e9rents \u00e9tats, pr\u00e9sent\u00e9s comparativement. - Libairie Clavreuil","isPartOf":{"@id":"https:\/\/www.librairieclavreuil.com\/#website"},"primaryImageOfPage":{"@id":"https:\/\/www.librairieclavreuil.com\/produit\/de-la-richesse-minerale-considerations-sur-les-mines-usines-et-salines-des-differents-etats-presentes-comparativement-a-m-heron-de-villefosse\/#primaryimage"},"image":{"@id":"https:\/\/www.librairieclavreuil.com\/produit\/de-la-richesse-minerale-considerations-sur-les-mines-usines-et-salines-des-differents-etats-presentes-comparativement-a-m-heron-de-villefosse\/#primaryimage"},"thumbnailUrl":"https:\/\/www.librairieclavreuil.com\/wp-content\/uploads\/2024\/04\/a-m-heron-de-villefosse-de-la-richesse-minerale-considerations-sur-les-mines-usines-et-salines-des-differents-etats-presentes-comparativement-2850-661-2-scaled.jpg","datePublished":"2024-04-12T13:24:46+00:00","dateModified":"2024-08-28T16:43:09+00:00","breadcrumb":{"@id":"https:\/\/www.librairieclavreuil.com\/produit\/de-la-richesse-minerale-considerations-sur-les-mines-usines-et-salines-des-differents-etats-presentes-comparativement-a-m-heron-de-villefosse\/#breadcrumb"},"inLanguage":"en-US","potentialAction":[{"@type":"ReadAction","target":["https:\/\/www.librairieclavreuil.com\/produit\/de-la-richesse-minerale-considerations-sur-les-mines-usines-et-salines-des-differents-etats-presentes-comparativement-a-m-heron-de-villefosse\/"]}]},{"@type":"ImageObject","inLanguage":"en-US","@id":"https:\/\/www.librairieclavreuil.com\/produit\/de-la-richesse-minerale-considerations-sur-les-mines-usines-et-salines-des-differents-etats-presentes-comparativement-a-m-heron-de-villefosse\/#primaryimage","url":"https:\/\/www.librairieclavreuil.com\/wp-content\/uploads\/2024\/04\/a-m-heron-de-villefosse-de-la-richesse-minerale-considerations-sur-les-mines-usines-et-salines-des-differents-etats-presentes-comparativement-2850-661-2-scaled.jpg","contentUrl":"https:\/\/www.librairieclavreuil.com\/wp-content\/uploads\/2024\/04\/a-m-heron-de-villefosse-de-la-richesse-minerale-considerations-sur-les-mines-usines-et-salines-des-differents-etats-presentes-comparativement-2850-661-2-scaled.jpg","width":1909,"height":2560},{"@type":"BreadcrumbList","@id":"https:\/\/www.librairieclavreuil.com\/produit\/de-la-richesse-minerale-considerations-sur-les-mines-usines-et-salines-des-differents-etats-presentes-comparativement-a-m-heron-de-villefosse\/#breadcrumb","itemListElement":[{"@type":"ListItem","position":1,"name":"Accueil","item":"https:\/\/www.librairieclavreuil.com\/"},{"@type":"ListItem","position":2,"name":"All our books","item":"https:\/\/www.librairieclavreuil.com\/en\/all-our-books\/"},{"@type":"ListItem","position":3,"name":"HERON DE VILLEFOSSE Antoine Marie De la richesse..."}]},{"@type":"WebSite","@id":"https:\/\/www.librairieclavreuil.com\/#website","url":"https:\/\/www.librairieclavreuil.com\/","name":"Libairie Clavreuil","description":"Livres anciens, manuscrits rares et \u00e9ditions originales \u2013 Librairie Clavreuil","publisher":{"@id":"https:\/\/www.librairieclavreuil.com\/#organization"},"potentialAction":[{"@type":"SearchAction","target":{"@type":"EntryPoint","urlTemplate":"https:\/\/www.librairieclavreuil.com\/?s={search_term_string}"},"query-input":{"@type":"PropertyValueSpecification","valueRequired":true,"valueName":"search_term_string"}}],"inLanguage":"en-US"},{"@type":"Organization","@id":"https:\/\/www.librairieclavreuil.com\/#organization","name":"Libairie Clavreuil","url":"https:\/\/www.librairieclavreuil.com\/","logo":{"@type":"ImageObject","inLanguage":"en-US","@id":"https:\/\/www.librairieclavreuil.com\/#\/schema\/logo\/image\/","url":"https:\/\/www.librairieclavreuil.com\/wp-content\/uploads\/2021\/06\/cropped-LOGO_PNG_DATE-_gold-512x512-1.png","contentUrl":"https:\/\/www.librairieclavreuil.com\/wp-content\/uploads\/2021\/06\/cropped-LOGO_PNG_DATE-_gold-512x512-1.png","width":512,"height":512,"caption":"Libairie Clavreuil"},"image":{"@id":"https:\/\/www.librairieclavreuil.com\/#\/schema\/logo\/image\/"},"sameAs":["https:\/\/www.instagram.com\/librairieclavreuil\/"]}]}},"jetpack_sharing_enabled":true,"_links":{"self":[{"href":"https:\/\/www.librairieclavreuil.com\/en\/wp-json\/wp\/v2\/product\/71975","targetHints":{"allow":["GET"]}}],"collection":[{"href":"https:\/\/www.librairieclavreuil.com\/en\/wp-json\/wp\/v2\/product"}],"about":[{"href":"https:\/\/www.librairieclavreuil.com\/en\/wp-json\/wp\/v2\/types\/product"}],"replies":[{"embeddable":true,"href":"https:\/\/www.librairieclavreuil.com\/en\/wp-json\/wp\/v2\/comments?post=71975"}],"wp:featuredmedia":[{"embeddable":true,"href":"https:\/\/www.librairieclavreuil.com\/en\/wp-json\/wp\/v2\/media\/71970"}],"wp:attachment":[{"href":"https:\/\/www.librairieclavreuil.com\/en\/wp-json\/wp\/v2\/media?parent=71975"}],"wp:term":[{"taxonomy":"product_brand","embeddable":true,"href":"https:\/\/www.librairieclavreuil.com\/en\/wp-json\/wp\/v2\/product_brand?post=71975"},{"taxonomy":"product_cat","embeddable":true,"href":"https:\/\/www.librairieclavreuil.com\/en\/wp-json\/wp\/v2\/product_cat?post=71975"},{"taxonomy":"product_tag","embeddable":true,"href":"https:\/\/www.librairieclavreuil.com\/en\/wp-json\/wp\/v2\/product_tag?post=71975"}],"curies":[{"name":"wp","href":"https:\/\/api.w.org\/{rel}","templated":true}]}}